{"id":5998,"date":"2021-04-18T22:38:22","date_gmt":"2021-04-18T19:38:22","guid":{"rendered":"https:\/\/kasvillarent.com\/ilginizi-cekebilecek-yerler\/"},"modified":"2025-07-05T21:13:40","modified_gmt":"2025-07-05T18:13:40","slug":"ilginizi-cekebilecek-yerler","status":"publish","type":"page","link":"https:\/\/kasvillarent.com\/tr\/ilginizi-cekebilecek-yerler\/","title":{"rendered":"\u0130LG\u0130N\u0130Z\u0130 \u00c7EKEB\u0130LECEK YERLER"},"content":{"rendered":"\n<p>Bu men\u00fcde Ka\u015f&#8217;\u0131n restoranlar\u0131 ve plajlar\u0131 ile gezilecek tarihi yerleri hakk\u0131nda samimi \u00f6nerilerimizi sunduk. L\u00fctfen bu sayfan\u0131n ilgili men\u00fc b\u00f6l\u00fcmlerine bak\u0131n. Kendimiz ziyaret etti\u011fimiz ve yemek yedi\u011fimiz yeni yerleri deneyimledik\u00e7e, listeyi m\u00fc\u015fterilerimize g\u00fcncellemeye devam edece\u011fiz.<\/p>\n\n<p>Misafirlerimize indirim i\u00e7in baz\u0131 i\u015fletmelerle (genellikle normal fiyatlar\u0131n\u0131n % 10&#8217;u) konusunda anla\u015ft\u0131k ve bizde kald\u0131\u011f\u0131n\u0131z zaman size onlar\u0131n listesini verece\u011fiz.<\/p>\n\n<p>Ka\u015f, restoranlar\u0131 ve plajlar\u0131n\u0131n yan\u0131 s\u0131ra tarihi sokaklar\u0131nda dola\u015fabilece\u011finiz, hediyelik e\u015fya d\u00fckkanlar\u0131na g\u00f6z atabilece\u011finiz, T\u00fcrk el sanatlar\u0131, deri \u00fcr\u00fcnleri, g\u00fcm\u00fc\u015f e\u015fyalar, pamuklu giysiler ve el yap\u0131m\u0131 hal\u0131lar sunan yerel ma\u011fazalara g\u00f6z atabilece\u011finiz \u015firin bir il\u00e7edir. K\u00f6yl\u00fclerden veya d\u00fckkanlardan yerel olarak toplanan baharatlar\u0131 sat\u0131n alabilirsiniz.<\/p>\n\n<p>[subpages]<\/p>\n\n<p><\/p>\n","protected":false},"excerpt":{"rendered":"<p>Bu men\u00fcde Ka\u015f&#8217;\u0131n restoranlar\u0131 ve plajlar\u0131 ile gezilecek tarihi yerleri hakk\u0131nda samimi \u00f6nerilerimizi sunduk. L\u00fctfen bu sayfan\u0131n ilgili men\u00fc b\u00f6l\u00fcmlerine bak\u0131n. Kendimiz ziyaret etti\u011fimiz ve yemek yedi\u011fimiz yeni yerleri deneyimledik\u00e7e, listeyi m\u00fc\u015fterilerimize g\u00fcncellemeye devam edece\u011fiz. Misafirlerimize indirim i\u00e7in baz\u0131 i\u015fletmelerle (genellikle normal fiyatlar\u0131n\u0131n % 10&#8217;u) konusunda anla\u015ft\u0131k ve bizde kald\u0131\u011f\u0131n\u0131z zaman size onlar\u0131n listesini verece\u011fiz. &hellip; <a href=\"https:\/\/kasvillarent.com\/tr\/ilginizi-cekebilecek-yerler\/\" class=\"more-link\">Continue reading<span class=\"screen-reader-text\"> &#8220;\u0130LG\u0130N\u0130Z\u0130 \u00c7EKEB\u0130LECEK YERLER&#8221;<\/span><\/a><\/p>\n","protected":false},"author":29,"featured_media":5715,"parent":0,"menu_order":0,"comment_status":"closed","ping_status":"closed","template":"","meta":{"_uag_custom_page_level_css":"","_monsterinsights_skip_tracking":false,"_monsterinsights_sitenote_active":false,"_monsterinsights_sitenote_note":"","_monsterinsights_sitenote_category":0,"footnotes":""},"class_list":["post-5998","page","type-page","status-publish","has-post-thumbnail","hentry"],"yoast_head":"<!-- This site is optimized with the Yoast SEO Premium plugin v27.0 (Yoast SEO v27.0) - https:\/\/yoast.com\/product\/yoast-seo-premium-wordpress\/ -->\n<title>\u0130LG\u0130N\u0130Z\u0130 \u00c7EKEB\u0130LECEK YERLER - Kas Villa Rent<\/title>\n<meta name=\"description\" content=\"Bu b\u00f6l\u00fcmde Ka\u015f&#039;\u0131n plajlar\u0131 ve tarihi yerleri hakk\u0131nda samimi \u00f6nerilerimizi sunduk. L\u00fctfen ilgili men\u00fclere bak\u0131n.\" \/>\n<meta name=\"robots\" content=\"index, follow, max-snippet:-1, max-image-preview:large, max-video-preview:-1\" \/>\n<link rel=\"canonical\" href=\"https:\/\/kasvillarent.com\/tr\/ilginizi-cekebilecek-yerler\/\" \/>\n<meta property=\"og:locale\" content=\"tr_TR\" \/>\n<meta property=\"og:type\" content=\"article\" \/>\n<meta property=\"og:title\" content=\"\u0130LG\u0130N\u0130Z\u0130 \u00c7EKEB\u0130LECEK YERLER\" \/>\n<meta property=\"og:description\" content=\"Bu b\u00f6l\u00fcmde Ka\u015f&#039;\u0131n plajlar\u0131 ve tarihi yerleri hakk\u0131nda samimi \u00f6nerilerimizi sunduk. L\u00fctfen ilgili men\u00fclere bak\u0131n.\" \/>\n<meta property=\"og:url\" content=\"https:\/\/kasvillarent.com\/tr\/ilginizi-cekebilecek-yerler\/\" \/>\n<meta property=\"og:site_name\" content=\"Kas Villa Rent\" \/>\n<meta property=\"article:publisher\" content=\"https:\/\/www.facebook.com\/kas.villa.rent\/\" \/>\n<meta property=\"article:modified_time\" content=\"2025-07-05T18:13:40+00:00\" \/>\n<meta property=\"og:image\" content=\"https:\/\/kasvillarent.com\/wp-content\/uploads\/2020\/11\/Kas-street.jpg\" \/>\n\t<meta property=\"og:image:width\" content=\"1140\" \/>\n\t<meta property=\"og:image:height\" content=\"640\" \/>\n\t<meta property=\"og:image:type\" content=\"image\/jpeg\" \/>\n<meta name=\"twitter:card\" content=\"summary_large_image\" \/>\n<meta name=\"twitter:label1\" content=\"Tahmini okuma s\u00fcresi\" \/>\n\t<meta name=\"twitter:data1\" content=\"1 dakika\" \/>\n<script type=\"application\/ld+json\" class=\"yoast-schema-graph\">{\"@context\":\"https:\/\/schema.org\",\"@graph\":[{\"@type\":\"WebPage\",\"@id\":\"https:\/\/kasvillarent.com\/tr\/ilginizi-cekebilecek-yerler\/\",\"url\":\"https:\/\/kasvillarent.com\/tr\/ilginizi-cekebilecek-yerler\/\",\"name\":\"\u0130LG\u0130N\u0130Z\u0130 \u00c7EKEB\u0130LECEK YERLER - Kas Villa Rent\",\"isPartOf\":{\"@id\":\"https:\/\/kasvillarent.com\/tr\/#website\"},\"primaryImageOfPage\":{\"@id\":\"https:\/\/kasvillarent.com\/tr\/ilginizi-cekebilecek-yerler\/#primaryimage\"},\"image\":{\"@id\":\"https:\/\/kasvillarent.com\/tr\/ilginizi-cekebilecek-yerler\/#primaryimage\"},\"thumbnailUrl\":\"https:\/\/kasvillarent.com\/wp-content\/uploads\/2020\/11\/Kas-street.jpg\",\"datePublished\":\"2021-04-18T19:38:22+00:00\",\"dateModified\":\"2025-07-05T18:13:40+00:00\",\"description\":\"Bu b\u00f6l\u00fcmde Ka\u015f'\u0131n plajlar\u0131 ve tarihi yerleri hakk\u0131nda samimi \u00f6nerilerimizi sunduk. L\u00fctfen ilgili men\u00fclere bak\u0131n.\",\"breadcrumb\":{\"@id\":\"https:\/\/kasvillarent.com\/tr\/ilginizi-cekebilecek-yerler\/#breadcrumb\"},\"inLanguage\":\"tr\",\"potentialAction\":[{\"@type\":\"ReadAction\",\"target\":[\"https:\/\/kasvillarent.com\/tr\/ilginizi-cekebilecek-yerler\/\"]}]},{\"@type\":\"ImageObject\",\"inLanguage\":\"tr\",\"@id\":\"https:\/\/kasvillarent.com\/tr\/ilginizi-cekebilecek-yerler\/#primaryimage\",\"url\":\"https:\/\/kasvillarent.com\/wp-content\/uploads\/2020\/11\/Kas-street.jpg\",\"contentUrl\":\"https:\/\/kasvillarent.com\/wp-content\/uploads\/2020\/11\/Kas-street.jpg\",\"width\":1140,\"height\":640},{\"@type\":\"BreadcrumbList\",\"@id\":\"https:\/\/kasvillarent.com\/tr\/ilginizi-cekebilecek-yerler\/#breadcrumb\",\"itemListElement\":[{\"@type\":\"ListItem\",\"position\":1,\"name\":\"Home\",\"item\":\"https:\/\/kasvillarent.com\/tr\/\"},{\"@type\":\"ListItem\",\"position\":2,\"name\":\"\u0130LG\u0130N\u0130Z\u0130 \u00c7EKEB\u0130LECEK YERLER\"}]},{\"@type\":\"WebSite\",\"@id\":\"https:\/\/kasvillarent.com\/tr\/#website\",\"url\":\"https:\/\/kasvillarent.com\/tr\/\",\"name\":\"Kas Villa Rent\",\"description\":\"Luxury Villas in Kas Antalya\",\"publisher\":{\"@id\":\"https:\/\/kasvillarent.com\/tr\/#organization\"},\"potentialAction\":[{\"@type\":\"SearchAction\",\"target\":{\"@type\":\"EntryPoint\",\"urlTemplate\":\"https:\/\/kasvillarent.com\/tr\/?s={search_term_string}\"},\"query-input\":{\"@type\":\"PropertyValueSpecification\",\"valueRequired\":true,\"valueName\":\"search_term_string\"}}],\"inLanguage\":\"tr\"},{\"@type\":\"Organization\",\"@id\":\"https:\/\/kasvillarent.com\/tr\/#organization\",\"name\":\"Kas Villa Rent\",\"url\":\"https:\/\/kasvillarent.com\/tr\/\",\"logo\":{\"@type\":\"ImageObject\",\"inLanguage\":\"tr\",\"@id\":\"https:\/\/kasvillarent.com\/tr\/#\/schema\/logo\/image\/\",\"url\":\"https:\/\/kasvillarent.com\/wp-content\/uploads\/2022\/06\/FullColor_1280x1024_300dpi-1.png\",\"contentUrl\":\"https:\/\/kasvillarent.com\/wp-content\/uploads\/2022\/06\/FullColor_1280x1024_300dpi-1.png\",\"width\":1155,\"height\":924,\"caption\":\"Kas Villa Rent\"},\"image\":{\"@id\":\"https:\/\/kasvillarent.com\/tr\/#\/schema\/logo\/image\/\"},\"sameAs\":[\"https:\/\/www.facebook.com\/kas.villa.rent\/\",\"https:\/\/instagram.com\/kasvillarent\"]}]}<\/script>\n<!-- \/ Yoast SEO Premium plugin. -->","yoast_head_json":{"title":"\u0130LG\u0130N\u0130Z\u0130 \u00c7EKEB\u0130LECEK YERLER - Kas Villa Rent","description":"Bu b\u00f6l\u00fcmde Ka\u015f'\u0131n plajlar\u0131 ve tarihi yerleri hakk\u0131nda samimi \u00f6nerilerimizi sunduk. L\u00fctfen ilgili men\u00fclere bak\u0131n.","robots":{"index":"index","follow":"follow","max-snippet":"max-snippet:-1","max-image-preview":"max-image-preview:large","max-video-preview":"max-video-preview:-1"},"canonical":"https:\/\/kasvillarent.com\/tr\/ilginizi-cekebilecek-yerler\/","og_locale":"tr_TR","og_type":"article","og_title":"\u0130LG\u0130N\u0130Z\u0130 \u00c7EKEB\u0130LECEK YERLER","og_description":"Bu b\u00f6l\u00fcmde Ka\u015f'\u0131n plajlar\u0131 ve tarihi yerleri hakk\u0131nda samimi \u00f6nerilerimizi sunduk. L\u00fctfen ilgili men\u00fclere bak\u0131n.","og_url":"https:\/\/kasvillarent.com\/tr\/ilginizi-cekebilecek-yerler\/","og_site_name":"Kas Villa Rent","article_publisher":"https:\/\/www.facebook.com\/kas.villa.rent\/","article_modified_time":"2025-07-05T18:13:40+00:00","og_image":[{"width":1140,"height":640,"url":"https:\/\/kasvillarent.com\/wp-content\/uploads\/2020\/11\/Kas-street.jpg","type":"image\/jpeg"}],"twitter_card":"summary_large_image","twitter_misc":{"Tahmini okuma s\u00fcresi":"1 dakika"},"schema":{"@context":"https:\/\/schema.org","@graph":[{"@type":"WebPage","@id":"https:\/\/kasvillarent.com\/tr\/ilginizi-cekebilecek-yerler\/","url":"https:\/\/kasvillarent.com\/tr\/ilginizi-cekebilecek-yerler\/","name":"\u0130LG\u0130N\u0130Z\u0130 \u00c7EKEB\u0130LECEK YERLER - Kas Villa Rent","isPartOf":{"@id":"https:\/\/kasvillarent.com\/tr\/#website"},"primaryImageOfPage":{"@id":"https:\/\/kasvillarent.com\/tr\/ilginizi-cekebilecek-yerler\/#primaryimage"},"image":{"@id":"https:\/\/kasvillarent.com\/tr\/ilginizi-cekebilecek-yerler\/#primaryimage"},"thumbnailUrl":"https:\/\/kasvillarent.com\/wp-content\/uploads\/2020\/11\/Kas-street.jpg","datePublished":"2021-04-18T19:38:22+00:00","dateModified":"2025-07-05T18:13:40+00:00","description":"Bu b\u00f6l\u00fcmde Ka\u015f'\u0131n plajlar\u0131 ve tarihi yerleri hakk\u0131nda samimi \u00f6nerilerimizi sunduk. L\u00fctfen ilgili men\u00fclere bak\u0131n.","breadcrumb":{"@id":"https:\/\/kasvillarent.com\/tr\/ilginizi-cekebilecek-yerler\/#breadcrumb"},"inLanguage":"tr","potentialAction":[{"@type":"ReadAction","target":["https:\/\/kasvillarent.com\/tr\/ilginizi-cekebilecek-yerler\/"]}]},{"@type":"ImageObject","inLanguage":"tr","@id":"https:\/\/kasvillarent.com\/tr\/ilginizi-cekebilecek-yerler\/#primaryimage","url":"https:\/\/kasvillarent.com\/wp-content\/uploads\/2020\/11\/Kas-street.jpg","contentUrl":"https:\/\/kasvillarent.com\/wp-content\/uploads\/2020\/11\/Kas-street.jpg","width":1140,"height":640},{"@type":"BreadcrumbList","@id":"https:\/\/kasvillarent.com\/tr\/ilginizi-cekebilecek-yerler\/#breadcrumb","itemListElement":[{"@type":"ListItem","position":1,"name":"Home","item":"https:\/\/kasvillarent.com\/tr\/"},{"@type":"ListItem","position":2,"name":"\u0130LG\u0130N\u0130Z\u0130 \u00c7EKEB\u0130LECEK YERLER"}]},{"@type":"WebSite","@id":"https:\/\/kasvillarent.com\/tr\/#website","url":"https:\/\/kasvillarent.com\/tr\/","name":"Kas Villa Rent","description":"Luxury Villas in Kas Antalya","publisher":{"@id":"https:\/\/kasvillarent.com\/tr\/#organization"},"potentialAction":[{"@type":"SearchAction","target":{"@type":"EntryPoint","urlTemplate":"https:\/\/kasvillarent.com\/tr\/?s={search_term_string}"},"query-input":{"@type":"PropertyValueSpecification","valueRequired":true,"valueName":"search_term_string"}}],"inLanguage":"tr"},{"@type":"Organization","@id":"https:\/\/kasvillarent.com\/tr\/#organization","name":"Kas Villa Rent","url":"https:\/\/kasvillarent.com\/tr\/","logo":{"@type":"ImageObject","inLanguage":"tr","@id":"https:\/\/kasvillarent.com\/tr\/#\/schema\/logo\/image\/","url":"https:\/\/kasvillarent.com\/wp-content\/uploads\/2022\/06\/FullColor_1280x1024_300dpi-1.png","contentUrl":"https:\/\/kasvillarent.com\/wp-content\/uploads\/2022\/06\/FullColor_1280x1024_300dpi-1.png","width":1155,"height":924,"caption":"Kas Villa Rent"},"image":{"@id":"https:\/\/kasvillarent.com\/tr\/#\/schema\/logo\/image\/"},"sameAs":["https:\/\/www.facebook.com\/kas.villa.rent\/","https:\/\/instagram.com\/kasvillarent"]}]}},"uagb_featured_image_src":{"full":["https:\/\/kasvillarent.com\/wp-content\/uploads\/2020\/11\/Kas-street.jpg",1140,640,false],"thumbnail":["https:\/\/kasvillarent.com\/wp-content\/uploads\/2020\/11\/Kas-street-150x150.jpg",150,150,true],"medium":["https:\/\/kasvillarent.com\/wp-content\/uploads\/2020\/11\/Kas-street-300x168.jpg",300,168,true],"medium_large":["https:\/\/kasvillarent.com\/wp-content\/uploads\/2020\/11\/Kas-street-768x431.jpg",768,431,true],"large":["https:\/\/kasvillarent.com\/wp-content\/uploads\/2020\/11\/Kas-street-1024x575.jpg",769,432,true],"1536x1536":["https:\/\/kasvillarent.com\/wp-content\/uploads\/2020\/11\/Kas-street.jpg",1140,640,false],"2048x2048":["https:\/\/kasvillarent.com\/wp-content\/uploads\/2020\/11\/Kas-street.jpg",1140,640,false],"post-thumbnail":["https:\/\/kasvillarent.com\/wp-content\/uploads\/2020\/11\/Kas-street.jpg",1140,640,false],"villagio-thumb-large":["https:\/\/kasvillarent.com\/wp-content\/uploads\/2020\/11\/Kas-street.jpg",1140,640,false],"villagio-thumb-medium":["https:\/\/kasvillarent.com\/wp-content\/uploads\/2020\/11\/Kas-street-1101x618.jpg",1101,618,true],"villagio-thumb-small":["https:\/\/kasvillarent.com\/wp-content\/uploads\/2020\/11\/Kas-street-717x540.jpg",717,540,true],"villagio-thumb-small-x2":["https:\/\/kasvillarent.com\/wp-content\/uploads\/2020\/11\/Kas-street.jpg",1140,640,false]},"uagb_author_info":{"display_name":"Mehmet_Y","author_link":"https:\/\/kasvillarent.com\/tr\/author\/mehmet_y\/"},"uagb_comment_info":0,"uagb_excerpt":"Bu men\u00fcde Ka\u015f&#8217;\u0131n restoranlar\u0131 ve plajlar\u0131 ile gezilecek tarihi yerleri hakk\u0131nda samimi \u00f6nerilerimizi sunduk. L\u00fctfen bu sayfan\u0131n ilgili men\u00fc b\u00f6l\u00fcmlerine bak\u0131n. Kendimiz ziyaret etti\u011fimiz ve yemek yedi\u011fimiz yeni yerleri deneyimledik\u00e7e, listeyi m\u00fc\u015fterilerimize g\u00fcncellemeye devam edece\u011fiz. Misafirlerimize indirim i\u00e7in baz\u0131 i\u015fletmelerle (genellikle normal fiyatlar\u0131n\u0131n % 10&#8217;u) konusunda anla\u015ft\u0131k ve bizde kald\u0131\u011f\u0131n\u0131z zaman size onlar\u0131n listesini verece\u011fiz.&hellip;","jetpack_sharing_enabled":true,"_links":{"self":[{"href":"https:\/\/kasvillarent.com\/tr\/wp-json\/wp\/v2\/pages\/5998","targetHints":{"allow":["GET"]}}],"collection":[{"href":"https:\/\/kasvillarent.com\/tr\/wp-json\/wp\/v2\/pages"}],"about":[{"href":"https:\/\/kasvillarent.com\/tr\/wp-json\/wp\/v2\/types\/page"}],"author":[{"embeddable":true,"href":"https:\/\/kasvillarent.com\/tr\/wp-json\/wp\/v2\/users\/29"}],"replies":[{"embeddable":true,"href":"https:\/\/kasvillarent.com\/tr\/wp-json\/wp\/v2\/comments?post=5998"}],"version-history":[{"count":1,"href":"https:\/\/kasvillarent.com\/tr\/wp-json\/wp\/v2\/pages\/5998\/revisions"}],"predecessor-version":[{"id":12624,"href":"https:\/\/kasvillarent.com\/tr\/wp-json\/wp\/v2\/pages\/5998\/revisions\/12624"}],"wp:featuredmedia":[{"embeddable":true,"href":"https:\/\/kasvillarent.com\/tr\/wp-json\/wp\/v2\/media\/5715"}],"wp:attachment":[{"href":"https:\/\/kasvillarent.com\/tr\/wp-json\/wp\/v2\/media?parent=5998"}],"curies":[{"name":"wp","href":"https:\/\/api.w.org\/{rel}","templated":true}]}}