{"id":7045,"date":"2021-05-14T19:00:20","date_gmt":"2021-05-14T16:00:20","guid":{"rendered":"https:\/\/kasvillarent.com\/aktiviteler\/"},"modified":"2025-07-05T21:12:21","modified_gmt":"2025-07-05T18:12:21","slug":"aktiviteler","status":"publish","type":"page","link":"https:\/\/kasvillarent.com\/tr\/aktiviteler\/","title":{"rendered":"Aktiviteler"},"content":{"rendered":"","protected":false},"excerpt":{"rendered":"","protected":false},"author":29,"featured_media":0,"parent":0,"menu_order":0,"comment_status":"closed","ping_status":"closed","template":"template-full-width-grid-page.php","meta":{"_uag_custom_page_level_css":"","_monsterinsights_skip_tracking":false,"_monsterinsights_sitenote_active":false,"_monsterinsights_sitenote_note":"","_monsterinsights_sitenote_category":0,"footnotes":""},"class_list":["post-7045","page","type-page","status-publish","hentry"],"yoast_head":"<!-- This site is optimized with the Yoast SEO Premium plugin v27.0 (Yoast SEO v27.0) - https:\/\/yoast.com\/product\/yoast-seo-premium-wordpress\/ -->\n<title>Aktiviteler - Kas Villa Rent<\/title>\n<meta name=\"description\" content=\"Ka\u015f&#039;ta Dal\u0131\u015f, Deniz Kanosu, G\u00fcnl\u00fck Tekne Turlar\u0131, Tandem Yama\u00e7 Para\u015f\u00fct\u00fc ve \u00e7ok daha fazlas\u0131 dahil olmak \u00fczere bir\u00e7ok g\u00fcnl\u00fck aktivitenin tad\u0131n\u0131 bizimle \u00e7\u0131kar\u0131n.\" \/>\n<meta name=\"robots\" content=\"index, follow, max-snippet:-1, max-image-preview:large, max-video-preview:-1\" \/>\n<link rel=\"canonical\" href=\"https:\/\/kasvillarent.com\/tr\/aktiviteler\/\" \/>\n<meta property=\"og:locale\" content=\"tr_TR\" \/>\n<meta property=\"og:type\" content=\"article\" \/>\n<meta property=\"og:title\" content=\"Aktiviteler\" \/>\n<meta property=\"og:description\" content=\"Ka\u015f&#039;ta Dal\u0131\u015f, Deniz Kanosu, G\u00fcnl\u00fck Tekne Turlar\u0131, Tandem Yama\u00e7 Para\u015f\u00fct\u00fc ve \u00e7ok daha fazlas\u0131 dahil olmak \u00fczere bir\u00e7ok g\u00fcnl\u00fck aktivitenin tad\u0131n\u0131 bizimle \u00e7\u0131kar\u0131n.\" \/>\n<meta property=\"og:url\" content=\"https:\/\/kasvillarent.com\/tr\/aktiviteler\/\" \/>\n<meta property=\"og:site_name\" content=\"Kas Villa Rent\" \/>\n<meta property=\"article:publisher\" content=\"https:\/\/www.facebook.com\/kas.villa.rent\/\" \/>\n<meta property=\"article:modified_time\" content=\"2025-07-05T18:12:21+00:00\" \/>\n<meta name=\"twitter:card\" content=\"summary_large_image\" \/>\n<script type=\"application\/ld+json\" class=\"yoast-schema-graph\">{\"@context\":\"https:\/\/schema.org\",\"@graph\":[{\"@type\":\"WebPage\",\"@id\":\"https:\/\/kasvillarent.com\/tr\/aktiviteler\/\",\"url\":\"https:\/\/kasvillarent.com\/tr\/aktiviteler\/\",\"name\":\"Aktiviteler - Kas Villa Rent\",\"isPartOf\":{\"@id\":\"https:\/\/kasvillarent.com\/tr\/#website\"},\"datePublished\":\"2021-05-14T16:00:20+00:00\",\"dateModified\":\"2025-07-05T18:12:21+00:00\",\"description\":\"Ka\u015f'ta Dal\u0131\u015f, Deniz Kanosu, G\u00fcnl\u00fck Tekne Turlar\u0131, Tandem Yama\u00e7 Para\u015f\u00fct\u00fc ve \u00e7ok daha fazlas\u0131 dahil olmak \u00fczere bir\u00e7ok g\u00fcnl\u00fck aktivitenin tad\u0131n\u0131 bizimle \u00e7\u0131kar\u0131n.\",\"breadcrumb\":{\"@id\":\"https:\/\/kasvillarent.com\/tr\/aktiviteler\/#breadcrumb\"},\"inLanguage\":\"tr\",\"potentialAction\":[{\"@type\":\"ReadAction\",\"target\":[\"https:\/\/kasvillarent.com\/tr\/aktiviteler\/\"]}]},{\"@type\":\"BreadcrumbList\",\"@id\":\"https:\/\/kasvillarent.com\/tr\/aktiviteler\/#breadcrumb\",\"itemListElement\":[{\"@type\":\"ListItem\",\"position\":1,\"name\":\"Home\",\"item\":\"https:\/\/kasvillarent.com\/tr\/\"},{\"@type\":\"ListItem\",\"position\":2,\"name\":\"Aktiviteler\"}]},{\"@type\":\"WebSite\",\"@id\":\"https:\/\/kasvillarent.com\/tr\/#website\",\"url\":\"https:\/\/kasvillarent.com\/tr\/\",\"name\":\"Kas Villa Rent\",\"description\":\"Luxury Villas in Kas Antalya\",\"publisher\":{\"@id\":\"https:\/\/kasvillarent.com\/tr\/#organization\"},\"potentialAction\":[{\"@type\":\"SearchAction\",\"target\":{\"@type\":\"EntryPoint\",\"urlTemplate\":\"https:\/\/kasvillarent.com\/tr\/?s={search_term_string}\"},\"query-input\":{\"@type\":\"PropertyValueSpecification\",\"valueRequired\":true,\"valueName\":\"search_term_string\"}}],\"inLanguage\":\"tr\"},{\"@type\":\"Organization\",\"@id\":\"https:\/\/kasvillarent.com\/tr\/#organization\",\"name\":\"Kas Villa Rent\",\"url\":\"https:\/\/kasvillarent.com\/tr\/\",\"logo\":{\"@type\":\"ImageObject\",\"inLanguage\":\"tr\",\"@id\":\"https:\/\/kasvillarent.com\/tr\/#\/schema\/logo\/image\/\",\"url\":\"https:\/\/kasvillarent.com\/wp-content\/uploads\/2022\/06\/FullColor_1280x1024_300dpi-1.png\",\"contentUrl\":\"https:\/\/kasvillarent.com\/wp-content\/uploads\/2022\/06\/FullColor_1280x1024_300dpi-1.png\",\"width\":1155,\"height\":924,\"caption\":\"Kas Villa Rent\"},\"image\":{\"@id\":\"https:\/\/kasvillarent.com\/tr\/#\/schema\/logo\/image\/\"},\"sameAs\":[\"https:\/\/www.facebook.com\/kas.villa.rent\/\",\"https:\/\/instagram.com\/kasvillarent\"]}]}<\/script>\n<!-- \/ Yoast SEO Premium plugin. -->","yoast_head_json":{"title":"Aktiviteler - Kas Villa Rent","description":"Ka\u015f'ta Dal\u0131\u015f, Deniz Kanosu, G\u00fcnl\u00fck Tekne Turlar\u0131, Tandem Yama\u00e7 Para\u015f\u00fct\u00fc ve \u00e7ok daha fazlas\u0131 dahil olmak \u00fczere bir\u00e7ok g\u00fcnl\u00fck aktivitenin tad\u0131n\u0131 bizimle \u00e7\u0131kar\u0131n.","robots":{"index":"index","follow":"follow","max-snippet":"max-snippet:-1","max-image-preview":"max-image-preview:large","max-video-preview":"max-video-preview:-1"},"canonical":"https:\/\/kasvillarent.com\/tr\/aktiviteler\/","og_locale":"tr_TR","og_type":"article","og_title":"Aktiviteler","og_description":"Ka\u015f'ta Dal\u0131\u015f, Deniz Kanosu, G\u00fcnl\u00fck Tekne Turlar\u0131, Tandem Yama\u00e7 Para\u015f\u00fct\u00fc ve \u00e7ok daha fazlas\u0131 dahil olmak \u00fczere bir\u00e7ok g\u00fcnl\u00fck aktivitenin tad\u0131n\u0131 bizimle \u00e7\u0131kar\u0131n.","og_url":"https:\/\/kasvillarent.com\/tr\/aktiviteler\/","og_site_name":"Kas Villa Rent","article_publisher":"https:\/\/www.facebook.com\/kas.villa.rent\/","article_modified_time":"2025-07-05T18:12:21+00:00","twitter_card":"summary_large_image","schema":{"@context":"https:\/\/schema.org","@graph":[{"@type":"WebPage","@id":"https:\/\/kasvillarent.com\/tr\/aktiviteler\/","url":"https:\/\/kasvillarent.com\/tr\/aktiviteler\/","name":"Aktiviteler - Kas Villa Rent","isPartOf":{"@id":"https:\/\/kasvillarent.com\/tr\/#website"},"datePublished":"2021-05-14T16:00:20+00:00","dateModified":"2025-07-05T18:12:21+00:00","description":"Ka\u015f'ta Dal\u0131\u015f, Deniz Kanosu, G\u00fcnl\u00fck Tekne Turlar\u0131, Tandem Yama\u00e7 Para\u015f\u00fct\u00fc ve \u00e7ok daha fazlas\u0131 dahil olmak \u00fczere bir\u00e7ok g\u00fcnl\u00fck aktivitenin tad\u0131n\u0131 bizimle \u00e7\u0131kar\u0131n.","breadcrumb":{"@id":"https:\/\/kasvillarent.com\/tr\/aktiviteler\/#breadcrumb"},"inLanguage":"tr","potentialAction":[{"@type":"ReadAction","target":["https:\/\/kasvillarent.com\/tr\/aktiviteler\/"]}]},{"@type":"BreadcrumbList","@id":"https:\/\/kasvillarent.com\/tr\/aktiviteler\/#breadcrumb","itemListElement":[{"@type":"ListItem","position":1,"name":"Home","item":"https:\/\/kasvillarent.com\/tr\/"},{"@type":"ListItem","position":2,"name":"Aktiviteler"}]},{"@type":"WebSite","@id":"https:\/\/kasvillarent.com\/tr\/#website","url":"https:\/\/kasvillarent.com\/tr\/","name":"Kas Villa Rent","description":"Luxury Villas in Kas Antalya","publisher":{"@id":"https:\/\/kasvillarent.com\/tr\/#organization"},"potentialAction":[{"@type":"SearchAction","target":{"@type":"EntryPoint","urlTemplate":"https:\/\/kasvillarent.com\/tr\/?s={search_term_string}"},"query-input":{"@type":"PropertyValueSpecification","valueRequired":true,"valueName":"search_term_string"}}],"inLanguage":"tr"},{"@type":"Organization","@id":"https:\/\/kasvillarent.com\/tr\/#organization","name":"Kas Villa Rent","url":"https:\/\/kasvillarent.com\/tr\/","logo":{"@type":"ImageObject","inLanguage":"tr","@id":"https:\/\/kasvillarent.com\/tr\/#\/schema\/logo\/image\/","url":"https:\/\/kasvillarent.com\/wp-content\/uploads\/2022\/06\/FullColor_1280x1024_300dpi-1.png","contentUrl":"https:\/\/kasvillarent.com\/wp-content\/uploads\/2022\/06\/FullColor_1280x1024_300dpi-1.png","width":1155,"height":924,"caption":"Kas Villa Rent"},"image":{"@id":"https:\/\/kasvillarent.com\/tr\/#\/schema\/logo\/image\/"},"sameAs":["https:\/\/www.facebook.com\/kas.villa.rent\/","https:\/\/instagram.com\/kasvillarent"]}]}},"uagb_featured_image_src":{"full":false,"thumbnail":false,"medium":false,"medium_large":false,"large":false,"1536x1536":false,"2048x2048":false,"post-thumbnail":false,"villagio-thumb-large":false,"villagio-thumb-medium":false,"villagio-thumb-small":false,"villagio-thumb-small-x2":false},"uagb_author_info":{"display_name":"Mehmet_Y","author_link":"https:\/\/kasvillarent.com\/tr\/author\/mehmet_y\/"},"uagb_comment_info":0,"uagb_excerpt":null,"jetpack_sharing_enabled":true,"_links":{"self":[{"href":"https:\/\/kasvillarent.com\/tr\/wp-json\/wp\/v2\/pages\/7045","targetHints":{"allow":["GET"]}}],"collection":[{"href":"https:\/\/kasvillarent.com\/tr\/wp-json\/wp\/v2\/pages"}],"about":[{"href":"https:\/\/kasvillarent.com\/tr\/wp-json\/wp\/v2\/types\/page"}],"author":[{"embeddable":true,"href":"https:\/\/kasvillarent.com\/tr\/wp-json\/wp\/v2\/users\/29"}],"replies":[{"embeddable":true,"href":"https:\/\/kasvillarent.com\/tr\/wp-json\/wp\/v2\/comments?post=7045"}],"version-history":[{"count":1,"href":"https:\/\/kasvillarent.com\/tr\/wp-json\/wp\/v2\/pages\/7045\/revisions"}],"predecessor-version":[{"id":12188,"href":"https:\/\/kasvillarent.com\/tr\/wp-json\/wp\/v2\/pages\/7045\/revisions\/12188"}],"wp:attachment":[{"href":"https:\/\/kasvillarent.com\/tr\/wp-json\/wp\/v2\/media?parent=7045"}],"curies":[{"name":"wp","href":"https:\/\/api.w.org\/{rel}","templated":true}]}}