{"id":7056,"date":"2021-05-14T20:39:18","date_gmt":"2021-05-14T17:39:18","guid":{"rendered":"https:\/\/kasvillarent.com\/aktiviteler\/dalis\/"},"modified":"2025-07-05T21:13:43","modified_gmt":"2025-07-05T18:13:43","slug":"dalis","status":"publish","type":"page","link":"https:\/\/kasvillarent.com\/tr\/aktiviteler\/dalis\/","title":{"rendered":"Dal\u0131\u015f"},"content":{"rendered":"<p>Ka\u015f, hem profesyonel dalg\u0131\u00e7lar hem de su alt\u0131 d\u00fcnyas\u0131n\u0131 ke\u015ffetmek isteyen yeni ba\u015flayanlar i\u00e7in bir dal\u0131\u015f noktas\u0131d\u0131r.<\/p>\n<p>Neden Ka\u015f&#8217;\u0131n turkuaz sular\u0131n\u0131 ke\u015ffe \u00e7\u0131k\u0131p bal\u0131klar\u0131 kendiniz g\u00f6r\u00fcp hayatlar\u0131na konuk olmuyorsunuz?<br \/><!--more-->Discover Scuba Diving, su alt\u0131 d\u00fcnyas\u0131n\u0131 ke\u015ffetmek i\u00e7in temel gerekliliklere sahip h\u0131zl\u0131 ve kolay bir giri\u015f niteli\u011findedir. *PADI Discover Scuba Diving deneyimine kaydolmak i\u00e7in en az 14 ya\u015f\u0131nda olmal\u0131s\u0131n\u0131z.&nbsp;&nbsp; T\u00fcpl\u00fc dal\u0131\u015f ile ilgili \u00f6nceden deneyim gerekli de\u011fildir,&nbsp;&nbsp; ancak makul bir fiziksel sa\u011fl\u0131\u011fa sahip olman\u0131z gerekir.&nbsp;&nbsp; Denemeye haz\u0131r m\u0131s\u0131n ? Ka\u015f Villa Kiralama ekibinde PADI &nbsp; e\u011fitmeni ve bir dal\u0131\u015f ustas\u0131 personel olarak vard\u0131r. End\u00fcstriyi iyi tan\u0131d\u0131\u011f\u0131m\u0131z i\u00e7in sizlere iyi dal\u0131\u015f e\u011fitmenlerini ve tur operat\u00f6rlerini bulup rezerve edece\u011fiz.<\/p>\n<p><span style=\"color: #000080;\">Szileri neler bekliyor:<\/span><\/p>\n<p>Deneme dal\u0131\u015f\u0131 adaylar\u0131na, dal\u0131\u015f teknesinin uygun bir yerinde e\u011fitmen taraf\u0131ndan tan\u0131t\u0131m yap\u0131lacakt\u0131r. E\u011fitmeniniz size a\u015fa\u011f\u0131daki konular\u0131n nas\u0131l yapaca\u011f\u0131n\u0131z\u0131 g\u00f6sterecektir:<\/p>\n<ul class=\"sc_list sc_list_style_iconed\">\n<li class=\"sc_list_item odd first\">Dal\u0131\u015f ekipmanlar\u0131n\u0131 kurun ve monte edin<\/li>\n<li class=\"sc_list_item even\">BCD&#8217;lerini (Y\u00fczerlilik kontrol cihaz\u0131) uygun \u015fekilde takmak ve kullanmak<\/li>\n<li class=\"sc_list_item odd\">Bir maskeyi temizlemek ve su alt\u0131nda reg\u00fclat\u00f6r\u00fc bulmak<\/li>\n<\/ul>\n<p>Ard\u0131ndan siz ve e\u011fitmeniniz denizdeki ilk dal\u0131\u015f\u0131n\u0131z\u0131 bire bir yapacaks\u0131n\u0131z!&nbsp; E\u011fitmen tamamen kontrol alt\u0131nda olacak ve asla yan\u0131n\u0131zdan ayr\u0131lmayacakt\u0131r.&nbsp; Daha sonra yine bire bir 5-10 metrelik s\u0131\u011f bir dal\u0131\u015fa haz\u0131r olabilirsiniz, ancak burada e\u011fitmenin rehberli\u011fi ve yard\u0131m\u0131 ile daha fazla kontrol\u00fc elinize alacaks\u0131n\u0131z. Bu dal\u0131\u015fta siz, Deneme Dal\u0131\u015f\u0131 yapan Dalg\u0131\u00e7, y\u00fczerlilik kontrol\u00fc ve su alt\u0131 y\u00f6nlendirme al\u0131\u015ft\u0131rmas\u0131 yapacaks\u0131n\u0131z.<\/p>\n<p>Bu yar\u0131m g\u00fcnl\u00fck aktiviteyi ba\u015far\u0131yla tamamlad\u0131ktan sonra, deneyiminiz bir PADI Scuba Diver veya PADI Open Water Diver Kursu sertifikas\u0131 gereklilerinden birine kredi olarak say\u0131labilir. E\u011fitmeninizden daha fazla bilgi isteyin.<\/p>\n<h3 class=\"sc_title sc_title_regular\">Dalg\u0131\u00e7 Y\u00f6nergeleri \/ Talimatlar\u0131:<\/h3>\n<ul class=\"sc_list sc_list_style_iconed\">\n<li class=\"sc_list_item odd first\" title=\"#\">Dalg\u0131\u00e7lar en az 14 ya\u015f\u0131nda veya daha b\u00fcy\u00fck olmal\u0131 ve onayl\u0131 ve ebeveyn veya vasi e\u015fli\u011finde olmal\u0131d\u0131r.<\/li>\n<li class=\"sc_list_item even\">T\u00fcm dal\u0131\u015f gezileri tekne ile yap\u0131l\u0131r<\/li>\n<li class=\"sc_list_item odd\">Kalk\u0131\u015ftan 30 dakika \u00f6nce dal\u0131\u015f teknesine gelmelisiniz.<\/li>\n<li class=\"sc_list_item even\">Tekne g\u00fcnde iki kez b\u00f6lgedeki dal\u0131\u015f alanlar\u0131ndan ayr\u0131l\u0131yor ve buraya geliyor:&nbsp;<strong>09:00 &#8211; 12:00. ve 14: 30h. &#8211; 17:00.<\/strong><\/li>\n<li class=\"sc_list_item odd\">Bir Deneme Dal\u0131\u015f\u0131 kadar s\u00fcrecek&nbsp; 20 dakika<\/li>\n<li class=\"sc_list_item odd\">E\u011fitmenler, dalg\u0131\u00e7lar ve tekne personeli \u0130ngilizce, Almanca ve \/ veya T\u00fcrk\u00e7e konu\u015fur.<\/li>\n<li class=\"sc_list_item even\">S\u00fcre: 4 saat (tekne s\u00fcresi)<\/li>\n<\/ul>\n<h3 class=\"sc_title sc_title_regular\"><img fetchpriority=\"high\" decoding=\"async\" class=\"alignnone size-full wp-image-479\" src=\"https:\/\/kasvillarent.com\/wp-content\/uploads\/2020\/10\/bt_diving_boat-1.jpg\" alt=\"\" width=\"639\" height=\"400\" srcset=\"https:\/\/kasvillarent.com\/wp-content\/uploads\/2020\/10\/bt_diving_boat-1.jpg 639w, https:\/\/kasvillarent.com\/wp-content\/uploads\/2020\/10\/bt_diving_boat-1-300x188.jpg 300w, https:\/\/kasvillarent.com\/wp-content\/uploads\/2020\/10\/bt_diving_boat-1-20x13.jpg 20w\" sizes=\"(max-width: 639px) 100vw, 639px\" \/><img decoding=\"async\" class=\"alignnone size-full wp-image-480\" src=\"https:\/\/kasvillarent.com\/wp-content\/uploads\/2020\/10\/Discovery-Scuba-Diving.jpg\" alt=\"\" width=\"1400\" height=\"900\" srcset=\"https:\/\/kasvillarent.com\/wp-content\/uploads\/2020\/10\/Discovery-Scuba-Diving.jpg 1400w, https:\/\/kasvillarent.com\/wp-content\/uploads\/2020\/10\/Discovery-Scuba-Diving-300x193.jpg 300w, https:\/\/kasvillarent.com\/wp-content\/uploads\/2020\/10\/Discovery-Scuba-Diving-1024x658.jpg 1024w, https:\/\/kasvillarent.com\/wp-content\/uploads\/2020\/10\/Discovery-Scuba-Diving-768x494.jpg 768w, https:\/\/kasvillarent.com\/wp-content\/uploads\/2020\/10\/Discovery-Scuba-Diving-961x618.jpg 961w, https:\/\/kasvillarent.com\/wp-content\/uploads\/2020\/10\/Discovery-Scuba-Diving-20x13.jpg 20w\" sizes=\"(max-width: 1400px) 100vw, 1400px\" \/><img decoding=\"async\" class=\"alignnone size-full wp-image-481\" src=\"https:\/\/kasvillarent.com\/wp-content\/uploads\/2020\/10\/c4.jpg\" alt=\"\" width=\"669\" height=\"446\" srcset=\"https:\/\/kasvillarent.com\/wp-content\/uploads\/2020\/10\/c4.jpg 669w, https:\/\/kasvillarent.com\/wp-content\/uploads\/2020\/10\/c4-300x200.jpg 300w, https:\/\/kasvillarent.com\/wp-content\/uploads\/2020\/10\/c4-20x13.jpg 20w\" sizes=\"(max-width: 669px) 100vw, 669px\" \/><img loading=\"lazy\" decoding=\"async\" class=\"alignnone size-full wp-image-478\" src=\"https:\/\/kasvillarent.com\/wp-content\/uploads\/2020\/10\/Discovery-1.jpg\" alt=\"\" width=\"1621\" height=\"692\" srcset=\"https:\/\/kasvillarent.com\/wp-content\/uploads\/2020\/10\/Discovery-1.jpg 1621w, https:\/\/kasvillarent.com\/wp-content\/uploads\/2020\/10\/Discovery-1-300x128.jpg 300w, https:\/\/kasvillarent.com\/wp-content\/uploads\/2020\/10\/Discovery-1-1024x437.jpg 1024w, https:\/\/kasvillarent.com\/wp-content\/uploads\/2020\/10\/Discovery-1-768x328.jpg 768w, https:\/\/kasvillarent.com\/wp-content\/uploads\/2020\/10\/Discovery-1-1536x656.jpg 1536w, https:\/\/kasvillarent.com\/wp-content\/uploads\/2020\/10\/Discovery-1-1448x618.jpg 1448w, https:\/\/kasvillarent.com\/wp-content\/uploads\/2020\/10\/Discovery-1-20x9.jpg 20w\" sizes=\"(max-width: 1621px) 100vw, 1621px\" \/><\/h3>\n\n<div class=\"wp-block-getwid-button-group\"><div class=\"wp-block-getwid-button-group__wrapper\">\n<div class=\"wp-block-button\"><a class=\"wp-block-button__link\">F\u0130YATLANDIRMAK \u0130\u00c7\u0130N L\u00dcTFEN B\u0130Z\u0130 ARAYINIZ<\/a><\/div>\n<\/div><\/div>\n","protected":false},"excerpt":{"rendered":"<p>Ka\u015f, hem profesyonel dalg\u0131\u00e7lar hem de su alt\u0131 d\u00fcnyas\u0131n\u0131 ke\u015ffetmek isteyen yeni ba\u015flayanlar i\u00e7in bir dal\u0131\u015f noktas\u0131d\u0131r. Neden Ka\u015f&#8217;\u0131n turkuaz sular\u0131n\u0131 ke\u015ffe \u00e7\u0131k\u0131p bal\u0131klar\u0131 kendiniz g\u00f6r\u00fcp hayatlar\u0131na konuk olmuyorsunuz?<\/p>\n","protected":false},"author":29,"featured_media":5749,"parent":7045,"menu_order":0,"comment_status":"closed","ping_status":"closed","template":"","meta":{"_uag_custom_page_level_css":"","_monsterinsights_skip_tracking":false,"_monsterinsights_sitenote_active":false,"_monsterinsights_sitenote_note":"","_monsterinsights_sitenote_category":0,"footnotes":""},"class_list":["post-7056","page","type-page","status-publish","has-post-thumbnail","hentry"],"yoast_head":"<!-- This site is optimized with the Yoast SEO Premium plugin v27.0 (Yoast SEO v27.0) - https:\/\/yoast.com\/product\/yoast-seo-premium-wordpress\/ -->\n<title>Dal\u0131\u015f - Kas Villa Rent<\/title>\n<meta name=\"description\" content=\"PADI profesyonelleri ile Ka\u015f&#039;ta dal\u0131\u015f aktivitelerinin keyfini \u00e7\u0131kar\u0131n. Yeni ba\u015flayanlar i\u00e7in dal\u0131\u015f deneyimi veya sertifikal\u0131 dalg\u0131\u00e7lar i\u00e7in turlar d\u00fczenliyoruz.\" \/>\n<meta name=\"robots\" content=\"index, follow, max-snippet:-1, max-image-preview:large, max-video-preview:-1\" \/>\n<link rel=\"canonical\" href=\"https:\/\/kasvillarent.com\/tr\/aktiviteler\/dalis\/\" \/>\n<meta property=\"og:locale\" content=\"tr_TR\" \/>\n<meta property=\"og:type\" content=\"article\" \/>\n<meta property=\"og:title\" content=\"Dal\u0131\u015f\" \/>\n<meta property=\"og:description\" content=\"PADI profesyonelleri ile Ka\u015f&#039;ta dal\u0131\u015f aktivitelerinin keyfini \u00e7\u0131kar\u0131n. Yeni ba\u015flayanlar i\u00e7in dal\u0131\u015f deneyimi veya sertifikal\u0131 dalg\u0131\u00e7lar i\u00e7in turlar d\u00fczenliyoruz.\" \/>\n<meta property=\"og:url\" content=\"https:\/\/kasvillarent.com\/tr\/aktiviteler\/dalis\/\" \/>\n<meta property=\"og:site_name\" content=\"Kas Villa Rent\" \/>\n<meta property=\"article:publisher\" content=\"https:\/\/www.facebook.com\/kas.villa.rent\/\" \/>\n<meta property=\"article:modified_time\" content=\"2025-07-05T18:13:43+00:00\" \/>\n<meta property=\"og:image\" content=\"https:\/\/kasvillarent.com\/wp-content\/uploads\/2020\/10\/wallpaper-mania.com_High_resolution_wallpaper_background_ID_77701754578.jpg\" \/>\n\t<meta property=\"og:image:width\" content=\"1386\" \/>\n\t<meta property=\"og:image:height\" content=\"924\" \/>\n\t<meta property=\"og:image:type\" content=\"image\/jpeg\" \/>\n<meta name=\"twitter:card\" content=\"summary_large_image\" \/>\n<meta name=\"twitter:label1\" content=\"Tahmini okuma s\u00fcresi\" \/>\n\t<meta name=\"twitter:data1\" content=\"2 dakika\" \/>\n<script type=\"application\/ld+json\" class=\"yoast-schema-graph\">{\"@context\":\"https:\/\/schema.org\",\"@graph\":[{\"@type\":\"WebPage\",\"@id\":\"https:\/\/kasvillarent.com\/tr\/aktiviteler\/dalis\/\",\"url\":\"https:\/\/kasvillarent.com\/tr\/aktiviteler\/dalis\/\",\"name\":\"Dal\u0131\u015f - Kas Villa Rent\",\"isPartOf\":{\"@id\":\"https:\/\/kasvillarent.com\/tr\/#website\"},\"primaryImageOfPage\":{\"@id\":\"https:\/\/kasvillarent.com\/tr\/aktiviteler\/dalis\/#primaryimage\"},\"image\":{\"@id\":\"https:\/\/kasvillarent.com\/tr\/aktiviteler\/dalis\/#primaryimage\"},\"thumbnailUrl\":\"https:\/\/kasvillarent.com\/wp-content\/uploads\/2020\/10\/wallpaper-mania.com_High_resolution_wallpaper_background_ID_77701754578.jpg\",\"datePublished\":\"2021-05-14T17:39:18+00:00\",\"dateModified\":\"2025-07-05T18:13:43+00:00\",\"description\":\"PADI profesyonelleri ile Ka\u015f'ta dal\u0131\u015f aktivitelerinin keyfini \u00e7\u0131kar\u0131n. Yeni ba\u015flayanlar i\u00e7in dal\u0131\u015f deneyimi veya sertifikal\u0131 dalg\u0131\u00e7lar i\u00e7in turlar d\u00fczenliyoruz.\",\"breadcrumb\":{\"@id\":\"https:\/\/kasvillarent.com\/tr\/aktiviteler\/dalis\/#breadcrumb\"},\"inLanguage\":\"tr\",\"potentialAction\":[{\"@type\":\"ReadAction\",\"target\":[\"https:\/\/kasvillarent.com\/tr\/aktiviteler\/dalis\/\"]}]},{\"@type\":\"ImageObject\",\"inLanguage\":\"tr\",\"@id\":\"https:\/\/kasvillarent.com\/tr\/aktiviteler\/dalis\/#primaryimage\",\"url\":\"https:\/\/kasvillarent.com\/wp-content\/uploads\/2020\/10\/wallpaper-mania.com_High_resolution_wallpaper_background_ID_77701754578.jpg\",\"contentUrl\":\"https:\/\/kasvillarent.com\/wp-content\/uploads\/2020\/10\/wallpaper-mania.com_High_resolution_wallpaper_background_ID_77701754578.jpg\",\"width\":1386,\"height\":924},{\"@type\":\"BreadcrumbList\",\"@id\":\"https:\/\/kasvillarent.com\/tr\/aktiviteler\/dalis\/#breadcrumb\",\"itemListElement\":[{\"@type\":\"ListItem\",\"position\":1,\"name\":\"Home\",\"item\":\"https:\/\/kasvillarent.com\/tr\/\"},{\"@type\":\"ListItem\",\"position\":2,\"name\":\"Aktiviteler\",\"item\":\"https:\/\/kasvillarent.com\/tr\/aktiviteler\/\"},{\"@type\":\"ListItem\",\"position\":3,\"name\":\"Dal\u0131\u015f\"}]},{\"@type\":\"WebSite\",\"@id\":\"https:\/\/kasvillarent.com\/tr\/#website\",\"url\":\"https:\/\/kasvillarent.com\/tr\/\",\"name\":\"Kas Villa Rent\",\"description\":\"Luxury Villas in Kas Antalya\",\"publisher\":{\"@id\":\"https:\/\/kasvillarent.com\/tr\/#organization\"},\"potentialAction\":[{\"@type\":\"SearchAction\",\"target\":{\"@type\":\"EntryPoint\",\"urlTemplate\":\"https:\/\/kasvillarent.com\/tr\/?s={search_term_string}\"},\"query-input\":{\"@type\":\"PropertyValueSpecification\",\"valueRequired\":true,\"valueName\":\"search_term_string\"}}],\"inLanguage\":\"tr\"},{\"@type\":\"Organization\",\"@id\":\"https:\/\/kasvillarent.com\/tr\/#organization\",\"name\":\"Kas Villa Rent\",\"url\":\"https:\/\/kasvillarent.com\/tr\/\",\"logo\":{\"@type\":\"ImageObject\",\"inLanguage\":\"tr\",\"@id\":\"https:\/\/kasvillarent.com\/tr\/#\/schema\/logo\/image\/\",\"url\":\"https:\/\/kasvillarent.com\/wp-content\/uploads\/2022\/06\/FullColor_1280x1024_300dpi-1.png\",\"contentUrl\":\"https:\/\/kasvillarent.com\/wp-content\/uploads\/2022\/06\/FullColor_1280x1024_300dpi-1.png\",\"width\":1155,\"height\":924,\"caption\":\"Kas Villa Rent\"},\"image\":{\"@id\":\"https:\/\/kasvillarent.com\/tr\/#\/schema\/logo\/image\/\"},\"sameAs\":[\"https:\/\/www.facebook.com\/kas.villa.rent\/\",\"https:\/\/instagram.com\/kasvillarent\"]}]}<\/script>\n<!-- \/ Yoast SEO Premium plugin. -->","yoast_head_json":{"title":"Dal\u0131\u015f - Kas Villa Rent","description":"PADI profesyonelleri ile Ka\u015f'ta dal\u0131\u015f aktivitelerinin keyfini \u00e7\u0131kar\u0131n. Yeni ba\u015flayanlar i\u00e7in dal\u0131\u015f deneyimi veya sertifikal\u0131 dalg\u0131\u00e7lar i\u00e7in turlar d\u00fczenliyoruz.","robots":{"index":"index","follow":"follow","max-snippet":"max-snippet:-1","max-image-preview":"max-image-preview:large","max-video-preview":"max-video-preview:-1"},"canonical":"https:\/\/kasvillarent.com\/tr\/aktiviteler\/dalis\/","og_locale":"tr_TR","og_type":"article","og_title":"Dal\u0131\u015f","og_description":"PADI profesyonelleri ile Ka\u015f'ta dal\u0131\u015f aktivitelerinin keyfini \u00e7\u0131kar\u0131n. Yeni ba\u015flayanlar i\u00e7in dal\u0131\u015f deneyimi veya sertifikal\u0131 dalg\u0131\u00e7lar i\u00e7in turlar d\u00fczenliyoruz.","og_url":"https:\/\/kasvillarent.com\/tr\/aktiviteler\/dalis\/","og_site_name":"Kas Villa Rent","article_publisher":"https:\/\/www.facebook.com\/kas.villa.rent\/","article_modified_time":"2025-07-05T18:13:43+00:00","og_image":[{"width":1386,"height":924,"url":"https:\/\/kasvillarent.com\/wp-content\/uploads\/2020\/10\/wallpaper-mania.com_High_resolution_wallpaper_background_ID_77701754578.jpg","type":"image\/jpeg"}],"twitter_card":"summary_large_image","twitter_misc":{"Tahmini okuma s\u00fcresi":"2 dakika"},"schema":{"@context":"https:\/\/schema.org","@graph":[{"@type":"WebPage","@id":"https:\/\/kasvillarent.com\/tr\/aktiviteler\/dalis\/","url":"https:\/\/kasvillarent.com\/tr\/aktiviteler\/dalis\/","name":"Dal\u0131\u015f - Kas Villa Rent","isPartOf":{"@id":"https:\/\/kasvillarent.com\/tr\/#website"},"primaryImageOfPage":{"@id":"https:\/\/kasvillarent.com\/tr\/aktiviteler\/dalis\/#primaryimage"},"image":{"@id":"https:\/\/kasvillarent.com\/tr\/aktiviteler\/dalis\/#primaryimage"},"thumbnailUrl":"https:\/\/kasvillarent.com\/wp-content\/uploads\/2020\/10\/wallpaper-mania.com_High_resolution_wallpaper_background_ID_77701754578.jpg","datePublished":"2021-05-14T17:39:18+00:00","dateModified":"2025-07-05T18:13:43+00:00","description":"PADI profesyonelleri ile Ka\u015f'ta dal\u0131\u015f aktivitelerinin keyfini \u00e7\u0131kar\u0131n. Yeni ba\u015flayanlar i\u00e7in dal\u0131\u015f deneyimi veya sertifikal\u0131 dalg\u0131\u00e7lar i\u00e7in turlar d\u00fczenliyoruz.","breadcrumb":{"@id":"https:\/\/kasvillarent.com\/tr\/aktiviteler\/dalis\/#breadcrumb"},"inLanguage":"tr","potentialAction":[{"@type":"ReadAction","target":["https:\/\/kasvillarent.com\/tr\/aktiviteler\/dalis\/"]}]},{"@type":"ImageObject","inLanguage":"tr","@id":"https:\/\/kasvillarent.com\/tr\/aktiviteler\/dalis\/#primaryimage","url":"https:\/\/kasvillarent.com\/wp-content\/uploads\/2020\/10\/wallpaper-mania.com_High_resolution_wallpaper_background_ID_77701754578.jpg","contentUrl":"https:\/\/kasvillarent.com\/wp-content\/uploads\/2020\/10\/wallpaper-mania.com_High_resolution_wallpaper_background_ID_77701754578.jpg","width":1386,"height":924},{"@type":"BreadcrumbList","@id":"https:\/\/kasvillarent.com\/tr\/aktiviteler\/dalis\/#breadcrumb","itemListElement":[{"@type":"ListItem","position":1,"name":"Home","item":"https:\/\/kasvillarent.com\/tr\/"},{"@type":"ListItem","position":2,"name":"Aktiviteler","item":"https:\/\/kasvillarent.com\/tr\/aktiviteler\/"},{"@type":"ListItem","position":3,"name":"Dal\u0131\u015f"}]},{"@type":"WebSite","@id":"https:\/\/kasvillarent.com\/tr\/#website","url":"https:\/\/kasvillarent.com\/tr\/","name":"Kas Villa Rent","description":"Luxury Villas in Kas Antalya","publisher":{"@id":"https:\/\/kasvillarent.com\/tr\/#organization"},"potentialAction":[{"@type":"SearchAction","target":{"@type":"EntryPoint","urlTemplate":"https:\/\/kasvillarent.com\/tr\/?s={search_term_string}"},"query-input":{"@type":"PropertyValueSpecification","valueRequired":true,"valueName":"search_term_string"}}],"inLanguage":"tr"},{"@type":"Organization","@id":"https:\/\/kasvillarent.com\/tr\/#organization","name":"Kas Villa Rent","url":"https:\/\/kasvillarent.com\/tr\/","logo":{"@type":"ImageObject","inLanguage":"tr","@id":"https:\/\/kasvillarent.com\/tr\/#\/schema\/logo\/image\/","url":"https:\/\/kasvillarent.com\/wp-content\/uploads\/2022\/06\/FullColor_1280x1024_300dpi-1.png","contentUrl":"https:\/\/kasvillarent.com\/wp-content\/uploads\/2022\/06\/FullColor_1280x1024_300dpi-1.png","width":1155,"height":924,"caption":"Kas Villa Rent"},"image":{"@id":"https:\/\/kasvillarent.com\/tr\/#\/schema\/logo\/image\/"},"sameAs":["https:\/\/www.facebook.com\/kas.villa.rent\/","https:\/\/instagram.com\/kasvillarent"]}]}},"uagb_featured_image_src":{"full":["https:\/\/kasvillarent.com\/wp-content\/uploads\/2020\/10\/wallpaper-mania.com_High_resolution_wallpaper_background_ID_77701754578.jpg",1386,924,false],"thumbnail":["https:\/\/kasvillarent.com\/wp-content\/uploads\/2020\/10\/wallpaper-mania.com_High_resolution_wallpaper_background_ID_77701754578-150x150.jpg",150,150,true],"medium":["https:\/\/kasvillarent.com\/wp-content\/uploads\/2020\/10\/wallpaper-mania.com_High_resolution_wallpaper_background_ID_77701754578-300x200.jpg",300,200,true],"medium_large":["https:\/\/kasvillarent.com\/wp-content\/uploads\/2020\/10\/wallpaper-mania.com_High_resolution_wallpaper_background_ID_77701754578-768x512.jpg",768,512,true],"large":["https:\/\/kasvillarent.com\/wp-content\/uploads\/2020\/10\/wallpaper-mania.com_High_resolution_wallpaper_background_ID_77701754578-1024x683.jpg",769,513,true],"1536x1536":["https:\/\/kasvillarent.com\/wp-content\/uploads\/2020\/10\/wallpaper-mania.com_High_resolution_wallpaper_background_ID_77701754578.jpg",1386,924,false],"2048x2048":["https:\/\/kasvillarent.com\/wp-content\/uploads\/2020\/10\/wallpaper-mania.com_High_resolution_wallpaper_background_ID_77701754578.jpg",1386,924,false],"post-thumbnail":["https:\/\/kasvillarent.com\/wp-content\/uploads\/2020\/10\/wallpaper-mania.com_High_resolution_wallpaper_background_ID_77701754578-1386x734.jpg",1386,734,true],"villagio-thumb-large":["https:\/\/kasvillarent.com\/wp-content\/uploads\/2020\/10\/wallpaper-mania.com_High_resolution_wallpaper_background_ID_77701754578.jpg",1386,924,false],"villagio-thumb-medium":["https:\/\/kasvillarent.com\/wp-content\/uploads\/2020\/10\/wallpaper-mania.com_High_resolution_wallpaper_background_ID_77701754578-927x618.jpg",927,618,true],"villagio-thumb-small":["https:\/\/kasvillarent.com\/wp-content\/uploads\/2020\/10\/wallpaper-mania.com_High_resolution_wallpaper_background_ID_77701754578-717x540.jpg",717,540,true],"villagio-thumb-small-x2":["https:\/\/kasvillarent.com\/wp-content\/uploads\/2020\/10\/wallpaper-mania.com_High_resolution_wallpaper_background_ID_77701754578.jpg",1386,924,false]},"uagb_author_info":{"display_name":"Mehmet_Y","author_link":"https:\/\/kasvillarent.com\/tr\/author\/mehmet_y\/"},"uagb_comment_info":0,"uagb_excerpt":"Ka\u015f, hem profesyonel dalg\u0131\u00e7lar hem de su alt\u0131 d\u00fcnyas\u0131n\u0131 ke\u015ffetmek isteyen yeni ba\u015flayanlar i\u00e7in bir dal\u0131\u015f noktas\u0131d\u0131r. Neden Ka\u015f&#8217;\u0131n turkuaz sular\u0131n\u0131 ke\u015ffe \u00e7\u0131k\u0131p bal\u0131klar\u0131 kendiniz g\u00f6r\u00fcp hayatlar\u0131na konuk olmuyorsunuz?","jetpack_sharing_enabled":true,"_links":{"self":[{"href":"https:\/\/kasvillarent.com\/tr\/wp-json\/wp\/v2\/pages\/7056","targetHints":{"allow":["GET"]}}],"collection":[{"href":"https:\/\/kasvillarent.com\/tr\/wp-json\/wp\/v2\/pages"}],"about":[{"href":"https:\/\/kasvillarent.com\/tr\/wp-json\/wp\/v2\/types\/page"}],"author":[{"embeddable":true,"href":"https:\/\/kasvillarent.com\/tr\/wp-json\/wp\/v2\/users\/29"}],"replies":[{"embeddable":true,"href":"https:\/\/kasvillarent.com\/tr\/wp-json\/wp\/v2\/comments?post=7056"}],"version-history":[{"count":4,"href":"https:\/\/kasvillarent.com\/tr\/wp-json\/wp\/v2\/pages\/7056\/revisions"}],"predecessor-version":[{"id":15473,"href":"https:\/\/kasvillarent.com\/tr\/wp-json\/wp\/v2\/pages\/7056\/revisions\/15473"}],"up":[{"embeddable":true,"href":"https:\/\/kasvillarent.com\/tr\/wp-json\/wp\/v2\/pages\/7045"}],"wp:featuredmedia":[{"embeddable":true,"href":"https:\/\/kasvillarent.com\/tr\/wp-json\/wp\/v2\/media\/5749"}],"wp:attachment":[{"href":"https:\/\/kasvillarent.com\/tr\/wp-json\/wp\/v2\/media?parent=7056"}],"curies":[{"name":"wp","href":"https:\/\/api.w.org\/{rel}","templated":true}]}}