{"id":7071,"date":"2021-05-14T21:08:47","date_gmt":"2021-05-14T18:08:47","guid":{"rendered":"https:\/\/kasvillarent.com\/aktiviteler\/deniz-kanosu\/"},"modified":"2025-07-05T21:13:35","modified_gmt":"2025-07-05T18:13:35","slug":"deniz-kanosu","status":"publish","type":"page","link":"https:\/\/kasvillarent.com\/tr\/aktiviteler\/deniz-kanosu\/","title":{"rendered":"KEKOVA&#8217;DA DENI\u0307Z KANOSU TURU"},"content":{"rendered":"<h3 class=\"sc_title sc_title_regular\"><span style=\"color: #000080;\">Kekova, T\u00fcrkiye&#8217;de bat\u0131k \u015fehir \u00fczerinde deniz kanosu !!!<\/span><\/h3>\n<p>Ka\u015f Villa Kiralama, T\u00fcrkiye&#8217;nin en eski ve en pop\u00fcler g\u00fcn\u00fcbirlik gezi yerlerinden biri olan \u00fcnl\u00fc Kekova b\u00f6lgesini ke\u015ffetmenin en heyecan verici ve e\u011flenceli yollar\u0131ndan biri olarak Deniz Kanosu turu sunmaktad\u0131r. Antik bir Likya Bat\u0131k \u015eehri \u00fczerinde kendi h\u0131z\u0131n\u0131zda deniz kanonuzu kulland\u0131\u011f\u0131n\u0131z\u0131 hayal edin! Bu, \u00fcnl\u00fc Kekova b\u00f6lgesini ke\u015ffetmek i\u00e7in keyifli bir alternatiftir.<\/p>\n<p><!--more--><\/p>\n<h3 class=\"sc_title sc_title_regular\"><span style=\"color: #000080;\">Bu aktivite sizin i\u00e7in a\u015fa\u011f\u0131daki deneyimleri i\u00e7ermektedir:<\/span><\/h3>\n<ul class=\"sc_list sc_list_style_iconed\">\n<li class=\"sc_list_item odd first\">Kekova&#8217;n\u0131n bat\u0131k antik kentini kendi temponuzda ke\u015ffedin<\/li>\n<li class=\"sc_list_item even\">Suyun \u00fcst\u00fcne \u00e7\u0131k\u0131n<\/li>\n<li class=\"sc_list_item odd\">Yeni bir spor deneyin veya en sevdi\u011finiz e\u011flencenin tad\u0131n\u0131 \u00e7\u0131kar\u0131n<\/li>\n<\/ul>\n<h3 class=\"sc_title sc_title_regular\"><span style=\"color: #000080;\">Bir bak\u0131\u015fta Yama\u00e7 Para\u015f\u00fct\u00fc Aktivitesi<\/span><\/h3>\n<ul class=\"sc_list sc_list_style_iconed\">\n<li class=\"sc_list_item odd first\">Tek veya \u00e7ift kano ile seyahat edin<\/li>\n<li class=\"sc_list_item even\">\u00d6\u011fle yeme\u011fi ve ula\u015f\u0131m dahildir<\/li>\n<li class=\"sc_list_item odd\">Deneyime gerek yok<\/li>\n<li class=\"sc_list_item even\">12 ya\u015f ve \u00fcst\u00fc \u00e7ocuklar i\u00e7in uygundur (l\u00fctfen istisnalar i\u00e7in bilgi al\u0131n\u0131z)<\/li>\n<\/ul>\n<h3 class=\"sc_title sc_title_regular\"><span style=\"color: #000080;\">Aktiviteye neler dahil:<\/span><\/h3>\n<ul class=\"sc_list sc_list_style_iconed\">\n<li class=\"sc_list_item odd first\">T\u00fcm ula\u015f\u0131m (yar\u0131mada villalar\u0131 ve otellerinden \u00fccretsiz kar\u015f\u0131lama dahil)<\/li>\n<li class=\"sc_list_item even\">G\u00fcvenlik brifingi ve e\u011fitim oturumu<\/li>\n<li class=\"sc_list_item odd\">T\u00fcm g\u00fcvenlik ve teknik ekipmanlar<\/li>\n<li class=\"sc_list_item even\">\u00d6\u011fle yeme\u011fi<\/li>\n<\/ul>\n<h3 class=\"sc_title sc_title_regular\"><span style=\"color: #000080;\">Neler dahil de\u011fil<\/span><\/h3>\n<ul class=\"sc_list sc_list_style_iconed\">\n<li class=\"sc_list_item odd first\">Y\u00fczme ve \u015fnorkelli y\u00fczme malzemeleri<\/li>\n<li class=\"sc_list_item even\">Ekstra i\u00e7ecekler veya at\u0131\u015ft\u0131rmal\u0131klar<\/li>\n<li class=\"sc_list_item odd\">Seyahat sigortas\u0131<\/li>\n<\/ul>\n<h3 class=\"sc_title sc_title_regular\"><span style=\"color: #000080;\">Yan\u0131n\u0131zda bulundurulmas\u0131 gerekenler:<\/span><\/h3>\n<ul class=\"sc_list sc_list_style_iconed\">\n<li class=\"sc_list_item odd first\">G\u00fcne\u015f korumas\u0131, g\u00fcne\u015f \u015fapkas\u0131 ve g\u00fcne\u015f g\u00f6zl\u00fc\u011f\u00fc<\/li>\n<li class=\"sc_list_item even\">Mayo ve havlu<\/li>\n<li class=\"sc_list_item odd\">Kuru k\u0131yafetler<\/li>\n<li class=\"sc_list_item even\">Sandalet, dal\u0131\u015f patikleri veya kanvas \/ tenis ayakkab\u0131lar\u0131<\/li>\n<li class=\"sc_list_item odd\">Y\u00fczme g\u00f6zl\u00fc\u011f\u00fc veya \u015fnorkel te\u00e7hizat\u0131 tavsiye edilir<\/li>\n<\/ul>\n<ul class=\"sc_list sc_list_style_iconed\">\n<li class=\"sc_list_item odd first\">Kano yaparken can yele\u011finin alt\u0131na ti\u015f\u00f6rt giymeniz hem g\u00fcne\u015ften hem de kollar\u0131n\u0131z\u0131n can yele\u011fi alt\u0131ndaki hareketinden daha fazla koruma sa\u011flamas\u0131 i\u00e7in tavsiye edilir.<\/li>\n<\/ul>\n<p><!--more--><\/p>\n<h3><span style=\"color: #000080;\">S\u00fcre:<\/span><\/h3>\n\n<p>1 g\u00fcn.<\/p>\n<h4 id=\"block-1acea0a9-3f9e-4766-8dbe-558ca3932080\" class=\"block-editor-block-list__block wp-block is-selected rich-text block-editor-rich-text__editable is-hovered wp-block\" tabindex=\"0\" role=\"textbox\" aria-label=\"Write heading\u2026\" aria-multiline=\"true\" data-block=\"1acea0a9-3f9e-4766-8dbe-558ca3932080\" data-type=\"core\/heading\" data-title=\"Heading\"><span style=\"color: #000080;\">Etkinlik brifingi<\/span><\/h4>\n<p>Kekova, Kekova adas\u0131, Kalek\u00f6y ve \u00dc\u00e7a\u011f\u0131z k\u00f6yleri ile \u00fc\u00e7 antik kent Simena, Teimussa ve Tersane&#8217;yi (&#8220;tersane&#8221; anlam\u0131na gelir) kapsayan b\u00f6lgenin ad\u0131d\u0131r.  Teimussa \u015fimdi \u00dc\u00e7a\u011f\u0131z k\u00f6y\u00fcd\u00fcr ve burada deniz kanolar\u0131 ve tekneler b\u00f6lge turlar\u0131 i\u00e7in yola \u00e7\u0131kmaktad\u0131r.  Kekova bir zamanlar anakaraya ba\u011fl\u0131yd\u0131 ancak bir dizi depreme maruz kald\u0131 ve bu jeolojik etkiler denizin alt\u0131 metre alt\u0131na batmas\u0131na neden oldu.<\/p>\n<p>B\u00f6lge y\u00fcz\u00fcc\u00fcler ve dalg\u0131\u00e7lar i\u00e7in yasak b\u00f6lge.&nbsp; Bu nedenle, 2000 y\u0131l\u0131 a\u015fk\u0131n bir s\u00fcredir su alt\u0131 temellerine, duvarlar\u0131na ve mozaiklerine ula\u015fabilece\u011finiz en yak\u0131n yer kano.&nbsp; Grup s\u0131k s\u0131k Simena k\u00f6y\u00fcnde karaya \u00e7\u0131k\u0131yor.&nbsp; karayoluyla eri\u015filemez ve 360 \u00b0 muhte\u015fem manzaraya sahip bir kale ile tepesinde.<\/p>\n<p>\u00d6nceden deneyim gerekli de\u011fildir, t\u00fcm e\u011fitimler tur rehberleri ve asistanlar taraf\u0131ndan verilmektedir.&nbsp; Hepsini sa\u011flayacaklar&nbsp; y\u00fczd\u00fcrme yelekleri dahil teknik ekipman.<\/p>\n<p>Bat\u0131k \u015fehir b\u00f6lgesinde y\u00fczmeyi de i\u00e7eren gezinin bir par\u00e7as\u0131 olarak y\u00fcz\u00fcc\u00fc g\u00f6zl\u00fc\u011f\u00fc veya dal\u0131\u015f maskesi ve \u015fnorkel getirmeniz tavsiye edilir.<\/p>\n\n<div class=\"wp-block-jetpack-slideshow aligncenter\" data-effect=\"slide\"><div class=\"wp-block-jetpack-slideshow_container swiper-container\"><ul class=\"wp-block-jetpack-slideshow_swiper-wrapper swiper-wrapper\"><li class=\"wp-block-jetpack-slideshow_slide swiper-slide\"><figure><img fetchpriority=\"high\" decoding=\"async\" width=\"639\" height=\"400\" alt=\"\" class=\"wp-block-jetpack-slideshow_image wp-image-521\" data-id=\"521\" src=\"https:\/\/kasvillarent.com\/wp-content\/uploads\/2020\/11\/Kayaking_Gocek_01.jpg\" srcset=\"https:\/\/kasvillarent.com\/wp-content\/uploads\/2020\/11\/Kayaking_Gocek_01.jpg 639w, https:\/\/kasvillarent.com\/wp-content\/uploads\/2020\/11\/Kayaking_Gocek_01-300x188.jpg 300w, https:\/\/kasvillarent.com\/wp-content\/uploads\/2020\/11\/Kayaking_Gocek_01-20x13.jpg 20w\" sizes=\"(max-width: 639px) 100vw, 639px\" \/><\/figure><\/li><li class=\"wp-block-jetpack-slideshow_slide swiper-slide\"><figure><img decoding=\"async\" width=\"639\" height=\"400\" alt=\"\" class=\"wp-block-jetpack-slideshow_image wp-image-523\" data-id=\"523\" src=\"https:\/\/kasvillarent.com\/wp-content\/uploads\/2020\/11\/Sea_Kayaking_04.jpg\" srcset=\"https:\/\/kasvillarent.com\/wp-content\/uploads\/2020\/11\/Sea_Kayaking_04.jpg 639w, https:\/\/kasvillarent.com\/wp-content\/uploads\/2020\/11\/Sea_Kayaking_04-300x188.jpg 300w, https:\/\/kasvillarent.com\/wp-content\/uploads\/2020\/11\/Sea_Kayaking_04-20x13.jpg 20w\" sizes=\"(max-width: 639px) 100vw, 639px\" \/><\/figure><\/li><li class=\"wp-block-jetpack-slideshow_slide swiper-slide\"><figure><img decoding=\"async\" width=\"639\" height=\"400\" alt=\"\" class=\"wp-block-jetpack-slideshow_image wp-image-524\" data-id=\"524\" src=\"https:\/\/kasvillarent.com\/wp-content\/uploads\/2020\/11\/Kayaking_Kekova_03.jpg\" srcset=\"https:\/\/kasvillarent.com\/wp-content\/uploads\/2020\/11\/Kayaking_Kekova_03.jpg 639w, https:\/\/kasvillarent.com\/wp-content\/uploads\/2020\/11\/Kayaking_Kekova_03-300x188.jpg 300w, https:\/\/kasvillarent.com\/wp-content\/uploads\/2020\/11\/Kayaking_Kekova_03-20x13.jpg 20w\" sizes=\"(max-width: 639px) 100vw, 639px\" \/><\/figure><\/li><li class=\"wp-block-jetpack-slideshow_slide swiper-slide\"><figure><img loading=\"lazy\" decoding=\"async\" width=\"639\" height=\"400\" alt=\"\" class=\"wp-block-jetpack-slideshow_image wp-image-525\" data-id=\"525\" src=\"https:\/\/kasvillarent.com\/wp-content\/uploads\/2020\/11\/Kayaking_Gocek_00.jpg\" srcset=\"https:\/\/kasvillarent.com\/wp-content\/uploads\/2020\/11\/Kayaking_Gocek_00.jpg 639w, https:\/\/kasvillarent.com\/wp-content\/uploads\/2020\/11\/Kayaking_Gocek_00-300x188.jpg 300w, https:\/\/kasvillarent.com\/wp-content\/uploads\/2020\/11\/Kayaking_Gocek_00-20x13.jpg 20w\" sizes=\"(max-width: 639px) 100vw, 639px\" \/><\/figure><\/li><li class=\"wp-block-jetpack-slideshow_slide swiper-slide\"><figure><img loading=\"lazy\" decoding=\"async\" width=\"639\" height=\"400\" alt=\"\" class=\"wp-block-jetpack-slideshow_image wp-image-526\" data-id=\"526\" src=\"https:\/\/kasvillarent.com\/wp-content\/uploads\/2020\/11\/Kayaking_Gocek_02.jpg\" srcset=\"https:\/\/kasvillarent.com\/wp-content\/uploads\/2020\/11\/Kayaking_Gocek_02.jpg 639w, https:\/\/kasvillarent.com\/wp-content\/uploads\/2020\/11\/Kayaking_Gocek_02-300x188.jpg 300w, https:\/\/kasvillarent.com\/wp-content\/uploads\/2020\/11\/Kayaking_Gocek_02-20x13.jpg 20w\" sizes=\"(max-width: 639px) 100vw, 639px\" \/><\/figure><\/li><\/ul><a class=\"wp-block-jetpack-slideshow_button-prev swiper-button-prev swiper-button-white\" role=\"button\"><\/a><a class=\"wp-block-jetpack-slideshow_button-next swiper-button-next swiper-button-white\" role=\"button\"><\/a><a aria-label=\"Pause Slideshow\" class=\"wp-block-jetpack-slideshow_button-pause\" role=\"button\"><\/a><div class=\"wp-block-jetpack-slideshow_pagination swiper-pagination swiper-pagination-white\"><\/div><\/div><\/div>\n\n<div class=\"wp-block-getwid-button-group\"><div class=\"wp-block-getwid-button-group__wrapper\">\n<div class=\"wp-block-button\"><a class=\"wp-block-button__link\">PROSED\u00dcR: 40 \u20ac \/ K\u0130\u015e\u0130 BA\u015eI<\/a><\/div>\n<\/div><\/div>\n\n<p><\/p>\n","protected":false},"excerpt":{"rendered":"<p>Kekova, T\u00fcrkiye&#8217;de bat\u0131k \u015fehir \u00fczerinde deniz kanosu !!! Ka\u015f Villa Kiralama, T\u00fcrkiye&#8217;nin en eski ve en pop\u00fcler g\u00fcn\u00fcbirlik gezi yerlerinden biri olan \u00fcnl\u00fc Kekova b\u00f6lgesini ke\u015ffetmenin en heyecan verici ve e\u011flenceli yollar\u0131ndan biri olarak Deniz Kanosu turu sunmaktad\u0131r. Antik bir Likya Bat\u0131k \u015eehri \u00fczerinde kendi h\u0131z\u0131n\u0131zda deniz kanonuzu kulland\u0131\u011f\u0131n\u0131z\u0131 hayal edin! Bu, \u00fcnl\u00fc Kekova b\u00f6lgesini &hellip; <a href=\"https:\/\/kasvillarent.com\/tr\/aktiviteler\/deniz-kanosu\/\" class=\"more-link\">Continue reading<span class=\"screen-reader-text\"> &#8220;KEKOVA&#8217;DA DENI\u0307Z KANOSU TURU&#8221;<\/span><\/a><\/p>\n","protected":false},"author":29,"featured_media":5728,"parent":7045,"menu_order":0,"comment_status":"closed","ping_status":"closed","template":"","meta":{"_uag_custom_page_level_css":"","_monsterinsights_skip_tracking":false,"_monsterinsights_sitenote_active":false,"_monsterinsights_sitenote_note":"","_monsterinsights_sitenote_category":0,"footnotes":""},"class_list":["post-7071","page","type-page","status-publish","has-post-thumbnail","hentry"],"yoast_head":"<!-- This site is optimized with the Yoast SEO Premium plugin v27.0 (Yoast SEO v27.0) - https:\/\/yoast.com\/product\/yoast-seo-premium-wordpress\/ -->\n<title>KEKOVA&#039;DA DENI\u0307Z KANOSU TURU - Kas Villa Rent<\/title>\n<meta name=\"description\" content=\"Ka\u015f Villa Rent, \u00fcnl\u00fc bat\u0131k \u015fehir Kekova&#039;y\u0131 ke\u015ffetmenin en heyecan verici ve e\u011flenceli yollar\u0131ndan biri olan Kekova&#039;da deniz kanosu turu sunmaktad\u0131r.\" \/>\n<meta name=\"robots\" content=\"index, follow, max-snippet:-1, max-image-preview:large, max-video-preview:-1\" \/>\n<link rel=\"canonical\" href=\"https:\/\/kasvillarent.com\/tr\/aktiviteler\/deniz-kanosu\/\" \/>\n<meta property=\"og:locale\" content=\"tr_TR\" \/>\n<meta property=\"og:type\" content=\"article\" \/>\n<meta property=\"og:title\" content=\"KEKOVA&#039;DA DENI\u0307Z KANOSU TURU\" \/>\n<meta property=\"og:description\" content=\"Ka\u015f Villa Rent, \u00fcnl\u00fc bat\u0131k \u015fehir Kekova&#039;y\u0131 ke\u015ffetmenin en heyecan verici ve e\u011flenceli yollar\u0131ndan biri olan Kekova&#039;da deniz kanosu turu sunmaktad\u0131r.\" \/>\n<meta property=\"og:url\" content=\"https:\/\/kasvillarent.com\/tr\/aktiviteler\/deniz-kanosu\/\" \/>\n<meta property=\"og:site_name\" content=\"Kas Villa Rent\" \/>\n<meta property=\"article:publisher\" content=\"https:\/\/www.facebook.com\/kas.villa.rent\/\" \/>\n<meta property=\"article:modified_time\" content=\"2025-07-05T18:13:35+00:00\" \/>\n<meta property=\"og:image\" content=\"https:\/\/kasvillarent.com\/wp-content\/uploads\/2020\/11\/kekova.jpg\" \/>\n\t<meta property=\"og:image:width\" content=\"1200\" \/>\n\t<meta property=\"og:image:height\" content=\"830\" \/>\n\t<meta property=\"og:image:type\" content=\"image\/jpeg\" \/>\n<meta name=\"twitter:card\" content=\"summary_large_image\" \/>\n<meta name=\"twitter:label1\" content=\"Tahmini okuma s\u00fcresi\" \/>\n\t<meta name=\"twitter:data1\" content=\"2 dakika\" \/>\n<script type=\"application\/ld+json\" class=\"yoast-schema-graph\">{\"@context\":\"https:\/\/schema.org\",\"@graph\":[{\"@type\":\"WebPage\",\"@id\":\"https:\/\/kasvillarent.com\/tr\/aktiviteler\/deniz-kanosu\/\",\"url\":\"https:\/\/kasvillarent.com\/tr\/aktiviteler\/deniz-kanosu\/\",\"name\":\"KEKOVA'DA DENI\u0307Z KANOSU TURU - Kas Villa Rent\",\"isPartOf\":{\"@id\":\"https:\/\/kasvillarent.com\/tr\/#website\"},\"primaryImageOfPage\":{\"@id\":\"https:\/\/kasvillarent.com\/tr\/aktiviteler\/deniz-kanosu\/#primaryimage\"},\"image\":{\"@id\":\"https:\/\/kasvillarent.com\/tr\/aktiviteler\/deniz-kanosu\/#primaryimage\"},\"thumbnailUrl\":\"https:\/\/kasvillarent.com\/wp-content\/uploads\/2020\/11\/kekova.jpg\",\"datePublished\":\"2021-05-14T18:08:47+00:00\",\"dateModified\":\"2025-07-05T18:13:35+00:00\",\"description\":\"Ka\u015f Villa Rent, \u00fcnl\u00fc bat\u0131k \u015fehir Kekova'y\u0131 ke\u015ffetmenin en heyecan verici ve e\u011flenceli yollar\u0131ndan biri olan Kekova'da deniz kanosu turu sunmaktad\u0131r.\",\"breadcrumb\":{\"@id\":\"https:\/\/kasvillarent.com\/tr\/aktiviteler\/deniz-kanosu\/#breadcrumb\"},\"inLanguage\":\"tr\",\"potentialAction\":[{\"@type\":\"ReadAction\",\"target\":[\"https:\/\/kasvillarent.com\/tr\/aktiviteler\/deniz-kanosu\/\"]}]},{\"@type\":\"ImageObject\",\"inLanguage\":\"tr\",\"@id\":\"https:\/\/kasvillarent.com\/tr\/aktiviteler\/deniz-kanosu\/#primaryimage\",\"url\":\"https:\/\/kasvillarent.com\/wp-content\/uploads\/2020\/11\/kekova.jpg\",\"contentUrl\":\"https:\/\/kasvillarent.com\/wp-content\/uploads\/2020\/11\/kekova.jpg\",\"width\":1200,\"height\":830},{\"@type\":\"BreadcrumbList\",\"@id\":\"https:\/\/kasvillarent.com\/tr\/aktiviteler\/deniz-kanosu\/#breadcrumb\",\"itemListElement\":[{\"@type\":\"ListItem\",\"position\":1,\"name\":\"Home\",\"item\":\"https:\/\/kasvillarent.com\/tr\/\"},{\"@type\":\"ListItem\",\"position\":2,\"name\":\"Aktiviteler\",\"item\":\"https:\/\/kasvillarent.com\/tr\/aktiviteler\/\"},{\"@type\":\"ListItem\",\"position\":3,\"name\":\"KEKOVA&#8217;DA DENI\u0307Z KANOSU TURU\"}]},{\"@type\":\"WebSite\",\"@id\":\"https:\/\/kasvillarent.com\/tr\/#website\",\"url\":\"https:\/\/kasvillarent.com\/tr\/\",\"name\":\"Kas Villa Rent\",\"description\":\"Luxury Villas in Kas Antalya\",\"publisher\":{\"@id\":\"https:\/\/kasvillarent.com\/tr\/#organization\"},\"potentialAction\":[{\"@type\":\"SearchAction\",\"target\":{\"@type\":\"EntryPoint\",\"urlTemplate\":\"https:\/\/kasvillarent.com\/tr\/?s={search_term_string}\"},\"query-input\":{\"@type\":\"PropertyValueSpecification\",\"valueRequired\":true,\"valueName\":\"search_term_string\"}}],\"inLanguage\":\"tr\"},{\"@type\":\"Organization\",\"@id\":\"https:\/\/kasvillarent.com\/tr\/#organization\",\"name\":\"Kas Villa Rent\",\"url\":\"https:\/\/kasvillarent.com\/tr\/\",\"logo\":{\"@type\":\"ImageObject\",\"inLanguage\":\"tr\",\"@id\":\"https:\/\/kasvillarent.com\/tr\/#\/schema\/logo\/image\/\",\"url\":\"https:\/\/kasvillarent.com\/wp-content\/uploads\/2022\/06\/FullColor_1280x1024_300dpi-1.png\",\"contentUrl\":\"https:\/\/kasvillarent.com\/wp-content\/uploads\/2022\/06\/FullColor_1280x1024_300dpi-1.png\",\"width\":1155,\"height\":924,\"caption\":\"Kas Villa Rent\"},\"image\":{\"@id\":\"https:\/\/kasvillarent.com\/tr\/#\/schema\/logo\/image\/\"},\"sameAs\":[\"https:\/\/www.facebook.com\/kas.villa.rent\/\",\"https:\/\/instagram.com\/kasvillarent\"]}]}<\/script>\n<!-- \/ Yoast SEO Premium plugin. -->","yoast_head_json":{"title":"KEKOVA'DA DENI\u0307Z KANOSU TURU - Kas Villa Rent","description":"Ka\u015f Villa Rent, \u00fcnl\u00fc bat\u0131k \u015fehir Kekova'y\u0131 ke\u015ffetmenin en heyecan verici ve e\u011flenceli yollar\u0131ndan biri olan Kekova'da deniz kanosu turu sunmaktad\u0131r.","robots":{"index":"index","follow":"follow","max-snippet":"max-snippet:-1","max-image-preview":"max-image-preview:large","max-video-preview":"max-video-preview:-1"},"canonical":"https:\/\/kasvillarent.com\/tr\/aktiviteler\/deniz-kanosu\/","og_locale":"tr_TR","og_type":"article","og_title":"KEKOVA'DA DENI\u0307Z KANOSU TURU","og_description":"Ka\u015f Villa Rent, \u00fcnl\u00fc bat\u0131k \u015fehir Kekova'y\u0131 ke\u015ffetmenin en heyecan verici ve e\u011flenceli yollar\u0131ndan biri olan Kekova'da deniz kanosu turu sunmaktad\u0131r.","og_url":"https:\/\/kasvillarent.com\/tr\/aktiviteler\/deniz-kanosu\/","og_site_name":"Kas Villa Rent","article_publisher":"https:\/\/www.facebook.com\/kas.villa.rent\/","article_modified_time":"2025-07-05T18:13:35+00:00","og_image":[{"width":1200,"height":830,"url":"https:\/\/kasvillarent.com\/wp-content\/uploads\/2020\/11\/kekova.jpg","type":"image\/jpeg"}],"twitter_card":"summary_large_image","twitter_misc":{"Tahmini okuma s\u00fcresi":"2 dakika"},"schema":{"@context":"https:\/\/schema.org","@graph":[{"@type":"WebPage","@id":"https:\/\/kasvillarent.com\/tr\/aktiviteler\/deniz-kanosu\/","url":"https:\/\/kasvillarent.com\/tr\/aktiviteler\/deniz-kanosu\/","name":"KEKOVA'DA DENI\u0307Z KANOSU TURU - Kas Villa Rent","isPartOf":{"@id":"https:\/\/kasvillarent.com\/tr\/#website"},"primaryImageOfPage":{"@id":"https:\/\/kasvillarent.com\/tr\/aktiviteler\/deniz-kanosu\/#primaryimage"},"image":{"@id":"https:\/\/kasvillarent.com\/tr\/aktiviteler\/deniz-kanosu\/#primaryimage"},"thumbnailUrl":"https:\/\/kasvillarent.com\/wp-content\/uploads\/2020\/11\/kekova.jpg","datePublished":"2021-05-14T18:08:47+00:00","dateModified":"2025-07-05T18:13:35+00:00","description":"Ka\u015f Villa Rent, \u00fcnl\u00fc bat\u0131k \u015fehir Kekova'y\u0131 ke\u015ffetmenin en heyecan verici ve e\u011flenceli yollar\u0131ndan biri olan Kekova'da deniz kanosu turu sunmaktad\u0131r.","breadcrumb":{"@id":"https:\/\/kasvillarent.com\/tr\/aktiviteler\/deniz-kanosu\/#breadcrumb"},"inLanguage":"tr","potentialAction":[{"@type":"ReadAction","target":["https:\/\/kasvillarent.com\/tr\/aktiviteler\/deniz-kanosu\/"]}]},{"@type":"ImageObject","inLanguage":"tr","@id":"https:\/\/kasvillarent.com\/tr\/aktiviteler\/deniz-kanosu\/#primaryimage","url":"https:\/\/kasvillarent.com\/wp-content\/uploads\/2020\/11\/kekova.jpg","contentUrl":"https:\/\/kasvillarent.com\/wp-content\/uploads\/2020\/11\/kekova.jpg","width":1200,"height":830},{"@type":"BreadcrumbList","@id":"https:\/\/kasvillarent.com\/tr\/aktiviteler\/deniz-kanosu\/#breadcrumb","itemListElement":[{"@type":"ListItem","position":1,"name":"Home","item":"https:\/\/kasvillarent.com\/tr\/"},{"@type":"ListItem","position":2,"name":"Aktiviteler","item":"https:\/\/kasvillarent.com\/tr\/aktiviteler\/"},{"@type":"ListItem","position":3,"name":"KEKOVA&#8217;DA DENI\u0307Z KANOSU TURU"}]},{"@type":"WebSite","@id":"https:\/\/kasvillarent.com\/tr\/#website","url":"https:\/\/kasvillarent.com\/tr\/","name":"Kas Villa Rent","description":"Luxury Villas in Kas Antalya","publisher":{"@id":"https:\/\/kasvillarent.com\/tr\/#organization"},"potentialAction":[{"@type":"SearchAction","target":{"@type":"EntryPoint","urlTemplate":"https:\/\/kasvillarent.com\/tr\/?s={search_term_string}"},"query-input":{"@type":"PropertyValueSpecification","valueRequired":true,"valueName":"search_term_string"}}],"inLanguage":"tr"},{"@type":"Organization","@id":"https:\/\/kasvillarent.com\/tr\/#organization","name":"Kas Villa Rent","url":"https:\/\/kasvillarent.com\/tr\/","logo":{"@type":"ImageObject","inLanguage":"tr","@id":"https:\/\/kasvillarent.com\/tr\/#\/schema\/logo\/image\/","url":"https:\/\/kasvillarent.com\/wp-content\/uploads\/2022\/06\/FullColor_1280x1024_300dpi-1.png","contentUrl":"https:\/\/kasvillarent.com\/wp-content\/uploads\/2022\/06\/FullColor_1280x1024_300dpi-1.png","width":1155,"height":924,"caption":"Kas Villa Rent"},"image":{"@id":"https:\/\/kasvillarent.com\/tr\/#\/schema\/logo\/image\/"},"sameAs":["https:\/\/www.facebook.com\/kas.villa.rent\/","https:\/\/instagram.com\/kasvillarent"]}]}},"uagb_featured_image_src":{"full":["https:\/\/kasvillarent.com\/wp-content\/uploads\/2020\/11\/kekova.jpg",1200,830,false],"thumbnail":["https:\/\/kasvillarent.com\/wp-content\/uploads\/2020\/11\/kekova-150x150.jpg",150,150,true],"medium":["https:\/\/kasvillarent.com\/wp-content\/uploads\/2020\/11\/kekova-300x208.jpg",300,208,true],"medium_large":["https:\/\/kasvillarent.com\/wp-content\/uploads\/2020\/11\/kekova-768x531.jpg",768,531,true],"large":["https:\/\/kasvillarent.com\/wp-content\/uploads\/2020\/11\/kekova-1024x708.jpg",769,532,true],"1536x1536":["https:\/\/kasvillarent.com\/wp-content\/uploads\/2020\/11\/kekova.jpg",1200,830,false],"2048x2048":["https:\/\/kasvillarent.com\/wp-content\/uploads\/2020\/11\/kekova.jpg",1200,830,false],"post-thumbnail":["https:\/\/kasvillarent.com\/wp-content\/uploads\/2020\/11\/kekova-1200x734.jpg",1200,734,true],"villagio-thumb-large":["https:\/\/kasvillarent.com\/wp-content\/uploads\/2020\/11\/kekova.jpg",1200,830,false],"villagio-thumb-medium":["https:\/\/kasvillarent.com\/wp-content\/uploads\/2020\/11\/kekova-893x618.jpg",893,618,true],"villagio-thumb-small":["https:\/\/kasvillarent.com\/wp-content\/uploads\/2020\/11\/kekova-717x540.jpg",717,540,true],"villagio-thumb-small-x2":["https:\/\/kasvillarent.com\/wp-content\/uploads\/2020\/11\/kekova.jpg",1200,830,false]},"uagb_author_info":{"display_name":"Mehmet_Y","author_link":"https:\/\/kasvillarent.com\/tr\/author\/mehmet_y\/"},"uagb_comment_info":0,"uagb_excerpt":"Kekova, T\u00fcrkiye&#8217;de bat\u0131k \u015fehir \u00fczerinde deniz kanosu !!! Ka\u015f Villa Kiralama, T\u00fcrkiye&#8217;nin en eski ve en pop\u00fcler g\u00fcn\u00fcbirlik gezi yerlerinden biri olan \u00fcnl\u00fc Kekova b\u00f6lgesini ke\u015ffetmenin en heyecan verici ve e\u011flenceli yollar\u0131ndan biri olarak Deniz Kanosu turu sunmaktad\u0131r. Antik bir Likya Bat\u0131k \u015eehri \u00fczerinde kendi h\u0131z\u0131n\u0131zda deniz kanonuzu kulland\u0131\u011f\u0131n\u0131z\u0131 hayal edin! Bu, \u00fcnl\u00fc Kekova b\u00f6lgesini&hellip;","jetpack_sharing_enabled":true,"_links":{"self":[{"href":"https:\/\/kasvillarent.com\/tr\/wp-json\/wp\/v2\/pages\/7071","targetHints":{"allow":["GET"]}}],"collection":[{"href":"https:\/\/kasvillarent.com\/tr\/wp-json\/wp\/v2\/pages"}],"about":[{"href":"https:\/\/kasvillarent.com\/tr\/wp-json\/wp\/v2\/types\/page"}],"author":[{"embeddable":true,"href":"https:\/\/kasvillarent.com\/tr\/wp-json\/wp\/v2\/users\/29"}],"replies":[{"embeddable":true,"href":"https:\/\/kasvillarent.com\/tr\/wp-json\/wp\/v2\/comments?post=7071"}],"version-history":[{"count":6,"href":"https:\/\/kasvillarent.com\/tr\/wp-json\/wp\/v2\/pages\/7071\/revisions"}],"predecessor-version":[{"id":20529,"href":"https:\/\/kasvillarent.com\/tr\/wp-json\/wp\/v2\/pages\/7071\/revisions\/20529"}],"up":[{"embeddable":true,"href":"https:\/\/kasvillarent.com\/tr\/wp-json\/wp\/v2\/pages\/7045"}],"wp:featuredmedia":[{"embeddable":true,"href":"https:\/\/kasvillarent.com\/tr\/wp-json\/wp\/v2\/media\/5728"}],"wp:attachment":[{"href":"https:\/\/kasvillarent.com\/tr\/wp-json\/wp\/v2\/media?parent=7071"}],"curies":[{"name":"wp","href":"https:\/\/api.w.org\/{rel}","templated":true}]}}