{"id":7077,"date":"2021-05-14T21:25:20","date_gmt":"2021-05-14T18:25:20","guid":{"rendered":"https:\/\/kasvillarent.com\/aktiviteler\/yamac-parasutu\/"},"modified":"2025-07-05T21:13:33","modified_gmt":"2025-07-05T18:13:33","slug":"yamac-parasutu","status":"publish","type":"page","link":"https:\/\/kasvillarent.com\/tr\/aktiviteler\/yamac-parasutu\/","title":{"rendered":"Yama\u00e7 Para\u015f\u00fct\u00fc"},"content":{"rendered":"<h3 class=\"sc_title sc_title_regular\"><span style=\"color: #000080;\">Ka\u015f Villa Kiralama, Tandem Yama\u00e7 Para\u015f\u00fct\u00fc Deneyimi&#8217;ni Ka\u015f&#8217;\u0131n tablo gibi manzaras\u0131n\u0131 g\u00f6rmenin harika bir macera ve muhte\u015fem bir yolu olarak sunuyor.<\/span><\/h3>\n<p>Ka\u015f, Nisan ve Ekim aylar\u0131 aras\u0131nda her an yap\u0131labilen yama\u00e7 para\u015f\u00fct\u00fc macera sporu i\u00e7in harika bir konumda yer almaktad\u0131r.<\/p>\n<p><!--more--><\/p>\n<h3 class=\"sc_title sc_title_regular\"><span style=\"color: #000080;\">Bu aktivite sizin i\u00e7in a\u015fa\u011f\u0131daki deneyimleri i\u00e7ermektedir:<\/span><\/h3>\n<ul class=\"sc_list sc_list_style_iconed\">\n<li class=\"sc_list_item odd first\">Yama\u00e7 para\u015f\u00fct\u00fc heyecan\u0131n\u0131 ya\u015fay\u0131n<\/li>\n<li class=\"sc_list_item even\">Ka\u015f ve \u00e7evresini, muhte\u015fem ku\u015fbak\u0131\u015f\u0131 g\u00f6r\u00fcnt\u00fcs\u00fc ile seyredin.<\/li>\n<li class=\"sc_list_item odd\">Limitlerini zorla<\/li>\n<\/ul>\n<h3 class=\"sc_title sc_title_regular\"><span style=\"color: #000080;\">Bir bak\u0131\u015fta Yama\u00e7 Para\u015f\u00fct\u00fc Aktivitesi<\/span><\/h3>\n<ul class=\"sc_list sc_list_style_iconed\">\n<li class=\"sc_list_item odd first\">E\u015fsiz manzaralarla Ka\u015f&#8217;\u0131n yukar\u0131s\u0131nda u\u00e7un<\/li>\n<li class=\"sc_list_item even\">T\u00fcm ula\u015f\u0131m (yar\u0131mada villalar\u0131 ve otellerinden \u00fccretsiz kar\u015f\u0131lama dahil)<\/li>\n<li class=\"sc_list_item odd\">Deneyime gerek yok<\/li>\n<li class=\"sc_list_item even\">30 kg&#8217;dan a\u011f\u0131r \u00e7ocuklar i\u00e7in uygundur<\/li>\n<\/ul>\n<h3 class=\"sc_title sc_title_regular\"><span style=\"color: #000080;\">Aktiviteye neler dahil:<\/span><\/h3>\n<ul class=\"sc_list sc_list_style_iconed\">\n<li class=\"sc_list_item odd first\">Kalk\u0131\u015f noktas\u0131na ula\u015f\u0131m<\/li>\n<li class=\"sc_list_item even\">T\u00fcm teknik ve g\u00fcvenlik ekipmanlar\u0131<\/li>\n<li class=\"sc_list_item odd\">Yolcu brifingi<\/li>\n<\/ul>\n<h3 class=\"sc_title sc_title_regular\"><span style=\"color: #000080;\">Neler dahil de\u011fil<\/span><\/h3>\n<p>x Kaza sigortas\u0131<\/p>\n<h4 class=\"sc_title sc_title_regular\"><span style=\"color: #000080;\">  Faaliyet bilgilendirmesi<\/span><\/h4>\n<p>Ka\u015f&#8217;\u0131n arkas\u0131ndaki tepeler, b\u00fcy\u00fckl\u00fckleri ve konumlar\u0131 nedeniyle yama\u00e7 para\u015f\u00fct\u00fcn\u00fc zorlay\u0131c\u0131 ve \u00e7ok e\u011flenceli hale getiren istikrarl\u0131 y\u00fckseli\u015fler sa\u011flayan yama\u00e7 para\u015f\u00fct\u00fc i\u00e7in benzersiz bir \u015fekilde uygundur.<\/p>\n<p>Tandem yama\u00e7 para\u015f\u00fct\u00fc, tur operat\u00f6r\u00fcm\u00fcz\u00fcn profesyonel pilotlar\u0131n\u0131n ellerinde u\u00e7arken, deneyim ya\u015faman\u0131z\u0131 sa\u011flar.<\/p>\n<p>Her yolcuya brifing verilir ve bir kask verilir ve t\u00fcm pilotlar yedek para\u015f\u00fct ve ileti\u015fim sistemleri ta\u015f\u0131r.<\/p>\n<h4 class=\"sc_title sc_title_regular\"><span style=\"color: #000080;\">Seyahat plan\u0131<\/span><\/h4>\n<p><span style=\"font-size: inherit;\">Sizi villadan alaca\u011f\u0131z ve operat\u00f6r\u00fcn sizi bir minib\u00fcsle yakla\u015f\u0131k 600 metre (2000 ft) y\u00fcksekli\u011fe \u00e7\u0131karaca\u011f\u0131 Ka\u015f merkezine getirece\u011fiz. Ka\u015f merkezden yolculu\u011funuz yakla\u015f\u0131k 20 dakika s\u00fcrecektir.<\/span><\/p>\n<p>Yolculu\u011funuz s\u0131ras\u0131nda kartallar\u0131 veya da\u011f ke\u00e7ilerini g\u00f6rebilirsiniz. ve tepelerin ve plan\u00f6rlerin aras\u0131ndan vah\u015fi ya\u015fam\u0131 g\u00f6r\u00fcn.<\/p>\n<p>20 ila 30 dakikal\u0131k u\u00e7u\u015funuz sizi da\u011f s\u0131rtlar\u0131na g\u00f6t\u00fcrecek ve size Ka\u015f&#8217;\u0131n Eski Kenti&#8217;ne, liman\u0131na, yar\u0131madas\u0131na ve tabii ki Yunan adas\u0131 Kastellorizo&#8217;ya (Meis) ku\u015f bak\u0131\u015f\u0131 g\u00f6sterecektir.<\/p>\n<p>Aktif tatil yapmak isteyenler i\u00e7in bu aktivite kesinlikle unutulmaz bir gezi olacak!<\/p>\n<h4 class=\"sc_title sc_title_regular\"><span style=\"color: #000080;\">Emniyet<\/span><\/h4>\n<p><strong>Her zaman \u00f6nce g\u00fcvenlik!<\/strong>  G\u00fcvenli\u011finiz her zaman ilk s\u0131rada yer al\u0131r. M\u00fc\u015fterilerimize hem harika hem de g\u00fcvenli bir deneyim sunmak istiyoruz. G\u00fcvenli\u011finiz her \u015feyden \u00f6nemlidir ve operat\u00f6r\u00fcm\u00fcz\u00fcn her g\u00fcn g\u00fcnde alt\u0131 sortiye kadar u\u00e7an deneyimli pilotlar\u0131 taraf\u0131ndan sa\u011flan\u0131r ve bu muhte\u015fem maceraya her boyutta yolcu g\u00f6t\u00fcr\u00fcr.<\/p>\n<p>Emniyet kemerinin <strong>limitleri nedeniyle herhangi bir kat\u0131l\u0131mc\u0131n\u0131n maksimum a\u011f\u0131rl\u0131\u011f\u0131 100 kg&#8217;\u0131 ge\u00e7emez<\/strong>. <strong><br \/><\/strong><br \/> Her yolcu bilgilendirilir ve bir kask verilir ve t\u00fcm pilotlar yedek para\u015f\u00fctler ve ileti\u015fim sistemleri ta\u015f\u0131r. Herhangi bir g\u00fcnde herhangi bir meteorolojik kontrendikasyon varsa u\u00e7u\u015f yoktur. Yama\u00e7 para\u015f\u00fct\u00fc ekibi, 20 y\u0131l\u0131 a\u015fk\u0131n deneyimiyle birlikte b\u00fcy\u00fck bir \u00f6zg\u00fcven ve disipline sahiptir. Yama\u00e7 para\u015f\u00fct\u00fcnde g\u00fcvenlik birinci plandad\u0131r ve bundan ba\u015fka &#8220;s\u0131rlar\u0131&#8221; yoktur.<\/p>\n<p>Operat\u00f6r\u00fcm\u00fcz\u00fcn pilotlar\u0131n\u0131n \u00e7o\u011fu \u00f6nce T\u00fcrk ordusundaki deneyimlerini kazand\u0131lar ve burada b\u00fcy\u00fck resme bak\u0131p hi\u00e7bir \u015feye \u015fansa b\u0131rakmama disiplinini \u00f6\u011frendiler. Tak\u0131m Kaptan\u0131, hem kendi ekipman\u0131n\u0131 hem de yard\u0131mc\u0131 pilotlar\u0131n\u0131n ekipman\u0131n\u0131 kontrol etmekten ve m\u00fc\u015fterilerinin tutum ve yeteneklerini belirlemekten \u015fahsen sorumludur. Her zaman hava ko\u015fullar\u0131 izlenir ve hava uygun de\u011filse bir u\u00e7u\u015fu iptal edilir.<\/p>\n<p>Tandem u\u00e7u\u015f i\u00e7in bir ba\u015fka g\u00fcvenlik noktas\u0131 da, Tak\u0131m Kaptan\u0131n\u0131n yard\u0131mc\u0131 pilotlar\u0131n\u0131n ba\u015flama noktas\u0131ndan g\u00fcvenli bir \u015fekilde kalkt\u0131ktan sonra her zaman en sonda gitmesidir. Bu \u015fekilde, her yolcunun ekipman\u0131n\u0131 ve tutumunu son bir kez kontrol edebilir ve yolcunun ve pilotun kalk\u0131\u015fa ba\u015far\u0131l\u0131 bir \u015fekilde ba\u015flamas\u0131na yard\u0131mc\u0131 olabilir. S\u0131ra kendisine geldi\u011finde, kalk\u0131\u015f\u0131na yard\u0131mc\u0131 olmak i\u00e7in ara\u00e7 s\u00fcr\u00fcc\u00fcs\u00fcn\u00fc kullan\u0131r. Ba\u015fka hi\u00e7bir yama\u00e7 para\u015f\u00fct\u00fc organizasyonu, bu kadar \u00e7ok yard\u0131mc\u0131 kullanmamaktad\u0131r.<\/p>\n<h4 class=\"sc_title sc_title_regular\"><span style=\"color: #000080;\">Kapasite<\/span><\/h4>\n<p>Tek sortide 3 yolcu alabiliriz. Bu maceran\u0131n g\u00fcnl\u00fck s\u0131n\u0131r\u0131 tamamen hava ko\u015fullar\u0131na ba\u011fl\u0131d\u0131r. \u0130deal ko\u015fullarda, uzun bir g\u00fcnde g\u00fcnde 9 defa u\u00e7mak m\u00fcmk\u00fcnd\u00fcr ve bu da g\u00fcnde 27 yolcu kapasitesine sahiptir. Genellikle g\u00fcnde ortalama 5 ila 6 sorti yapar\u0131z.<\/p>\n\n<figure class=\"wp-block-image size-large is-resized\"><img fetchpriority=\"high\" decoding=\"async\" src=\"https:\/\/kasvillarent.com\/wp-content\/uploads\/2020\/11\/paragliding-kas-2-1024x683.jpg\" alt=\"\" class=\"wp-image-511\" width=\"905\" height=\"603\" srcset=\"https:\/\/kasvillarent.com\/wp-content\/uploads\/2020\/11\/paragliding-kas-2-1024x683.jpg 1024w, https:\/\/kasvillarent.com\/wp-content\/uploads\/2020\/11\/paragliding-kas-2-300x200.jpg 300w, https:\/\/kasvillarent.com\/wp-content\/uploads\/2020\/11\/paragliding-kas-2-768x512.jpg 768w, https:\/\/kasvillarent.com\/wp-content\/uploads\/2020\/11\/paragliding-kas-2-927x618.jpg 927w, https:\/\/kasvillarent.com\/wp-content\/uploads\/2020\/11\/paragliding-kas-2-20x13.jpg 20w, https:\/\/kasvillarent.com\/wp-content\/uploads\/2020\/11\/paragliding-kas-2.jpg 1140w\" sizes=\"(max-width: 905px) 100vw, 905px\" \/><\/figure>\n\n<figure class=\"wp-block-image size-large is-resized\"><img decoding=\"async\" src=\"https:\/\/kasvillarent.com\/wp-content\/uploads\/2020\/11\/paragliding-kas-1-1024x683.jpg\" alt=\"\" class=\"wp-image-512\" width=\"900\" height=\"600\" srcset=\"https:\/\/kasvillarent.com\/wp-content\/uploads\/2020\/11\/paragliding-kas-1-1024x683.jpg 1024w, https:\/\/kasvillarent.com\/wp-content\/uploads\/2020\/11\/paragliding-kas-1-300x200.jpg 300w, https:\/\/kasvillarent.com\/wp-content\/uploads\/2020\/11\/paragliding-kas-1-768x512.jpg 768w, https:\/\/kasvillarent.com\/wp-content\/uploads\/2020\/11\/paragliding-kas-1-927x618.jpg 927w, https:\/\/kasvillarent.com\/wp-content\/uploads\/2020\/11\/paragliding-kas-1-20x13.jpg 20w, https:\/\/kasvillarent.com\/wp-content\/uploads\/2020\/11\/paragliding-kas-1.jpg 1140w\" sizes=\"(max-width: 900px) 100vw, 900px\" \/><\/figure>\n\n<figure class=\"wp-block-image size-large is-resized\"><img decoding=\"async\" src=\"https:\/\/kasvillarent.com\/wp-content\/uploads\/2020\/11\/paragliding-kas-3-1024x683.jpg\" alt=\"\" class=\"wp-image-513\" width=\"899\" height=\"599\" srcset=\"https:\/\/kasvillarent.com\/wp-content\/uploads\/2020\/11\/paragliding-kas-3-1024x683.jpg 1024w, https:\/\/kasvillarent.com\/wp-content\/uploads\/2020\/11\/paragliding-kas-3-300x200.jpg 300w, https:\/\/kasvillarent.com\/wp-content\/uploads\/2020\/11\/paragliding-kas-3-768x512.jpg 768w, https:\/\/kasvillarent.com\/wp-content\/uploads\/2020\/11\/paragliding-kas-3-927x618.jpg 927w, https:\/\/kasvillarent.com\/wp-content\/uploads\/2020\/11\/paragliding-kas-3-20x13.jpg 20w, https:\/\/kasvillarent.com\/wp-content\/uploads\/2020\/11\/paragliding-kas-3.jpg 1140w\" sizes=\"(max-width: 899px) 100vw, 899px\" \/><\/figure>\n\n<figure class=\"wp-block-image size-large is-resized\"><img loading=\"lazy\" decoding=\"async\" src=\"https:\/\/kasvillarent.com\/wp-content\/uploads\/2020\/11\/paragliding-kas-4-1024x683.jpg\" alt=\"\" class=\"wp-image-514\" width=\"896\" height=\"597\" srcset=\"https:\/\/kasvillarent.com\/wp-content\/uploads\/2020\/11\/paragliding-kas-4-1024x683.jpg 1024w, https:\/\/kasvillarent.com\/wp-content\/uploads\/2020\/11\/paragliding-kas-4-300x200.jpg 300w, https:\/\/kasvillarent.com\/wp-content\/uploads\/2020\/11\/paragliding-kas-4-768x512.jpg 768w, https:\/\/kasvillarent.com\/wp-content\/uploads\/2020\/11\/paragliding-kas-4-927x618.jpg 927w, https:\/\/kasvillarent.com\/wp-content\/uploads\/2020\/11\/paragliding-kas-4-20x13.jpg 20w, https:\/\/kasvillarent.com\/wp-content\/uploads\/2020\/11\/paragliding-kas-4.jpg 1140w\" sizes=\"(max-width: 896px) 100vw, 896px\" \/><\/figure>\n\n<div class=\"wp-block-getwid-button-group\"><div class=\"wp-block-getwid-button-group__wrapper\">\n<div class=\"wp-block-button\"><a class=\"wp-block-button__link\">F\u0130YAT: 100 \u20ac \/ K\u0130\u015e\u0130 BA\u015eI<\/a><\/div>\n<\/div><\/div>\n","protected":false},"excerpt":{"rendered":"<p>Ka\u015f Villa Kiralama, Tandem Yama\u00e7 Para\u015f\u00fct\u00fc Deneyimi&#8217;ni Ka\u015f&#8217;\u0131n tablo gibi manzaras\u0131n\u0131 g\u00f6rmenin harika bir macera ve muhte\u015fem bir yolu olarak sunuyor. Ka\u015f, Nisan ve Ekim aylar\u0131 aras\u0131nda her an yap\u0131labilen yama\u00e7 para\u015f\u00fct\u00fc macera sporu i\u00e7in harika bir konumda yer almaktad\u0131r.<\/p>\n","protected":false},"author":29,"featured_media":5746,"parent":7045,"menu_order":0,"comment_status":"closed","ping_status":"closed","template":"","meta":{"_uag_custom_page_level_css":"","_monsterinsights_skip_tracking":false,"_monsterinsights_sitenote_active":false,"_monsterinsights_sitenote_note":"","_monsterinsights_sitenote_category":0,"footnotes":""},"class_list":["post-7077","page","type-page","status-publish","has-post-thumbnail","hentry"],"yoast_head":"<!-- This site is optimized with the Yoast SEO Premium plugin v27.0 (Yoast SEO v27.0) - https:\/\/yoast.com\/product\/yoast-seo-premium-wordpress\/ -->\n<title>Yama\u00e7 Para\u015f\u00fct\u00fc - Kas Villa Rent<\/title>\n<meta name=\"description\" content=\"Ka\u015f Villa Kiralama, Tandem Yama\u00e7 Para\u015f\u00fct\u00fc Deneyimi&#039;ni Ka\u015f&#039;\u0131n tablo gibi manzaras\u0131n\u0131 g\u00f6rmenin harika bir macera ve muhte\u015fem bir yolu olarak sunuyor.\" \/>\n<meta name=\"robots\" content=\"index, follow, max-snippet:-1, max-image-preview:large, max-video-preview:-1\" \/>\n<link rel=\"canonical\" href=\"https:\/\/kasvillarent.com\/tr\/aktiviteler\/yamac-parasutu\/\" \/>\n<meta property=\"og:locale\" content=\"tr_TR\" \/>\n<meta property=\"og:type\" content=\"article\" \/>\n<meta property=\"og:title\" content=\"Yama\u00e7 Para\u015f\u00fct\u00fc\" \/>\n<meta property=\"og:description\" content=\"Ka\u015f Villa Kiralama, Tandem Yama\u00e7 Para\u015f\u00fct\u00fc Deneyimi&#039;ni Ka\u015f&#039;\u0131n tablo gibi manzaras\u0131n\u0131 g\u00f6rmenin harika bir macera ve muhte\u015fem bir yolu olarak sunuyor.\" \/>\n<meta property=\"og:url\" content=\"https:\/\/kasvillarent.com\/tr\/aktiviteler\/yamac-parasutu\/\" \/>\n<meta property=\"og:site_name\" content=\"Kas Villa Rent\" \/>\n<meta property=\"article:publisher\" content=\"https:\/\/www.facebook.com\/kas.villa.rent\/\" \/>\n<meta property=\"article:modified_time\" content=\"2025-07-05T18:13:33+00:00\" \/>\n<meta property=\"og:image\" content=\"https:\/\/kasvillarent.com\/wp-content\/uploads\/2020\/11\/paragliding.jpg\" \/>\n\t<meta property=\"og:image:width\" content=\"1200\" \/>\n\t<meta property=\"og:image:height\" content=\"700\" \/>\n\t<meta property=\"og:image:type\" content=\"image\/jpeg\" \/>\n<meta name=\"twitter:card\" content=\"summary_large_image\" \/>\n<meta name=\"twitter:label1\" content=\"Tahmini okuma s\u00fcresi\" \/>\n\t<meta name=\"twitter:data1\" content=\"4 dakika\" \/>\n<script type=\"application\/ld+json\" class=\"yoast-schema-graph\">{\"@context\":\"https:\/\/schema.org\",\"@graph\":[{\"@type\":\"WebPage\",\"@id\":\"https:\/\/kasvillarent.com\/tr\/aktiviteler\/yamac-parasutu\/\",\"url\":\"https:\/\/kasvillarent.com\/tr\/aktiviteler\/yamac-parasutu\/\",\"name\":\"Yama\u00e7 Para\u015f\u00fct\u00fc - Kas Villa Rent\",\"isPartOf\":{\"@id\":\"https:\/\/kasvillarent.com\/tr\/#website\"},\"primaryImageOfPage\":{\"@id\":\"https:\/\/kasvillarent.com\/tr\/aktiviteler\/yamac-parasutu\/#primaryimage\"},\"image\":{\"@id\":\"https:\/\/kasvillarent.com\/tr\/aktiviteler\/yamac-parasutu\/#primaryimage\"},\"thumbnailUrl\":\"https:\/\/kasvillarent.com\/wp-content\/uploads\/2020\/11\/paragliding.jpg\",\"datePublished\":\"2021-05-14T18:25:20+00:00\",\"dateModified\":\"2025-07-05T18:13:33+00:00\",\"description\":\"Ka\u015f Villa Kiralama, Tandem Yama\u00e7 Para\u015f\u00fct\u00fc Deneyimi'ni Ka\u015f'\u0131n tablo gibi manzaras\u0131n\u0131 g\u00f6rmenin harika bir macera ve muhte\u015fem bir yolu olarak sunuyor.\",\"breadcrumb\":{\"@id\":\"https:\/\/kasvillarent.com\/tr\/aktiviteler\/yamac-parasutu\/#breadcrumb\"},\"inLanguage\":\"tr\",\"potentialAction\":[{\"@type\":\"ReadAction\",\"target\":[\"https:\/\/kasvillarent.com\/tr\/aktiviteler\/yamac-parasutu\/\"]}]},{\"@type\":\"ImageObject\",\"inLanguage\":\"tr\",\"@id\":\"https:\/\/kasvillarent.com\/tr\/aktiviteler\/yamac-parasutu\/#primaryimage\",\"url\":\"https:\/\/kasvillarent.com\/wp-content\/uploads\/2020\/11\/paragliding.jpg\",\"contentUrl\":\"https:\/\/kasvillarent.com\/wp-content\/uploads\/2020\/11\/paragliding.jpg\",\"width\":1200,\"height\":700},{\"@type\":\"BreadcrumbList\",\"@id\":\"https:\/\/kasvillarent.com\/tr\/aktiviteler\/yamac-parasutu\/#breadcrumb\",\"itemListElement\":[{\"@type\":\"ListItem\",\"position\":1,\"name\":\"Home\",\"item\":\"https:\/\/kasvillarent.com\/tr\/\"},{\"@type\":\"ListItem\",\"position\":2,\"name\":\"Aktiviteler\",\"item\":\"https:\/\/kasvillarent.com\/tr\/aktiviteler\/\"},{\"@type\":\"ListItem\",\"position\":3,\"name\":\"Yama\u00e7 Para\u015f\u00fct\u00fc\"}]},{\"@type\":\"WebSite\",\"@id\":\"https:\/\/kasvillarent.com\/tr\/#website\",\"url\":\"https:\/\/kasvillarent.com\/tr\/\",\"name\":\"Kas Villa Rent\",\"description\":\"Luxury Villas in Kas Antalya\",\"publisher\":{\"@id\":\"https:\/\/kasvillarent.com\/tr\/#organization\"},\"potentialAction\":[{\"@type\":\"SearchAction\",\"target\":{\"@type\":\"EntryPoint\",\"urlTemplate\":\"https:\/\/kasvillarent.com\/tr\/?s={search_term_string}\"},\"query-input\":{\"@type\":\"PropertyValueSpecification\",\"valueRequired\":true,\"valueName\":\"search_term_string\"}}],\"inLanguage\":\"tr\"},{\"@type\":\"Organization\",\"@id\":\"https:\/\/kasvillarent.com\/tr\/#organization\",\"name\":\"Kas Villa Rent\",\"url\":\"https:\/\/kasvillarent.com\/tr\/\",\"logo\":{\"@type\":\"ImageObject\",\"inLanguage\":\"tr\",\"@id\":\"https:\/\/kasvillarent.com\/tr\/#\/schema\/logo\/image\/\",\"url\":\"https:\/\/kasvillarent.com\/wp-content\/uploads\/2022\/06\/FullColor_1280x1024_300dpi-1.png\",\"contentUrl\":\"https:\/\/kasvillarent.com\/wp-content\/uploads\/2022\/06\/FullColor_1280x1024_300dpi-1.png\",\"width\":1155,\"height\":924,\"caption\":\"Kas Villa Rent\"},\"image\":{\"@id\":\"https:\/\/kasvillarent.com\/tr\/#\/schema\/logo\/image\/\"},\"sameAs\":[\"https:\/\/www.facebook.com\/kas.villa.rent\/\",\"https:\/\/instagram.com\/kasvillarent\"]}]}<\/script>\n<!-- \/ Yoast SEO Premium plugin. -->","yoast_head_json":{"title":"Yama\u00e7 Para\u015f\u00fct\u00fc - Kas Villa Rent","description":"Ka\u015f Villa Kiralama, Tandem Yama\u00e7 Para\u015f\u00fct\u00fc Deneyimi'ni Ka\u015f'\u0131n tablo gibi manzaras\u0131n\u0131 g\u00f6rmenin harika bir macera ve muhte\u015fem bir yolu olarak sunuyor.","robots":{"index":"index","follow":"follow","max-snippet":"max-snippet:-1","max-image-preview":"max-image-preview:large","max-video-preview":"max-video-preview:-1"},"canonical":"https:\/\/kasvillarent.com\/tr\/aktiviteler\/yamac-parasutu\/","og_locale":"tr_TR","og_type":"article","og_title":"Yama\u00e7 Para\u015f\u00fct\u00fc","og_description":"Ka\u015f Villa Kiralama, Tandem Yama\u00e7 Para\u015f\u00fct\u00fc Deneyimi'ni Ka\u015f'\u0131n tablo gibi manzaras\u0131n\u0131 g\u00f6rmenin harika bir macera ve muhte\u015fem bir yolu olarak sunuyor.","og_url":"https:\/\/kasvillarent.com\/tr\/aktiviteler\/yamac-parasutu\/","og_site_name":"Kas Villa Rent","article_publisher":"https:\/\/www.facebook.com\/kas.villa.rent\/","article_modified_time":"2025-07-05T18:13:33+00:00","og_image":[{"width":1200,"height":700,"url":"https:\/\/kasvillarent.com\/wp-content\/uploads\/2020\/11\/paragliding.jpg","type":"image\/jpeg"}],"twitter_card":"summary_large_image","twitter_misc":{"Tahmini okuma s\u00fcresi":"4 dakika"},"schema":{"@context":"https:\/\/schema.org","@graph":[{"@type":"WebPage","@id":"https:\/\/kasvillarent.com\/tr\/aktiviteler\/yamac-parasutu\/","url":"https:\/\/kasvillarent.com\/tr\/aktiviteler\/yamac-parasutu\/","name":"Yama\u00e7 Para\u015f\u00fct\u00fc - Kas Villa Rent","isPartOf":{"@id":"https:\/\/kasvillarent.com\/tr\/#website"},"primaryImageOfPage":{"@id":"https:\/\/kasvillarent.com\/tr\/aktiviteler\/yamac-parasutu\/#primaryimage"},"image":{"@id":"https:\/\/kasvillarent.com\/tr\/aktiviteler\/yamac-parasutu\/#primaryimage"},"thumbnailUrl":"https:\/\/kasvillarent.com\/wp-content\/uploads\/2020\/11\/paragliding.jpg","datePublished":"2021-05-14T18:25:20+00:00","dateModified":"2025-07-05T18:13:33+00:00","description":"Ka\u015f Villa Kiralama, Tandem Yama\u00e7 Para\u015f\u00fct\u00fc Deneyimi'ni Ka\u015f'\u0131n tablo gibi manzaras\u0131n\u0131 g\u00f6rmenin harika bir macera ve muhte\u015fem bir yolu olarak sunuyor.","breadcrumb":{"@id":"https:\/\/kasvillarent.com\/tr\/aktiviteler\/yamac-parasutu\/#breadcrumb"},"inLanguage":"tr","potentialAction":[{"@type":"ReadAction","target":["https:\/\/kasvillarent.com\/tr\/aktiviteler\/yamac-parasutu\/"]}]},{"@type":"ImageObject","inLanguage":"tr","@id":"https:\/\/kasvillarent.com\/tr\/aktiviteler\/yamac-parasutu\/#primaryimage","url":"https:\/\/kasvillarent.com\/wp-content\/uploads\/2020\/11\/paragliding.jpg","contentUrl":"https:\/\/kasvillarent.com\/wp-content\/uploads\/2020\/11\/paragliding.jpg","width":1200,"height":700},{"@type":"BreadcrumbList","@id":"https:\/\/kasvillarent.com\/tr\/aktiviteler\/yamac-parasutu\/#breadcrumb","itemListElement":[{"@type":"ListItem","position":1,"name":"Home","item":"https:\/\/kasvillarent.com\/tr\/"},{"@type":"ListItem","position":2,"name":"Aktiviteler","item":"https:\/\/kasvillarent.com\/tr\/aktiviteler\/"},{"@type":"ListItem","position":3,"name":"Yama\u00e7 Para\u015f\u00fct\u00fc"}]},{"@type":"WebSite","@id":"https:\/\/kasvillarent.com\/tr\/#website","url":"https:\/\/kasvillarent.com\/tr\/","name":"Kas Villa Rent","description":"Luxury Villas in Kas Antalya","publisher":{"@id":"https:\/\/kasvillarent.com\/tr\/#organization"},"potentialAction":[{"@type":"SearchAction","target":{"@type":"EntryPoint","urlTemplate":"https:\/\/kasvillarent.com\/tr\/?s={search_term_string}"},"query-input":{"@type":"PropertyValueSpecification","valueRequired":true,"valueName":"search_term_string"}}],"inLanguage":"tr"},{"@type":"Organization","@id":"https:\/\/kasvillarent.com\/tr\/#organization","name":"Kas Villa Rent","url":"https:\/\/kasvillarent.com\/tr\/","logo":{"@type":"ImageObject","inLanguage":"tr","@id":"https:\/\/kasvillarent.com\/tr\/#\/schema\/logo\/image\/","url":"https:\/\/kasvillarent.com\/wp-content\/uploads\/2022\/06\/FullColor_1280x1024_300dpi-1.png","contentUrl":"https:\/\/kasvillarent.com\/wp-content\/uploads\/2022\/06\/FullColor_1280x1024_300dpi-1.png","width":1155,"height":924,"caption":"Kas Villa Rent"},"image":{"@id":"https:\/\/kasvillarent.com\/tr\/#\/schema\/logo\/image\/"},"sameAs":["https:\/\/www.facebook.com\/kas.villa.rent\/","https:\/\/instagram.com\/kasvillarent"]}]}},"uagb_featured_image_src":{"full":["https:\/\/kasvillarent.com\/wp-content\/uploads\/2020\/11\/paragliding.jpg",1200,700,false],"thumbnail":["https:\/\/kasvillarent.com\/wp-content\/uploads\/2020\/11\/paragliding-150x150.jpg",150,150,true],"medium":["https:\/\/kasvillarent.com\/wp-content\/uploads\/2020\/11\/paragliding-300x175.jpg",300,175,true],"medium_large":["https:\/\/kasvillarent.com\/wp-content\/uploads\/2020\/11\/paragliding-768x448.jpg",768,448,true],"large":["https:\/\/kasvillarent.com\/wp-content\/uploads\/2020\/11\/paragliding-1024x597.jpg",769,448,true],"1536x1536":["https:\/\/kasvillarent.com\/wp-content\/uploads\/2020\/11\/paragliding.jpg",1200,700,false],"2048x2048":["https:\/\/kasvillarent.com\/wp-content\/uploads\/2020\/11\/paragliding.jpg",1200,700,false],"post-thumbnail":["https:\/\/kasvillarent.com\/wp-content\/uploads\/2020\/11\/paragliding.jpg",1200,700,false],"villagio-thumb-large":["https:\/\/kasvillarent.com\/wp-content\/uploads\/2020\/11\/paragliding.jpg",1200,700,false],"villagio-thumb-medium":["https:\/\/kasvillarent.com\/wp-content\/uploads\/2020\/11\/paragliding-1059x618.jpg",1059,618,true],"villagio-thumb-small":["https:\/\/kasvillarent.com\/wp-content\/uploads\/2020\/11\/paragliding-717x540.jpg",717,540,true],"villagio-thumb-small-x2":["https:\/\/kasvillarent.com\/wp-content\/uploads\/2020\/11\/paragliding.jpg",1200,700,false]},"uagb_author_info":{"display_name":"Mehmet_Y","author_link":"https:\/\/kasvillarent.com\/tr\/author\/mehmet_y\/"},"uagb_comment_info":0,"uagb_excerpt":"Ka\u015f Villa Kiralama, Tandem Yama\u00e7 Para\u015f\u00fct\u00fc Deneyimi&#8217;ni Ka\u015f&#8217;\u0131n tablo gibi manzaras\u0131n\u0131 g\u00f6rmenin harika bir macera ve muhte\u015fem bir yolu olarak sunuyor. Ka\u015f, Nisan ve Ekim aylar\u0131 aras\u0131nda her an yap\u0131labilen yama\u00e7 para\u015f\u00fct\u00fc macera sporu i\u00e7in harika bir konumda yer almaktad\u0131r.","jetpack_sharing_enabled":true,"_links":{"self":[{"href":"https:\/\/kasvillarent.com\/tr\/wp-json\/wp\/v2\/pages\/7077","targetHints":{"allow":["GET"]}}],"collection":[{"href":"https:\/\/kasvillarent.com\/tr\/wp-json\/wp\/v2\/pages"}],"about":[{"href":"https:\/\/kasvillarent.com\/tr\/wp-json\/wp\/v2\/types\/page"}],"author":[{"embeddable":true,"href":"https:\/\/kasvillarent.com\/tr\/wp-json\/wp\/v2\/users\/29"}],"replies":[{"embeddable":true,"href":"https:\/\/kasvillarent.com\/tr\/wp-json\/wp\/v2\/comments?post=7077"}],"version-history":[{"count":3,"href":"https:\/\/kasvillarent.com\/tr\/wp-json\/wp\/v2\/pages\/7077\/revisions"}],"predecessor-version":[{"id":20525,"href":"https:\/\/kasvillarent.com\/tr\/wp-json\/wp\/v2\/pages\/7077\/revisions\/20525"}],"up":[{"embeddable":true,"href":"https:\/\/kasvillarent.com\/tr\/wp-json\/wp\/v2\/pages\/7045"}],"wp:featuredmedia":[{"embeddable":true,"href":"https:\/\/kasvillarent.com\/tr\/wp-json\/wp\/v2\/media\/5746"}],"wp:attachment":[{"href":"https:\/\/kasvillarent.com\/tr\/wp-json\/wp\/v2\/media?parent=7077"}],"curies":[{"name":"wp","href":"https:\/\/api.w.org\/{rel}","templated":true}]}}