{"id":7094,"date":"2021-05-14T21:38:15","date_gmt":"2021-05-14T18:38:15","guid":{"rendered":"https:\/\/kasvillarent.com\/ilginizi-cekebilecek-yerler\/barlar-ve-gece-hayati\/"},"modified":"2025-07-05T21:13:40","modified_gmt":"2025-07-05T18:13:40","slug":"barlar-ve-gece-hayati","status":"publish","type":"page","link":"https:\/\/kasvillarent.com\/tr\/ilginizi-cekebilecek-yerler\/barlar-ve-gece-hayati\/","title":{"rendered":"BARLAR VE GECE HAYATI"},"content":{"rendered":"","protected":false},"excerpt":{"rendered":"","protected":false},"author":29,"featured_media":0,"parent":5998,"menu_order":0,"comment_status":"closed","ping_status":"closed","template":"","meta":{"_uag_custom_page_level_css":"","_monsterinsights_skip_tracking":false,"_monsterinsights_sitenote_active":false,"_monsterinsights_sitenote_note":"","_monsterinsights_sitenote_category":0,"footnotes":""},"class_list":["post-7094","page","type-page","status-publish","hentry"],"yoast_head":"<!-- This site is optimized with the Yoast SEO Premium plugin v27.0 (Yoast SEO v27.0) - https:\/\/yoast.com\/product\/yoast-seo-premium-wordpress\/ -->\n<title>BARLAR VE GECE HAYATI - Kas Villa Rent<\/title>\n<meta name=\"robots\" content=\"index, follow, max-snippet:-1, max-image-preview:large, max-video-preview:-1\" \/>\n<link rel=\"canonical\" href=\"https:\/\/kasvillarent.com\/tr\/ilginizi-cekebilecek-yerler\/barlar-ve-gece-hayati\/\" \/>\n<meta property=\"og:locale\" content=\"tr_TR\" \/>\n<meta property=\"og:type\" content=\"article\" \/>\n<meta property=\"og:title\" content=\"BARLAR VE GECE HAYATI\" \/>\n<meta property=\"og:url\" content=\"https:\/\/kasvillarent.com\/tr\/ilginizi-cekebilecek-yerler\/barlar-ve-gece-hayati\/\" \/>\n<meta property=\"og:site_name\" content=\"Kas Villa Rent\" \/>\n<meta property=\"article:publisher\" content=\"https:\/\/www.facebook.com\/kas.villa.rent\/\" \/>\n<meta property=\"article:modified_time\" content=\"2025-07-05T18:13:40+00:00\" \/>\n<meta name=\"twitter:card\" content=\"summary_large_image\" \/>\n<script type=\"application\/ld+json\" class=\"yoast-schema-graph\">{\"@context\":\"https:\/\/schema.org\",\"@graph\":[{\"@type\":\"WebPage\",\"@id\":\"https:\/\/kasvillarent.com\/tr\/ilginizi-cekebilecek-yerler\/barlar-ve-gece-hayati\/\",\"url\":\"https:\/\/kasvillarent.com\/tr\/ilginizi-cekebilecek-yerler\/barlar-ve-gece-hayati\/\",\"name\":\"BARLAR VE GECE HAYATI - Kas Villa Rent\",\"isPartOf\":{\"@id\":\"https:\/\/kasvillarent.com\/tr\/#website\"},\"datePublished\":\"2021-05-14T18:38:15+00:00\",\"dateModified\":\"2025-07-05T18:13:40+00:00\",\"breadcrumb\":{\"@id\":\"https:\/\/kasvillarent.com\/tr\/ilginizi-cekebilecek-yerler\/barlar-ve-gece-hayati\/#breadcrumb\"},\"inLanguage\":\"tr\",\"potentialAction\":[{\"@type\":\"ReadAction\",\"target\":[\"https:\/\/kasvillarent.com\/tr\/ilginizi-cekebilecek-yerler\/barlar-ve-gece-hayati\/\"]}]},{\"@type\":\"BreadcrumbList\",\"@id\":\"https:\/\/kasvillarent.com\/tr\/ilginizi-cekebilecek-yerler\/barlar-ve-gece-hayati\/#breadcrumb\",\"itemListElement\":[{\"@type\":\"ListItem\",\"position\":1,\"name\":\"Home\",\"item\":\"https:\/\/kasvillarent.com\/tr\/\"},{\"@type\":\"ListItem\",\"position\":2,\"name\":\"\u0130LG\u0130N\u0130Z\u0130 \u00c7EKEB\u0130LECEK YERLER\",\"item\":\"https:\/\/kasvillarent.com\/tr\/ilginizi-cekebilecek-yerler\/\"},{\"@type\":\"ListItem\",\"position\":3,\"name\":\"BARLAR VE GECE HAYATI\"}]},{\"@type\":\"WebSite\",\"@id\":\"https:\/\/kasvillarent.com\/tr\/#website\",\"url\":\"https:\/\/kasvillarent.com\/tr\/\",\"name\":\"Kas Villa Rent\",\"description\":\"Luxury Villas in Kas Antalya\",\"publisher\":{\"@id\":\"https:\/\/kasvillarent.com\/tr\/#organization\"},\"potentialAction\":[{\"@type\":\"SearchAction\",\"target\":{\"@type\":\"EntryPoint\",\"urlTemplate\":\"https:\/\/kasvillarent.com\/tr\/?s={search_term_string}\"},\"query-input\":{\"@type\":\"PropertyValueSpecification\",\"valueRequired\":true,\"valueName\":\"search_term_string\"}}],\"inLanguage\":\"tr\"},{\"@type\":\"Organization\",\"@id\":\"https:\/\/kasvillarent.com\/tr\/#organization\",\"name\":\"Kas Villa Rent\",\"url\":\"https:\/\/kasvillarent.com\/tr\/\",\"logo\":{\"@type\":\"ImageObject\",\"inLanguage\":\"tr\",\"@id\":\"https:\/\/kasvillarent.com\/tr\/#\/schema\/logo\/image\/\",\"url\":\"https:\/\/kasvillarent.com\/wp-content\/uploads\/2022\/06\/FullColor_1280x1024_300dpi-1.png\",\"contentUrl\":\"https:\/\/kasvillarent.com\/wp-content\/uploads\/2022\/06\/FullColor_1280x1024_300dpi-1.png\",\"width\":1155,\"height\":924,\"caption\":\"Kas Villa Rent\"},\"image\":{\"@id\":\"https:\/\/kasvillarent.com\/tr\/#\/schema\/logo\/image\/\"},\"sameAs\":[\"https:\/\/www.facebook.com\/kas.villa.rent\/\",\"https:\/\/instagram.com\/kasvillarent\"]}]}<\/script>\n<!-- \/ Yoast SEO Premium plugin. -->","yoast_head_json":{"title":"BARLAR VE GECE HAYATI - Kas Villa Rent","robots":{"index":"index","follow":"follow","max-snippet":"max-snippet:-1","max-image-preview":"max-image-preview:large","max-video-preview":"max-video-preview:-1"},"canonical":"https:\/\/kasvillarent.com\/tr\/ilginizi-cekebilecek-yerler\/barlar-ve-gece-hayati\/","og_locale":"tr_TR","og_type":"article","og_title":"BARLAR VE GECE HAYATI","og_url":"https:\/\/kasvillarent.com\/tr\/ilginizi-cekebilecek-yerler\/barlar-ve-gece-hayati\/","og_site_name":"Kas Villa Rent","article_publisher":"https:\/\/www.facebook.com\/kas.villa.rent\/","article_modified_time":"2025-07-05T18:13:40+00:00","twitter_card":"summary_large_image","schema":{"@context":"https:\/\/schema.org","@graph":[{"@type":"WebPage","@id":"https:\/\/kasvillarent.com\/tr\/ilginizi-cekebilecek-yerler\/barlar-ve-gece-hayati\/","url":"https:\/\/kasvillarent.com\/tr\/ilginizi-cekebilecek-yerler\/barlar-ve-gece-hayati\/","name":"BARLAR VE GECE HAYATI - Kas Villa Rent","isPartOf":{"@id":"https:\/\/kasvillarent.com\/tr\/#website"},"datePublished":"2021-05-14T18:38:15+00:00","dateModified":"2025-07-05T18:13:40+00:00","breadcrumb":{"@id":"https:\/\/kasvillarent.com\/tr\/ilginizi-cekebilecek-yerler\/barlar-ve-gece-hayati\/#breadcrumb"},"inLanguage":"tr","potentialAction":[{"@type":"ReadAction","target":["https:\/\/kasvillarent.com\/tr\/ilginizi-cekebilecek-yerler\/barlar-ve-gece-hayati\/"]}]},{"@type":"BreadcrumbList","@id":"https:\/\/kasvillarent.com\/tr\/ilginizi-cekebilecek-yerler\/barlar-ve-gece-hayati\/#breadcrumb","itemListElement":[{"@type":"ListItem","position":1,"name":"Home","item":"https:\/\/kasvillarent.com\/tr\/"},{"@type":"ListItem","position":2,"name":"\u0130LG\u0130N\u0130Z\u0130 \u00c7EKEB\u0130LECEK YERLER","item":"https:\/\/kasvillarent.com\/tr\/ilginizi-cekebilecek-yerler\/"},{"@type":"ListItem","position":3,"name":"BARLAR VE GECE HAYATI"}]},{"@type":"WebSite","@id":"https:\/\/kasvillarent.com\/tr\/#website","url":"https:\/\/kasvillarent.com\/tr\/","name":"Kas Villa Rent","description":"Luxury Villas in Kas Antalya","publisher":{"@id":"https:\/\/kasvillarent.com\/tr\/#organization"},"potentialAction":[{"@type":"SearchAction","target":{"@type":"EntryPoint","urlTemplate":"https:\/\/kasvillarent.com\/tr\/?s={search_term_string}"},"query-input":{"@type":"PropertyValueSpecification","valueRequired":true,"valueName":"search_term_string"}}],"inLanguage":"tr"},{"@type":"Organization","@id":"https:\/\/kasvillarent.com\/tr\/#organization","name":"Kas Villa Rent","url":"https:\/\/kasvillarent.com\/tr\/","logo":{"@type":"ImageObject","inLanguage":"tr","@id":"https:\/\/kasvillarent.com\/tr\/#\/schema\/logo\/image\/","url":"https:\/\/kasvillarent.com\/wp-content\/uploads\/2022\/06\/FullColor_1280x1024_300dpi-1.png","contentUrl":"https:\/\/kasvillarent.com\/wp-content\/uploads\/2022\/06\/FullColor_1280x1024_300dpi-1.png","width":1155,"height":924,"caption":"Kas Villa Rent"},"image":{"@id":"https:\/\/kasvillarent.com\/tr\/#\/schema\/logo\/image\/"},"sameAs":["https:\/\/www.facebook.com\/kas.villa.rent\/","https:\/\/instagram.com\/kasvillarent"]}]}},"uagb_featured_image_src":{"full":false,"thumbnail":false,"medium":false,"medium_large":false,"large":false,"1536x1536":false,"2048x2048":false,"post-thumbnail":false,"villagio-thumb-large":false,"villagio-thumb-medium":false,"villagio-thumb-small":false,"villagio-thumb-small-x2":false},"uagb_author_info":{"display_name":"Mehmet_Y","author_link":"https:\/\/kasvillarent.com\/tr\/author\/mehmet_y\/"},"uagb_comment_info":0,"uagb_excerpt":null,"jetpack_sharing_enabled":true,"_links":{"self":[{"href":"https:\/\/kasvillarent.com\/tr\/wp-json\/wp\/v2\/pages\/7094","targetHints":{"allow":["GET"]}}],"collection":[{"href":"https:\/\/kasvillarent.com\/tr\/wp-json\/wp\/v2\/pages"}],"about":[{"href":"https:\/\/kasvillarent.com\/tr\/wp-json\/wp\/v2\/types\/page"}],"author":[{"embeddable":true,"href":"https:\/\/kasvillarent.com\/tr\/wp-json\/wp\/v2\/users\/29"}],"replies":[{"embeddable":true,"href":"https:\/\/kasvillarent.com\/tr\/wp-json\/wp\/v2\/comments?post=7094"}],"version-history":[{"count":1,"href":"https:\/\/kasvillarent.com\/tr\/wp-json\/wp\/v2\/pages\/7094\/revisions"}],"predecessor-version":[{"id":20536,"href":"https:\/\/kasvillarent.com\/tr\/wp-json\/wp\/v2\/pages\/7094\/revisions\/20536"}],"up":[{"embeddable":true,"href":"https:\/\/kasvillarent.com\/tr\/wp-json\/wp\/v2\/pages\/5998"}],"wp:attachment":[{"href":"https:\/\/kasvillarent.com\/tr\/wp-json\/wp\/v2\/media?parent=7094"}],"curies":[{"name":"wp","href":"https:\/\/api.w.org\/{rel}","templated":true}]}}