{"id":7110,"date":"2021-05-14T21:48:51","date_gmt":"2021-05-14T18:48:51","guid":{"rendered":"https:\/\/kasvillarent.com\/ek-servisler\/"},"modified":"2025-07-05T21:13:30","modified_gmt":"2025-07-05T18:13:30","slug":"ek-servisler","status":"publish","type":"page","link":"https:\/\/kasvillarent.com\/tr\/ek-servisler\/","title":{"rendered":"Ek Servisler"},"content":{"rendered":"<div class=\"mphb_sc_services-wrapper \"><div class=\"mphb-service post-6635 mphb_room_service type-mphb_room_service status-publish has-post-thumbnail mphb-service-pay-per-adult mphb-service-pay-per-night\">\n\n\t\n\n\t<p class=\"mphb-loop-service-thumbnail\"><a class=\"post-thumbnail\" href=\"https:\/\/kasvillarent.com\/tr\/services\/cocuk-bakicisi\/\">\n\t<img fetchpriority=\"high\" decoding=\"async\" width=\"717\" height=\"540\" src=\"https:\/\/kasvillarent.com\/wp-content\/uploads\/2017\/06\/Baby-sitter-717x540.jpg\" class=\"attachment-villagio-thumb-small size-villagio-thumb-small wp-post-image\" alt=\"\" \/>\n\t<\/p><\/a>\n\t\n<h2 class=\"mphb-service-title\">\n<a href=\"https:\/\/kasvillarent.com\/tr\/services\/cocuk-bakicisi\/\">\u00c7ocuk bak\u0131c\u0131s\u0131<\/a>\n<\/h2>\n\n<p>\u00c7ocuklar\u0131n\u0131zla birlikte mi seyahat ediyorsunuz? B\u0131rak\u0131n onlar en iyi tatili ge\u00e7irsin ve siz de kendinizi b\u0131rak\u0131n! Bebek bak\u0131c\u0131lar\u0131m\u0131z \u00e7ocuklar\u0131n\u0131zla ilgilenirken bo\u015f zaman ge\u00e7irin &#8211; yapacak bir\u00e7ok ilgin\u00e7 \u015feyimiz var &#8211; oyun oynamak, y\u00fczmek, yemek pi\u015firmek vb. Villalar\u0131m\u0131zda; \u00e7ocuklar i\u00e7in uygun olmayan turlar ve geziler oldu\u011funda veya sadece romantik bir ak\u015fam ge\u00e7irmek i\u00e7in \u00e7ocuklar\u0131n\u0131za bakacak bir &hellip;<\/p>\n\n\n<p class=\"mphb-price-wrapper\"><strong>Fiyat:<\/strong>\n<span class=\"mphb-price\"><span class=\"mphb-currency\">&euro;<\/span>75<\/span> \/ G\u00fcnl\u00fck \/ Konuk ba\u015f\u0131na\n<\/p><p class=\"more-link\"><a href=\"https:\/\/kasvillarent.com\/tr\/services\/cocuk-bakicisi\/\" rel=\"bookmark\" class=\"button\">Read more<\/a><\/p>\n<\/div>\n<div class=\"mphb-service post-6636 mphb_room_service type-mphb_room_service status-publish has-post-thumbnail\">\n\n\t\n\n\t<p class=\"mphb-loop-service-thumbnail\"><a class=\"post-thumbnail\" href=\"https:\/\/kasvillarent.com\/tr\/services\/dugun-ve-dogum-gunleri-kutlamasi\/\">\n\t<img decoding=\"async\" width=\"717\" height=\"540\" src=\"https:\/\/kasvillarent.com\/wp-content\/uploads\/2017\/06\/Birthday-celebration-1-717x540.jpg\" class=\"attachment-villagio-thumb-small size-villagio-thumb-small wp-post-image\" alt=\"\" \/>\n\t<\/p><\/a>\n\t\n<h2 class=\"mphb-service-title\">\n<a href=\"https:\/\/kasvillarent.com\/tr\/services\/dugun-ve-dogum-gunleri-kutlamasi\/\">D\u00fc\u011f\u00fcn ve Do\u011fum G\u00fcnleri Kutlamas\u0131<\/a>\n<\/h2>\n\n<p>\u00d6zel mekanlarda \u00f6zel g\u00fcnler ge\u00e7irmek isteyenlere \u00f6zel bir hizmet. Villalar\u0131m\u0131zda grubunuz i\u00e7in uygun yerlerde ilk elden tavsiyelerle do\u011fum g\u00fcn\u00fc veya aile toplant\u0131s\u0131, d\u00fc\u011f\u00fcn veya ba\u015fka herhangi bir \u00f6zel kutlama i\u00e7in yerinizi ayarlayal\u0131m. Her villada kutlama i\u00e7in \u00f6zel a\u00e7\u0131k hava alanlar\u0131 bulunur. \u00d6zel g\u00fcnlerinizi, aileniz ve arkada\u015flar\u0131n\u0131zla e\u011flenmek i\u00e7in deniz manzaral\u0131 do\u011fal bir \u00e7evrede g\u00fczel bir &hellip;<\/p>\n\n\n<p class=\"mphb-price-wrapper\"><strong>Fiyat:<\/strong>\n<span class=\"mphb-price\"><span class=\"mphb-currency\">&euro;<\/span>300<\/span> \/ Bir defa \/ Konaklama Ba\u015f\u0131na\n<\/p><p class=\"more-link\"><a href=\"https:\/\/kasvillarent.com\/tr\/services\/dugun-ve-dogum-gunleri-kutlamasi\/\" rel=\"bookmark\" class=\"button\">Read more<\/a><\/p>\n<\/div>\n<div class=\"mphb-service post-9171 mphb_room_service type-mphb_room_service status-publish has-post-thumbnail\">\n\n\t\n\n\t<p class=\"mphb-loop-service-thumbnail\"><a class=\"post-thumbnail\" href=\"https:\/\/kasvillarent.com\/tr\/services\/temizleme-servisi\/\">\n\t<img decoding=\"async\" width=\"717\" height=\"540\" src=\"https:\/\/kasvillarent.com\/wp-content\/uploads\/2017\/06\/Depositphotos_36310741_original-717x540.jpg\" class=\"attachment-villagio-thumb-small size-villagio-thumb-small wp-post-image\" alt=\"\" srcset=\"https:\/\/kasvillarent.com\/wp-content\/uploads\/2017\/06\/Depositphotos_36310741_original-717x540.jpg 717w, https:\/\/kasvillarent.com\/wp-content\/uploads\/2017\/06\/Depositphotos_36310741_original-300x225.jpg 300w, https:\/\/kasvillarent.com\/wp-content\/uploads\/2017\/06\/Depositphotos_36310741_original-20x15.jpg 20w\" sizes=\"(max-width: 717px) 100vw, 717px\" \/>\n\t<\/p><\/a>\n\t\n<h2 class=\"mphb-service-title\">\n<a href=\"https:\/\/kasvillarent.com\/tr\/services\/temizleme-servisi\/\">Temizleme servisi<\/a>\n<\/h2>\n\n<p>T\u00fcm villalar\u0131m\u0131z d\u00fczenli olarak temizlenmektedir. Ancak, temizlik planlanmad\u0131\u011f\u0131nda ihtiya\u00e7 duyman\u0131z halinde talep \u00fczerine ekstra temizlik hizmetleri de sa\u011fl\u0131yoruz. Bunun planl\u0131 veya ekstra rezerve edilmi\u015f bir hizmet olmas\u0131 fark etmeksizin, ola\u011fan\u00fcst\u00fc d\u00fczeyde temizlik ve \u00fcst\u00fcn hizmet sunar\u0131z ve b\u00f6ylece siz temiz olmayan odalar nedeniyle tatil modunuzu bozmazs\u0131n\u0131z. Temizlik servisi; oturma odas\u0131, yatak odalar\u0131, katlar, mutfaklar, banyolar &hellip;<\/p>\n\n\n<p class=\"mphb-price-wrapper\"><strong>Fiyat:<\/strong>\n<span class=\"mphb-price\"><span class=\"mphb-currency\">&euro;<\/span>100<\/span> \/ Bir defa \/ Konaklama Ba\u015f\u0131na\n<\/p><p class=\"more-link\"><a href=\"https:\/\/kasvillarent.com\/tr\/services\/temizleme-servisi\/\" rel=\"bookmark\" class=\"button\">Read more<\/a><\/p>\n<\/div>\n<div class=\"mphb-service post-11850 mphb_room_service type-mphb_room_service status-publish has-post-thumbnail mphb-service-pay-per-night\">\n\n\t\n\n\t<p class=\"mphb-loop-service-thumbnail\"><a class=\"post-thumbnail\" href=\"https:\/\/kasvillarent.com\/tr\/services\/arac-kiralama\/\">\n\t<img loading=\"lazy\" decoding=\"async\" width=\"717\" height=\"540\" src=\"https:\/\/kasvillarent.com\/wp-content\/uploads\/2017\/06\/Car-rental-717x540.jpg\" class=\"attachment-villagio-thumb-small size-villagio-thumb-small wp-post-image\" alt=\"\" \/>\n\t<\/p><\/a>\n\t\n<h2 class=\"mphb-service-title\">\n<a href=\"https:\/\/kasvillarent.com\/tr\/services\/arac-kiralama\/\">Ara\u00e7 kiralama<\/a>\n<\/h2>\n\n<p>Ara\u00e7 kiralama hizmetimiz, k\u0131rsal kesimde rahat\u00e7a seyahat etmenin ve yak\u0131n \u015fehirlere ula\u015fman\u0131n avantaj\u0131n\u0131 elde etmenize yard\u0131mc\u0131 olur. Se\u00e7ebilece\u011finiz \u00e7ok \u00e7e\u015fitli ara\u00e7lara ek olarak, ka\u00e7 g\u00fcn kal\u0131rsan\u0131z kal\u0131n, konaklaman\u0131z boyunca ihtiya\u00e7lar\u0131n\u0131za ve b\u00fct\u00e7enize uygun kapsaml\u0131 ara\u00e7 kiralama f\u0131rsatlar\u0131 da sunuyoruz. G\u00f6r\u00fclecek \u00e7ok say\u0131da ilgin\u00e7 yer ve dal\u0131\u015f, farkl\u0131 plajlara gitme, deniz kaya\u011f\u0131 gibi tad\u0131n\u0131 \u00e7\u0131karabilece\u011finiz aktiviteler &hellip;<\/p>\n\n\n<p class=\"mphb-price-wrapper\"><strong>Fiyat:<\/strong>\n<span class=\"mphb-price\"><span class=\"mphb-currency\">&euro;<\/span>70<\/span> \/ G\u00fcnl\u00fck \/ Konaklama Ba\u015f\u0131na\n<\/p><p class=\"more-link\"><a href=\"https:\/\/kasvillarent.com\/tr\/services\/arac-kiralama\/\" rel=\"bookmark\" class=\"button\">Read more<\/a><\/p>\n<\/div>\n<div class=\"mphb-service post-6632 mphb_room_service type-mphb_room_service status-publish has-post-thumbnail mphb-service-pay-by-guest-choise\">\n\n\t\n\n\t<p class=\"mphb-loop-service-thumbnail\"><a class=\"post-thumbnail\" href=\"https:\/\/kasvillarent.com\/tr\/services\/yemek-servisi\/\">\n\t<img loading=\"lazy\" decoding=\"async\" width=\"717\" height=\"540\" src=\"https:\/\/kasvillarent.com\/wp-content\/uploads\/2017\/06\/Celebration-717x540.jpg\" class=\"attachment-villagio-thumb-small size-villagio-thumb-small wp-post-image\" alt=\"\" \/>\n\t<\/p><\/a>\n\t\n<h2 class=\"mphb-service-title\">\n<a href=\"https:\/\/kasvillarent.com\/tr\/services\/yemek-servisi\/\">Yemek Servisi<\/a>\n<\/h2>\n\n<p>Tatilinizin b\u00fcy\u00fck bir k\u0131sm\u0131n\u0131 yemek yemek olu\u015fturacakt\u0131r. Ve biz bunu m\u00fckemmelle\u015ftirebiliriz. Villalar tam donan\u0131ml\u0131 mutfak i\u00e7ermesine ra\u011fmen, sizin i\u00e7in yemek i\u015fini kolayla\u015ft\u0131rabiliriz. M\u00fckemmel yemek servisi hizmetimizi havuz kenar\u0131nda veya bah\u00e7ede, \u00f6\u011fle veya ak\u015fam yemekleri veya \u00f6zel etkinlikler i\u00e7in kullanabilirsiniz. Y\u00f6re halk\u0131, sizlere, \u0131zgara k\u00f6fte veya bal\u0131kla gelen ve belirlenen zamanda do\u011frudan villaya teslim edilecek yerel &hellip;<\/p>\n\n\n<p class=\"mphb-price-wrapper\"><strong>Fiyat:<\/strong>\n<span class=\"mphb-price\"><span class=\"mphb-currency\">&euro;<\/span>250<\/span> \/ Durum Ba\u015f\u0131na \/ Konaklama Ba\u015f\u0131na\n<\/p><p class=\"more-link\"><a href=\"https:\/\/kasvillarent.com\/tr\/services\/yemek-servisi\/\" rel=\"bookmark\" class=\"button\">Read more<\/a><\/p>\n<\/div>\n<div class=\"mphb-service post-6626 mphb_room_service type-mphb_room_service status-publish has-post-thumbnail\">\n\n\t\n\n\t<p class=\"mphb-loop-service-thumbnail\"><a class=\"post-thumbnail\" href=\"https:\/\/kasvillarent.com\/tr\/services\/havaalani-transferi\/\">\n\t<img loading=\"lazy\" decoding=\"async\" width=\"717\" height=\"540\" src=\"https:\/\/kasvillarent.com\/wp-content\/uploads\/2020\/10\/Shuttle-transfer-717x540.jpg\" class=\"attachment-villagio-thumb-small size-villagio-thumb-small wp-post-image\" alt=\"\" \/>\n\t<\/p><\/a>\n\t\n<h2 class=\"mphb-service-title\">\n<a href=\"https:\/\/kasvillarent.com\/tr\/services\/havaalani-transferi\/\">Havaalan\u0131 transferi<\/a>\n<\/h2>\n\n<p>Talep \u00fczerine klimal\u0131 arabalar veya minivanlar ile \u00f6zel transfer d\u00fczenlenebilir. \u00d6zel transfer talep edilirse, bir yolculuk ba\u015f\u0131na fiyat (6 ki\u015fiye kadar) Dalaman (DLM) ve Antalya Havaliman\u0131 (AYT) i\u00e7in s\u0131ras\u0131yla 120 \u20ac ve 160 \u20ac&#8217;dur. En yak\u0131n havaalan\u0131 olan Dalaman (DLM), tesise 150 km uzakl\u0131ktad\u0131r. (Yakla\u015f\u0131k 2 saat 30 dakika). Antalya Havaliman\u0131 230 km uzakl\u0131ktad\u0131r ve &hellip;<\/p>\n\n\n<p class=\"mphb-price-wrapper\"><strong>Fiyat:<\/strong>\n<span class=\"mphb-price\"><span class=\"mphb-currency\">&euro;<\/span>120<\/span> \/ Bir defa \/ Konaklama Ba\u015f\u0131na\n<\/p><p class=\"more-link\"><a href=\"https:\/\/kasvillarent.com\/tr\/services\/havaalani-transferi\/\" rel=\"bookmark\" class=\"button\">Read more<\/a><\/p>\n<\/div>\n<div class=\"mphb-service post-6629 mphb_room_service type-mphb_room_service status-publish has-post-thumbnail mphb-service-free\">\n\n\t\n\n\t<p class=\"mphb-loop-service-thumbnail\"><a class=\"post-thumbnail\" href=\"https:\/\/kasvillarent.com\/tr\/services\/hosgeldin-paketi\/\">\n\t<img loading=\"lazy\" decoding=\"async\" width=\"717\" height=\"540\" src=\"https:\/\/kasvillarent.com\/wp-content\/uploads\/2017\/06\/welcome-pack-717x540.jpg\" class=\"attachment-villagio-thumb-small size-villagio-thumb-small wp-post-image\" alt=\"\" \/>\n\t<\/p><\/a>\n\t\n<h2 class=\"mphb-service-title\">\n<a href=\"https:\/\/kasvillarent.com\/tr\/services\/hosgeldin-paketi\/\">Ho\u015fgeldin Paketi<\/a>\n<\/h2>\n\n<p>Villam\u0131za ge\u00e7 mi geldiniz? D\u00fckkanlar kapal\u0131yken mi? Acele edip al\u0131\u015fveri\u015f yapmaya gerek yok! Bize rezervasyonunuzu takdir etmek i\u00e7in konuklar\u0131m\u0131za bir kar\u015f\u0131lama paketi sunuyoruz. Tesislerimize geldi\u011finizde kar\u015f\u0131lama paketimiz haz\u0131r olacakt\u0131r. Ho\u015fgeldin paketi \u015funlar\u0131 i\u00e7erir: Ekmek, yumurta, tuz, karabiber, \u015feker, po\u015fet \u00e7ay, \u00e7e\u015fitli baharatlar, s\u00fct, tereya\u011f\u0131 (200 gr), peynir (200 gr), zeytin (200 gr), mevsim meyveleri, bir &hellip;<\/p>\n\n\n<p class=\"mphb-price-wrapper\"><strong>Fiyat:<\/strong>\n<span class=\"mphb-price\">\u00dccretsiz<\/span>\n<\/p><p class=\"more-link\"><a href=\"https:\/\/kasvillarent.com\/tr\/services\/hosgeldin-paketi\/\" rel=\"bookmark\" class=\"button\">Read more<\/a><\/p>\n<\/div>\n<\/div>\n","protected":false},"excerpt":{"rendered":"","protected":false},"author":29,"featured_media":0,"parent":0,"menu_order":0,"comment_status":"closed","ping_status":"closed","template":"template-grid-page.php","meta":{"_uag_custom_page_level_css":"","_monsterinsights_skip_tracking":false,"_monsterinsights_sitenote_active":false,"_monsterinsights_sitenote_note":"","_monsterinsights_sitenote_category":0,"footnotes":""},"class_list":["post-7110","page","type-page","status-publish","hentry"],"yoast_head":"<!-- This site is optimized with the Yoast SEO Premium plugin v27.0 (Yoast SEO v27.0) - https:\/\/yoast.com\/product\/yoast-seo-premium-wordpress\/ -->\n<title>Ek Servisler - Kas Villa Rent<\/title>\n<meta name=\"robots\" content=\"index, follow, max-snippet:-1, max-image-preview:large, max-video-preview:-1\" \/>\n<link rel=\"canonical\" href=\"https:\/\/kasvillarent.com\/tr\/ek-servisler\/\" \/>\n<meta property=\"og:locale\" content=\"tr_TR\" \/>\n<meta property=\"og:type\" content=\"article\" \/>\n<meta property=\"og:title\" content=\"Ek Servisler\" \/>\n<meta property=\"og:url\" content=\"https:\/\/kasvillarent.com\/tr\/ek-servisler\/\" \/>\n<meta property=\"og:site_name\" content=\"Kas Villa Rent\" \/>\n<meta property=\"article:publisher\" content=\"https:\/\/www.facebook.com\/kas.villa.rent\/\" \/>\n<meta property=\"article:modified_time\" content=\"2025-07-05T18:13:30+00:00\" \/>\n<meta name=\"twitter:card\" content=\"summary_large_image\" \/>\n<script type=\"application\/ld+json\" class=\"yoast-schema-graph\">{\"@context\":\"https:\/\/schema.org\",\"@graph\":[{\"@type\":\"WebPage\",\"@id\":\"https:\/\/kasvillarent.com\/tr\/ek-servisler\/\",\"url\":\"https:\/\/kasvillarent.com\/tr\/ek-servisler\/\",\"name\":\"Ek Servisler - Kas Villa Rent\",\"isPartOf\":{\"@id\":\"https:\/\/kasvillarent.com\/tr\/#website\"},\"datePublished\":\"2021-05-14T18:48:51+00:00\",\"dateModified\":\"2025-07-05T18:13:30+00:00\",\"breadcrumb\":{\"@id\":\"https:\/\/kasvillarent.com\/tr\/ek-servisler\/#breadcrumb\"},\"inLanguage\":\"tr\",\"potentialAction\":[{\"@type\":\"ReadAction\",\"target\":[\"https:\/\/kasvillarent.com\/tr\/ek-servisler\/\"]}]},{\"@type\":\"BreadcrumbList\",\"@id\":\"https:\/\/kasvillarent.com\/tr\/ek-servisler\/#breadcrumb\",\"itemListElement\":[{\"@type\":\"ListItem\",\"position\":1,\"name\":\"Home\",\"item\":\"https:\/\/kasvillarent.com\/tr\/\"},{\"@type\":\"ListItem\",\"position\":2,\"name\":\"Ek Servisler\"}]},{\"@type\":\"WebSite\",\"@id\":\"https:\/\/kasvillarent.com\/tr\/#website\",\"url\":\"https:\/\/kasvillarent.com\/tr\/\",\"name\":\"Kas Villa Rent\",\"description\":\"Luxury Villas in Kas Antalya\",\"publisher\":{\"@id\":\"https:\/\/kasvillarent.com\/tr\/#organization\"},\"potentialAction\":[{\"@type\":\"SearchAction\",\"target\":{\"@type\":\"EntryPoint\",\"urlTemplate\":\"https:\/\/kasvillarent.com\/tr\/?s={search_term_string}\"},\"query-input\":{\"@type\":\"PropertyValueSpecification\",\"valueRequired\":true,\"valueName\":\"search_term_string\"}}],\"inLanguage\":\"tr\"},{\"@type\":\"Organization\",\"@id\":\"https:\/\/kasvillarent.com\/tr\/#organization\",\"name\":\"Kas Villa Rent\",\"url\":\"https:\/\/kasvillarent.com\/tr\/\",\"logo\":{\"@type\":\"ImageObject\",\"inLanguage\":\"tr\",\"@id\":\"https:\/\/kasvillarent.com\/tr\/#\/schema\/logo\/image\/\",\"url\":\"https:\/\/kasvillarent.com\/wp-content\/uploads\/2022\/06\/FullColor_1280x1024_300dpi-1.png\",\"contentUrl\":\"https:\/\/kasvillarent.com\/wp-content\/uploads\/2022\/06\/FullColor_1280x1024_300dpi-1.png\",\"width\":1155,\"height\":924,\"caption\":\"Kas Villa Rent\"},\"image\":{\"@id\":\"https:\/\/kasvillarent.com\/tr\/#\/schema\/logo\/image\/\"},\"sameAs\":[\"https:\/\/www.facebook.com\/kas.villa.rent\/\",\"https:\/\/instagram.com\/kasvillarent\"]}]}<\/script>\n<!-- \/ Yoast SEO Premium plugin. -->","yoast_head_json":{"title":"Ek Servisler - Kas Villa Rent","robots":{"index":"index","follow":"follow","max-snippet":"max-snippet:-1","max-image-preview":"max-image-preview:large","max-video-preview":"max-video-preview:-1"},"canonical":"https:\/\/kasvillarent.com\/tr\/ek-servisler\/","og_locale":"tr_TR","og_type":"article","og_title":"Ek Servisler","og_url":"https:\/\/kasvillarent.com\/tr\/ek-servisler\/","og_site_name":"Kas Villa Rent","article_publisher":"https:\/\/www.facebook.com\/kas.villa.rent\/","article_modified_time":"2025-07-05T18:13:30+00:00","twitter_card":"summary_large_image","schema":{"@context":"https:\/\/schema.org","@graph":[{"@type":"WebPage","@id":"https:\/\/kasvillarent.com\/tr\/ek-servisler\/","url":"https:\/\/kasvillarent.com\/tr\/ek-servisler\/","name":"Ek Servisler - Kas Villa Rent","isPartOf":{"@id":"https:\/\/kasvillarent.com\/tr\/#website"},"datePublished":"2021-05-14T18:48:51+00:00","dateModified":"2025-07-05T18:13:30+00:00","breadcrumb":{"@id":"https:\/\/kasvillarent.com\/tr\/ek-servisler\/#breadcrumb"},"inLanguage":"tr","potentialAction":[{"@type":"ReadAction","target":["https:\/\/kasvillarent.com\/tr\/ek-servisler\/"]}]},{"@type":"BreadcrumbList","@id":"https:\/\/kasvillarent.com\/tr\/ek-servisler\/#breadcrumb","itemListElement":[{"@type":"ListItem","position":1,"name":"Home","item":"https:\/\/kasvillarent.com\/tr\/"},{"@type":"ListItem","position":2,"name":"Ek Servisler"}]},{"@type":"WebSite","@id":"https:\/\/kasvillarent.com\/tr\/#website","url":"https:\/\/kasvillarent.com\/tr\/","name":"Kas Villa Rent","description":"Luxury Villas in Kas Antalya","publisher":{"@id":"https:\/\/kasvillarent.com\/tr\/#organization"},"potentialAction":[{"@type":"SearchAction","target":{"@type":"EntryPoint","urlTemplate":"https:\/\/kasvillarent.com\/tr\/?s={search_term_string}"},"query-input":{"@type":"PropertyValueSpecification","valueRequired":true,"valueName":"search_term_string"}}],"inLanguage":"tr"},{"@type":"Organization","@id":"https:\/\/kasvillarent.com\/tr\/#organization","name":"Kas Villa Rent","url":"https:\/\/kasvillarent.com\/tr\/","logo":{"@type":"ImageObject","inLanguage":"tr","@id":"https:\/\/kasvillarent.com\/tr\/#\/schema\/logo\/image\/","url":"https:\/\/kasvillarent.com\/wp-content\/uploads\/2022\/06\/FullColor_1280x1024_300dpi-1.png","contentUrl":"https:\/\/kasvillarent.com\/wp-content\/uploads\/2022\/06\/FullColor_1280x1024_300dpi-1.png","width":1155,"height":924,"caption":"Kas Villa Rent"},"image":{"@id":"https:\/\/kasvillarent.com\/tr\/#\/schema\/logo\/image\/"},"sameAs":["https:\/\/www.facebook.com\/kas.villa.rent\/","https:\/\/instagram.com\/kasvillarent"]}]}},"uagb_featured_image_src":{"full":false,"thumbnail":false,"medium":false,"medium_large":false,"large":false,"1536x1536":false,"2048x2048":false,"post-thumbnail":false,"villagio-thumb-large":false,"villagio-thumb-medium":false,"villagio-thumb-small":false,"villagio-thumb-small-x2":false},"uagb_author_info":{"display_name":"Mehmet_Y","author_link":"https:\/\/kasvillarent.com\/tr\/author\/mehmet_y\/"},"uagb_comment_info":0,"uagb_excerpt":null,"jetpack_sharing_enabled":true,"_links":{"self":[{"href":"https:\/\/kasvillarent.com\/tr\/wp-json\/wp\/v2\/pages\/7110","targetHints":{"allow":["GET"]}}],"collection":[{"href":"https:\/\/kasvillarent.com\/tr\/wp-json\/wp\/v2\/pages"}],"about":[{"href":"https:\/\/kasvillarent.com\/tr\/wp-json\/wp\/v2\/types\/page"}],"author":[{"embeddable":true,"href":"https:\/\/kasvillarent.com\/tr\/wp-json\/wp\/v2\/users\/29"}],"replies":[{"embeddable":true,"href":"https:\/\/kasvillarent.com\/tr\/wp-json\/wp\/v2\/comments?post=7110"}],"version-history":[{"count":1,"href":"https:\/\/kasvillarent.com\/tr\/wp-json\/wp\/v2\/pages\/7110\/revisions"}],"predecessor-version":[{"id":20520,"href":"https:\/\/kasvillarent.com\/tr\/wp-json\/wp\/v2\/pages\/7110\/revisions\/20520"}],"wp:attachment":[{"href":"https:\/\/kasvillarent.com\/tr\/wp-json\/wp\/v2\/media?parent=7110"}],"curies":[{"name":"wp","href":"https:\/\/api.w.org\/{rel}","templated":true}]}}