{"id":7172,"date":"2021-05-15T13:38:54","date_gmt":"2021-05-15T10:38:54","guid":{"rendered":"https:\/\/kasvillarent.com\/ilginizi-cekebilecek-yerler\/tarihi-yerler\/"},"modified":"2025-07-05T21:13:46","modified_gmt":"2025-07-05T18:13:46","slug":"tarihi-yerler","status":"publish","type":"page","link":"https:\/\/kasvillarent.com\/tr\/ilginizi-cekebilecek-yerler\/tarihi-yerler\/","title":{"rendered":"TAR\u0130H\u0130 YERLER"},"content":{"rendered":"\n<p><\/p>\n\n<h5 class=\"wp-block-heading\"><strong>L\u00dcTFEN A\u015eA\u011eIDAK\u0130 L\u0130STEYE BAKINIZ VE TIKLAYINIZ.<\/strong><\/h5>\n\n<ul class=\"wp-block-list\"><li><a href=\"https:\/\/kasvillarent.com\/tr\/ilginizi-cekebilecek-yerler\/tarihi-yerler\/arycanda\/\">ARYCANDA<\/a><\/li><li><a href=\"https:\/\/kasvillarent.com\/tr\/ilginizi-cekebilecek-yerler\/tarihi-yerler\/habessos-antiphellos-andifli-kas\/\">HABESSOS-ANTIPHELLOS-ANDIFLI-KAS<\/a><\/li><li><a href=\"https:\/\/kasvillarent.com\/tr\/ilginizi-cekebilecek-yerler\/tarihi-yerler\/leteon\/\">LETEON<\/a><\/li><li><a href=\"https:\/\/kasvillarent.com\/tr\/ilginizi-cekebilecek-yerler\/tarihi-yerler\/myra-ve-st-nicholas-kilisesi\/\">MYRA &amp; ST NICHOLAS KL\u0130SES\u0130<\/a><\/li><li><a href=\"https:\/\/kasvillarent.com\/tr\/ilginizi-cekebilecek-yerler\/tarihi-yerler\/patara\/\">PATARA<\/a><\/li><li><a href=\"https:\/\/kasvillarent.com\/tr\/ilginizi-cekebilecek-yerler\/tarihi-yerler\/tlos\/\">TLOS<\/a><\/li><li><a href=\"https:\/\/kasvillarent.com\/tr\/ilginizi-cekebilecek-yerler\/tarihi-yerler\/xantos\/\">XANTOS<\/a><\/li><\/ul>\n\n<p><\/p>\n","protected":false},"excerpt":{"rendered":"<p>L\u00dcTFEN A\u015eA\u011eIDAK\u0130 L\u0130STEYE BAKINIZ VE TIKLAYINIZ. ARYCANDA HABESSOS-ANTIPHELLOS-ANDIFLI-KAS LETEON MYRA &amp; ST NICHOLAS KL\u0130SES\u0130 PATARA TLOS XANTOS<\/p>\n","protected":false},"author":29,"featured_media":5628,"parent":5998,"menu_order":0,"comment_status":"closed","ping_status":"closed","template":"","meta":{"_uag_custom_page_level_css":"","_monsterinsights_skip_tracking":false,"_monsterinsights_sitenote_active":false,"_monsterinsights_sitenote_note":"","_monsterinsights_sitenote_category":0,"footnotes":""},"class_list":["post-7172","page","type-page","status-publish","has-post-thumbnail","hentry"],"yoast_head":"<!-- This site is optimized with the Yoast SEO Premium plugin v27.0 (Yoast SEO v27.0) - https:\/\/yoast.com\/product\/yoast-seo-premium-wordpress\/ -->\n<title>TAR\u0130H\u0130 YERLER - Kas Villa Rent<\/title>\n<meta name=\"description\" content=\"Bu b\u00f6l\u00fcmde; Ka\u015f \u00e7evresindeki tarihi yerler, (Arycanda, Myra &amp; St Nicholas Kilisesi, Leteon, Tlos, Patara vb gibi) hakk\u0131nda faydal\u0131 bilgiler sa\u011flad\u0131k.\" \/>\n<meta name=\"robots\" content=\"index, follow, max-snippet:-1, max-image-preview:large, max-video-preview:-1\" \/>\n<link rel=\"canonical\" href=\"https:\/\/kasvillarent.com\/tr\/ilginizi-cekebilecek-yerler\/tarihi-yerler\/\" \/>\n<meta property=\"og:locale\" content=\"tr_TR\" \/>\n<meta property=\"og:type\" content=\"article\" \/>\n<meta property=\"og:title\" content=\"TAR\u0130H\u0130 YERLER\" \/>\n<meta property=\"og:description\" content=\"Bu b\u00f6l\u00fcmde; Ka\u015f \u00e7evresindeki tarihi yerler, (Arycanda, Myra &amp; St Nicholas Kilisesi, Leteon, Tlos, Patara vb gibi) hakk\u0131nda faydal\u0131 bilgiler sa\u011flad\u0131k.\" \/>\n<meta property=\"og:url\" content=\"https:\/\/kasvillarent.com\/tr\/ilginizi-cekebilecek-yerler\/tarihi-yerler\/\" \/>\n<meta property=\"og:site_name\" content=\"Kas Villa Rent\" \/>\n<meta property=\"article:publisher\" content=\"https:\/\/www.facebook.com\/kas.villa.rent\/\" \/>\n<meta property=\"article:modified_time\" content=\"2025-07-05T18:13:46+00:00\" \/>\n<meta property=\"og:image\" content=\"https:\/\/kasvillarent.com\/wp-content\/uploads\/2020\/12\/Historic-Places-scaled.jpg\" \/>\n\t<meta property=\"og:image:width\" content=\"1386\" \/>\n\t<meta property=\"og:image:height\" content=\"924\" \/>\n\t<meta property=\"og:image:type\" content=\"image\/jpeg\" \/>\n<meta name=\"twitter:card\" content=\"summary_large_image\" \/>\n<script type=\"application\/ld+json\" class=\"yoast-schema-graph\">{\"@context\":\"https:\/\/schema.org\",\"@graph\":[{\"@type\":\"WebPage\",\"@id\":\"https:\/\/kasvillarent.com\/tr\/ilginizi-cekebilecek-yerler\/tarihi-yerler\/\",\"url\":\"https:\/\/kasvillarent.com\/tr\/ilginizi-cekebilecek-yerler\/tarihi-yerler\/\",\"name\":\"TAR\u0130H\u0130 YERLER - Kas Villa Rent\",\"isPartOf\":{\"@id\":\"https:\/\/kasvillarent.com\/tr\/#website\"},\"primaryImageOfPage\":{\"@id\":\"https:\/\/kasvillarent.com\/tr\/ilginizi-cekebilecek-yerler\/tarihi-yerler\/#primaryimage\"},\"image\":{\"@id\":\"https:\/\/kasvillarent.com\/tr\/ilginizi-cekebilecek-yerler\/tarihi-yerler\/#primaryimage\"},\"thumbnailUrl\":\"https:\/\/kasvillarent.com\/wp-content\/uploads\/2020\/12\/Historic-Places-scaled.jpg\",\"datePublished\":\"2021-05-15T10:38:54+00:00\",\"dateModified\":\"2025-07-05T18:13:46+00:00\",\"description\":\"Bu b\u00f6l\u00fcmde; Ka\u015f \u00e7evresindeki tarihi yerler, (Arycanda, Myra & St Nicholas Kilisesi, Leteon, Tlos, Patara vb gibi) hakk\u0131nda faydal\u0131 bilgiler sa\u011flad\u0131k.\",\"breadcrumb\":{\"@id\":\"https:\/\/kasvillarent.com\/tr\/ilginizi-cekebilecek-yerler\/tarihi-yerler\/#breadcrumb\"},\"inLanguage\":\"tr\",\"potentialAction\":[{\"@type\":\"ReadAction\",\"target\":[\"https:\/\/kasvillarent.com\/tr\/ilginizi-cekebilecek-yerler\/tarihi-yerler\/\"]}]},{\"@type\":\"ImageObject\",\"inLanguage\":\"tr\",\"@id\":\"https:\/\/kasvillarent.com\/tr\/ilginizi-cekebilecek-yerler\/tarihi-yerler\/#primaryimage\",\"url\":\"https:\/\/kasvillarent.com\/wp-content\/uploads\/2020\/12\/Historic-Places-scaled.jpg\",\"contentUrl\":\"https:\/\/kasvillarent.com\/wp-content\/uploads\/2020\/12\/Historic-Places-scaled.jpg\",\"width\":1386,\"height\":924,\"caption\":\"Patara Ana Cadde\"},{\"@type\":\"BreadcrumbList\",\"@id\":\"https:\/\/kasvillarent.com\/tr\/ilginizi-cekebilecek-yerler\/tarihi-yerler\/#breadcrumb\",\"itemListElement\":[{\"@type\":\"ListItem\",\"position\":1,\"name\":\"Home\",\"item\":\"https:\/\/kasvillarent.com\/tr\/\"},{\"@type\":\"ListItem\",\"position\":2,\"name\":\"\u0130LG\u0130N\u0130Z\u0130 \u00c7EKEB\u0130LECEK YERLER\",\"item\":\"https:\/\/kasvillarent.com\/tr\/ilginizi-cekebilecek-yerler\/\"},{\"@type\":\"ListItem\",\"position\":3,\"name\":\"TAR\u0130H\u0130 YERLER\"}]},{\"@type\":\"WebSite\",\"@id\":\"https:\/\/kasvillarent.com\/tr\/#website\",\"url\":\"https:\/\/kasvillarent.com\/tr\/\",\"name\":\"Kas Villa Rent\",\"description\":\"Luxury Villas in Kas Antalya\",\"publisher\":{\"@id\":\"https:\/\/kasvillarent.com\/tr\/#organization\"},\"potentialAction\":[{\"@type\":\"SearchAction\",\"target\":{\"@type\":\"EntryPoint\",\"urlTemplate\":\"https:\/\/kasvillarent.com\/tr\/?s={search_term_string}\"},\"query-input\":{\"@type\":\"PropertyValueSpecification\",\"valueRequired\":true,\"valueName\":\"search_term_string\"}}],\"inLanguage\":\"tr\"},{\"@type\":\"Organization\",\"@id\":\"https:\/\/kasvillarent.com\/tr\/#organization\",\"name\":\"Kas Villa Rent\",\"url\":\"https:\/\/kasvillarent.com\/tr\/\",\"logo\":{\"@type\":\"ImageObject\",\"inLanguage\":\"tr\",\"@id\":\"https:\/\/kasvillarent.com\/tr\/#\/schema\/logo\/image\/\",\"url\":\"https:\/\/kasvillarent.com\/wp-content\/uploads\/2022\/06\/FullColor_1280x1024_300dpi-1.png\",\"contentUrl\":\"https:\/\/kasvillarent.com\/wp-content\/uploads\/2022\/06\/FullColor_1280x1024_300dpi-1.png\",\"width\":1155,\"height\":924,\"caption\":\"Kas Villa Rent\"},\"image\":{\"@id\":\"https:\/\/kasvillarent.com\/tr\/#\/schema\/logo\/image\/\"},\"sameAs\":[\"https:\/\/www.facebook.com\/kas.villa.rent\/\",\"https:\/\/instagram.com\/kasvillarent\"]}]}<\/script>\n<!-- \/ Yoast SEO Premium plugin. -->","yoast_head_json":{"title":"TAR\u0130H\u0130 YERLER - Kas Villa Rent","description":"Bu b\u00f6l\u00fcmde; Ka\u015f \u00e7evresindeki tarihi yerler, (Arycanda, Myra & St Nicholas Kilisesi, Leteon, Tlos, Patara vb gibi) hakk\u0131nda faydal\u0131 bilgiler sa\u011flad\u0131k.","robots":{"index":"index","follow":"follow","max-snippet":"max-snippet:-1","max-image-preview":"max-image-preview:large","max-video-preview":"max-video-preview:-1"},"canonical":"https:\/\/kasvillarent.com\/tr\/ilginizi-cekebilecek-yerler\/tarihi-yerler\/","og_locale":"tr_TR","og_type":"article","og_title":"TAR\u0130H\u0130 YERLER","og_description":"Bu b\u00f6l\u00fcmde; Ka\u015f \u00e7evresindeki tarihi yerler, (Arycanda, Myra & St Nicholas Kilisesi, Leteon, Tlos, Patara vb gibi) hakk\u0131nda faydal\u0131 bilgiler sa\u011flad\u0131k.","og_url":"https:\/\/kasvillarent.com\/tr\/ilginizi-cekebilecek-yerler\/tarihi-yerler\/","og_site_name":"Kas Villa Rent","article_publisher":"https:\/\/www.facebook.com\/kas.villa.rent\/","article_modified_time":"2025-07-05T18:13:46+00:00","og_image":[{"width":1386,"height":924,"url":"https:\/\/kasvillarent.com\/wp-content\/uploads\/2020\/12\/Historic-Places-scaled.jpg","type":"image\/jpeg"}],"twitter_card":"summary_large_image","schema":{"@context":"https:\/\/schema.org","@graph":[{"@type":"WebPage","@id":"https:\/\/kasvillarent.com\/tr\/ilginizi-cekebilecek-yerler\/tarihi-yerler\/","url":"https:\/\/kasvillarent.com\/tr\/ilginizi-cekebilecek-yerler\/tarihi-yerler\/","name":"TAR\u0130H\u0130 YERLER - Kas Villa Rent","isPartOf":{"@id":"https:\/\/kasvillarent.com\/tr\/#website"},"primaryImageOfPage":{"@id":"https:\/\/kasvillarent.com\/tr\/ilginizi-cekebilecek-yerler\/tarihi-yerler\/#primaryimage"},"image":{"@id":"https:\/\/kasvillarent.com\/tr\/ilginizi-cekebilecek-yerler\/tarihi-yerler\/#primaryimage"},"thumbnailUrl":"https:\/\/kasvillarent.com\/wp-content\/uploads\/2020\/12\/Historic-Places-scaled.jpg","datePublished":"2021-05-15T10:38:54+00:00","dateModified":"2025-07-05T18:13:46+00:00","description":"Bu b\u00f6l\u00fcmde; Ka\u015f \u00e7evresindeki tarihi yerler, (Arycanda, Myra & St Nicholas Kilisesi, Leteon, Tlos, Patara vb gibi) hakk\u0131nda faydal\u0131 bilgiler sa\u011flad\u0131k.","breadcrumb":{"@id":"https:\/\/kasvillarent.com\/tr\/ilginizi-cekebilecek-yerler\/tarihi-yerler\/#breadcrumb"},"inLanguage":"tr","potentialAction":[{"@type":"ReadAction","target":["https:\/\/kasvillarent.com\/tr\/ilginizi-cekebilecek-yerler\/tarihi-yerler\/"]}]},{"@type":"ImageObject","inLanguage":"tr","@id":"https:\/\/kasvillarent.com\/tr\/ilginizi-cekebilecek-yerler\/tarihi-yerler\/#primaryimage","url":"https:\/\/kasvillarent.com\/wp-content\/uploads\/2020\/12\/Historic-Places-scaled.jpg","contentUrl":"https:\/\/kasvillarent.com\/wp-content\/uploads\/2020\/12\/Historic-Places-scaled.jpg","width":1386,"height":924,"caption":"Patara Ana Cadde"},{"@type":"BreadcrumbList","@id":"https:\/\/kasvillarent.com\/tr\/ilginizi-cekebilecek-yerler\/tarihi-yerler\/#breadcrumb","itemListElement":[{"@type":"ListItem","position":1,"name":"Home","item":"https:\/\/kasvillarent.com\/tr\/"},{"@type":"ListItem","position":2,"name":"\u0130LG\u0130N\u0130Z\u0130 \u00c7EKEB\u0130LECEK YERLER","item":"https:\/\/kasvillarent.com\/tr\/ilginizi-cekebilecek-yerler\/"},{"@type":"ListItem","position":3,"name":"TAR\u0130H\u0130 YERLER"}]},{"@type":"WebSite","@id":"https:\/\/kasvillarent.com\/tr\/#website","url":"https:\/\/kasvillarent.com\/tr\/","name":"Kas Villa Rent","description":"Luxury Villas in Kas Antalya","publisher":{"@id":"https:\/\/kasvillarent.com\/tr\/#organization"},"potentialAction":[{"@type":"SearchAction","target":{"@type":"EntryPoint","urlTemplate":"https:\/\/kasvillarent.com\/tr\/?s={search_term_string}"},"query-input":{"@type":"PropertyValueSpecification","valueRequired":true,"valueName":"search_term_string"}}],"inLanguage":"tr"},{"@type":"Organization","@id":"https:\/\/kasvillarent.com\/tr\/#organization","name":"Kas Villa Rent","url":"https:\/\/kasvillarent.com\/tr\/","logo":{"@type":"ImageObject","inLanguage":"tr","@id":"https:\/\/kasvillarent.com\/tr\/#\/schema\/logo\/image\/","url":"https:\/\/kasvillarent.com\/wp-content\/uploads\/2022\/06\/FullColor_1280x1024_300dpi-1.png","contentUrl":"https:\/\/kasvillarent.com\/wp-content\/uploads\/2022\/06\/FullColor_1280x1024_300dpi-1.png","width":1155,"height":924,"caption":"Kas Villa Rent"},"image":{"@id":"https:\/\/kasvillarent.com\/tr\/#\/schema\/logo\/image\/"},"sameAs":["https:\/\/www.facebook.com\/kas.villa.rent\/","https:\/\/instagram.com\/kasvillarent"]}]}},"uagb_featured_image_src":{"full":["https:\/\/kasvillarent.com\/wp-content\/uploads\/2020\/12\/Historic-Places-scaled.jpg",1386,924,false],"thumbnail":["https:\/\/kasvillarent.com\/wp-content\/uploads\/2020\/12\/Historic-Places-150x150.jpg",150,150,true],"medium":["https:\/\/kasvillarent.com\/wp-content\/uploads\/2020\/12\/Historic-Places-300x200.jpg",300,200,true],"medium_large":["https:\/\/kasvillarent.com\/wp-content\/uploads\/2020\/12\/Historic-Places-768x512.jpg",768,512,true],"large":["https:\/\/kasvillarent.com\/wp-content\/uploads\/2020\/12\/Historic-Places-1024x683.jpg",769,513,true],"1536x1536":["https:\/\/kasvillarent.com\/wp-content\/uploads\/2020\/12\/Historic-Places-1536x1024.jpg",1536,1024,true],"2048x2048":["https:\/\/kasvillarent.com\/wp-content\/uploads\/2020\/12\/Historic-Places-2048x1365.jpg",2048,1365,true],"post-thumbnail":["https:\/\/kasvillarent.com\/wp-content\/uploads\/2020\/12\/Historic-Places-1434x734.jpg",1434,734,true],"villagio-thumb-large":["https:\/\/kasvillarent.com\/wp-content\/uploads\/2020\/12\/Historic-Places-2000x1333.jpg",2000,1333,true],"villagio-thumb-medium":["https:\/\/kasvillarent.com\/wp-content\/uploads\/2020\/12\/Historic-Places-927x618.jpg",927,618,true],"villagio-thumb-small":["https:\/\/kasvillarent.com\/wp-content\/uploads\/2020\/12\/Historic-Places-717x540.jpg",717,540,true],"villagio-thumb-small-x2":["https:\/\/kasvillarent.com\/wp-content\/uploads\/2020\/12\/Historic-Places-1434x1080.jpg",1434,1080,true]},"uagb_author_info":{"display_name":"Mehmet_Y","author_link":"https:\/\/kasvillarent.com\/tr\/author\/mehmet_y\/"},"uagb_comment_info":0,"uagb_excerpt":"L\u00dcTFEN A\u015eA\u011eIDAK\u0130 L\u0130STEYE BAKINIZ VE TIKLAYINIZ. ARYCANDA HABESSOS-ANTIPHELLOS-ANDIFLI-KAS LETEON MYRA &amp; ST NICHOLAS KL\u0130SES\u0130 PATARA TLOS XANTOS","jetpack_sharing_enabled":true,"_links":{"self":[{"href":"https:\/\/kasvillarent.com\/tr\/wp-json\/wp\/v2\/pages\/7172","targetHints":{"allow":["GET"]}}],"collection":[{"href":"https:\/\/kasvillarent.com\/tr\/wp-json\/wp\/v2\/pages"}],"about":[{"href":"https:\/\/kasvillarent.com\/tr\/wp-json\/wp\/v2\/types\/page"}],"author":[{"embeddable":true,"href":"https:\/\/kasvillarent.com\/tr\/wp-json\/wp\/v2\/users\/29"}],"replies":[{"embeddable":true,"href":"https:\/\/kasvillarent.com\/tr\/wp-json\/wp\/v2\/comments?post=7172"}],"version-history":[{"count":1,"href":"https:\/\/kasvillarent.com\/tr\/wp-json\/wp\/v2\/pages\/7172\/revisions"}],"predecessor-version":[{"id":12634,"href":"https:\/\/kasvillarent.com\/tr\/wp-json\/wp\/v2\/pages\/7172\/revisions\/12634"}],"up":[{"embeddable":true,"href":"https:\/\/kasvillarent.com\/tr\/wp-json\/wp\/v2\/pages\/5998"}],"wp:featuredmedia":[{"embeddable":true,"href":"https:\/\/kasvillarent.com\/tr\/wp-json\/wp\/v2\/media\/5628"}],"wp:attachment":[{"href":"https:\/\/kasvillarent.com\/tr\/wp-json\/wp\/v2\/media?parent=7172"}],"curies":[{"name":"wp","href":"https:\/\/api.w.org\/{rel}","templated":true}]}}