{"id":7175,"date":"2021-05-15T14:14:21","date_gmt":"2021-05-15T11:14:21","guid":{"rendered":"https:\/\/kasvillarent.com\/ilginizi-cekebilecek-yerler\/tarihi-yerler\/arycanda\/"},"modified":"2025-07-05T21:13:48","modified_gmt":"2025-07-05T18:13:48","slug":"arycanda","status":"publish","type":"page","link":"https:\/\/kasvillarent.com\/tr\/ilginizi-cekebilecek-yerler\/tarihi-yerler\/arycanda\/","title":{"rendered":"Arycanda"},"content":{"rendered":"\n<p>Arycanda&#8217;n\u0131n en eski Likya yerlerinden biri oldu\u011fu biliniyor &#8211; ad\u0131 -anda ile bitiyor, Anadolu k\u00f6keninin M\u00d6 2. bin y\u0131l \u00f6ncesine kadar gitti\u011fini g\u00f6steriyor. Likya&#8217;n\u0131n en eski sikkelerinden baz\u0131lar\u0131 (5. yy. Yak\u0131n zamanda yap\u0131lan bir kaz\u0131da burada da M\u00d6 bulunmu\u015ftur; alan s\u00fcrekli kaz\u0131 alt\u0131ndad\u0131r. Arycanda, bir da\u011f yamac\u0131na t\u0131rmanan be\u015f b\u00fcy\u00fck teras \u00fczerine kurulmu\u015f e\u015fsiz bir Likya \u015fehridir ve ezevki ve e\u011flenceyi seven (ve bor\u00e7lu :)) vatanda\u015flara sahip oldu\u011fu biliniyordu. <\/p>\n\n<p>\u015eehir, g\u00f6rkemli ve g\u00f6steri\u015fli binalar\u0131 ile tan\u0131n\u0131yordu, ancak eski kaynaklara g\u00f6re, Arycandal\u0131lar biraz tembel ve imkanlar\u0131n\u0131n \u00f6tesinde c\u00f6mert\u00e7e ya\u015fama al\u0131\u015fkanl\u0131\u011f\u0131 i\u00e7indeydiler. Bor\u00e7 i\u00e7ine d\u00fc\u015ft\u00fc\u011f\u00fc s\u00f6yleniyor; savurganl\u0131klar\u0131n\u0131 yeni \u00f6zel vergilerle kar\u015f\u0131lad\u0131klar\u0131na inan\u0131l\u0131yor.<\/p>\n<blockquote>\n<p>Antik \u00e7a\u011fda Arycanda, Likya Birli\u011fi&#8217;nin (oy hakk\u0131na sahip) bir \u00fcyesiydi ve hatta kendi sikkelerini bile bast\u0131.<\/p>\n<\/blockquote>\n\n<p>Arycanda, M\u00d6 5. y\u00fczy\u0131lda Persler taraf\u0131ndan i\u015fgal edildi\u011finde k\u00fc\u00e7\u00fck ve belirsiz bir yerle\u015fim yeriydi. Di\u011fer Likya \u015fehirleri gibi, Arycanda da istilac\u0131 g\u00fc\u00e7lere kahramanca direndi, ancak sonunda Pers \u0130mparatorlu\u011fu&#8217;nun g\u00fcc\u00fcne yenik d\u00fc\u015ft\u00fcler. Kent, yerle\u015fimin modern yolun g\u00fcneyinde yeni bir alana ta\u015f\u0131nmas\u0131 ve son y\u0131llarda yap\u0131lan restorasyon \u00e7al\u0131\u015fmalar\u0131n\u0131n mimari model g\u00f6r\u00fcn\u00fcm\u00fcyle iyi organize edilmi\u015f g\u00fczel bir kenti ortaya \u00e7\u0131karmay\u0131 ba\u015fard\u0131\u011f\u0131 9. y\u00fczy\u0131la kadar Bizans d\u00f6nemine kadar ayakta kalm\u0131\u015ft\u0131r. <\/p>\n\n<figure class=\"wp-block-image size-full is-style-default\"><img fetchpriority=\"high\" decoding=\"async\" width=\"1000\" height=\"667\" src=\"https:\/\/kasvillarent.com\/wp-content\/uploads\/2020\/12\/Arykanda-a-sarcophagi.jpg\" alt=\"G&#xFC;ney T&#xFC;rkiye, Antalya ili, Arykanda antik Likya kentindeki Do&#x11F;u Nekropol&#xFC;'nde bir lahit mezar&#x131;.\" class=\"wp-image-2253\" srcset=\"https:\/\/kasvillarent.com\/wp-content\/uploads\/2020\/12\/Arykanda-a-sarcophagi.jpg 1000w, https:\/\/kasvillarent.com\/wp-content\/uploads\/2020\/12\/Arykanda-a-sarcophagi-300x200.jpg 300w, https:\/\/kasvillarent.com\/wp-content\/uploads\/2020\/12\/Arykanda-a-sarcophagi-768x512.jpg 768w, https:\/\/kasvillarent.com\/wp-content\/uploads\/2020\/12\/Arykanda-a-sarcophagi-927x618.jpg 927w, https:\/\/kasvillarent.com\/wp-content\/uploads\/2020\/12\/Arykanda-a-sarcophagi-20x13.jpg 20w\" sizes=\"(max-width: 1000px) 100vw, 1000px\" \/><figcaption>G\u00fcney T\u00fcrkiye, Antalya ili, Arykanda antik Likya kentindeki Do\u011fu Nekropol\u00fc&#8217;nde bir lahit mezar\u0131.<\/figcaption><\/figure>\n\n<p><strong>Bu muhte\u015fem \u015fehrin baz\u0131 \u00f6zellikleri \u015funlard\u0131r:<\/strong><\/p>\n\n<ul class=\"wp-block-list\"><li><strong>Likya&#8217;n\u0131n en b\u00fcy\u00fck hamam kompleksi<\/strong>, en alttaki teras b\u00f6l\u00fcm\u00fcnde ve spor salonunun yan\u0131nda bulunmaktad\u0131r, hamam kemerler dizisi i\u00e7inde hala neredeyse sa\u011flam vaziyettedir.<br\/> <\/li><li><strong>Agora<\/strong> do\u011fu kesimindeki baz\u0131 d\u00fckkanlar hala g\u00f6r\u00fclebilmektedir. Odeonun g\u00fcneyinde yer alan k\u0131sm\u0131 geni\u015f ve d\u00fczd\u00fcr ve \u00fc\u00e7 taraf\u0131 revakla \u00e7evrilmi\u015ftir.<br\/> <\/li><li><strong>Amfitiyatro<\/strong> MS 2. y\u00fczy\u0131lda in\u015fa edilmi\u015ftir, ve halen m\u00fckemmel durumdad\u0131r. Tiyatro 7 b\u00f6l\u00fcme ayr\u0131lm\u0131\u015f 20 s\u0131ra koltukdan ibarettir. Her s\u0131ran\u0131n kenar\u0131nda koruyucu tenteleri desteklemek i\u00e7in kullan\u0131lan delikler vard\u0131r.<br\/> <\/li><li><strong>Odeon<\/strong> &#8211; MS 2. y\u00fczy\u0131l. Ana giri\u015f g\u00fcneyde, \u00fc\u00e7l\u00fc bir portald\u0131r. Bu bir zamanlar \u00e7ok s\u00fcsl\u00fc bir binayd\u0131, i\u00e7 k\u0131s\u0131m b\u00fcy\u00fck ta\u015f bloklar\u0131 ve duvarlar, orkestra ve koltuklar bir zamanlar renkli mermerle kapl\u0131yd\u0131. Kap\u0131n\u0131n \u00fcst\u00fcndeki frizde, \u00fczerinde maskeler ve kabartma tanr\u0131lar\u0131n ba\u015flar\u0131 bulunan kartu\u015flarla \u00e7evrili \u0130mparator Hadrian&#8217;\u0131n bir portresi vard\u0131r.<br\/> <\/li><li>Helenistik d\u00f6neme ait <strong>stadyum<\/strong>, tiyatronun \u00fcst\u00fcnde, ko\u015fu yolu \u015feklinde. Normal bir stadyumdan daha k\u00fc\u00e7\u00fckt\u00fcr ve 106 m&#8217;dir. uzunlu\u011funda ve 17 m. Geni\u015f. Stadyumun kuzey taraf\u0131nda birka\u00e7 basamak benzeri koltuk geriye kalan kal\u0131nt\u0131lard\u0131r.<br\/> <\/li><li><strong>Nekropolisler (Mezarl\u0131klar)<\/strong> iki tane var ve sitenin giri\u015finde yer almakttad\u0131r, zengin bir \u015fekilde dekore edilmi\u015flerdir, mezar an\u0131tlar\u0131 dizisi ile olduk\u00e7a ilgi \u00e7ekicidir. Do\u011fu tarafta kalan mezarl\u0131kta be\u015fik tonozlu an\u0131tsal mezarlar, tap\u0131nak mezarlar ve lahitler, bat\u0131 tarafta kalan mezarl\u0131kta ise kaya ve be\u015fik de\u011ferli mezarlar bulunmaktad\u0131r.<br\/> <\/li><li><strong>Meclis Binas\u0131<\/strong> \u015fehrin kuzeybat\u0131 yamac\u0131nda 137 metre uzunlu\u011funda bir kemeralt\u0131n\u0131n sonunda yer al\u0131yor. Bina, canl\u0131 kayaya oyulmu\u015f oturma s\u0131ralar\u0131 ile bir da\u011f yamac\u0131na yerle\u015ftirilmi\u015ftir.<\/li><\/ul>\n\n<figure class=\"wp-block-image size-large is-style-default\"><img decoding=\"async\" width=\"1000\" height=\"667\" src=\"https:\/\/kasvillarent.com\/wp-content\/uploads\/2020\/12\/Arykanda-Bath.jpg\" alt=\"\" class=\"wp-image-2255\" srcset=\"https:\/\/kasvillarent.com\/wp-content\/uploads\/2020\/12\/Arykanda-Bath.jpg 1000w, https:\/\/kasvillarent.com\/wp-content\/uploads\/2020\/12\/Arykanda-Bath-300x200.jpg 300w, https:\/\/kasvillarent.com\/wp-content\/uploads\/2020\/12\/Arykanda-Bath-768x512.jpg 768w, https:\/\/kasvillarent.com\/wp-content\/uploads\/2020\/12\/Arykanda-Bath-927x618.jpg 927w, https:\/\/kasvillarent.com\/wp-content\/uploads\/2020\/12\/Arykanda-Bath-20x13.jpg 20w\" sizes=\"(max-width: 1000px) 100vw, 1000px\" \/><figcaption>Arycanda&#8217;daki B\u00fcy\u00fck Hamamlar ve Gymnasium kompleksi.<\/figcaption><\/figure>\n\n<p>Arycanda antik kentine \u00e7evrede bulunan kentlerden yap\u0131lan yolculu\u011fun, T\u00fcrkiye&#8217;de bulunabilecek en nefes kesici manzaralardan baz\u0131lar\u0131n\u0131 sundu\u011fu yayg\u0131n olarak kabul edilmektedir. Da\u011fl\u0131k arazi ile \u00e7evrili mezralara do\u011fru ilerlerken, geleneksel k\u00f6y ya\u015fam\u0131n\u0131, tarlalarla me\u015fgul olan yerlileri ve bol miktarda mahsul ve bitki \u00f6rt\u00fcs\u00fcn\u00fc g\u00f6rebilirsiniz. Arykanda kal\u0131nt\u0131lar\u0131, Akda\u011f ve \u00e7am ormanlar\u0131yla kapl\u0131 g\u00fcneye bakan ve dik yama\u00e7lara oyulmu\u015f bir vadide teraslar \u00fczerinde d\u00fczenlenmi\u015ftir, manzara hem geni\u015f ve hem de etkileyicidir. <\/p>\n\n<figure class=\"wp-block-image size-large is-style-default\"><img decoding=\"async\" width=\"1000\" height=\"667\" src=\"https:\/\/kasvillarent.com\/wp-content\/uploads\/2020\/12\/Arycanda-surrounding-view.jpg\" alt=\"B&#xFC;y&#xFC;k Hamam panoramik g&#xF6;r&#xFC;n&#xFC;m&#xFC;. Arycanda\" class=\"wp-image-2256\" srcset=\"https:\/\/kasvillarent.com\/wp-content\/uploads\/2020\/12\/Arycanda-surrounding-view.jpg 1000w, https:\/\/kasvillarent.com\/wp-content\/uploads\/2020\/12\/Arycanda-surrounding-view-300x200.jpg 300w, https:\/\/kasvillarent.com\/wp-content\/uploads\/2020\/12\/Arycanda-surrounding-view-768x512.jpg 768w, https:\/\/kasvillarent.com\/wp-content\/uploads\/2020\/12\/Arycanda-surrounding-view-927x618.jpg 927w, https:\/\/kasvillarent.com\/wp-content\/uploads\/2020\/12\/Arycanda-surrounding-view-20x13.jpg 20w\" sizes=\"(max-width: 1000px) 100vw, 1000px\" \/><figcaption>Grand Baths kompleksinin ve Arycanda&#8217;y\u0131 \u00e7evreleyen \u00e7arp\u0131c\u0131 manzaran\u0131n panoramik manzaras\u0131,<\/figcaption><\/figure>\n","protected":false},"excerpt":{"rendered":"<p>Arycanda&#8217;n\u0131n en eski Likya yerlerinden biri oldu\u011fu biliniyor &#8211; ad\u0131 -anda ile bitiyor, Anadolu k\u00f6keninin M\u00d6 2. bin y\u0131l \u00f6ncesine kadar gitti\u011fini g\u00f6steriyor. Likya&#8217;n\u0131n en eski sikkelerinden baz\u0131lar\u0131 (5. yy. Yak\u0131n zamanda yap\u0131lan bir kaz\u0131da burada da M\u00d6 bulunmu\u015ftur; alan s\u00fcrekli kaz\u0131 alt\u0131ndad\u0131r. Arycanda, bir da\u011f yamac\u0131na t\u0131rmanan be\u015f b\u00fcy\u00fck teras \u00fczerine kurulmu\u015f e\u015fsiz bir &hellip; <a href=\"https:\/\/kasvillarent.com\/tr\/ilginizi-cekebilecek-yerler\/tarihi-yerler\/arycanda\/\" class=\"more-link\">Continue reading<span class=\"screen-reader-text\"> &#8220;Arycanda&#8221;<\/span><\/a><\/p>\n","protected":false},"author":29,"featured_media":5575,"parent":7172,"menu_order":0,"comment_status":"closed","ping_status":"closed","template":"","meta":{"_uag_custom_page_level_css":"","_monsterinsights_skip_tracking":false,"_monsterinsights_sitenote_active":false,"_monsterinsights_sitenote_note":"","_monsterinsights_sitenote_category":0,"footnotes":""},"class_list":["post-7175","page","type-page","status-publish","has-post-thumbnail","hentry"],"yoast_head":"<!-- This site is optimized with the Yoast SEO Premium plugin v27.0 (Yoast SEO v27.0) - https:\/\/yoast.com\/product\/yoast-seo-premium-wordpress\/ -->\n<title>Arycanda - Kas Villa Rent<\/title>\n<meta name=\"description\" content=\"Arycanda en eski Likya sit alanlar\u0131ndan biridir - E\u015fsiz bir Likya kentidir ve en \u00e7ok zevk ve e\u011flenceyi seven halka sahip olmas\u0131yla bilinirdi.\" \/>\n<meta name=\"robots\" content=\"index, follow, max-snippet:-1, max-image-preview:large, max-video-preview:-1\" \/>\n<link rel=\"canonical\" href=\"https:\/\/kasvillarent.com\/tr\/ilginizi-cekebilecek-yerler\/tarihi-yerler\/arycanda\/\" \/>\n<meta property=\"og:locale\" content=\"tr_TR\" \/>\n<meta property=\"og:type\" content=\"article\" \/>\n<meta property=\"og:title\" content=\"Arycanda\" \/>\n<meta property=\"og:description\" content=\"Arycanda en eski Likya sit alanlar\u0131ndan biridir - E\u015fsiz bir Likya kentidir ve en \u00e7ok zevk ve e\u011flenceyi seven halka sahip olmas\u0131yla bilinirdi.\" \/>\n<meta property=\"og:url\" content=\"https:\/\/kasvillarent.com\/tr\/ilginizi-cekebilecek-yerler\/tarihi-yerler\/arycanda\/\" \/>\n<meta property=\"og:site_name\" content=\"Kas Villa Rent\" \/>\n<meta property=\"article:publisher\" content=\"https:\/\/www.facebook.com\/kas.villa.rent\/\" \/>\n<meta property=\"article:modified_time\" content=\"2025-07-05T18:13:48+00:00\" \/>\n<meta property=\"og:image\" content=\"https:\/\/kasvillarent.com\/wp-content\/uploads\/2020\/12\/Arycanda.jpg\" \/>\n\t<meta property=\"og:image:width\" content=\"1000\" \/>\n\t<meta property=\"og:image:height\" content=\"667\" \/>\n\t<meta property=\"og:image:type\" content=\"image\/jpeg\" \/>\n<meta name=\"twitter:card\" content=\"summary_large_image\" \/>\n<meta name=\"twitter:label1\" content=\"Tahmini okuma s\u00fcresi\" \/>\n\t<meta name=\"twitter:data1\" content=\"3 dakika\" \/>\n<script type=\"application\/ld+json\" class=\"yoast-schema-graph\">{\"@context\":\"https:\/\/schema.org\",\"@graph\":[{\"@type\":\"WebPage\",\"@id\":\"https:\/\/kasvillarent.com\/tr\/ilginizi-cekebilecek-yerler\/tarihi-yerler\/arycanda\/\",\"url\":\"https:\/\/kasvillarent.com\/tr\/ilginizi-cekebilecek-yerler\/tarihi-yerler\/arycanda\/\",\"name\":\"Arycanda - Kas Villa Rent\",\"isPartOf\":{\"@id\":\"https:\/\/kasvillarent.com\/tr\/#website\"},\"primaryImageOfPage\":{\"@id\":\"https:\/\/kasvillarent.com\/tr\/ilginizi-cekebilecek-yerler\/tarihi-yerler\/arycanda\/#primaryimage\"},\"image\":{\"@id\":\"https:\/\/kasvillarent.com\/tr\/ilginizi-cekebilecek-yerler\/tarihi-yerler\/arycanda\/#primaryimage\"},\"thumbnailUrl\":\"https:\/\/kasvillarent.com\/wp-content\/uploads\/2020\/12\/Arycanda.jpg\",\"datePublished\":\"2021-05-15T11:14:21+00:00\",\"dateModified\":\"2025-07-05T18:13:48+00:00\",\"description\":\"Arycanda en eski Likya sit alanlar\u0131ndan biridir - E\u015fsiz bir Likya kentidir ve en \u00e7ok zevk ve e\u011flenceyi seven halka sahip olmas\u0131yla bilinirdi.\",\"breadcrumb\":{\"@id\":\"https:\/\/kasvillarent.com\/tr\/ilginizi-cekebilecek-yerler\/tarihi-yerler\/arycanda\/#breadcrumb\"},\"inLanguage\":\"tr\",\"potentialAction\":[{\"@type\":\"ReadAction\",\"target\":[\"https:\/\/kasvillarent.com\/tr\/ilginizi-cekebilecek-yerler\/tarihi-yerler\/arycanda\/\"]}]},{\"@type\":\"ImageObject\",\"inLanguage\":\"tr\",\"@id\":\"https:\/\/kasvillarent.com\/tr\/ilginizi-cekebilecek-yerler\/tarihi-yerler\/arycanda\/#primaryimage\",\"url\":\"https:\/\/kasvillarent.com\/wp-content\/uploads\/2020\/12\/Arycanda.jpg\",\"contentUrl\":\"https:\/\/kasvillarent.com\/wp-content\/uploads\/2020\/12\/Arycanda.jpg\",\"width\":1000,\"height\":667,\"caption\":\"Antik Helenistik Tiyatro.\"},{\"@type\":\"BreadcrumbList\",\"@id\":\"https:\/\/kasvillarent.com\/tr\/ilginizi-cekebilecek-yerler\/tarihi-yerler\/arycanda\/#breadcrumb\",\"itemListElement\":[{\"@type\":\"ListItem\",\"position\":1,\"name\":\"Home\",\"item\":\"https:\/\/kasvillarent.com\/tr\/\"},{\"@type\":\"ListItem\",\"position\":2,\"name\":\"\u0130LG\u0130N\u0130Z\u0130 \u00c7EKEB\u0130LECEK YERLER\",\"item\":\"https:\/\/kasvillarent.com\/tr\/ilginizi-cekebilecek-yerler\/\"},{\"@type\":\"ListItem\",\"position\":3,\"name\":\"TAR\u0130H\u0130 YERLER\",\"item\":\"https:\/\/kasvillarent.com\/tr\/ilginizi-cekebilecek-yerler\/tarihi-yerler\/\"},{\"@type\":\"ListItem\",\"position\":4,\"name\":\"Arycanda\"}]},{\"@type\":\"WebSite\",\"@id\":\"https:\/\/kasvillarent.com\/tr\/#website\",\"url\":\"https:\/\/kasvillarent.com\/tr\/\",\"name\":\"Kas Villa Rent\",\"description\":\"Luxury Villas in Kas Antalya\",\"publisher\":{\"@id\":\"https:\/\/kasvillarent.com\/tr\/#organization\"},\"potentialAction\":[{\"@type\":\"SearchAction\",\"target\":{\"@type\":\"EntryPoint\",\"urlTemplate\":\"https:\/\/kasvillarent.com\/tr\/?s={search_term_string}\"},\"query-input\":{\"@type\":\"PropertyValueSpecification\",\"valueRequired\":true,\"valueName\":\"search_term_string\"}}],\"inLanguage\":\"tr\"},{\"@type\":\"Organization\",\"@id\":\"https:\/\/kasvillarent.com\/tr\/#organization\",\"name\":\"Kas Villa Rent\",\"url\":\"https:\/\/kasvillarent.com\/tr\/\",\"logo\":{\"@type\":\"ImageObject\",\"inLanguage\":\"tr\",\"@id\":\"https:\/\/kasvillarent.com\/tr\/#\/schema\/logo\/image\/\",\"url\":\"https:\/\/kasvillarent.com\/wp-content\/uploads\/2022\/06\/FullColor_1280x1024_300dpi-1.png\",\"contentUrl\":\"https:\/\/kasvillarent.com\/wp-content\/uploads\/2022\/06\/FullColor_1280x1024_300dpi-1.png\",\"width\":1155,\"height\":924,\"caption\":\"Kas Villa Rent\"},\"image\":{\"@id\":\"https:\/\/kasvillarent.com\/tr\/#\/schema\/logo\/image\/\"},\"sameAs\":[\"https:\/\/www.facebook.com\/kas.villa.rent\/\",\"https:\/\/instagram.com\/kasvillarent\"]}]}<\/script>\n<!-- \/ Yoast SEO Premium plugin. -->","yoast_head_json":{"title":"Arycanda - Kas Villa Rent","description":"Arycanda en eski Likya sit alanlar\u0131ndan biridir - E\u015fsiz bir Likya kentidir ve en \u00e7ok zevk ve e\u011flenceyi seven halka sahip olmas\u0131yla bilinirdi.","robots":{"index":"index","follow":"follow","max-snippet":"max-snippet:-1","max-image-preview":"max-image-preview:large","max-video-preview":"max-video-preview:-1"},"canonical":"https:\/\/kasvillarent.com\/tr\/ilginizi-cekebilecek-yerler\/tarihi-yerler\/arycanda\/","og_locale":"tr_TR","og_type":"article","og_title":"Arycanda","og_description":"Arycanda en eski Likya sit alanlar\u0131ndan biridir - E\u015fsiz bir Likya kentidir ve en \u00e7ok zevk ve e\u011flenceyi seven halka sahip olmas\u0131yla bilinirdi.","og_url":"https:\/\/kasvillarent.com\/tr\/ilginizi-cekebilecek-yerler\/tarihi-yerler\/arycanda\/","og_site_name":"Kas Villa Rent","article_publisher":"https:\/\/www.facebook.com\/kas.villa.rent\/","article_modified_time":"2025-07-05T18:13:48+00:00","og_image":[{"width":1000,"height":667,"url":"https:\/\/kasvillarent.com\/wp-content\/uploads\/2020\/12\/Arycanda.jpg","type":"image\/jpeg"}],"twitter_card":"summary_large_image","twitter_misc":{"Tahmini okuma s\u00fcresi":"3 dakika"},"schema":{"@context":"https:\/\/schema.org","@graph":[{"@type":"WebPage","@id":"https:\/\/kasvillarent.com\/tr\/ilginizi-cekebilecek-yerler\/tarihi-yerler\/arycanda\/","url":"https:\/\/kasvillarent.com\/tr\/ilginizi-cekebilecek-yerler\/tarihi-yerler\/arycanda\/","name":"Arycanda - Kas Villa Rent","isPartOf":{"@id":"https:\/\/kasvillarent.com\/tr\/#website"},"primaryImageOfPage":{"@id":"https:\/\/kasvillarent.com\/tr\/ilginizi-cekebilecek-yerler\/tarihi-yerler\/arycanda\/#primaryimage"},"image":{"@id":"https:\/\/kasvillarent.com\/tr\/ilginizi-cekebilecek-yerler\/tarihi-yerler\/arycanda\/#primaryimage"},"thumbnailUrl":"https:\/\/kasvillarent.com\/wp-content\/uploads\/2020\/12\/Arycanda.jpg","datePublished":"2021-05-15T11:14:21+00:00","dateModified":"2025-07-05T18:13:48+00:00","description":"Arycanda en eski Likya sit alanlar\u0131ndan biridir - E\u015fsiz bir Likya kentidir ve en \u00e7ok zevk ve e\u011flenceyi seven halka sahip olmas\u0131yla bilinirdi.","breadcrumb":{"@id":"https:\/\/kasvillarent.com\/tr\/ilginizi-cekebilecek-yerler\/tarihi-yerler\/arycanda\/#breadcrumb"},"inLanguage":"tr","potentialAction":[{"@type":"ReadAction","target":["https:\/\/kasvillarent.com\/tr\/ilginizi-cekebilecek-yerler\/tarihi-yerler\/arycanda\/"]}]},{"@type":"ImageObject","inLanguage":"tr","@id":"https:\/\/kasvillarent.com\/tr\/ilginizi-cekebilecek-yerler\/tarihi-yerler\/arycanda\/#primaryimage","url":"https:\/\/kasvillarent.com\/wp-content\/uploads\/2020\/12\/Arycanda.jpg","contentUrl":"https:\/\/kasvillarent.com\/wp-content\/uploads\/2020\/12\/Arycanda.jpg","width":1000,"height":667,"caption":"Antik Helenistik Tiyatro."},{"@type":"BreadcrumbList","@id":"https:\/\/kasvillarent.com\/tr\/ilginizi-cekebilecek-yerler\/tarihi-yerler\/arycanda\/#breadcrumb","itemListElement":[{"@type":"ListItem","position":1,"name":"Home","item":"https:\/\/kasvillarent.com\/tr\/"},{"@type":"ListItem","position":2,"name":"\u0130LG\u0130N\u0130Z\u0130 \u00c7EKEB\u0130LECEK YERLER","item":"https:\/\/kasvillarent.com\/tr\/ilginizi-cekebilecek-yerler\/"},{"@type":"ListItem","position":3,"name":"TAR\u0130H\u0130 YERLER","item":"https:\/\/kasvillarent.com\/tr\/ilginizi-cekebilecek-yerler\/tarihi-yerler\/"},{"@type":"ListItem","position":4,"name":"Arycanda"}]},{"@type":"WebSite","@id":"https:\/\/kasvillarent.com\/tr\/#website","url":"https:\/\/kasvillarent.com\/tr\/","name":"Kas Villa Rent","description":"Luxury Villas in Kas Antalya","publisher":{"@id":"https:\/\/kasvillarent.com\/tr\/#organization"},"potentialAction":[{"@type":"SearchAction","target":{"@type":"EntryPoint","urlTemplate":"https:\/\/kasvillarent.com\/tr\/?s={search_term_string}"},"query-input":{"@type":"PropertyValueSpecification","valueRequired":true,"valueName":"search_term_string"}}],"inLanguage":"tr"},{"@type":"Organization","@id":"https:\/\/kasvillarent.com\/tr\/#organization","name":"Kas Villa Rent","url":"https:\/\/kasvillarent.com\/tr\/","logo":{"@type":"ImageObject","inLanguage":"tr","@id":"https:\/\/kasvillarent.com\/tr\/#\/schema\/logo\/image\/","url":"https:\/\/kasvillarent.com\/wp-content\/uploads\/2022\/06\/FullColor_1280x1024_300dpi-1.png","contentUrl":"https:\/\/kasvillarent.com\/wp-content\/uploads\/2022\/06\/FullColor_1280x1024_300dpi-1.png","width":1155,"height":924,"caption":"Kas Villa Rent"},"image":{"@id":"https:\/\/kasvillarent.com\/tr\/#\/schema\/logo\/image\/"},"sameAs":["https:\/\/www.facebook.com\/kas.villa.rent\/","https:\/\/instagram.com\/kasvillarent"]}]}},"uagb_featured_image_src":{"full":["https:\/\/kasvillarent.com\/wp-content\/uploads\/2020\/12\/Arycanda.jpg",1000,667,false],"thumbnail":["https:\/\/kasvillarent.com\/wp-content\/uploads\/2020\/12\/Arycanda-150x150.jpg",150,150,true],"medium":["https:\/\/kasvillarent.com\/wp-content\/uploads\/2020\/12\/Arycanda-300x200.jpg",300,200,true],"medium_large":["https:\/\/kasvillarent.com\/wp-content\/uploads\/2020\/12\/Arycanda-768x512.jpg",768,512,true],"large":["https:\/\/kasvillarent.com\/wp-content\/uploads\/2020\/12\/Arycanda.jpg",769,513,false],"1536x1536":["https:\/\/kasvillarent.com\/wp-content\/uploads\/2020\/12\/Arycanda.jpg",1000,667,false],"2048x2048":["https:\/\/kasvillarent.com\/wp-content\/uploads\/2020\/12\/Arycanda.jpg",1000,667,false],"post-thumbnail":["https:\/\/kasvillarent.com\/wp-content\/uploads\/2020\/12\/Arycanda.jpg",1000,667,false],"villagio-thumb-large":["https:\/\/kasvillarent.com\/wp-content\/uploads\/2020\/12\/Arycanda.jpg",1000,667,false],"villagio-thumb-medium":["https:\/\/kasvillarent.com\/wp-content\/uploads\/2020\/12\/Arycanda-927x618.jpg",927,618,true],"villagio-thumb-small":["https:\/\/kasvillarent.com\/wp-content\/uploads\/2020\/12\/Arycanda-717x540.jpg",717,540,true],"villagio-thumb-small-x2":["https:\/\/kasvillarent.com\/wp-content\/uploads\/2020\/12\/Arycanda.jpg",1000,667,false]},"uagb_author_info":{"display_name":"Mehmet_Y","author_link":"https:\/\/kasvillarent.com\/tr\/author\/mehmet_y\/"},"uagb_comment_info":0,"uagb_excerpt":"Arycanda&#8217;n\u0131n en eski Likya yerlerinden biri oldu\u011fu biliniyor &#8211; ad\u0131 -anda ile bitiyor, Anadolu k\u00f6keninin M\u00d6 2. bin y\u0131l \u00f6ncesine kadar gitti\u011fini g\u00f6steriyor. Likya&#8217;n\u0131n en eski sikkelerinden baz\u0131lar\u0131 (5. yy. Yak\u0131n zamanda yap\u0131lan bir kaz\u0131da burada da M\u00d6 bulunmu\u015ftur; alan s\u00fcrekli kaz\u0131 alt\u0131ndad\u0131r. Arycanda, bir da\u011f yamac\u0131na t\u0131rmanan be\u015f b\u00fcy\u00fck teras \u00fczerine kurulmu\u015f e\u015fsiz bir&hellip;","jetpack_sharing_enabled":true,"_links":{"self":[{"href":"https:\/\/kasvillarent.com\/tr\/wp-json\/wp\/v2\/pages\/7175","targetHints":{"allow":["GET"]}}],"collection":[{"href":"https:\/\/kasvillarent.com\/tr\/wp-json\/wp\/v2\/pages"}],"about":[{"href":"https:\/\/kasvillarent.com\/tr\/wp-json\/wp\/v2\/types\/page"}],"author":[{"embeddable":true,"href":"https:\/\/kasvillarent.com\/tr\/wp-json\/wp\/v2\/users\/29"}],"replies":[{"embeddable":true,"href":"https:\/\/kasvillarent.com\/tr\/wp-json\/wp\/v2\/comments?post=7175"}],"version-history":[{"count":2,"href":"https:\/\/kasvillarent.com\/tr\/wp-json\/wp\/v2\/pages\/7175\/revisions"}],"predecessor-version":[{"id":12637,"href":"https:\/\/kasvillarent.com\/tr\/wp-json\/wp\/v2\/pages\/7175\/revisions\/12637"}],"up":[{"embeddable":true,"href":"https:\/\/kasvillarent.com\/tr\/wp-json\/wp\/v2\/pages\/7172"}],"wp:featuredmedia":[{"embeddable":true,"href":"https:\/\/kasvillarent.com\/tr\/wp-json\/wp\/v2\/media\/5575"}],"wp:attachment":[{"href":"https:\/\/kasvillarent.com\/tr\/wp-json\/wp\/v2\/media?parent=7175"}],"curies":[{"name":"wp","href":"https:\/\/api.w.org\/{rel}","templated":true}]}}