{"id":7194,"date":"2021-05-15T22:44:34","date_gmt":"2021-05-15T19:44:34","guid":{"rendered":"https:\/\/kasvillarent.com\/ilginizi-cekebilecek-yerler\/tarihi-yerler\/habessos-antiphellos-andifli-kas\/"},"modified":"2025-07-05T21:13:50","modified_gmt":"2025-07-05T18:13:50","slug":"habessos-antiphellos-andifli-kas","status":"publish","type":"page","link":"https:\/\/kasvillarent.com\/tr\/ilginizi-cekebilecek-yerler\/tarihi-yerler\/habessos-antiphellos-andifli-kas\/","title":{"rendered":"Habessos &#8211; Antiphellos &#8211; Andifli &#8211; Ka\u015f"},"content":{"rendered":"\n<p>Ka\u015f, Likya Uygarl\u0131\u011f\u0131n\u0131n \u00f6nemli liman kentlerinden biri olan Antiphellos \u015eehri \u00fczerine kurulmu\u015ftur. \u00c7ukurba\u011f k\u00f6y\u00fcne yak\u0131n antik Phellos kentinin liman\u0131 olarak kurulmu\u015f, ancak zamanla sedir a\u011fac\u0131 ticareti ile zengin bir \u015fehir haline gelmi\u015f ve Phellos&#8217;tan ayr\u0131lm\u0131\u015ft\u0131r.<\/p>\n\n<p>Antik kentten kalan kal\u0131nt\u0131lar Ka\u015f&#8217;\u0131n merkezine da\u011f\u0131lm\u0131\u015f olarak g\u00f6r\u00fclebiliyor. Maalesef antik tiyatro d\u0131\u015f\u0131ndaki kal\u0131nt\u0131lar kendi kaderlerine terkedildiler.<\/p>\n<h6><span style=\"color: #000080;\">Antik Tiyatro<\/span><\/h6>\n<p>Antik tiyatro, Anadolu&#8217;da denize bakan tek tiyatrodur. Helenistik d\u00f6neme ait olan tiyatro, y\u00f6renin yerel kesme kalker ta\u015f\u0131ndan yap\u0131lm\u0131\u015ft\u0131r ve 3000 ki\u015filik kapasiteye sahiptir. 2008 y\u0131l\u0131nda restore edilen tiyatro, g\u00fcn bat\u0131m\u0131n\u0131 izlemek i\u00e7in harika bir mekand\u0131r.<\/p>\n<p><img fetchpriority=\"high\" decoding=\"async\" class=\" wp-image-1571 alignleft\" src=\"https:\/\/kasvillarent.com\/wp-content\/uploads\/2020\/12\/Antique-Theater-Kas.jpg\" alt=\"Antik Tiyatro Ka\u015f\" width=\"560\" height=\"373\" srcset=\"https:\/\/kasvillarent.com\/wp-content\/uploads\/2020\/12\/Antique-Theater-Kas.jpg 1200w, https:\/\/kasvillarent.com\/wp-content\/uploads\/2020\/12\/Antique-Theater-Kas-300x200.jpg 300w, https:\/\/kasvillarent.com\/wp-content\/uploads\/2020\/12\/Antique-Theater-Kas-1024x683.jpg 1024w, https:\/\/kasvillarent.com\/wp-content\/uploads\/2020\/12\/Antique-Theater-Kas-768x512.jpg 768w, https:\/\/kasvillarent.com\/wp-content\/uploads\/2020\/12\/Antique-Theater-Kas-927x618.jpg 927w, https:\/\/kasvillarent.com\/wp-content\/uploads\/2020\/12\/Antique-Theater-Kas-20x13.jpg 20w\" sizes=\"(max-width: 560px) 100vw, 560px\" \/>Tiyatronun bir mezarl\u0131k ile \u00e7evrili oldu\u011fu farkl\u0131 d\u00f6nemlere ait mezarlardan anla\u015f\u0131lmaktad\u0131r. Antik tiyatronun yak\u0131n\u0131nda ana kayaya oyulmu\u015f dor tipi bir mezar dikkat \u00e7ekiyor. Akdam Dor T\u00fcrbesi olarak adland\u0131r\u0131lan t\u00fcrbede el ele tutu\u015fan kad\u0131n fig\u00fcrlerinin Likya&#8217;da ba\u015fka bir \u00f6rne\u011fi yoktur. S\u00fcslemeler, i\u00e7eride yanan ve \u015fu anda g\u00f6r\u00fcnmeyen ate\u015ften gelen is ile kaplanm\u0131\u015ft\u0131r.<\/p>\n<h5><span style=\"color: #000080;\">Lahit<\/span><\/h5>\n<p>Uzun \u00c7ar\u015f\u0131&#8217;n\u0131n giri\u015findeki Kral Mezar\u0131, bug\u00fcne kadar en sa\u011flam kalm\u0131\u015f lahitlerden biridir. Asl\u0131nda bir krala ait olup olmad\u0131\u011f\u0131<img decoding=\"async\" class=\" wp-image-1572 alignright\" src=\"https:\/\/kasvillarent.com\/wp-content\/uploads\/2020\/12\/sarcophagi.jpg\" alt=\"lahit\" width=\"592\" height=\"394\" srcset=\"https:\/\/kasvillarent.com\/wp-content\/uploads\/2020\/12\/sarcophagi.jpg 1200w, https:\/\/kasvillarent.com\/wp-content\/uploads\/2020\/12\/sarcophagi-300x200.jpg 300w, https:\/\/kasvillarent.com\/wp-content\/uploads\/2020\/12\/sarcophagi-1024x683.jpg 1024w, https:\/\/kasvillarent.com\/wp-content\/uploads\/2020\/12\/sarcophagi-768x512.jpg 768w, https:\/\/kasvillarent.com\/wp-content\/uploads\/2020\/12\/sarcophagi-927x618.jpg 927w, https:\/\/kasvillarent.com\/wp-content\/uploads\/2020\/12\/sarcophagi-20x13.jpg 20w\" sizes=\"(max-width: 592px) 100vw, 592px\" \/> bilinmiyor, \u00fczerindeki aslan ba\u015flar\u0131ndan dolay\u0131 bu ismi alm\u0131\u015f.  Ka\u015f merkezde, pazar yerinde ve liman\u0131n giri\u015finde jandarma binas\u0131n\u0131n deniz taraf\u0131nda olmak \u00fczere \u00fc\u00e7 adet daha sa\u011flam lahit bulunmaktad\u0131r. Baz\u0131 lahit kapaklar\u0131 Ka\u015f&#8217;\u0131n \u00e7evresine da\u011f\u0131lm\u0131\u015f ve bir\u00e7ok yerde g\u00f6r\u00fclmektedir.<\/p>\n\n<p>Ka\u015f&#8217;\u0131n arkas\u0131ndaki kayal\u0131k tepeye (uyuyan dev) bakt\u0131\u011f\u0131n\u0131zda iki antik kaya mezar\u0131n\u0131 g\u00f6rebilirsiniz. Antiphellos&#8217;un erken d\u00f6nemine ait bu mezarlar, meydan\u0131n arkas\u0131ndaki bir sokakta ve sahil g\u00fcvenlik \u00f6n\u00fcnde de g\u00f6r\u00fclebiliyor.<\/p>\n\n<figure class=\"wp-block-image size-large\"><img decoding=\"async\" width=\"1024\" height=\"683\" src=\"https:\/\/kasvillarent.com\/wp-content\/uploads\/2020\/12\/Lycian-1024x683.jpg\" alt=\"\" class=\"wp-image-1573\" srcset=\"https:\/\/kasvillarent.com\/wp-content\/uploads\/2020\/12\/Lycian-1024x683.jpg 1024w, https:\/\/kasvillarent.com\/wp-content\/uploads\/2020\/12\/Lycian-300x200.jpg 300w, https:\/\/kasvillarent.com\/wp-content\/uploads\/2020\/12\/Lycian-768x512.jpg 768w, https:\/\/kasvillarent.com\/wp-content\/uploads\/2020\/12\/Lycian-927x618.jpg 927w, https:\/\/kasvillarent.com\/wp-content\/uploads\/2020\/12\/Lycian-20x13.jpg 20w, https:\/\/kasvillarent.com\/wp-content\/uploads\/2020\/12\/Lycian.jpg 1200w\" sizes=\"(max-width: 1024px) 100vw, 1024px\" \/><\/figure>\n\n<p>Likya antik kentlerinin su sistemleri sarn\u0131\u00e7lara dayanmaktad\u0131r. Antiphellos&#8217;un Helenistik ve Roma d\u00f6nemlerine ait bir\u00e7ok sarn\u0131\u00e7tan sadece ikisi ayakta kalabilmi\u015ftir. Ka\u015f Liman\u0131&#8217;ndaki Echo Bar&#8217;\u0131n yan\u0131ndaki sarn\u0131\u00e7 ayd\u0131nlat\u0131larak ziyaret\u00e7ilere a\u00e7\u0131ld\u0131. Ana kayan\u0131n oyulmas\u0131yla yap\u0131lan sarn\u0131c\u0131n \u00e7at\u0131s\u0131n\u0131 7 s\u00fctun ta\u015f\u0131r. \u00dccretsiz olarak ziyaret edilebilir.<\/p>\n\n<p><\/p>\n","protected":false},"excerpt":{"rendered":"<p>Ka\u015f, Likya Uygarl\u0131\u011f\u0131n\u0131n \u00f6nemli liman kentlerinden biri olan Antiphellos \u015eehri \u00fczerine kurulmu\u015ftur. \u00c7ukurba\u011f k\u00f6y\u00fcne yak\u0131n antik Phellos kentinin liman\u0131 olarak kurulmu\u015f, ancak zamanla sedir a\u011fac\u0131 ticareti ile zengin bir \u015fehir haline gelmi\u015f ve Phellos&#8217;tan ayr\u0131lm\u0131\u015ft\u0131r. Antik kentten kalan kal\u0131nt\u0131lar Ka\u015f&#8217;\u0131n merkezine da\u011f\u0131lm\u0131\u015f olarak g\u00f6r\u00fclebiliyor. Maalesef antik tiyatro d\u0131\u015f\u0131ndaki kal\u0131nt\u0131lar kendi kaderlerine terkedildiler. Antik Tiyatro Antik &hellip; <a href=\"https:\/\/kasvillarent.com\/tr\/ilginizi-cekebilecek-yerler\/tarihi-yerler\/habessos-antiphellos-andifli-kas\/\" class=\"more-link\">Continue reading<span class=\"screen-reader-text\"> &#8220;Habessos &#8211; Antiphellos &#8211; Andifli &#8211; Ka\u015f&#8221;<\/span><\/a><\/p>\n","protected":false},"author":29,"featured_media":5619,"parent":7172,"menu_order":0,"comment_status":"open","ping_status":"closed","template":"","meta":{"_uag_custom_page_level_css":"","_monsterinsights_skip_tracking":false,"_monsterinsights_sitenote_active":false,"_monsterinsights_sitenote_note":"","_monsterinsights_sitenote_category":0,"footnotes":""},"class_list":["post-7194","page","type-page","status-publish","has-post-thumbnail","hentry"],"yoast_head":"<!-- This site is optimized with the Yoast SEO Premium plugin v27.0 (Yoast SEO v27.0) - https:\/\/yoast.com\/product\/yoast-seo-premium-wordpress\/ -->\n<title>Habessos - Antiphellos - Andifli - Ka\u015f - Kas Villa Rent<\/title>\n<meta name=\"description\" content=\"Ka\u015f, Likya Uygarl\u0131\u011f\u0131n\u0131n \u00f6nemli liman kentlerinden biri olan Antiphellos \u015eehri \u00fczerine kurulmu\u015ftur. \u00c7ukurba\u011f k\u00f6y\u00fcne yak\u0131n antik Phellos kentinin liman\u0131 olarak kurulmu\u015f, ancak zamanla sedir a\u011fac\u0131 ticareti ile zengin bir \u015fehir haline gelmi\u015f ve Phellos&#039;tan ayr\u0131lm\u0131\u015ft\u0131r.\" \/>\n<meta name=\"robots\" content=\"index, follow, max-snippet:-1, max-image-preview:large, max-video-preview:-1\" \/>\n<link rel=\"canonical\" href=\"https:\/\/kasvillarent.com\/tr\/ilginizi-cekebilecek-yerler\/tarihi-yerler\/habessos-antiphellos-andifli-kas\/\" \/>\n<meta property=\"og:locale\" content=\"tr_TR\" \/>\n<meta property=\"og:type\" content=\"article\" \/>\n<meta property=\"og:title\" content=\"Habessos - Antiphellos - Andifli - Ka\u015f\" \/>\n<meta property=\"og:description\" content=\"Ka\u015f, Likya Uygarl\u0131\u011f\u0131n\u0131n \u00f6nemli liman kentlerinden biri olan Antiphellos \u015eehri \u00fczerine kurulmu\u015ftur. \u00c7ukurba\u011f k\u00f6y\u00fcne yak\u0131n antik Phellos kentinin liman\u0131 olarak kurulmu\u015f, ancak zamanla sedir a\u011fac\u0131 ticareti ile zengin bir \u015fehir haline gelmi\u015f ve Phellos&#039;tan ayr\u0131lm\u0131\u015ft\u0131r.\" \/>\n<meta property=\"og:url\" content=\"https:\/\/kasvillarent.com\/tr\/ilginizi-cekebilecek-yerler\/tarihi-yerler\/habessos-antiphellos-andifli-kas\/\" \/>\n<meta property=\"og:site_name\" content=\"Kas Villa Rent\" \/>\n<meta property=\"article:publisher\" content=\"https:\/\/www.facebook.com\/kas.villa.rent\/\" \/>\n<meta property=\"article:modified_time\" content=\"2025-07-05T18:13:50+00:00\" \/>\n<meta property=\"og:image\" content=\"https:\/\/kasvillarent.com\/wp-content\/uploads\/2020\/12\/Kas-Antiphellos-1.jpg\" \/>\n\t<meta property=\"og:image:width\" content=\"1343\" \/>\n\t<meta property=\"og:image:height\" content=\"882\" \/>\n\t<meta property=\"og:image:type\" content=\"image\/jpeg\" \/>\n<meta name=\"twitter:card\" content=\"summary_large_image\" \/>\n<meta name=\"twitter:label1\" content=\"Tahmini okuma s\u00fcresi\" \/>\n\t<meta name=\"twitter:data1\" content=\"2 dakika\" \/>\n<script type=\"application\/ld+json\" class=\"yoast-schema-graph\">{\"@context\":\"https:\/\/schema.org\",\"@graph\":[{\"@type\":\"WebPage\",\"@id\":\"https:\/\/kasvillarent.com\/tr\/ilginizi-cekebilecek-yerler\/tarihi-yerler\/habessos-antiphellos-andifli-kas\/\",\"url\":\"https:\/\/kasvillarent.com\/tr\/ilginizi-cekebilecek-yerler\/tarihi-yerler\/habessos-antiphellos-andifli-kas\/\",\"name\":\"Habessos - Antiphellos - Andifli - Ka\u015f - Kas Villa Rent\",\"isPartOf\":{\"@id\":\"https:\/\/kasvillarent.com\/tr\/#website\"},\"primaryImageOfPage\":{\"@id\":\"https:\/\/kasvillarent.com\/tr\/ilginizi-cekebilecek-yerler\/tarihi-yerler\/habessos-antiphellos-andifli-kas\/#primaryimage\"},\"image\":{\"@id\":\"https:\/\/kasvillarent.com\/tr\/ilginizi-cekebilecek-yerler\/tarihi-yerler\/habessos-antiphellos-andifli-kas\/#primaryimage\"},\"thumbnailUrl\":\"https:\/\/kasvillarent.com\/wp-content\/uploads\/2020\/12\/Kas-Antiphellos-1.jpg\",\"datePublished\":\"2021-05-15T19:44:34+00:00\",\"dateModified\":\"2025-07-05T18:13:50+00:00\",\"description\":\"Ka\u015f, Likya Uygarl\u0131\u011f\u0131n\u0131n \u00f6nemli liman kentlerinden biri olan Antiphellos \u015eehri \u00fczerine kurulmu\u015ftur. \u00c7ukurba\u011f k\u00f6y\u00fcne yak\u0131n antik Phellos kentinin liman\u0131 olarak kurulmu\u015f, ancak zamanla sedir a\u011fac\u0131 ticareti ile zengin bir \u015fehir haline gelmi\u015f ve Phellos'tan ayr\u0131lm\u0131\u015ft\u0131r.\",\"breadcrumb\":{\"@id\":\"https:\/\/kasvillarent.com\/tr\/ilginizi-cekebilecek-yerler\/tarihi-yerler\/habessos-antiphellos-andifli-kas\/#breadcrumb\"},\"inLanguage\":\"tr\",\"potentialAction\":[{\"@type\":\"ReadAction\",\"target\":[\"https:\/\/kasvillarent.com\/tr\/ilginizi-cekebilecek-yerler\/tarihi-yerler\/habessos-antiphellos-andifli-kas\/\"]}]},{\"@type\":\"ImageObject\",\"inLanguage\":\"tr\",\"@id\":\"https:\/\/kasvillarent.com\/tr\/ilginizi-cekebilecek-yerler\/tarihi-yerler\/habessos-antiphellos-andifli-kas\/#primaryimage\",\"url\":\"https:\/\/kasvillarent.com\/wp-content\/uploads\/2020\/12\/Kas-Antiphellos-1.jpg\",\"contentUrl\":\"https:\/\/kasvillarent.com\/wp-content\/uploads\/2020\/12\/Kas-Antiphellos-1.jpg\",\"width\":1343,\"height\":882,\"caption\":\"Patara Ana Cadde\"},{\"@type\":\"BreadcrumbList\",\"@id\":\"https:\/\/kasvillarent.com\/tr\/ilginizi-cekebilecek-yerler\/tarihi-yerler\/habessos-antiphellos-andifli-kas\/#breadcrumb\",\"itemListElement\":[{\"@type\":\"ListItem\",\"position\":1,\"name\":\"Home\",\"item\":\"https:\/\/kasvillarent.com\/tr\/\"},{\"@type\":\"ListItem\",\"position\":2,\"name\":\"\u0130LG\u0130N\u0130Z\u0130 \u00c7EKEB\u0130LECEK YERLER\",\"item\":\"https:\/\/kasvillarent.com\/tr\/ilginizi-cekebilecek-yerler\/\"},{\"@type\":\"ListItem\",\"position\":3,\"name\":\"TAR\u0130H\u0130 YERLER\",\"item\":\"https:\/\/kasvillarent.com\/tr\/ilginizi-cekebilecek-yerler\/tarihi-yerler\/\"},{\"@type\":\"ListItem\",\"position\":4,\"name\":\"Habessos &#8211; Antiphellos &#8211; Andifli &#8211; Ka\u015f\"}]},{\"@type\":\"WebSite\",\"@id\":\"https:\/\/kasvillarent.com\/tr\/#website\",\"url\":\"https:\/\/kasvillarent.com\/tr\/\",\"name\":\"Kas Villa Rent\",\"description\":\"Luxury Villas in Kas Antalya\",\"publisher\":{\"@id\":\"https:\/\/kasvillarent.com\/tr\/#organization\"},\"potentialAction\":[{\"@type\":\"SearchAction\",\"target\":{\"@type\":\"EntryPoint\",\"urlTemplate\":\"https:\/\/kasvillarent.com\/tr\/?s={search_term_string}\"},\"query-input\":{\"@type\":\"PropertyValueSpecification\",\"valueRequired\":true,\"valueName\":\"search_term_string\"}}],\"inLanguage\":\"tr\"},{\"@type\":\"Organization\",\"@id\":\"https:\/\/kasvillarent.com\/tr\/#organization\",\"name\":\"Kas Villa Rent\",\"url\":\"https:\/\/kasvillarent.com\/tr\/\",\"logo\":{\"@type\":\"ImageObject\",\"inLanguage\":\"tr\",\"@id\":\"https:\/\/kasvillarent.com\/tr\/#\/schema\/logo\/image\/\",\"url\":\"https:\/\/kasvillarent.com\/wp-content\/uploads\/2022\/06\/FullColor_1280x1024_300dpi-1.png\",\"contentUrl\":\"https:\/\/kasvillarent.com\/wp-content\/uploads\/2022\/06\/FullColor_1280x1024_300dpi-1.png\",\"width\":1155,\"height\":924,\"caption\":\"Kas Villa Rent\"},\"image\":{\"@id\":\"https:\/\/kasvillarent.com\/tr\/#\/schema\/logo\/image\/\"},\"sameAs\":[\"https:\/\/www.facebook.com\/kas.villa.rent\/\",\"https:\/\/instagram.com\/kasvillarent\"]}]}<\/script>\n<!-- \/ Yoast SEO Premium plugin. -->","yoast_head_json":{"title":"Habessos - Antiphellos - Andifli - Ka\u015f - Kas Villa Rent","description":"Ka\u015f, Likya Uygarl\u0131\u011f\u0131n\u0131n \u00f6nemli liman kentlerinden biri olan Antiphellos \u015eehri \u00fczerine kurulmu\u015ftur. \u00c7ukurba\u011f k\u00f6y\u00fcne yak\u0131n antik Phellos kentinin liman\u0131 olarak kurulmu\u015f, ancak zamanla sedir a\u011fac\u0131 ticareti ile zengin bir \u015fehir haline gelmi\u015f ve Phellos'tan ayr\u0131lm\u0131\u015ft\u0131r.","robots":{"index":"index","follow":"follow","max-snippet":"max-snippet:-1","max-image-preview":"max-image-preview:large","max-video-preview":"max-video-preview:-1"},"canonical":"https:\/\/kasvillarent.com\/tr\/ilginizi-cekebilecek-yerler\/tarihi-yerler\/habessos-antiphellos-andifli-kas\/","og_locale":"tr_TR","og_type":"article","og_title":"Habessos - Antiphellos - Andifli - Ka\u015f","og_description":"Ka\u015f, Likya Uygarl\u0131\u011f\u0131n\u0131n \u00f6nemli liman kentlerinden biri olan Antiphellos \u015eehri \u00fczerine kurulmu\u015ftur. \u00c7ukurba\u011f k\u00f6y\u00fcne yak\u0131n antik Phellos kentinin liman\u0131 olarak kurulmu\u015f, ancak zamanla sedir a\u011fac\u0131 ticareti ile zengin bir \u015fehir haline gelmi\u015f ve Phellos'tan ayr\u0131lm\u0131\u015ft\u0131r.","og_url":"https:\/\/kasvillarent.com\/tr\/ilginizi-cekebilecek-yerler\/tarihi-yerler\/habessos-antiphellos-andifli-kas\/","og_site_name":"Kas Villa Rent","article_publisher":"https:\/\/www.facebook.com\/kas.villa.rent\/","article_modified_time":"2025-07-05T18:13:50+00:00","og_image":[{"width":1343,"height":882,"url":"https:\/\/kasvillarent.com\/wp-content\/uploads\/2020\/12\/Kas-Antiphellos-1.jpg","type":"image\/jpeg"}],"twitter_card":"summary_large_image","twitter_misc":{"Tahmini okuma s\u00fcresi":"2 dakika"},"schema":{"@context":"https:\/\/schema.org","@graph":[{"@type":"WebPage","@id":"https:\/\/kasvillarent.com\/tr\/ilginizi-cekebilecek-yerler\/tarihi-yerler\/habessos-antiphellos-andifli-kas\/","url":"https:\/\/kasvillarent.com\/tr\/ilginizi-cekebilecek-yerler\/tarihi-yerler\/habessos-antiphellos-andifli-kas\/","name":"Habessos - Antiphellos - Andifli - Ka\u015f - Kas Villa Rent","isPartOf":{"@id":"https:\/\/kasvillarent.com\/tr\/#website"},"primaryImageOfPage":{"@id":"https:\/\/kasvillarent.com\/tr\/ilginizi-cekebilecek-yerler\/tarihi-yerler\/habessos-antiphellos-andifli-kas\/#primaryimage"},"image":{"@id":"https:\/\/kasvillarent.com\/tr\/ilginizi-cekebilecek-yerler\/tarihi-yerler\/habessos-antiphellos-andifli-kas\/#primaryimage"},"thumbnailUrl":"https:\/\/kasvillarent.com\/wp-content\/uploads\/2020\/12\/Kas-Antiphellos-1.jpg","datePublished":"2021-05-15T19:44:34+00:00","dateModified":"2025-07-05T18:13:50+00:00","description":"Ka\u015f, Likya Uygarl\u0131\u011f\u0131n\u0131n \u00f6nemli liman kentlerinden biri olan Antiphellos \u015eehri \u00fczerine kurulmu\u015ftur. \u00c7ukurba\u011f k\u00f6y\u00fcne yak\u0131n antik Phellos kentinin liman\u0131 olarak kurulmu\u015f, ancak zamanla sedir a\u011fac\u0131 ticareti ile zengin bir \u015fehir haline gelmi\u015f ve Phellos'tan ayr\u0131lm\u0131\u015ft\u0131r.","breadcrumb":{"@id":"https:\/\/kasvillarent.com\/tr\/ilginizi-cekebilecek-yerler\/tarihi-yerler\/habessos-antiphellos-andifli-kas\/#breadcrumb"},"inLanguage":"tr","potentialAction":[{"@type":"ReadAction","target":["https:\/\/kasvillarent.com\/tr\/ilginizi-cekebilecek-yerler\/tarihi-yerler\/habessos-antiphellos-andifli-kas\/"]}]},{"@type":"ImageObject","inLanguage":"tr","@id":"https:\/\/kasvillarent.com\/tr\/ilginizi-cekebilecek-yerler\/tarihi-yerler\/habessos-antiphellos-andifli-kas\/#primaryimage","url":"https:\/\/kasvillarent.com\/wp-content\/uploads\/2020\/12\/Kas-Antiphellos-1.jpg","contentUrl":"https:\/\/kasvillarent.com\/wp-content\/uploads\/2020\/12\/Kas-Antiphellos-1.jpg","width":1343,"height":882,"caption":"Patara Ana Cadde"},{"@type":"BreadcrumbList","@id":"https:\/\/kasvillarent.com\/tr\/ilginizi-cekebilecek-yerler\/tarihi-yerler\/habessos-antiphellos-andifli-kas\/#breadcrumb","itemListElement":[{"@type":"ListItem","position":1,"name":"Home","item":"https:\/\/kasvillarent.com\/tr\/"},{"@type":"ListItem","position":2,"name":"\u0130LG\u0130N\u0130Z\u0130 \u00c7EKEB\u0130LECEK YERLER","item":"https:\/\/kasvillarent.com\/tr\/ilginizi-cekebilecek-yerler\/"},{"@type":"ListItem","position":3,"name":"TAR\u0130H\u0130 YERLER","item":"https:\/\/kasvillarent.com\/tr\/ilginizi-cekebilecek-yerler\/tarihi-yerler\/"},{"@type":"ListItem","position":4,"name":"Habessos &#8211; Antiphellos &#8211; Andifli &#8211; Ka\u015f"}]},{"@type":"WebSite","@id":"https:\/\/kasvillarent.com\/tr\/#website","url":"https:\/\/kasvillarent.com\/tr\/","name":"Kas Villa Rent","description":"Luxury Villas in Kas Antalya","publisher":{"@id":"https:\/\/kasvillarent.com\/tr\/#organization"},"potentialAction":[{"@type":"SearchAction","target":{"@type":"EntryPoint","urlTemplate":"https:\/\/kasvillarent.com\/tr\/?s={search_term_string}"},"query-input":{"@type":"PropertyValueSpecification","valueRequired":true,"valueName":"search_term_string"}}],"inLanguage":"tr"},{"@type":"Organization","@id":"https:\/\/kasvillarent.com\/tr\/#organization","name":"Kas Villa Rent","url":"https:\/\/kasvillarent.com\/tr\/","logo":{"@type":"ImageObject","inLanguage":"tr","@id":"https:\/\/kasvillarent.com\/tr\/#\/schema\/logo\/image\/","url":"https:\/\/kasvillarent.com\/wp-content\/uploads\/2022\/06\/FullColor_1280x1024_300dpi-1.png","contentUrl":"https:\/\/kasvillarent.com\/wp-content\/uploads\/2022\/06\/FullColor_1280x1024_300dpi-1.png","width":1155,"height":924,"caption":"Kas Villa Rent"},"image":{"@id":"https:\/\/kasvillarent.com\/tr\/#\/schema\/logo\/image\/"},"sameAs":["https:\/\/www.facebook.com\/kas.villa.rent\/","https:\/\/instagram.com\/kasvillarent"]}]}},"uagb_featured_image_src":{"full":["https:\/\/kasvillarent.com\/wp-content\/uploads\/2020\/12\/Kas-Antiphellos-1.jpg",1343,882,false],"thumbnail":["https:\/\/kasvillarent.com\/wp-content\/uploads\/2020\/12\/Kas-Antiphellos-1-150x150.jpg",150,150,true],"medium":["https:\/\/kasvillarent.com\/wp-content\/uploads\/2020\/12\/Kas-Antiphellos-1-300x197.jpg",300,197,true],"medium_large":["https:\/\/kasvillarent.com\/wp-content\/uploads\/2020\/12\/Kas-Antiphellos-1-768x504.jpg",768,504,true],"large":["https:\/\/kasvillarent.com\/wp-content\/uploads\/2020\/12\/Kas-Antiphellos-1-1024x673.jpg",769,505,true],"1536x1536":["https:\/\/kasvillarent.com\/wp-content\/uploads\/2020\/12\/Kas-Antiphellos-1.jpg",1343,882,false],"2048x2048":["https:\/\/kasvillarent.com\/wp-content\/uploads\/2020\/12\/Kas-Antiphellos-1.jpg",1343,882,false],"post-thumbnail":["https:\/\/kasvillarent.com\/wp-content\/uploads\/2020\/12\/Kas-Antiphellos-1-1343x734.jpg",1343,734,true],"villagio-thumb-large":["https:\/\/kasvillarent.com\/wp-content\/uploads\/2020\/12\/Kas-Antiphellos-1.jpg",1343,882,false],"villagio-thumb-medium":["https:\/\/kasvillarent.com\/wp-content\/uploads\/2020\/12\/Kas-Antiphellos-1-941x618.jpg",941,618,true],"villagio-thumb-small":["https:\/\/kasvillarent.com\/wp-content\/uploads\/2020\/12\/Kas-Antiphellos-1-717x540.jpg",717,540,true],"villagio-thumb-small-x2":["https:\/\/kasvillarent.com\/wp-content\/uploads\/2020\/12\/Kas-Antiphellos-1.jpg",1343,882,false]},"uagb_author_info":{"display_name":"Mehmet_Y","author_link":"https:\/\/kasvillarent.com\/tr\/author\/mehmet_y\/"},"uagb_comment_info":0,"uagb_excerpt":"Ka\u015f, Likya Uygarl\u0131\u011f\u0131n\u0131n \u00f6nemli liman kentlerinden biri olan Antiphellos \u015eehri \u00fczerine kurulmu\u015ftur. \u00c7ukurba\u011f k\u00f6y\u00fcne yak\u0131n antik Phellos kentinin liman\u0131 olarak kurulmu\u015f, ancak zamanla sedir a\u011fac\u0131 ticareti ile zengin bir \u015fehir haline gelmi\u015f ve Phellos&#8217;tan ayr\u0131lm\u0131\u015ft\u0131r. Antik kentten kalan kal\u0131nt\u0131lar Ka\u015f&#8217;\u0131n merkezine da\u011f\u0131lm\u0131\u015f olarak g\u00f6r\u00fclebiliyor. Maalesef antik tiyatro d\u0131\u015f\u0131ndaki kal\u0131nt\u0131lar kendi kaderlerine terkedildiler. Antik Tiyatro Antik&hellip;","jetpack_sharing_enabled":true,"_links":{"self":[{"href":"https:\/\/kasvillarent.com\/tr\/wp-json\/wp\/v2\/pages\/7194","targetHints":{"allow":["GET"]}}],"collection":[{"href":"https:\/\/kasvillarent.com\/tr\/wp-json\/wp\/v2\/pages"}],"about":[{"href":"https:\/\/kasvillarent.com\/tr\/wp-json\/wp\/v2\/types\/page"}],"author":[{"embeddable":true,"href":"https:\/\/kasvillarent.com\/tr\/wp-json\/wp\/v2\/users\/29"}],"replies":[{"embeddable":true,"href":"https:\/\/kasvillarent.com\/tr\/wp-json\/wp\/v2\/comments?post=7194"}],"version-history":[{"count":3,"href":"https:\/\/kasvillarent.com\/tr\/wp-json\/wp\/v2\/pages\/7194\/revisions"}],"predecessor-version":[{"id":20549,"href":"https:\/\/kasvillarent.com\/tr\/wp-json\/wp\/v2\/pages\/7194\/revisions\/20549"}],"up":[{"embeddable":true,"href":"https:\/\/kasvillarent.com\/tr\/wp-json\/wp\/v2\/pages\/7172"}],"wp:featuredmedia":[{"embeddable":true,"href":"https:\/\/kasvillarent.com\/tr\/wp-json\/wp\/v2\/media\/5619"}],"wp:attachment":[{"href":"https:\/\/kasvillarent.com\/tr\/wp-json\/wp\/v2\/media?parent=7194"}],"curies":[{"name":"wp","href":"https:\/\/api.w.org\/{rel}","templated":true}]}}