{"id":7225,"date":"2021-05-15T23:33:48","date_gmt":"2021-05-15T20:33:48","guid":{"rendered":"https:\/\/kasvillarent.com\/ilginizi-cekebilecek-yerler\/tarihi-yerler\/leteon\/"},"modified":"2025-07-05T21:13:47","modified_gmt":"2025-07-05T18:13:47","slug":"leteon","status":"publish","type":"page","link":"https:\/\/kasvillarent.com\/tr\/ilginizi-cekebilecek-yerler\/tarihi-yerler\/leteon\/","title":{"rendered":"Leteon"},"content":{"rendered":"<p>Letoon antik kenti, Seydikemer&#8217;in Kumluova il\u00e7esinde bulunmaktad\u0131r. \u015eehir, M\u00d6 yedinci y\u00fczy\u0131lda kurulmu\u015ftur. Letoon, Antik \u00c7a\u011f&#8217;da Likya&#8217;n\u0131n dini merkeziydi. Bu kutsal alandaki Leto, Apollo ve Artemis tap\u0131naklar\u0131 b\u00fcy\u00fck tarihsel \u00f6neme sahiptir.<\/p>\n<p><img fetchpriority=\"high\" decoding=\"async\" class=\" wp-image-2088 alignleft\" src=\"https:\/\/kasvillarent.com\/wp-content\/uploads\/2020\/12\/Leto-temple.jpg\" alt=\"Leto Tap\u0131na\u011f\u0131\" width=\"610\" height=\"343\" srcset=\"https:\/\/kasvillarent.com\/wp-content\/uploads\/2020\/12\/Leto-temple.jpg 1643w, https:\/\/kasvillarent.com\/wp-content\/uploads\/2020\/12\/Leto-temple-300x169.jpg 300w, https:\/\/kasvillarent.com\/wp-content\/uploads\/2020\/12\/Leto-temple-1024x576.jpg 1024w, https:\/\/kasvillarent.com\/wp-content\/uploads\/2020\/12\/Leto-temple-768x432.jpg 768w, https:\/\/kasvillarent.com\/wp-content\/uploads\/2020\/12\/Leto-temple-1536x864.jpg 1536w, https:\/\/kasvillarent.com\/wp-content\/uploads\/2020\/12\/Leto-temple-1099x618.jpg 1099w, https:\/\/kasvillarent.com\/wp-content\/uploads\/2020\/12\/Leto-temple-20x11.jpg 20w\" sizes=\"(max-width: 610px) 100vw, 610px\" \/>En b\u00fcy\u00fck tap\u0131nak Artemis ve Apollon&#8217;un annesi Leto i\u00e7in yap\u0131lm\u0131\u015f ve bat\u0131da Peripteros tarz\u0131nda in\u015fa edilmi\u015ftir. M\u00d6 4. y\u00fczy\u0131la ait oldu\u011fu d\u00fc\u015f\u00fcn\u00fclen bu tap\u0131na\u011f\u0131n \u00e7evresinde \u00fc\u00e7 dilde (Yunanca, Aramice ve Lik\u00e7e) bir yaz\u0131t Fethiye M\u00fczesi&#8217;nde sergilenmektedir.<\/p>\n<p>Do\u011fuda yer alan Dor tarz\u0131nda in\u015fa edilen Apollo Tap\u0131na\u011f\u0131, Leto Tap\u0131na\u011f\u0131&#8217;na g\u00f6re daha az korunmu\u015ftur. Artemis Tap\u0131na\u011f\u0131, her iki tap\u0131na\u011f\u0131n ortas\u0131nda ve \u00fc\u00e7 tap\u0131na\u011f\u0131n en k\u00fc\u00e7\u00fc\u011f\u00fcd\u00fcr. Bu \u00fc\u00e7 tap\u0131na\u011f\u0131n g\u00fcneybat\u0131s\u0131nda bir \u00e7e\u015fme (su kayna\u011f\u0131) ve do\u011fusunda bir kilise bulunmaktad\u0131r. Leteon antik kentinde bir tepenin yamac\u0131na s\u0131rt\u0131n\u0131 yaslam\u0131\u015f b\u00fcy\u00fck bir antik tiyatro var.<\/p>\n<p>Antik kent, Likya y\u00fcr\u00fcy\u00fc\u015f rotas\u0131 \u00fczerindedir ve 1988&#8217;den itibaren UNESCO D\u00fcnya Miras\u0131 Listesi&#8217;nde yer almaktad\u0131r.<img decoding=\"async\" class=\"wp-image-2090 alignright\" src=\"https:\/\/kasvillarent.com\/wp-content\/uploads\/2020\/12\/Letoon-Theater.jpg\" alt=\"Leteon Tiyatrosu\" width=\"631\" height=\"355\" srcset=\"https:\/\/kasvillarent.com\/wp-content\/uploads\/2020\/12\/Letoon-Theater.jpg 1643w, https:\/\/kasvillarent.com\/wp-content\/uploads\/2020\/12\/Letoon-Theater-300x169.jpg 300w, https:\/\/kasvillarent.com\/wp-content\/uploads\/2020\/12\/Letoon-Theater-1024x576.jpg 1024w, https:\/\/kasvillarent.com\/wp-content\/uploads\/2020\/12\/Letoon-Theater-768x432.jpg 768w, https:\/\/kasvillarent.com\/wp-content\/uploads\/2020\/12\/Letoon-Theater-1536x864.jpg 1536w, https:\/\/kasvillarent.com\/wp-content\/uploads\/2020\/12\/Letoon-Theater-1099x618.jpg 1099w, https:\/\/kasvillarent.com\/wp-content\/uploads\/2020\/12\/Letoon-Theater-20x11.jpg 20w\" sizes=\"(max-width: 631px) 100vw, 631px\" \/><\/p>\n<p>Leteon hakk\u0131nda \u00fcnl\u00fc bir efsane. Orman Perisi Leto, Zeus taraf\u0131ndan sevildi ve hamile kald\u0131. Zeus&#8217;un kar\u0131s\u0131 Hera taraf\u0131ndan k\u0131skan\u00e7l\u0131kla aranan Leto, ilahi ikizleri Apollo ve Artemis&#8217;i do\u011furacak bir yer ar\u0131yordu. Su i\u00e7mek i\u00e7in bir \u00e7e\u015fmeye yakla\u015ft\u0131\u011f\u0131 s\u0131rada yerel \u00e7obanlar taraf\u0131ndan uzakla\u015ft\u0131r\u0131ld\u0131\u011f\u0131 ve ard\u0131ndan kurtlar taraf\u0131ndan Xanthos Nehri&#8217;ne g\u00f6t\u00fcr\u00fcld\u00fc\u011f\u00fc s\u00f6ylenir. Daha sonra Leto, Likya topraklar\u0131na Yunanca Lykos &#8220;Kurt&#8221; anlam\u0131na gelen ad\u0131n\u0131 verdi ve do\u011fum yapt\u0131ktan sonra \u00e7obanlar\u0131 cezaland\u0131rmak i\u00e7in geri d\u00f6nd\u00fc ve onlar\u0131 kurba\u011falara d\u00f6n\u00fc\u015ft\u00fcrd\u00fc. Bug\u00fcn kurba\u011falar\u0131n \u00e7obanlar\u0131n soyundan gelenler oldu\u011funu duyuyoruz.<\/p>\n<p><img decoding=\"async\" class=\"alignnone size-full wp-image-2094\" src=\"https:\/\/kasvillarent.com\/wp-content\/uploads\/2020\/12\/Letoon-Temples.jpg\" alt=\"\" width=\"2048\" height=\"1282\" srcset=\"https:\/\/kasvillarent.com\/wp-content\/uploads\/2020\/12\/Letoon-Temples.jpg 1476w, https:\/\/kasvillarent.com\/wp-content\/uploads\/2020\/12\/Letoon-Temples-300x188.jpg 300w, https:\/\/kasvillarent.com\/wp-content\/uploads\/2020\/12\/Letoon-Temples-1024x641.jpg 1024w, https:\/\/kasvillarent.com\/wp-content\/uploads\/2020\/12\/Letoon-Temples-768x481.jpg 768w, https:\/\/kasvillarent.com\/wp-content\/uploads\/2020\/12\/Letoon-Temples-987x618.jpg 987w, https:\/\/kasvillarent.com\/wp-content\/uploads\/2020\/12\/Letoon-Temples-20x13.jpg 20w\" sizes=\"(max-width: 2048px) 100vw, 2048px\" \/><\/p>\n","protected":false},"excerpt":{"rendered":"<p>Letoon antik kenti, Seydikemer&#8217;in Kumluova il\u00e7esinde bulunmaktad\u0131r. \u015eehir, M\u00d6 yedinci y\u00fczy\u0131lda kurulmu\u015ftur. Letoon, Antik \u00c7a\u011f&#8217;da Likya&#8217;n\u0131n dini merkeziydi. Bu kutsal alandaki Leto, Apollo ve Artemis tap\u0131naklar\u0131 b\u00fcy\u00fck tarihsel \u00f6neme sahiptir. En b\u00fcy\u00fck tap\u0131nak Artemis ve Apollon&#8217;un annesi Leto i\u00e7in yap\u0131lm\u0131\u015f ve bat\u0131da Peripteros tarz\u0131nda in\u015fa edilmi\u015ftir. M\u00d6 4. y\u00fczy\u0131la ait oldu\u011fu d\u00fc\u015f\u00fcn\u00fclen bu tap\u0131na\u011f\u0131n \u00e7evresinde &hellip; <a href=\"https:\/\/kasvillarent.com\/tr\/ilginizi-cekebilecek-yerler\/tarihi-yerler\/leteon\/\" class=\"more-link\">Continue reading<span class=\"screen-reader-text\"> &#8220;Leteon&#8221;<\/span><\/a><\/p>\n","protected":false},"author":29,"featured_media":5618,"parent":7172,"menu_order":0,"comment_status":"open","ping_status":"closed","template":"","meta":{"_uag_custom_page_level_css":"","_monsterinsights_skip_tracking":false,"_monsterinsights_sitenote_active":false,"_monsterinsights_sitenote_note":"","_monsterinsights_sitenote_category":0,"footnotes":""},"class_list":["post-7225","page","type-page","status-publish","has-post-thumbnail","hentry"],"yoast_head":"<!-- This site is optimized with the Yoast SEO Premium plugin v27.0 (Yoast SEO v27.0) - https:\/\/yoast.com\/product\/yoast-seo-premium-wordpress\/ -->\n<title>Leteon - Kas Villa Rent<\/title>\n<meta name=\"description\" content=\"Letoon, M\u00d6 yedinci y\u00fczy\u0131lda kurulmu\u015ftur. ve Likya&#039;n\u0131n dini merkeziydi. Leto, Apollo ve Artemis tap\u0131naklar\u0131 buradad\u0131r.\" \/>\n<meta name=\"robots\" content=\"index, follow, max-snippet:-1, max-image-preview:large, max-video-preview:-1\" \/>\n<link rel=\"canonical\" href=\"https:\/\/kasvillarent.com\/tr\/ilginizi-cekebilecek-yerler\/tarihi-yerler\/leteon\/\" \/>\n<meta property=\"og:locale\" content=\"tr_TR\" \/>\n<meta property=\"og:type\" content=\"article\" \/>\n<meta property=\"og:title\" content=\"Leteon\" \/>\n<meta property=\"og:description\" content=\"Letoon, M\u00d6 yedinci y\u00fczy\u0131lda kurulmu\u015ftur. ve Likya&#039;n\u0131n dini merkeziydi. Leto, Apollo ve Artemis tap\u0131naklar\u0131 buradad\u0131r.\" \/>\n<meta property=\"og:url\" content=\"https:\/\/kasvillarent.com\/tr\/ilginizi-cekebilecek-yerler\/tarihi-yerler\/leteon\/\" \/>\n<meta property=\"og:site_name\" content=\"Kas Villa Rent\" \/>\n<meta property=\"article:publisher\" content=\"https:\/\/www.facebook.com\/kas.villa.rent\/\" \/>\n<meta property=\"article:modified_time\" content=\"2025-07-05T18:13:47+00:00\" \/>\n<meta property=\"og:image\" content=\"https:\/\/kasvillarent.com\/wp-content\/uploads\/2020\/12\/Letoon-Ancient-city.jpg\" \/>\n\t<meta property=\"og:image:width\" content=\"1489\" \/>\n\t<meta property=\"og:image:height\" content=\"924\" \/>\n\t<meta property=\"og:image:type\" content=\"image\/jpeg\" \/>\n<meta name=\"twitter:card\" content=\"summary_large_image\" \/>\n<meta name=\"twitter:label1\" content=\"Tahmini okuma s\u00fcresi\" \/>\n\t<meta name=\"twitter:data1\" content=\"2 dakika\" \/>\n<script type=\"application\/ld+json\" class=\"yoast-schema-graph\">{\"@context\":\"https:\/\/schema.org\",\"@graph\":[{\"@type\":\"WebPage\",\"@id\":\"https:\/\/kasvillarent.com\/tr\/ilginizi-cekebilecek-yerler\/tarihi-yerler\/leteon\/\",\"url\":\"https:\/\/kasvillarent.com\/tr\/ilginizi-cekebilecek-yerler\/tarihi-yerler\/leteon\/\",\"name\":\"Leteon - Kas Villa Rent\",\"isPartOf\":{\"@id\":\"https:\/\/kasvillarent.com\/tr\/#website\"},\"primaryImageOfPage\":{\"@id\":\"https:\/\/kasvillarent.com\/tr\/ilginizi-cekebilecek-yerler\/tarihi-yerler\/leteon\/#primaryimage\"},\"image\":{\"@id\":\"https:\/\/kasvillarent.com\/tr\/ilginizi-cekebilecek-yerler\/tarihi-yerler\/leteon\/#primaryimage\"},\"thumbnailUrl\":\"https:\/\/kasvillarent.com\/wp-content\/uploads\/2020\/12\/Letoon-Ancient-city.jpg\",\"datePublished\":\"2021-05-15T20:33:48+00:00\",\"dateModified\":\"2025-07-05T18:13:47+00:00\",\"description\":\"Letoon, M\u00d6 yedinci y\u00fczy\u0131lda kurulmu\u015ftur. ve Likya'n\u0131n dini merkeziydi. Leto, Apollo ve Artemis tap\u0131naklar\u0131 buradad\u0131r.\",\"breadcrumb\":{\"@id\":\"https:\/\/kasvillarent.com\/tr\/ilginizi-cekebilecek-yerler\/tarihi-yerler\/leteon\/#breadcrumb\"},\"inLanguage\":\"tr\",\"potentialAction\":[{\"@type\":\"ReadAction\",\"target\":[\"https:\/\/kasvillarent.com\/tr\/ilginizi-cekebilecek-yerler\/tarihi-yerler\/leteon\/\"]}]},{\"@type\":\"ImageObject\",\"inLanguage\":\"tr\",\"@id\":\"https:\/\/kasvillarent.com\/tr\/ilginizi-cekebilecek-yerler\/tarihi-yerler\/leteon\/#primaryimage\",\"url\":\"https:\/\/kasvillarent.com\/wp-content\/uploads\/2020\/12\/Letoon-Ancient-city.jpg\",\"contentUrl\":\"https:\/\/kasvillarent.com\/wp-content\/uploads\/2020\/12\/Letoon-Ancient-city.jpg\",\"width\":1489,\"height\":924,\"caption\":\"Patara Ana Cadde\"},{\"@type\":\"BreadcrumbList\",\"@id\":\"https:\/\/kasvillarent.com\/tr\/ilginizi-cekebilecek-yerler\/tarihi-yerler\/leteon\/#breadcrumb\",\"itemListElement\":[{\"@type\":\"ListItem\",\"position\":1,\"name\":\"Home\",\"item\":\"https:\/\/kasvillarent.com\/tr\/\"},{\"@type\":\"ListItem\",\"position\":2,\"name\":\"\u0130LG\u0130N\u0130Z\u0130 \u00c7EKEB\u0130LECEK YERLER\",\"item\":\"https:\/\/kasvillarent.com\/tr\/ilginizi-cekebilecek-yerler\/\"},{\"@type\":\"ListItem\",\"position\":3,\"name\":\"TAR\u0130H\u0130 YERLER\",\"item\":\"https:\/\/kasvillarent.com\/tr\/ilginizi-cekebilecek-yerler\/tarihi-yerler\/\"},{\"@type\":\"ListItem\",\"position\":4,\"name\":\"Leteon\"}]},{\"@type\":\"WebSite\",\"@id\":\"https:\/\/kasvillarent.com\/tr\/#website\",\"url\":\"https:\/\/kasvillarent.com\/tr\/\",\"name\":\"Kas Villa Rent\",\"description\":\"Luxury Villas in Kas Antalya\",\"publisher\":{\"@id\":\"https:\/\/kasvillarent.com\/tr\/#organization\"},\"potentialAction\":[{\"@type\":\"SearchAction\",\"target\":{\"@type\":\"EntryPoint\",\"urlTemplate\":\"https:\/\/kasvillarent.com\/tr\/?s={search_term_string}\"},\"query-input\":{\"@type\":\"PropertyValueSpecification\",\"valueRequired\":true,\"valueName\":\"search_term_string\"}}],\"inLanguage\":\"tr\"},{\"@type\":\"Organization\",\"@id\":\"https:\/\/kasvillarent.com\/tr\/#organization\",\"name\":\"Kas Villa Rent\",\"url\":\"https:\/\/kasvillarent.com\/tr\/\",\"logo\":{\"@type\":\"ImageObject\",\"inLanguage\":\"tr\",\"@id\":\"https:\/\/kasvillarent.com\/tr\/#\/schema\/logo\/image\/\",\"url\":\"https:\/\/kasvillarent.com\/wp-content\/uploads\/2022\/06\/FullColor_1280x1024_300dpi-1.png\",\"contentUrl\":\"https:\/\/kasvillarent.com\/wp-content\/uploads\/2022\/06\/FullColor_1280x1024_300dpi-1.png\",\"width\":1155,\"height\":924,\"caption\":\"Kas Villa Rent\"},\"image\":{\"@id\":\"https:\/\/kasvillarent.com\/tr\/#\/schema\/logo\/image\/\"},\"sameAs\":[\"https:\/\/www.facebook.com\/kas.villa.rent\/\",\"https:\/\/instagram.com\/kasvillarent\"]}]}<\/script>\n<!-- \/ Yoast SEO Premium plugin. -->","yoast_head_json":{"title":"Leteon - Kas Villa Rent","description":"Letoon, M\u00d6 yedinci y\u00fczy\u0131lda kurulmu\u015ftur. ve Likya'n\u0131n dini merkeziydi. Leto, Apollo ve Artemis tap\u0131naklar\u0131 buradad\u0131r.","robots":{"index":"index","follow":"follow","max-snippet":"max-snippet:-1","max-image-preview":"max-image-preview:large","max-video-preview":"max-video-preview:-1"},"canonical":"https:\/\/kasvillarent.com\/tr\/ilginizi-cekebilecek-yerler\/tarihi-yerler\/leteon\/","og_locale":"tr_TR","og_type":"article","og_title":"Leteon","og_description":"Letoon, M\u00d6 yedinci y\u00fczy\u0131lda kurulmu\u015ftur. ve Likya'n\u0131n dini merkeziydi. Leto, Apollo ve Artemis tap\u0131naklar\u0131 buradad\u0131r.","og_url":"https:\/\/kasvillarent.com\/tr\/ilginizi-cekebilecek-yerler\/tarihi-yerler\/leteon\/","og_site_name":"Kas Villa Rent","article_publisher":"https:\/\/www.facebook.com\/kas.villa.rent\/","article_modified_time":"2025-07-05T18:13:47+00:00","og_image":[{"width":1489,"height":924,"url":"https:\/\/kasvillarent.com\/wp-content\/uploads\/2020\/12\/Letoon-Ancient-city.jpg","type":"image\/jpeg"}],"twitter_card":"summary_large_image","twitter_misc":{"Tahmini okuma s\u00fcresi":"2 dakika"},"schema":{"@context":"https:\/\/schema.org","@graph":[{"@type":"WebPage","@id":"https:\/\/kasvillarent.com\/tr\/ilginizi-cekebilecek-yerler\/tarihi-yerler\/leteon\/","url":"https:\/\/kasvillarent.com\/tr\/ilginizi-cekebilecek-yerler\/tarihi-yerler\/leteon\/","name":"Leteon - Kas Villa Rent","isPartOf":{"@id":"https:\/\/kasvillarent.com\/tr\/#website"},"primaryImageOfPage":{"@id":"https:\/\/kasvillarent.com\/tr\/ilginizi-cekebilecek-yerler\/tarihi-yerler\/leteon\/#primaryimage"},"image":{"@id":"https:\/\/kasvillarent.com\/tr\/ilginizi-cekebilecek-yerler\/tarihi-yerler\/leteon\/#primaryimage"},"thumbnailUrl":"https:\/\/kasvillarent.com\/wp-content\/uploads\/2020\/12\/Letoon-Ancient-city.jpg","datePublished":"2021-05-15T20:33:48+00:00","dateModified":"2025-07-05T18:13:47+00:00","description":"Letoon, M\u00d6 yedinci y\u00fczy\u0131lda kurulmu\u015ftur. ve Likya'n\u0131n dini merkeziydi. Leto, Apollo ve Artemis tap\u0131naklar\u0131 buradad\u0131r.","breadcrumb":{"@id":"https:\/\/kasvillarent.com\/tr\/ilginizi-cekebilecek-yerler\/tarihi-yerler\/leteon\/#breadcrumb"},"inLanguage":"tr","potentialAction":[{"@type":"ReadAction","target":["https:\/\/kasvillarent.com\/tr\/ilginizi-cekebilecek-yerler\/tarihi-yerler\/leteon\/"]}]},{"@type":"ImageObject","inLanguage":"tr","@id":"https:\/\/kasvillarent.com\/tr\/ilginizi-cekebilecek-yerler\/tarihi-yerler\/leteon\/#primaryimage","url":"https:\/\/kasvillarent.com\/wp-content\/uploads\/2020\/12\/Letoon-Ancient-city.jpg","contentUrl":"https:\/\/kasvillarent.com\/wp-content\/uploads\/2020\/12\/Letoon-Ancient-city.jpg","width":1489,"height":924,"caption":"Patara Ana Cadde"},{"@type":"BreadcrumbList","@id":"https:\/\/kasvillarent.com\/tr\/ilginizi-cekebilecek-yerler\/tarihi-yerler\/leteon\/#breadcrumb","itemListElement":[{"@type":"ListItem","position":1,"name":"Home","item":"https:\/\/kasvillarent.com\/tr\/"},{"@type":"ListItem","position":2,"name":"\u0130LG\u0130N\u0130Z\u0130 \u00c7EKEB\u0130LECEK YERLER","item":"https:\/\/kasvillarent.com\/tr\/ilginizi-cekebilecek-yerler\/"},{"@type":"ListItem","position":3,"name":"TAR\u0130H\u0130 YERLER","item":"https:\/\/kasvillarent.com\/tr\/ilginizi-cekebilecek-yerler\/tarihi-yerler\/"},{"@type":"ListItem","position":4,"name":"Leteon"}]},{"@type":"WebSite","@id":"https:\/\/kasvillarent.com\/tr\/#website","url":"https:\/\/kasvillarent.com\/tr\/","name":"Kas Villa Rent","description":"Luxury Villas in Kas Antalya","publisher":{"@id":"https:\/\/kasvillarent.com\/tr\/#organization"},"potentialAction":[{"@type":"SearchAction","target":{"@type":"EntryPoint","urlTemplate":"https:\/\/kasvillarent.com\/tr\/?s={search_term_string}"},"query-input":{"@type":"PropertyValueSpecification","valueRequired":true,"valueName":"search_term_string"}}],"inLanguage":"tr"},{"@type":"Organization","@id":"https:\/\/kasvillarent.com\/tr\/#organization","name":"Kas Villa Rent","url":"https:\/\/kasvillarent.com\/tr\/","logo":{"@type":"ImageObject","inLanguage":"tr","@id":"https:\/\/kasvillarent.com\/tr\/#\/schema\/logo\/image\/","url":"https:\/\/kasvillarent.com\/wp-content\/uploads\/2022\/06\/FullColor_1280x1024_300dpi-1.png","contentUrl":"https:\/\/kasvillarent.com\/wp-content\/uploads\/2022\/06\/FullColor_1280x1024_300dpi-1.png","width":1155,"height":924,"caption":"Kas Villa Rent"},"image":{"@id":"https:\/\/kasvillarent.com\/tr\/#\/schema\/logo\/image\/"},"sameAs":["https:\/\/www.facebook.com\/kas.villa.rent\/","https:\/\/instagram.com\/kasvillarent"]}]}},"uagb_featured_image_src":{"full":["https:\/\/kasvillarent.com\/wp-content\/uploads\/2020\/12\/Letoon-Ancient-city.jpg",1489,924,false],"thumbnail":["https:\/\/kasvillarent.com\/wp-content\/uploads\/2020\/12\/Letoon-Ancient-city-150x150.jpg",150,150,true],"medium":["https:\/\/kasvillarent.com\/wp-content\/uploads\/2020\/12\/Letoon-Ancient-city-300x186.jpg",300,186,true],"medium_large":["https:\/\/kasvillarent.com\/wp-content\/uploads\/2020\/12\/Letoon-Ancient-city-768x477.jpg",768,477,true],"large":["https:\/\/kasvillarent.com\/wp-content\/uploads\/2020\/12\/Letoon-Ancient-city-1024x635.jpg",769,477,true],"1536x1536":["https:\/\/kasvillarent.com\/wp-content\/uploads\/2020\/12\/Letoon-Ancient-city.jpg",1489,924,false],"2048x2048":["https:\/\/kasvillarent.com\/wp-content\/uploads\/2020\/12\/Letoon-Ancient-city.jpg",1489,924,false],"post-thumbnail":["https:\/\/kasvillarent.com\/wp-content\/uploads\/2020\/12\/Letoon-Ancient-city-1434x734.jpg",1434,734,true],"villagio-thumb-large":["https:\/\/kasvillarent.com\/wp-content\/uploads\/2020\/12\/Letoon-Ancient-city.jpg",1489,924,false],"villagio-thumb-medium":["https:\/\/kasvillarent.com\/wp-content\/uploads\/2020\/12\/Letoon-Ancient-city-996x618.jpg",996,618,true],"villagio-thumb-small":["https:\/\/kasvillarent.com\/wp-content\/uploads\/2020\/12\/Letoon-Ancient-city-717x540.jpg",717,540,true],"villagio-thumb-small-x2":["https:\/\/kasvillarent.com\/wp-content\/uploads\/2020\/12\/Letoon-Ancient-city-1434x924.jpg",1434,924,true]},"uagb_author_info":{"display_name":"Mehmet_Y","author_link":"https:\/\/kasvillarent.com\/tr\/author\/mehmet_y\/"},"uagb_comment_info":0,"uagb_excerpt":"Letoon antik kenti, Seydikemer&#8217;in Kumluova il\u00e7esinde bulunmaktad\u0131r. \u015eehir, M\u00d6 yedinci y\u00fczy\u0131lda kurulmu\u015ftur. Letoon, Antik \u00c7a\u011f&#8217;da Likya&#8217;n\u0131n dini merkeziydi. Bu kutsal alandaki Leto, Apollo ve Artemis tap\u0131naklar\u0131 b\u00fcy\u00fck tarihsel \u00f6neme sahiptir. En b\u00fcy\u00fck tap\u0131nak Artemis ve Apollon&#8217;un annesi Leto i\u00e7in yap\u0131lm\u0131\u015f ve bat\u0131da Peripteros tarz\u0131nda in\u015fa edilmi\u015ftir. M\u00d6 4. y\u00fczy\u0131la ait oldu\u011fu d\u00fc\u015f\u00fcn\u00fclen bu tap\u0131na\u011f\u0131n \u00e7evresinde&hellip;","jetpack_sharing_enabled":true,"_links":{"self":[{"href":"https:\/\/kasvillarent.com\/tr\/wp-json\/wp\/v2\/pages\/7225","targetHints":{"allow":["GET"]}}],"collection":[{"href":"https:\/\/kasvillarent.com\/tr\/wp-json\/wp\/v2\/pages"}],"about":[{"href":"https:\/\/kasvillarent.com\/tr\/wp-json\/wp\/v2\/types\/page"}],"author":[{"embeddable":true,"href":"https:\/\/kasvillarent.com\/tr\/wp-json\/wp\/v2\/users\/29"}],"replies":[{"embeddable":true,"href":"https:\/\/kasvillarent.com\/tr\/wp-json\/wp\/v2\/comments?post=7225"}],"version-history":[{"count":2,"href":"https:\/\/kasvillarent.com\/tr\/wp-json\/wp\/v2\/pages\/7225\/revisions"}],"predecessor-version":[{"id":12644,"href":"https:\/\/kasvillarent.com\/tr\/wp-json\/wp\/v2\/pages\/7225\/revisions\/12644"}],"up":[{"embeddable":true,"href":"https:\/\/kasvillarent.com\/tr\/wp-json\/wp\/v2\/pages\/7172"}],"wp:featuredmedia":[{"embeddable":true,"href":"https:\/\/kasvillarent.com\/tr\/wp-json\/wp\/v2\/media\/5618"}],"wp:attachment":[{"href":"https:\/\/kasvillarent.com\/tr\/wp-json\/wp\/v2\/media?parent=7225"}],"curies":[{"name":"wp","href":"https:\/\/api.w.org\/{rel}","templated":true}]}}