{"id":7231,"date":"2021-05-16T00:02:50","date_gmt":"2021-05-15T21:02:50","guid":{"rendered":"https:\/\/kasvillarent.com\/ilginizi-cekebilecek-yerler\/tarihi-yerler\/myra-ve-st-nicholas-kilisesi\/"},"modified":"2025-07-05T21:13:51","modified_gmt":"2025-07-05T18:13:51","slug":"myra-ve-st-nicholas-kilisesi","status":"publish","type":"page","link":"https:\/\/kasvillarent.com\/tr\/ilginizi-cekebilecek-yerler\/tarihi-yerler\/myra-ve-st-nicholas-kilisesi\/","title":{"rendered":"Myra ve St Nicholas Kilisesi"},"content":{"rendered":"<p>Likya Birli\u011fi&#8217;nin en g\u00fc\u00e7l\u00fc \u015fehirlerinden biri olan Myra antik kenti, m\u00fckemmel \u015fekilde korunmu\u015f Roma d\u00f6nemi amfi tiyatrosu ve amfitiyatroya bakan kayalara oyulmu\u015f mezarlar\u0131 ile tan\u0131n\u0131r. Bu site \u00e7o\u011funlukla Noel Baba olarak da bilinen Aziz Nicholas&#8217;\u0131n evi olmas\u0131yla \u00fcnl\u00fcd\u00fcr. Myra Antik Kenti, Anadolu&#8217;daki t\u00fcr\u00fcn\u00fcn en g\u00fczel \u00f6rneklerindendir. Ziyaret edilmesi gereken kaya mezarlar\u0131 ve Myra antik tiyatrosunun kal\u0131nt\u0131lar\u0131 Roma m\u00fchendisli\u011finin \u00f6zelliklerini yans\u0131t\u0131r. Bu tiyatro Perge, Aspendos ve Selge&#8217;nin tiyatrolar\u0131 kadar etkileyicidir.<\/p>\n<figure id=\"attachment_5567\" aria-describedby=\"caption-attachment-5567\" style=\"width: 1200px\" class=\"wp-caption alignnone\"><img fetchpriority=\"high\" decoding=\"async\" class=\"size-full wp-image-2275\" src=\"https:\/\/kasvillarent.com\/wp-content\/uploads\/2020\/12\/Myra-Lycian-Tombs.jpeg\" alt=\"Myra Likya Mezarlar\u0131\" width=\"1200\" height=\"801\" srcset=\"https:\/\/kasvillarent.com\/wp-content\/uploads\/2020\/12\/Myra-Lycian-Tombs.jpeg 1200w, https:\/\/kasvillarent.com\/wp-content\/uploads\/2020\/12\/Myra-Lycian-Tombs-300x200.jpeg 300w, https:\/\/kasvillarent.com\/wp-content\/uploads\/2020\/12\/Myra-Lycian-Tombs-1024x684.jpeg 1024w, https:\/\/kasvillarent.com\/wp-content\/uploads\/2020\/12\/Myra-Lycian-Tombs-768x513.jpeg 768w, https:\/\/kasvillarent.com\/wp-content\/uploads\/2020\/12\/Myra-Lycian-Tombs-926x618.jpeg 926w, https:\/\/kasvillarent.com\/wp-content\/uploads\/2020\/12\/Myra-Lycian-Tombs-20x13.jpeg 20w\" sizes=\"(max-width: 1200px) 100vw, 1200px\" \/><figcaption id=\"caption-attachment-5567\" class=\"wp-caption-text\">Myra Likya Mezarlar\u0131<\/figcaption><\/figure>\n<p>Verimli ve ekili ovas\u0131 sayesinde Myra, tarih boyunca cazibe merkezi olmu\u015ftur.<\/p>\n<h3>Myra Tarihi<\/h3>\n<p>\u00dc\u00e7 oy hakk\u0131 ile Likya Birli\u011fi&#8217;nin alt\u0131 \u00f6nemli kenti aras\u0131nda yer alan Myra, ad\u0131n\u0131 kuruldu\u011fu Myros Nehri&#8217;nden (Demre \u00c7ay\u0131) alm\u0131\u015ft\u0131r. Bir d\u00f6nem Likya medeniyetinin ba\u015fkenti olan Myra&#8217;n\u0131n hikayesi mezar kabartmalar\u0131yla ba\u015flay\u0131p Andriake Liman\u0131 ile denizde son buluyor. Buras\u0131 Tanr\u0131\u00e7a Kybele&#8217;nin Artemis&#8217;in oldu\u011fu yer olarak da bilinir.<\/p>\n<p><strong>Arkeolojik Kal\u0131nt\u0131lar:<\/strong> Gezilmesi gereken yerler aras\u0131nda \u00f6zellikle kayalara oyulmu\u015f g\u00f6rkemli mezarlar, 6500 civar\u0131 kapasiteli tiyatro, tap\u0131nak, agora, antik liman yap\u0131lar\u0131 ve Aziz Nikola Kilisesi say\u0131labilir. Antik Myra, Likya&#8217;n\u0131n en b\u00fcy\u00fck amfitiyatrosuna ve kayal\u0131klara oyulmu\u015f ola\u011fan\u00fcst\u00fc bir kaya mezar koleksiyonuna sahip olmas\u0131yla \u00fcnl\u00fcd\u00fcr. Myra harabeleri, T\u00fcrkiye&#8217;nin Akdeniz K\u0131y\u0131s\u0131 boyunca Gulet kabin kiralamalar\u0131nda pop\u00fcler bir durak olan Demre&#8217;nin hemen kuzeyinde yer almaktad\u0131r.<\/p>\n<p>MS 2. ve 3. y\u00fczy\u0131llarda en g\u00f6rkemli d\u00f6nemini ya\u015fayan Myra&#8217;da hala ortaya \u00e7\u0131kar\u0131lacak kal\u0131nt\u0131lar var.<\/p>\n<h3>Saint Nicholas Kilisesi<\/h3>\n<p>Myra, MS 4. y\u00fczy\u0131lda Aziz Nikolaos&#8217;un piskopos oldu\u011fu \u015fehirdir. O, t\u00fcm d\u00fcnyadaki Do\u011fu Ortodoks H\u0131ristiyanlar\u0131 ve Roma Katolikleri i\u00e7in \u00f6nemli bir dini fig\u00fcrd\u00fcr.<\/p>\n<p>Aziz Nikolaos&#8217;un do\u011fum yeri asl\u0131nda Patara&#8217;dayd\u0131 ve hayat\u0131n\u0131n \u00e7o\u011funu Myra&#8217;da modern Demre&#8217;de ge\u00e7irdi. Peki, bu 4. y\u00fczy\u0131l H\u0131ristiyan azizi ve Yunan piskoposu nas\u0131l bug\u00fcn bildi\u011fimiz sakall\u0131, k\u0131rm\u0131z\u0131 elbiseli Noel Baba oldu?<\/p>\n<p>Nicholas, Akdeniz&#8217;in Patara liman\u0131nda, Yunan Anadolu&#8217;da zengin bir Hristiyan Rum ailenin \u00e7ocu\u011fu olarak d\u00fcnyaya geldi. K\u00fc\u00e7\u00fck ya\u015flardan itibaren dine ba\u011fl\u0131yd\u0131, \u00e7ar\u015famba ve cuma g\u00fcnleri kanonik oru\u00e7lar\u0131n\u0131 tutard\u0131. Ailesi bir salg\u0131nda \u00f6ld\u00fckten sonra Nicholas, Patara piskoposu olan ve daha sonra onu rahip olarak tayin eden amcas\u0131n\u0131n yan\u0131na gitti.<\/p>\n<p>Nicholas&#8217;\u0131n, Beyt\u00fcllahim&#8217;e bakan Anadolu ke\u015fi\u015fleriyle MS: 312 ile 315 y\u0131llar\u0131 aras\u0131nda bir da\u011f ma\u011faras\u0131nda ya\u015fad\u0131\u011f\u0131, M\u0131s\u0131r&#8217;a ve Golgota Kutsal Topraklar&#8217;a ve Kutsal Kabir&#8217;e hac ziyaretinde bulundu\u011funa inan\u0131l\u0131yor. Aziz Nikola Rum Ortodoks Kilisesi bug\u00fcn ya\u015fad\u0131\u011f\u0131 Beit Jala&#8217;daki ma\u011faran\u0131n bulundu\u011fu yerde bulunuyor ve Nicholas&#8217;\u0131n yazd\u0131\u011f\u0131 bir metin Kud\u00fcs Rum Ortodoks Patri\u011fi taraf\u0131ndan tutuluyor.<\/p>\n<p>Kutsal Topraklarda ge\u00e7irdi\u011fi y\u0131llardan sonra, Nicholas K\u00fc\u00e7\u00fck Asya&#8217;ya d\u00f6nd\u00fc ve Myra&#8217;n\u0131n piskoposu olarak kutsand\u0131. Kilisesi bug\u00fcn hala ayakta ve g\u00fczel i\u00e7 fresklerle d\u00fcnyan\u0131n d\u00f6rt bir yan\u0131ndan H\u0131ristiyanlar i\u00e7in \u00f6nemli bir hac yeri haline geldi. Azizin bronz bir heykeli, Rus heykelt\u0131ra\u015f Gregory Pototsky taraf\u0131ndan yap\u0131ld\u0131 ve belirgin bir \u015fekilde kilisenin d\u0131\u015f\u0131na yerle\u015ftirildi.<\/p>\n<p>UNESCO Ge\u00e7ici Listesi&#8217;nde yer alan ve d\u00fcnya miras\u0131 alan\u0131 haline gelen Saint Nicholas Kilisesi.<\/p>\n<figure id=\"attachment_5568\" aria-describedby=\"caption-attachment-5568\" style=\"width: 798px\" class=\"wp-caption aligncenter\"><img decoding=\"async\" class=\" wp-image-2272\" src=\"https:\/\/kasvillarent.com\/wp-content\/uploads\/2020\/12\/St-Nicholas-church.jpg\" alt=\"St Nicholas Kilisesi\" width=\"798\" height=\"440\" srcset=\"https:\/\/kasvillarent.com\/wp-content\/uploads\/2020\/12\/St-Nicholas-church.jpg 870w, https:\/\/kasvillarent.com\/wp-content\/uploads\/2020\/12\/St-Nicholas-church-300x166.jpg 300w, https:\/\/kasvillarent.com\/wp-content\/uploads\/2020\/12\/St-Nicholas-church-768x424.jpg 768w, https:\/\/kasvillarent.com\/wp-content\/uploads\/2020\/12\/St-Nicholas-church-20x11.jpg 20w\" sizes=\"(max-width: 798px) 100vw, 798px\" \/><figcaption id=\"caption-attachment-5568\" class=\"wp-caption-text\">St Nicholas Kilisesi<\/figcaption><\/figure>\n<p>Ancak bug\u00fcn\u00fcn kilisesi, 7. y\u00fczy\u0131la tarihleniyor ve Aziz&#8217;in s\u00f6zde lahitinin ger\u00e7ek oldu\u011fu d\u00fc\u015f\u00fcn\u00fclm\u00fcyor, orijinali 1087&#8217;de \u0130talyan t\u00fcccarlar taraf\u0131ndan i\u00e7erdi\u011fi kemiklerin \u00e7o\u011fuyla birlikte yok edildi. Mevcut m\u00fcze, bah\u00e7eler ve ilgin\u00e7 hediyelik e\u015fyalarla ziyaret\u00e7iler i\u00e7in ilgi alan\u0131d\u0131r. Onun tuhaf fakat ho\u015f eylemleri yan\u0131s\u0131ra Aziz Nikolaos&#8217;a atfedilen ger\u00e7ek mucizelerkonusunda \u00e7ok hikaye ve masallar vard\u0131r. Bunlardan biri a\u015fa\u011f\u0131dad\u0131r:<\/p>\n<p><strong>\u00dc\u00e7 K\u0131z Karde\u015fin Hikayesi:<\/strong> Aziz Nikola Kilisesi yak\u0131nlar\u0131nda \u00fc\u00e7 k\u0131z\u0131 olan fakir bir adam ya\u015f\u0131yordu. K\u0131zlar\u0131 evlendirmek i\u00e7in \u00e7eyiz verilmesi gerekiyordu ve baba k\u0131zlardan birine bile yetecek kadar para bulam\u0131yordu. So\u011fuk bir k\u0131\u015f gecesi, \u00fc\u00e7 k\u0131z karde\u015f i\u00e7inde bulunduklar\u0131 durumu tart\u0131\u015f\u0131yorlard\u0131 ve en b\u00fcy\u00fc\u011f\u00fc di\u011fer ikisini kurtarmak i\u00e7in kendisini k\u00f6le olarak satmay\u0131 \u00f6nerdi. K\u00fc\u00e7\u00fck k\u0131zkarde\u015fler protesto ettiler ve her biri yerine kendini teklif etti. Onlar\u0131n arg\u00fcmanlar\u0131n\u0131 duyduktan sonra Aziz Nikolaos kiliseden gizlice a\u00e7\u0131k pencereden bir torba alt\u0131n att\u0131. Tarih 25 Aral\u0131k&#8217;t\u0131. Bir y\u0131l sonra ayn\u0131 pencereden bir torba alt\u0131n daha att\u0131 ve b\u00f6ylece ikinci k\u0131z da evlenebildi. \u00dc\u00e7\u00fcnc\u00fc y\u0131lda hava \u00f6zellikle so\u011fuktu ve pencere kapat\u0131laca\u011f\u0131 i\u00e7in Aziz Nikola \u00e7at\u0131ya \u00e7\u0131k\u0131p son alt\u0131n torbas\u0131n\u0131 bacadan a\u015fa\u011f\u0131 atmak zorunda kald\u0131. Ancak, alt\u0131n torbas\u0131 en k\u00fc\u00e7\u00fck k\u0131z\u0131n \u00e7oraplar\u0131n\u0131n i\u00e7ine d\u00fc\u015ft\u00fc, ve \u00e7oraplar soban\u0131n \u00fczerinde kurumas\u0131 i\u00e7in as\u0131ld\u0131.! Her y\u0131l 25 Aral\u0131k sabah\u0131 Myra&#8217;n\u0131n fakir aileleri; gizemli bir \u015fekilde kap\u0131lar\u0131na gelen alt\u0131n elmalar\u0131, at\u0131\u015ft\u0131rmal\u0131klar\u0131 ve oyuncaklar\u0131 bulur oldular. Aziz Nicholas, kendisi i\u00e7in \u00f6vg\u00fc kazanmadan insanlara bu \u015fekilde yard\u0131m etmeyi se\u00e7ti. Ancak bir y\u0131l gece bek\u00e7isi taraf\u0131ndan ke\u015ffedildi ve daha sonra Noel Baba olarak alk\u0131\u015fland\u0131.<\/p>\n\n","protected":false},"excerpt":{"rendered":"<p>Likya Birli\u011fi&#8217;nin en g\u00fc\u00e7l\u00fc \u015fehirlerinden biri olan Myra antik kenti, m\u00fckemmel \u015fekilde korunmu\u015f Roma d\u00f6nemi amfi tiyatrosu ve amfitiyatroya bakan kayalara oyulmu\u015f mezarlar\u0131 ile tan\u0131n\u0131r. Bu site \u00e7o\u011funlukla Noel Baba olarak da bilinen Aziz Nicholas&#8217;\u0131n evi olmas\u0131yla \u00fcnl\u00fcd\u00fcr. Myra Antik Kenti, Anadolu&#8217;daki t\u00fcr\u00fcn\u00fcn en g\u00fczel \u00f6rneklerindendir. Ziyaret edilmesi gereken kaya mezarlar\u0131 ve Myra antik tiyatrosunun &hellip; <a href=\"https:\/\/kasvillarent.com\/tr\/ilginizi-cekebilecek-yerler\/tarihi-yerler\/myra-ve-st-nicholas-kilisesi\/\" class=\"more-link\">Continue reading<span class=\"screen-reader-text\"> &#8220;Myra ve St Nicholas Kilisesi&#8221;<\/span><\/a><\/p>\n","protected":false},"author":29,"featured_media":5569,"parent":7172,"menu_order":0,"comment_status":"closed","ping_status":"closed","template":"","meta":{"_uag_custom_page_level_css":"","_monsterinsights_skip_tracking":false,"_monsterinsights_sitenote_active":false,"_monsterinsights_sitenote_note":"","_monsterinsights_sitenote_category":0,"footnotes":""},"class_list":["post-7231","page","type-page","status-publish","has-post-thumbnail","hentry"],"yoast_head":"<!-- This site is optimized with the Yoast SEO Premium plugin v27.0 (Yoast SEO v27.0) - https:\/\/yoast.com\/product\/yoast-seo-premium-wordpress\/ -->\n<title>Myra ve St Nicholas Kilisesi - Kas Villa Rent<\/title>\n<meta name=\"description\" content=\"Noel Baba olarak da bilinen Aziz Nikolaos&#039;un evi olmas\u0131yla \u00fcnl\u00fc Myra, t\u00fcr\u00fcn\u00fcn Anadolu&#039;daki en g\u00fczel \u00f6rnekleri aras\u0131nda yer al\u0131yor.\" \/>\n<meta name=\"robots\" content=\"index, follow, max-snippet:-1, max-image-preview:large, max-video-preview:-1\" \/>\n<link rel=\"canonical\" href=\"https:\/\/kasvillarent.com\/tr\/ilginizi-cekebilecek-yerler\/tarihi-yerler\/myra-ve-st-nicholas-kilisesi\/\" \/>\n<meta property=\"og:locale\" content=\"tr_TR\" \/>\n<meta property=\"og:type\" content=\"article\" \/>\n<meta property=\"og:title\" content=\"Myra ve St Nicholas Kilisesi\" \/>\n<meta property=\"og:description\" content=\"Noel Baba olarak da bilinen Aziz Nikolaos&#039;un evi olmas\u0131yla \u00fcnl\u00fc Myra, t\u00fcr\u00fcn\u00fcn Anadolu&#039;daki en g\u00fczel \u00f6rnekleri aras\u0131nda yer al\u0131yor.\" \/>\n<meta property=\"og:url\" content=\"https:\/\/kasvillarent.com\/tr\/ilginizi-cekebilecek-yerler\/tarihi-yerler\/myra-ve-st-nicholas-kilisesi\/\" \/>\n<meta property=\"og:site_name\" content=\"Kas Villa Rent\" \/>\n<meta property=\"article:publisher\" content=\"https:\/\/www.facebook.com\/kas.villa.rent\/\" \/>\n<meta property=\"article:modified_time\" content=\"2025-07-05T18:13:51+00:00\" \/>\n<meta property=\"og:image\" content=\"https:\/\/kasvillarent.com\/wp-content\/uploads\/2020\/12\/myra-1.jpg\" \/>\n\t<meta property=\"og:image:width\" content=\"1400\" \/>\n\t<meta property=\"og:image:height\" content=\"626\" \/>\n\t<meta property=\"og:image:type\" content=\"image\/jpeg\" \/>\n<meta name=\"twitter:card\" content=\"summary_large_image\" \/>\n<meta name=\"twitter:label1\" content=\"Tahmini okuma s\u00fcresi\" \/>\n\t<meta name=\"twitter:data1\" content=\"5 dakika\" \/>\n<script type=\"application\/ld+json\" class=\"yoast-schema-graph\">{\"@context\":\"https:\/\/schema.org\",\"@graph\":[{\"@type\":\"WebPage\",\"@id\":\"https:\/\/kasvillarent.com\/tr\/ilginizi-cekebilecek-yerler\/tarihi-yerler\/myra-ve-st-nicholas-kilisesi\/\",\"url\":\"https:\/\/kasvillarent.com\/tr\/ilginizi-cekebilecek-yerler\/tarihi-yerler\/myra-ve-st-nicholas-kilisesi\/\",\"name\":\"Myra ve St Nicholas Kilisesi - Kas Villa Rent\",\"isPartOf\":{\"@id\":\"https:\/\/kasvillarent.com\/tr\/#website\"},\"primaryImageOfPage\":{\"@id\":\"https:\/\/kasvillarent.com\/tr\/ilginizi-cekebilecek-yerler\/tarihi-yerler\/myra-ve-st-nicholas-kilisesi\/#primaryimage\"},\"image\":{\"@id\":\"https:\/\/kasvillarent.com\/tr\/ilginizi-cekebilecek-yerler\/tarihi-yerler\/myra-ve-st-nicholas-kilisesi\/#primaryimage\"},\"thumbnailUrl\":\"https:\/\/kasvillarent.com\/wp-content\/uploads\/2020\/12\/myra-1.jpg\",\"datePublished\":\"2021-05-15T21:02:50+00:00\",\"dateModified\":\"2025-07-05T18:13:51+00:00\",\"description\":\"Noel Baba olarak da bilinen Aziz Nikolaos'un evi olmas\u0131yla \u00fcnl\u00fc Myra, t\u00fcr\u00fcn\u00fcn Anadolu'daki en g\u00fczel \u00f6rnekleri aras\u0131nda yer al\u0131yor.\",\"breadcrumb\":{\"@id\":\"https:\/\/kasvillarent.com\/tr\/ilginizi-cekebilecek-yerler\/tarihi-yerler\/myra-ve-st-nicholas-kilisesi\/#breadcrumb\"},\"inLanguage\":\"tr\",\"potentialAction\":[{\"@type\":\"ReadAction\",\"target\":[\"https:\/\/kasvillarent.com\/tr\/ilginizi-cekebilecek-yerler\/tarihi-yerler\/myra-ve-st-nicholas-kilisesi\/\"]}]},{\"@type\":\"ImageObject\",\"inLanguage\":\"tr\",\"@id\":\"https:\/\/kasvillarent.com\/tr\/ilginizi-cekebilecek-yerler\/tarihi-yerler\/myra-ve-st-nicholas-kilisesi\/#primaryimage\",\"url\":\"https:\/\/kasvillarent.com\/wp-content\/uploads\/2020\/12\/myra-1.jpg\",\"contentUrl\":\"https:\/\/kasvillarent.com\/wp-content\/uploads\/2020\/12\/myra-1.jpg\",\"width\":1400,\"height\":626,\"caption\":\"St Nicholas Kilisesi\"},{\"@type\":\"BreadcrumbList\",\"@id\":\"https:\/\/kasvillarent.com\/tr\/ilginizi-cekebilecek-yerler\/tarihi-yerler\/myra-ve-st-nicholas-kilisesi\/#breadcrumb\",\"itemListElement\":[{\"@type\":\"ListItem\",\"position\":1,\"name\":\"Home\",\"item\":\"https:\/\/kasvillarent.com\/tr\/\"},{\"@type\":\"ListItem\",\"position\":2,\"name\":\"\u0130LG\u0130N\u0130Z\u0130 \u00c7EKEB\u0130LECEK YERLER\",\"item\":\"https:\/\/kasvillarent.com\/tr\/ilginizi-cekebilecek-yerler\/\"},{\"@type\":\"ListItem\",\"position\":3,\"name\":\"TAR\u0130H\u0130 YERLER\",\"item\":\"https:\/\/kasvillarent.com\/tr\/ilginizi-cekebilecek-yerler\/tarihi-yerler\/\"},{\"@type\":\"ListItem\",\"position\":4,\"name\":\"Myra ve St Nicholas Kilisesi\"}]},{\"@type\":\"WebSite\",\"@id\":\"https:\/\/kasvillarent.com\/tr\/#website\",\"url\":\"https:\/\/kasvillarent.com\/tr\/\",\"name\":\"Kas Villa Rent\",\"description\":\"Luxury Villas in Kas Antalya\",\"publisher\":{\"@id\":\"https:\/\/kasvillarent.com\/tr\/#organization\"},\"potentialAction\":[{\"@type\":\"SearchAction\",\"target\":{\"@type\":\"EntryPoint\",\"urlTemplate\":\"https:\/\/kasvillarent.com\/tr\/?s={search_term_string}\"},\"query-input\":{\"@type\":\"PropertyValueSpecification\",\"valueRequired\":true,\"valueName\":\"search_term_string\"}}],\"inLanguage\":\"tr\"},{\"@type\":\"Organization\",\"@id\":\"https:\/\/kasvillarent.com\/tr\/#organization\",\"name\":\"Kas Villa Rent\",\"url\":\"https:\/\/kasvillarent.com\/tr\/\",\"logo\":{\"@type\":\"ImageObject\",\"inLanguage\":\"tr\",\"@id\":\"https:\/\/kasvillarent.com\/tr\/#\/schema\/logo\/image\/\",\"url\":\"https:\/\/kasvillarent.com\/wp-content\/uploads\/2022\/06\/FullColor_1280x1024_300dpi-1.png\",\"contentUrl\":\"https:\/\/kasvillarent.com\/wp-content\/uploads\/2022\/06\/FullColor_1280x1024_300dpi-1.png\",\"width\":1155,\"height\":924,\"caption\":\"Kas Villa Rent\"},\"image\":{\"@id\":\"https:\/\/kasvillarent.com\/tr\/#\/schema\/logo\/image\/\"},\"sameAs\":[\"https:\/\/www.facebook.com\/kas.villa.rent\/\",\"https:\/\/instagram.com\/kasvillarent\"]}]}<\/script>\n<!-- \/ Yoast SEO Premium plugin. -->","yoast_head_json":{"title":"Myra ve St Nicholas Kilisesi - Kas Villa Rent","description":"Noel Baba olarak da bilinen Aziz Nikolaos'un evi olmas\u0131yla \u00fcnl\u00fc Myra, t\u00fcr\u00fcn\u00fcn Anadolu'daki en g\u00fczel \u00f6rnekleri aras\u0131nda yer al\u0131yor.","robots":{"index":"index","follow":"follow","max-snippet":"max-snippet:-1","max-image-preview":"max-image-preview:large","max-video-preview":"max-video-preview:-1"},"canonical":"https:\/\/kasvillarent.com\/tr\/ilginizi-cekebilecek-yerler\/tarihi-yerler\/myra-ve-st-nicholas-kilisesi\/","og_locale":"tr_TR","og_type":"article","og_title":"Myra ve St Nicholas Kilisesi","og_description":"Noel Baba olarak da bilinen Aziz Nikolaos'un evi olmas\u0131yla \u00fcnl\u00fc Myra, t\u00fcr\u00fcn\u00fcn Anadolu'daki en g\u00fczel \u00f6rnekleri aras\u0131nda yer al\u0131yor.","og_url":"https:\/\/kasvillarent.com\/tr\/ilginizi-cekebilecek-yerler\/tarihi-yerler\/myra-ve-st-nicholas-kilisesi\/","og_site_name":"Kas Villa Rent","article_publisher":"https:\/\/www.facebook.com\/kas.villa.rent\/","article_modified_time":"2025-07-05T18:13:51+00:00","og_image":[{"width":1400,"height":626,"url":"https:\/\/kasvillarent.com\/wp-content\/uploads\/2020\/12\/myra-1.jpg","type":"image\/jpeg"}],"twitter_card":"summary_large_image","twitter_misc":{"Tahmini okuma s\u00fcresi":"5 dakika"},"schema":{"@context":"https:\/\/schema.org","@graph":[{"@type":"WebPage","@id":"https:\/\/kasvillarent.com\/tr\/ilginizi-cekebilecek-yerler\/tarihi-yerler\/myra-ve-st-nicholas-kilisesi\/","url":"https:\/\/kasvillarent.com\/tr\/ilginizi-cekebilecek-yerler\/tarihi-yerler\/myra-ve-st-nicholas-kilisesi\/","name":"Myra ve St Nicholas Kilisesi - Kas Villa Rent","isPartOf":{"@id":"https:\/\/kasvillarent.com\/tr\/#website"},"primaryImageOfPage":{"@id":"https:\/\/kasvillarent.com\/tr\/ilginizi-cekebilecek-yerler\/tarihi-yerler\/myra-ve-st-nicholas-kilisesi\/#primaryimage"},"image":{"@id":"https:\/\/kasvillarent.com\/tr\/ilginizi-cekebilecek-yerler\/tarihi-yerler\/myra-ve-st-nicholas-kilisesi\/#primaryimage"},"thumbnailUrl":"https:\/\/kasvillarent.com\/wp-content\/uploads\/2020\/12\/myra-1.jpg","datePublished":"2021-05-15T21:02:50+00:00","dateModified":"2025-07-05T18:13:51+00:00","description":"Noel Baba olarak da bilinen Aziz Nikolaos'un evi olmas\u0131yla \u00fcnl\u00fc Myra, t\u00fcr\u00fcn\u00fcn Anadolu'daki en g\u00fczel \u00f6rnekleri aras\u0131nda yer al\u0131yor.","breadcrumb":{"@id":"https:\/\/kasvillarent.com\/tr\/ilginizi-cekebilecek-yerler\/tarihi-yerler\/myra-ve-st-nicholas-kilisesi\/#breadcrumb"},"inLanguage":"tr","potentialAction":[{"@type":"ReadAction","target":["https:\/\/kasvillarent.com\/tr\/ilginizi-cekebilecek-yerler\/tarihi-yerler\/myra-ve-st-nicholas-kilisesi\/"]}]},{"@type":"ImageObject","inLanguage":"tr","@id":"https:\/\/kasvillarent.com\/tr\/ilginizi-cekebilecek-yerler\/tarihi-yerler\/myra-ve-st-nicholas-kilisesi\/#primaryimage","url":"https:\/\/kasvillarent.com\/wp-content\/uploads\/2020\/12\/myra-1.jpg","contentUrl":"https:\/\/kasvillarent.com\/wp-content\/uploads\/2020\/12\/myra-1.jpg","width":1400,"height":626,"caption":"St Nicholas Kilisesi"},{"@type":"BreadcrumbList","@id":"https:\/\/kasvillarent.com\/tr\/ilginizi-cekebilecek-yerler\/tarihi-yerler\/myra-ve-st-nicholas-kilisesi\/#breadcrumb","itemListElement":[{"@type":"ListItem","position":1,"name":"Home","item":"https:\/\/kasvillarent.com\/tr\/"},{"@type":"ListItem","position":2,"name":"\u0130LG\u0130N\u0130Z\u0130 \u00c7EKEB\u0130LECEK YERLER","item":"https:\/\/kasvillarent.com\/tr\/ilginizi-cekebilecek-yerler\/"},{"@type":"ListItem","position":3,"name":"TAR\u0130H\u0130 YERLER","item":"https:\/\/kasvillarent.com\/tr\/ilginizi-cekebilecek-yerler\/tarihi-yerler\/"},{"@type":"ListItem","position":4,"name":"Myra ve St Nicholas Kilisesi"}]},{"@type":"WebSite","@id":"https:\/\/kasvillarent.com\/tr\/#website","url":"https:\/\/kasvillarent.com\/tr\/","name":"Kas Villa Rent","description":"Luxury Villas in Kas Antalya","publisher":{"@id":"https:\/\/kasvillarent.com\/tr\/#organization"},"potentialAction":[{"@type":"SearchAction","target":{"@type":"EntryPoint","urlTemplate":"https:\/\/kasvillarent.com\/tr\/?s={search_term_string}"},"query-input":{"@type":"PropertyValueSpecification","valueRequired":true,"valueName":"search_term_string"}}],"inLanguage":"tr"},{"@type":"Organization","@id":"https:\/\/kasvillarent.com\/tr\/#organization","name":"Kas Villa Rent","url":"https:\/\/kasvillarent.com\/tr\/","logo":{"@type":"ImageObject","inLanguage":"tr","@id":"https:\/\/kasvillarent.com\/tr\/#\/schema\/logo\/image\/","url":"https:\/\/kasvillarent.com\/wp-content\/uploads\/2022\/06\/FullColor_1280x1024_300dpi-1.png","contentUrl":"https:\/\/kasvillarent.com\/wp-content\/uploads\/2022\/06\/FullColor_1280x1024_300dpi-1.png","width":1155,"height":924,"caption":"Kas Villa Rent"},"image":{"@id":"https:\/\/kasvillarent.com\/tr\/#\/schema\/logo\/image\/"},"sameAs":["https:\/\/www.facebook.com\/kas.villa.rent\/","https:\/\/instagram.com\/kasvillarent"]}]}},"uagb_featured_image_src":{"full":["https:\/\/kasvillarent.com\/wp-content\/uploads\/2020\/12\/myra-1.jpg",1400,626,false],"thumbnail":["https:\/\/kasvillarent.com\/wp-content\/uploads\/2020\/12\/myra-1-150x150.jpg",150,150,true],"medium":["https:\/\/kasvillarent.com\/wp-content\/uploads\/2020\/12\/myra-1-300x134.jpg",300,134,true],"medium_large":["https:\/\/kasvillarent.com\/wp-content\/uploads\/2020\/12\/myra-1-768x343.jpg",768,343,true],"large":["https:\/\/kasvillarent.com\/wp-content\/uploads\/2020\/12\/myra-1-1024x458.jpg",769,344,true],"1536x1536":["https:\/\/kasvillarent.com\/wp-content\/uploads\/2020\/12\/myra-1.jpg",1400,626,false],"2048x2048":["https:\/\/kasvillarent.com\/wp-content\/uploads\/2020\/12\/myra-1.jpg",1400,626,false],"post-thumbnail":["https:\/\/kasvillarent.com\/wp-content\/uploads\/2020\/12\/myra-1.jpg",1400,626,false],"villagio-thumb-large":["https:\/\/kasvillarent.com\/wp-content\/uploads\/2020\/12\/myra-1.jpg",1400,626,false],"villagio-thumb-medium":["https:\/\/kasvillarent.com\/wp-content\/uploads\/2020\/12\/myra-1-1382x618.jpg",1382,618,true],"villagio-thumb-small":["https:\/\/kasvillarent.com\/wp-content\/uploads\/2020\/12\/myra-1-717x540.jpg",717,540,true],"villagio-thumb-small-x2":["https:\/\/kasvillarent.com\/wp-content\/uploads\/2020\/12\/myra-1.jpg",1400,626,false]},"uagb_author_info":{"display_name":"Mehmet_Y","author_link":"https:\/\/kasvillarent.com\/tr\/author\/mehmet_y\/"},"uagb_comment_info":0,"uagb_excerpt":"Likya Birli\u011fi&#8217;nin en g\u00fc\u00e7l\u00fc \u015fehirlerinden biri olan Myra antik kenti, m\u00fckemmel \u015fekilde korunmu\u015f Roma d\u00f6nemi amfi tiyatrosu ve amfitiyatroya bakan kayalara oyulmu\u015f mezarlar\u0131 ile tan\u0131n\u0131r. Bu site \u00e7o\u011funlukla Noel Baba olarak da bilinen Aziz Nicholas&#8217;\u0131n evi olmas\u0131yla \u00fcnl\u00fcd\u00fcr. Myra Antik Kenti, Anadolu&#8217;daki t\u00fcr\u00fcn\u00fcn en g\u00fczel \u00f6rneklerindendir. Ziyaret edilmesi gereken kaya mezarlar\u0131 ve Myra antik tiyatrosunun&hellip;","jetpack_sharing_enabled":true,"_links":{"self":[{"href":"https:\/\/kasvillarent.com\/tr\/wp-json\/wp\/v2\/pages\/7231","targetHints":{"allow":["GET"]}}],"collection":[{"href":"https:\/\/kasvillarent.com\/tr\/wp-json\/wp\/v2\/pages"}],"about":[{"href":"https:\/\/kasvillarent.com\/tr\/wp-json\/wp\/v2\/types\/page"}],"author":[{"embeddable":true,"href":"https:\/\/kasvillarent.com\/tr\/wp-json\/wp\/v2\/users\/29"}],"replies":[{"embeddable":true,"href":"https:\/\/kasvillarent.com\/tr\/wp-json\/wp\/v2\/comments?post=7231"}],"version-history":[{"count":1,"href":"https:\/\/kasvillarent.com\/tr\/wp-json\/wp\/v2\/pages\/7231\/revisions"}],"predecessor-version":[{"id":12647,"href":"https:\/\/kasvillarent.com\/tr\/wp-json\/wp\/v2\/pages\/7231\/revisions\/12647"}],"up":[{"embeddable":true,"href":"https:\/\/kasvillarent.com\/tr\/wp-json\/wp\/v2\/pages\/7172"}],"wp:featuredmedia":[{"embeddable":true,"href":"https:\/\/kasvillarent.com\/tr\/wp-json\/wp\/v2\/media\/5569"}],"wp:attachment":[{"href":"https:\/\/kasvillarent.com\/tr\/wp-json\/wp\/v2\/media?parent=7231"}],"curies":[{"name":"wp","href":"https:\/\/api.w.org\/{rel}","templated":true}]}}