{"id":7265,"date":"2021-05-16T12:29:18","date_gmt":"2021-05-16T09:29:18","guid":{"rendered":"https:\/\/kasvillarent.com\/ilginizi-cekebilecek-yerler\/tarihi-yerler\/tlos\/"},"modified":"2025-07-05T21:13:50","modified_gmt":"2025-07-05T18:13:50","slug":"tlos","status":"publish","type":"page","link":"https:\/\/kasvillarent.com\/tr\/ilginizi-cekebilecek-yerler\/tarihi-yerler\/tlos\/","title":{"rendered":"Tlos"},"content":{"rendered":"<p><strong>Tlos<\/strong> Likya&#8217;n\u0131n alt\u0131 b\u00fcy\u00fck ve g\u00fc\u00e7l\u00fc kentinden biriydi. Mu\u011fla ili Fethiye tatil beldesinin yak\u0131n\u0131nda yer almaktad\u0131r.<span style=\"color: #000000;\"> T\u00fcrkiye&#8217;nin g\u00fcneyinde, Sakl\u0131kent Bo\u011faz\u0131&#8217;n\u0131n yakla\u015f\u0131k 4 kilometre kuzeybat\u0131s\u0131ndad\u0131r.<\/span><\/p>\n<p>\u015eehir, bir zamanlar Roma \u0130mparatorlu\u011fu d\u00f6neminde &#8216;Likya ulusunun \u00e7ok parlak metropol\u00fc&#8217; unvan\u0131n\u0131 ta\u015f\u0131yordu. Likya&#8217;n\u0131n en eski ve en b\u00fcy\u00fck yerle\u015fim yerlerinden biridir (Likya yaz\u0131tlar\u0131nda &#8216;Tlawa&#8217; olarak bilinir); 19. y\u00fczy\u0131l boyunca varl\u0131\u011f\u0131n\u0131 s\u00fcrd\u00fcren birka\u00e7 Likya kentinden biri olan bu \u015fehir sonunda Osmanl\u0131 T\u00fcrkleri taraf\u0131ndan iskan edilmi\u015ftir. Tlos&#8217;un M\u00d6 2. y\u00fczy\u0131ldan itibaren Likya Federasyonu \u00fcyesi oldu\u011funa dair kan\u0131tlar var. Birinin ad\u0131 Rhodiapolisli Opramoas olan iki zengin hay\u0131rsever, MS 2. y\u00fczy\u0131lda yap\u0131lan binalar\u0131n \u00e7o\u011funun yap\u0131m\u0131n\u0131 \u00fcstlenmi\u015flerdi. Yaz\u0131tlar bize vatanda\u015flar\u0131n \u00e7e\u015fitli kabilelere b\u00f6l\u00fcnd\u00fc\u011f\u00fcn\u00fc, bunlardan \u00fc\u00e7\u00fcn\u00fcn isminin bilindi\u011fini s\u00f6yl\u00fcyor: Bellerophon, Lobates ve Sarpedon, \u00fcnl\u00fc efsanevi kahramanlar. Ayr\u0131ca kendi yarg\u0131\u00e7lar\u0131 olan <i>bir<\/i> Yahudi cemaati vard\u0131.<\/p>\n<p> <img fetchpriority=\"high\" decoding=\"async\" class=\"wp-image-2155 alignleft\" src=\"https:\/\/kasvillarent.com\/wp-content\/uploads\/2020\/12\/Tlos-2.jpg\" alt=\"\" width=\"606\" height=\"402\" srcset=\"https:\/\/kasvillarent.com\/wp-content\/uploads\/2020\/12\/Tlos-2.jpg 273w, https:\/\/kasvillarent.com\/wp-content\/uploads\/2020\/12\/Tlos-2-20x13.jpg 20w\" sizes=\"(max-width: 606px) 100vw, 606px\" \/><span class=\"Apple-converted-space\">Tlos tarih boyunca arkeolojik, k\u00fclt\u00fcrel, dini ve ekonomik a\u00e7\u0131lardan b\u00f6lgenin parlayan y\u0131ld\u0131z\u0131 olmu\u015ftur. Tlos antik kenti Neolitik d\u00f6nemden Demir \u00c7a\u011f\u0131&#8217;na kadar kesintisiz devam eden yerle\u015fimin izlerini ta\u015f\u0131yor. Hititlerin yaz\u0131l\u0131 kaynaklar\u0131nda (Anal, Y\u0131ll\u0131k) Tlos bir \u00fclke olarak ge\u00e7mi\u015ftir. \u00d6zellikle dini bir alan olarak \u00f6nemi 12. y\u00fczy\u0131la kadar devam etti. Osmanl\u0131 D\u00f6nemi&#8217;nin de izlerini ta\u015f\u0131r. 18. y\u00fczy\u0131lda Tlos, b\u00f6lgenin ticaret yollar\u0131n\u0131n kav\u015fak noktas\u0131ndayd\u0131.<\/span> Pek \u00e7ok k\u00fclt\u00fcr\u00fcn Tlos \u00fczerindeki etkisi, ilgin\u00e7 bir yap\u0131 kolaj\u0131yla sonu\u00e7land\u0131. Tlos, \u00fc\u00e7 antik siteyi bir arada temsil ediyor. Birincisi, y\u00fcksek kayal\u0131k bir burnun kenar\u0131na yerle\u015ftirilmi\u015f muhte\u015fem kaya mezarlar\u0131, ikincisi Roma kal\u0131nt\u0131lar\u0131 ve \u00fc\u00e7\u00fcnc\u00fcs\u00fc akropol (mezarl\u0131k) tepesine hakim bir Osmanl\u0131 T\u00fcrk kalesi. Komplekste lahitlerin g\u00fczel \u00f6rneklerini, bir tiyatro, bir Roma stadyumu, hamamlar ve bir Bizans kilisesi kal\u0131nt\u0131lar\u0131n\u0131 g\u00f6rebilirsiniz.<\/p>\n<p><span class=\"Apple-converted-space\"><img decoding=\"async\" class=\"alignnone size-full wp-image-2159\" src=\"https:\/\/kasvillarent.com\/wp-content\/uploads\/2020\/12\/Tlos-ancient-theater-1.jpg\" alt=\"Tlos Antik tiyatrosu\" width=\"1024\" height=\"641\" srcset=\"https:\/\/kasvillarent.com\/wp-content\/uploads\/2020\/12\/Tlos-ancient-theater-1.jpg 1024w, https:\/\/kasvillarent.com\/wp-content\/uploads\/2020\/12\/Tlos-ancient-theater-1-300x188.jpg 300w, https:\/\/kasvillarent.com\/wp-content\/uploads\/2020\/12\/Tlos-ancient-theater-1-768x481.jpg 768w, https:\/\/kasvillarent.com\/wp-content\/uploads\/2020\/12\/Tlos-ancient-theater-1-987x618.jpg 987w, https:\/\/kasvillarent.com\/wp-content\/uploads\/2020\/12\/Tlos-ancient-theater-1-20x13.jpg 20w\" sizes=\"(max-width: 1024px) 100vw, 1024px\" \/>Tlos<\/span> ayn\u0131 zamanda yemye\u015fil do\u011fas\u0131yla romantik bir yer ve binalar\u0131n \u00e7o\u011fu asma kapl\u0131d\u0131r (\u00f6zellikle b\u00fcy\u00fck hamam), herhangi bir romantik ressam i\u00e7in ilham veren m\u00fckemmel bir yer olurdu. Yaka k\u00f6y\u00fc art\u0131k Tlos&#8217;la birlikte ya\u015f\u0131yor ve tarlalar ve nar a\u011fa\u00e7lar\u0131 \u00e7ok g\u00fczel bir manzara yarat\u0131yor. Tlos, k\u0131y\u0131 \u015fehirlerinden yap\u0131lan turlar i\u00e7in pop\u00fcler bir destinasyondur. Bulundu\u011fu b\u00fct\u00fcn alan, bir\u00e7ok k\u00fc\u00e7\u00fck k\u00f6y ile g\u00fczeldir.<\/p>\n\n\n<p><\/p>\n","protected":false},"excerpt":{"rendered":"<p>Tlos Likya&#8217;n\u0131n alt\u0131 b\u00fcy\u00fck ve g\u00fc\u00e7l\u00fc kentinden biriydi. Mu\u011fla ili Fethiye tatil beldesinin yak\u0131n\u0131nda yer almaktad\u0131r. T\u00fcrkiye&#8217;nin g\u00fcneyinde, Sakl\u0131kent Bo\u011faz\u0131&#8217;n\u0131n yakla\u015f\u0131k 4 kilometre kuzeybat\u0131s\u0131ndad\u0131r. \u015eehir, bir zamanlar Roma \u0130mparatorlu\u011fu d\u00f6neminde &#8216;Likya ulusunun \u00e7ok parlak metropol\u00fc&#8217; unvan\u0131n\u0131 ta\u015f\u0131yordu. Likya&#8217;n\u0131n en eski ve en b\u00fcy\u00fck yerle\u015fim yerlerinden biridir (Likya yaz\u0131tlar\u0131nda &#8216;Tlawa&#8217; olarak bilinir); 19. y\u00fczy\u0131l boyunca varl\u0131\u011f\u0131n\u0131 &hellip; <a href=\"https:\/\/kasvillarent.com\/tr\/ilginizi-cekebilecek-yerler\/tarihi-yerler\/tlos\/\" class=\"more-link\">Continue reading<span class=\"screen-reader-text\"> &#8220;Tlos&#8221;<\/span><\/a><\/p>\n","protected":false},"author":29,"featured_media":5580,"parent":7172,"menu_order":0,"comment_status":"open","ping_status":"closed","template":"","meta":{"_uag_custom_page_level_css":"","_monsterinsights_skip_tracking":false,"_monsterinsights_sitenote_active":false,"_monsterinsights_sitenote_note":"","_monsterinsights_sitenote_category":0,"footnotes":""},"class_list":["post-7265","page","type-page","status-publish","has-post-thumbnail","hentry"],"yoast_head":"<!-- This site is optimized with the Yoast SEO Premium plugin v27.0 (Yoast SEO v27.0) - https:\/\/yoast.com\/product\/yoast-seo-premium-wordpress\/ -->\n<title>Tlos - Kas Villa Rent<\/title>\n<meta name=\"description\" content=\"Tlos, Likya&#039;n\u0131n alt\u0131 ana ve g\u00fc\u00e7l\u00fc kentinden biriydi. Fethiye yak\u0131nlar\u0131nda ve Sakl\u0131kent Bo\u011faz\u0131&#039;n\u0131n yakla\u015f\u0131k 4 kilometre kuzeybat\u0131s\u0131nda yer almaktad\u0131r.\" \/>\n<meta name=\"robots\" content=\"index, follow, max-snippet:-1, max-image-preview:large, max-video-preview:-1\" \/>\n<link rel=\"canonical\" href=\"https:\/\/kasvillarent.com\/tr\/ilginizi-cekebilecek-yerler\/tarihi-yerler\/tlos\/\" \/>\n<meta property=\"og:locale\" content=\"tr_TR\" \/>\n<meta property=\"og:type\" content=\"article\" \/>\n<meta property=\"og:title\" content=\"Tlos\" \/>\n<meta property=\"og:description\" content=\"Tlos, Likya&#039;n\u0131n alt\u0131 ana ve g\u00fc\u00e7l\u00fc kentinden biriydi. Fethiye yak\u0131nlar\u0131nda ve Sakl\u0131kent Bo\u011faz\u0131&#039;n\u0131n yakla\u015f\u0131k 4 kilometre kuzeybat\u0131s\u0131nda yer almaktad\u0131r.\" \/>\n<meta property=\"og:url\" content=\"https:\/\/kasvillarent.com\/tr\/ilginizi-cekebilecek-yerler\/tarihi-yerler\/tlos\/\" \/>\n<meta property=\"og:site_name\" content=\"Kas Villa Rent\" \/>\n<meta property=\"article:publisher\" content=\"https:\/\/www.facebook.com\/kas.villa.rent\/\" \/>\n<meta property=\"article:modified_time\" content=\"2025-07-05T18:13:50+00:00\" \/>\n<meta property=\"og:image\" content=\"https:\/\/kasvillarent.com\/wp-content\/uploads\/2020\/12\/tlos.jpg\" \/>\n\t<meta property=\"og:image:width\" content=\"1200\" \/>\n\t<meta property=\"og:image:height\" content=\"830\" \/>\n\t<meta property=\"og:image:type\" content=\"image\/jpeg\" \/>\n<meta name=\"twitter:card\" content=\"summary_large_image\" \/>\n<meta name=\"twitter:label1\" content=\"Tahmini okuma s\u00fcresi\" \/>\n\t<meta name=\"twitter:data1\" content=\"2 dakika\" \/>\n<script type=\"application\/ld+json\" class=\"yoast-schema-graph\">{\"@context\":\"https:\/\/schema.org\",\"@graph\":[{\"@type\":\"WebPage\",\"@id\":\"https:\/\/kasvillarent.com\/tr\/ilginizi-cekebilecek-yerler\/tarihi-yerler\/tlos\/\",\"url\":\"https:\/\/kasvillarent.com\/tr\/ilginizi-cekebilecek-yerler\/tarihi-yerler\/tlos\/\",\"name\":\"Tlos - Kas Villa Rent\",\"isPartOf\":{\"@id\":\"https:\/\/kasvillarent.com\/tr\/#website\"},\"primaryImageOfPage\":{\"@id\":\"https:\/\/kasvillarent.com\/tr\/ilginizi-cekebilecek-yerler\/tarihi-yerler\/tlos\/#primaryimage\"},\"image\":{\"@id\":\"https:\/\/kasvillarent.com\/tr\/ilginizi-cekebilecek-yerler\/tarihi-yerler\/tlos\/#primaryimage\"},\"thumbnailUrl\":\"https:\/\/kasvillarent.com\/wp-content\/uploads\/2020\/12\/tlos.jpg\",\"datePublished\":\"2021-05-16T09:29:18+00:00\",\"dateModified\":\"2025-07-05T18:13:50+00:00\",\"description\":\"Tlos, Likya'n\u0131n alt\u0131 ana ve g\u00fc\u00e7l\u00fc kentinden biriydi. Fethiye yak\u0131nlar\u0131nda ve Sakl\u0131kent Bo\u011faz\u0131'n\u0131n yakla\u015f\u0131k 4 kilometre kuzeybat\u0131s\u0131nda yer almaktad\u0131r.\",\"breadcrumb\":{\"@id\":\"https:\/\/kasvillarent.com\/tr\/ilginizi-cekebilecek-yerler\/tarihi-yerler\/tlos\/#breadcrumb\"},\"inLanguage\":\"tr\",\"potentialAction\":[{\"@type\":\"ReadAction\",\"target\":[\"https:\/\/kasvillarent.com\/tr\/ilginizi-cekebilecek-yerler\/tarihi-yerler\/tlos\/\"]}]},{\"@type\":\"ImageObject\",\"inLanguage\":\"tr\",\"@id\":\"https:\/\/kasvillarent.com\/tr\/ilginizi-cekebilecek-yerler\/tarihi-yerler\/tlos\/#primaryimage\",\"url\":\"https:\/\/kasvillarent.com\/wp-content\/uploads\/2020\/12\/tlos.jpg\",\"contentUrl\":\"https:\/\/kasvillarent.com\/wp-content\/uploads\/2020\/12\/tlos.jpg\",\"width\":1200,\"height\":830,\"caption\":\"Antik Helenistik Tiyatro\"},{\"@type\":\"BreadcrumbList\",\"@id\":\"https:\/\/kasvillarent.com\/tr\/ilginizi-cekebilecek-yerler\/tarihi-yerler\/tlos\/#breadcrumb\",\"itemListElement\":[{\"@type\":\"ListItem\",\"position\":1,\"name\":\"Home\",\"item\":\"https:\/\/kasvillarent.com\/tr\/\"},{\"@type\":\"ListItem\",\"position\":2,\"name\":\"\u0130LG\u0130N\u0130Z\u0130 \u00c7EKEB\u0130LECEK YERLER\",\"item\":\"https:\/\/kasvillarent.com\/tr\/ilginizi-cekebilecek-yerler\/\"},{\"@type\":\"ListItem\",\"position\":3,\"name\":\"TAR\u0130H\u0130 YERLER\",\"item\":\"https:\/\/kasvillarent.com\/tr\/ilginizi-cekebilecek-yerler\/tarihi-yerler\/\"},{\"@type\":\"ListItem\",\"position\":4,\"name\":\"Tlos\"}]},{\"@type\":\"WebSite\",\"@id\":\"https:\/\/kasvillarent.com\/tr\/#website\",\"url\":\"https:\/\/kasvillarent.com\/tr\/\",\"name\":\"Kas Villa Rent\",\"description\":\"Luxury Villas in Kas Antalya\",\"publisher\":{\"@id\":\"https:\/\/kasvillarent.com\/tr\/#organization\"},\"potentialAction\":[{\"@type\":\"SearchAction\",\"target\":{\"@type\":\"EntryPoint\",\"urlTemplate\":\"https:\/\/kasvillarent.com\/tr\/?s={search_term_string}\"},\"query-input\":{\"@type\":\"PropertyValueSpecification\",\"valueRequired\":true,\"valueName\":\"search_term_string\"}}],\"inLanguage\":\"tr\"},{\"@type\":\"Organization\",\"@id\":\"https:\/\/kasvillarent.com\/tr\/#organization\",\"name\":\"Kas Villa Rent\",\"url\":\"https:\/\/kasvillarent.com\/tr\/\",\"logo\":{\"@type\":\"ImageObject\",\"inLanguage\":\"tr\",\"@id\":\"https:\/\/kasvillarent.com\/tr\/#\/schema\/logo\/image\/\",\"url\":\"https:\/\/kasvillarent.com\/wp-content\/uploads\/2022\/06\/FullColor_1280x1024_300dpi-1.png\",\"contentUrl\":\"https:\/\/kasvillarent.com\/wp-content\/uploads\/2022\/06\/FullColor_1280x1024_300dpi-1.png\",\"width\":1155,\"height\":924,\"caption\":\"Kas Villa Rent\"},\"image\":{\"@id\":\"https:\/\/kasvillarent.com\/tr\/#\/schema\/logo\/image\/\"},\"sameAs\":[\"https:\/\/www.facebook.com\/kas.villa.rent\/\",\"https:\/\/instagram.com\/kasvillarent\"]}]}<\/script>\n<!-- \/ Yoast SEO Premium plugin. -->","yoast_head_json":{"title":"Tlos - Kas Villa Rent","description":"Tlos, Likya'n\u0131n alt\u0131 ana ve g\u00fc\u00e7l\u00fc kentinden biriydi. Fethiye yak\u0131nlar\u0131nda ve Sakl\u0131kent Bo\u011faz\u0131'n\u0131n yakla\u015f\u0131k 4 kilometre kuzeybat\u0131s\u0131nda yer almaktad\u0131r.","robots":{"index":"index","follow":"follow","max-snippet":"max-snippet:-1","max-image-preview":"max-image-preview:large","max-video-preview":"max-video-preview:-1"},"canonical":"https:\/\/kasvillarent.com\/tr\/ilginizi-cekebilecek-yerler\/tarihi-yerler\/tlos\/","og_locale":"tr_TR","og_type":"article","og_title":"Tlos","og_description":"Tlos, Likya'n\u0131n alt\u0131 ana ve g\u00fc\u00e7l\u00fc kentinden biriydi. Fethiye yak\u0131nlar\u0131nda ve Sakl\u0131kent Bo\u011faz\u0131'n\u0131n yakla\u015f\u0131k 4 kilometre kuzeybat\u0131s\u0131nda yer almaktad\u0131r.","og_url":"https:\/\/kasvillarent.com\/tr\/ilginizi-cekebilecek-yerler\/tarihi-yerler\/tlos\/","og_site_name":"Kas Villa Rent","article_publisher":"https:\/\/www.facebook.com\/kas.villa.rent\/","article_modified_time":"2025-07-05T18:13:50+00:00","og_image":[{"width":1200,"height":830,"url":"https:\/\/kasvillarent.com\/wp-content\/uploads\/2020\/12\/tlos.jpg","type":"image\/jpeg"}],"twitter_card":"summary_large_image","twitter_misc":{"Tahmini okuma s\u00fcresi":"2 dakika"},"schema":{"@context":"https:\/\/schema.org","@graph":[{"@type":"WebPage","@id":"https:\/\/kasvillarent.com\/tr\/ilginizi-cekebilecek-yerler\/tarihi-yerler\/tlos\/","url":"https:\/\/kasvillarent.com\/tr\/ilginizi-cekebilecek-yerler\/tarihi-yerler\/tlos\/","name":"Tlos - Kas Villa Rent","isPartOf":{"@id":"https:\/\/kasvillarent.com\/tr\/#website"},"primaryImageOfPage":{"@id":"https:\/\/kasvillarent.com\/tr\/ilginizi-cekebilecek-yerler\/tarihi-yerler\/tlos\/#primaryimage"},"image":{"@id":"https:\/\/kasvillarent.com\/tr\/ilginizi-cekebilecek-yerler\/tarihi-yerler\/tlos\/#primaryimage"},"thumbnailUrl":"https:\/\/kasvillarent.com\/wp-content\/uploads\/2020\/12\/tlos.jpg","datePublished":"2021-05-16T09:29:18+00:00","dateModified":"2025-07-05T18:13:50+00:00","description":"Tlos, Likya'n\u0131n alt\u0131 ana ve g\u00fc\u00e7l\u00fc kentinden biriydi. Fethiye yak\u0131nlar\u0131nda ve Sakl\u0131kent Bo\u011faz\u0131'n\u0131n yakla\u015f\u0131k 4 kilometre kuzeybat\u0131s\u0131nda yer almaktad\u0131r.","breadcrumb":{"@id":"https:\/\/kasvillarent.com\/tr\/ilginizi-cekebilecek-yerler\/tarihi-yerler\/tlos\/#breadcrumb"},"inLanguage":"tr","potentialAction":[{"@type":"ReadAction","target":["https:\/\/kasvillarent.com\/tr\/ilginizi-cekebilecek-yerler\/tarihi-yerler\/tlos\/"]}]},{"@type":"ImageObject","inLanguage":"tr","@id":"https:\/\/kasvillarent.com\/tr\/ilginizi-cekebilecek-yerler\/tarihi-yerler\/tlos\/#primaryimage","url":"https:\/\/kasvillarent.com\/wp-content\/uploads\/2020\/12\/tlos.jpg","contentUrl":"https:\/\/kasvillarent.com\/wp-content\/uploads\/2020\/12\/tlos.jpg","width":1200,"height":830,"caption":"Antik Helenistik Tiyatro"},{"@type":"BreadcrumbList","@id":"https:\/\/kasvillarent.com\/tr\/ilginizi-cekebilecek-yerler\/tarihi-yerler\/tlos\/#breadcrumb","itemListElement":[{"@type":"ListItem","position":1,"name":"Home","item":"https:\/\/kasvillarent.com\/tr\/"},{"@type":"ListItem","position":2,"name":"\u0130LG\u0130N\u0130Z\u0130 \u00c7EKEB\u0130LECEK YERLER","item":"https:\/\/kasvillarent.com\/tr\/ilginizi-cekebilecek-yerler\/"},{"@type":"ListItem","position":3,"name":"TAR\u0130H\u0130 YERLER","item":"https:\/\/kasvillarent.com\/tr\/ilginizi-cekebilecek-yerler\/tarihi-yerler\/"},{"@type":"ListItem","position":4,"name":"Tlos"}]},{"@type":"WebSite","@id":"https:\/\/kasvillarent.com\/tr\/#website","url":"https:\/\/kasvillarent.com\/tr\/","name":"Kas Villa Rent","description":"Luxury Villas in Kas Antalya","publisher":{"@id":"https:\/\/kasvillarent.com\/tr\/#organization"},"potentialAction":[{"@type":"SearchAction","target":{"@type":"EntryPoint","urlTemplate":"https:\/\/kasvillarent.com\/tr\/?s={search_term_string}"},"query-input":{"@type":"PropertyValueSpecification","valueRequired":true,"valueName":"search_term_string"}}],"inLanguage":"tr"},{"@type":"Organization","@id":"https:\/\/kasvillarent.com\/tr\/#organization","name":"Kas Villa Rent","url":"https:\/\/kasvillarent.com\/tr\/","logo":{"@type":"ImageObject","inLanguage":"tr","@id":"https:\/\/kasvillarent.com\/tr\/#\/schema\/logo\/image\/","url":"https:\/\/kasvillarent.com\/wp-content\/uploads\/2022\/06\/FullColor_1280x1024_300dpi-1.png","contentUrl":"https:\/\/kasvillarent.com\/wp-content\/uploads\/2022\/06\/FullColor_1280x1024_300dpi-1.png","width":1155,"height":924,"caption":"Kas Villa Rent"},"image":{"@id":"https:\/\/kasvillarent.com\/tr\/#\/schema\/logo\/image\/"},"sameAs":["https:\/\/www.facebook.com\/kas.villa.rent\/","https:\/\/instagram.com\/kasvillarent"]}]}},"uagb_featured_image_src":{"full":["https:\/\/kasvillarent.com\/wp-content\/uploads\/2020\/12\/tlos.jpg",1200,830,false],"thumbnail":["https:\/\/kasvillarent.com\/wp-content\/uploads\/2020\/12\/tlos-150x150.jpg",150,150,true],"medium":["https:\/\/kasvillarent.com\/wp-content\/uploads\/2020\/12\/tlos-300x208.jpg",300,208,true],"medium_large":["https:\/\/kasvillarent.com\/wp-content\/uploads\/2020\/12\/tlos-768x531.jpg",768,531,true],"large":["https:\/\/kasvillarent.com\/wp-content\/uploads\/2020\/12\/tlos-1024x708.jpg",769,532,true],"1536x1536":["https:\/\/kasvillarent.com\/wp-content\/uploads\/2020\/12\/tlos.jpg",1200,830,false],"2048x2048":["https:\/\/kasvillarent.com\/wp-content\/uploads\/2020\/12\/tlos.jpg",1200,830,false],"post-thumbnail":["https:\/\/kasvillarent.com\/wp-content\/uploads\/2020\/12\/tlos-1200x734.jpg",1200,734,true],"villagio-thumb-large":["https:\/\/kasvillarent.com\/wp-content\/uploads\/2020\/12\/tlos.jpg",1200,830,false],"villagio-thumb-medium":["https:\/\/kasvillarent.com\/wp-content\/uploads\/2020\/12\/tlos-893x618.jpg",893,618,true],"villagio-thumb-small":["https:\/\/kasvillarent.com\/wp-content\/uploads\/2020\/12\/tlos-717x540.jpg",717,540,true],"villagio-thumb-small-x2":["https:\/\/kasvillarent.com\/wp-content\/uploads\/2020\/12\/tlos.jpg",1200,830,false]},"uagb_author_info":{"display_name":"Mehmet_Y","author_link":"https:\/\/kasvillarent.com\/tr\/author\/mehmet_y\/"},"uagb_comment_info":0,"uagb_excerpt":"Tlos Likya&#8217;n\u0131n alt\u0131 b\u00fcy\u00fck ve g\u00fc\u00e7l\u00fc kentinden biriydi. Mu\u011fla ili Fethiye tatil beldesinin yak\u0131n\u0131nda yer almaktad\u0131r. T\u00fcrkiye&#8217;nin g\u00fcneyinde, Sakl\u0131kent Bo\u011faz\u0131&#8217;n\u0131n yakla\u015f\u0131k 4 kilometre kuzeybat\u0131s\u0131ndad\u0131r. \u015eehir, bir zamanlar Roma \u0130mparatorlu\u011fu d\u00f6neminde &#8216;Likya ulusunun \u00e7ok parlak metropol\u00fc&#8217; unvan\u0131n\u0131 ta\u015f\u0131yordu. Likya&#8217;n\u0131n en eski ve en b\u00fcy\u00fck yerle\u015fim yerlerinden biridir (Likya yaz\u0131tlar\u0131nda &#8216;Tlawa&#8217; olarak bilinir); 19. y\u00fczy\u0131l boyunca varl\u0131\u011f\u0131n\u0131&hellip;","jetpack_sharing_enabled":true,"_links":{"self":[{"href":"https:\/\/kasvillarent.com\/tr\/wp-json\/wp\/v2\/pages\/7265","targetHints":{"allow":["GET"]}}],"collection":[{"href":"https:\/\/kasvillarent.com\/tr\/wp-json\/wp\/v2\/pages"}],"about":[{"href":"https:\/\/kasvillarent.com\/tr\/wp-json\/wp\/v2\/types\/page"}],"author":[{"embeddable":true,"href":"https:\/\/kasvillarent.com\/tr\/wp-json\/wp\/v2\/users\/29"}],"replies":[{"embeddable":true,"href":"https:\/\/kasvillarent.com\/tr\/wp-json\/wp\/v2\/comments?post=7265"}],"version-history":[{"count":2,"href":"https:\/\/kasvillarent.com\/tr\/wp-json\/wp\/v2\/pages\/7265\/revisions"}],"predecessor-version":[{"id":12655,"href":"https:\/\/kasvillarent.com\/tr\/wp-json\/wp\/v2\/pages\/7265\/revisions\/12655"}],"up":[{"embeddable":true,"href":"https:\/\/kasvillarent.com\/tr\/wp-json\/wp\/v2\/pages\/7172"}],"wp:featuredmedia":[{"embeddable":true,"href":"https:\/\/kasvillarent.com\/tr\/wp-json\/wp\/v2\/media\/5580"}],"wp:attachment":[{"href":"https:\/\/kasvillarent.com\/tr\/wp-json\/wp\/v2\/media?parent=7265"}],"curies":[{"name":"wp","href":"https:\/\/api.w.org\/{rel}","templated":true}]}}