{"id":7269,"date":"2021-05-16T12:35:12","date_gmt":"2021-05-16T09:35:12","guid":{"rendered":"https:\/\/kasvillarent.com\/ilginizi-cekebilecek-yerler\/tarihi-yerler\/xantos\/"},"modified":"2025-07-05T21:13:46","modified_gmt":"2025-07-05T18:13:46","slug":"xantos","status":"publish","type":"page","link":"https:\/\/kasvillarent.com\/tr\/ilginizi-cekebilecek-yerler\/tarihi-yerler\/xantos\/","title":{"rendered":"Xantos"},"content":{"rendered":"\n<p>Xantos (Santos) Ka\u015f&#8217;a 40 km uzakl\u0131kta olup Likya \u015fehirlerinde \u00f6nemli bir yere sahipti, Likya uygarl\u0131\u011f\u0131n\u0131n ilk d\u00f6nemlerinde ba\u015fkent oldu\u011fu biliniyor. Xantos i\u00e7in kaz\u0131lar b\u00f6lgede 1950&#8217;lerin ba\u015f\u0131nda ba\u015flad\u0131 ve 1988&#8217;den itibaren UNESCO D\u00fcnya K\u00fclt\u00fcr Miras\u0131 Listesi&#8217;ne eklendi.<\/p>\n\n<p>Tarih\u00e7i Herodot, anlat\u0131lar\u0131nda Xanthos&#8217;ta bir olaya yer vermi\u015ftir. M.\u00d6. 545 y\u0131l\u0131nda Pers imparatoru Harpagos liderli\u011findeki ordunun sald\u0131r\u0131s\u0131na direnemeyen Xanthos sava\u015f\u00e7\u0131lar\u0131, Perslere teslim olmamak i\u00e7in aileleri ile birlikte t\u00fcm \u015fehri ate\u015fe vermi\u015flerdir. O s\u0131rada \u015fehir d\u0131\u015f\u0131nda olan seksen aile geri d\u00f6nd\u00fc ve yeni g\u00f6\u00e7menlerle \u015fehri yeniden in\u015fa etti.<\/p>\n\n<div class=\"wp-block-jetpack-slideshow aligncenter\" data-effect=\"slide\"><div class=\"wp-block-jetpack-slideshow_container swiper-container\"><ul class=\"wp-block-jetpack-slideshow_swiper-wrapper swiper-wrapper\"><li class=\"wp-block-jetpack-slideshow_slide swiper-slide\"><figure><img fetchpriority=\"high\" decoding=\"async\" width=\"1024\" height=\"683\" alt=\"\" class=\"wp-block-jetpack-slideshow_image wp-image-2057\" data-id=\"2057\" src=\"https:\/\/kasvillarent.com\/wp-content\/uploads\/2020\/12\/Xantos-01-1024x683.jpg\" srcset=\"https:\/\/kasvillarent.com\/wp-content\/uploads\/2020\/12\/Xantos-01-1024x683.jpg 1024w, https:\/\/kasvillarent.com\/wp-content\/uploads\/2020\/12\/Xantos-01-300x200.jpg 300w, https:\/\/kasvillarent.com\/wp-content\/uploads\/2020\/12\/Xantos-01-768x512.jpg 768w, https:\/\/kasvillarent.com\/wp-content\/uploads\/2020\/12\/Xantos-01-927x618.jpg 927w, https:\/\/kasvillarent.com\/wp-content\/uploads\/2020\/12\/Xantos-01-20x13.jpg 20w, https:\/\/kasvillarent.com\/wp-content\/uploads\/2020\/12\/Xantos-01.jpg 1200w\" sizes=\"(max-width: 1024px) 100vw, 1024px\" \/><\/figure><\/li><li class=\"wp-block-jetpack-slideshow_slide swiper-slide\"><figure><img decoding=\"async\" width=\"1024\" height=\"683\" alt=\"\" class=\"wp-block-jetpack-slideshow_image wp-image-2058\" data-id=\"2058\" src=\"https:\/\/kasvillarent.com\/wp-content\/uploads\/2020\/12\/Xantos-03-1024x683.jpg\" srcset=\"https:\/\/kasvillarent.com\/wp-content\/uploads\/2020\/12\/Xantos-03-1024x683.jpg 1024w, https:\/\/kasvillarent.com\/wp-content\/uploads\/2020\/12\/Xantos-03-300x200.jpg 300w, https:\/\/kasvillarent.com\/wp-content\/uploads\/2020\/12\/Xantos-03-768x512.jpg 768w, https:\/\/kasvillarent.com\/wp-content\/uploads\/2020\/12\/Xantos-03-927x618.jpg 927w, https:\/\/kasvillarent.com\/wp-content\/uploads\/2020\/12\/Xantos-03-20x13.jpg 20w, https:\/\/kasvillarent.com\/wp-content\/uploads\/2020\/12\/Xantos-03.jpg 1200w\" sizes=\"(max-width: 1024px) 100vw, 1024px\" \/><\/figure><\/li><li class=\"wp-block-jetpack-slideshow_slide swiper-slide\"><figure><img decoding=\"async\" width=\"1024\" height=\"683\" alt=\"\" class=\"wp-block-jetpack-slideshow_image wp-image-2059\" data-id=\"2059\" src=\"https:\/\/kasvillarent.com\/wp-content\/uploads\/2020\/12\/Xantos-04-1024x683.jpg\" srcset=\"https:\/\/kasvillarent.com\/wp-content\/uploads\/2020\/12\/Xantos-04-1024x683.jpg 1024w, https:\/\/kasvillarent.com\/wp-content\/uploads\/2020\/12\/Xantos-04-300x200.jpg 300w, https:\/\/kasvillarent.com\/wp-content\/uploads\/2020\/12\/Xantos-04-768x512.jpg 768w, https:\/\/kasvillarent.com\/wp-content\/uploads\/2020\/12\/Xantos-04-927x618.jpg 927w, https:\/\/kasvillarent.com\/wp-content\/uploads\/2020\/12\/Xantos-04-20x13.jpg 20w, https:\/\/kasvillarent.com\/wp-content\/uploads\/2020\/12\/Xantos-04.jpg 1200w\" sizes=\"(max-width: 1024px) 100vw, 1024px\" \/><\/figure><\/li><li class=\"wp-block-jetpack-slideshow_slide swiper-slide\"><figure><img loading=\"lazy\" decoding=\"async\" width=\"1024\" height=\"683\" alt=\"\" class=\"wp-block-jetpack-slideshow_image wp-image-2061\" data-id=\"2061\" src=\"https:\/\/kasvillarent.com\/wp-content\/uploads\/2020\/12\/Xantos-05-1024x683.jpg\" srcset=\"https:\/\/kasvillarent.com\/wp-content\/uploads\/2020\/12\/Xantos-05-1024x683.jpg 1024w, https:\/\/kasvillarent.com\/wp-content\/uploads\/2020\/12\/Xantos-05-300x200.jpg 300w, https:\/\/kasvillarent.com\/wp-content\/uploads\/2020\/12\/Xantos-05-768x512.jpg 768w, https:\/\/kasvillarent.com\/wp-content\/uploads\/2020\/12\/Xantos-05-927x618.jpg 927w, https:\/\/kasvillarent.com\/wp-content\/uploads\/2020\/12\/Xantos-05-20x13.jpg 20w, https:\/\/kasvillarent.com\/wp-content\/uploads\/2020\/12\/Xantos-05.jpg 1200w\" sizes=\"(max-width: 1024px) 100vw, 1024px\" \/><\/figure><\/li><li class=\"wp-block-jetpack-slideshow_slide swiper-slide\"><figure><img loading=\"lazy\" decoding=\"async\" width=\"1024\" height=\"683\" alt=\"\" class=\"wp-block-jetpack-slideshow_image wp-image-2063\" data-id=\"2063\" src=\"https:\/\/kasvillarent.com\/wp-content\/uploads\/2020\/12\/Xantos-06-1024x683.jpg\" srcset=\"https:\/\/kasvillarent.com\/wp-content\/uploads\/2020\/12\/Xantos-06-1024x683.jpg 1024w, https:\/\/kasvillarent.com\/wp-content\/uploads\/2020\/12\/Xantos-06-300x200.jpg 300w, https:\/\/kasvillarent.com\/wp-content\/uploads\/2020\/12\/Xantos-06-768x512.jpg 768w, https:\/\/kasvillarent.com\/wp-content\/uploads\/2020\/12\/Xantos-06-927x618.jpg 927w, https:\/\/kasvillarent.com\/wp-content\/uploads\/2020\/12\/Xantos-06-20x13.jpg 20w, https:\/\/kasvillarent.com\/wp-content\/uploads\/2020\/12\/Xantos-06.jpg 1200w\" sizes=\"(max-width: 1024px) 100vw, 1024px\" \/><\/figure><\/li><\/ul><a class=\"wp-block-jetpack-slideshow_button-prev swiper-button-prev swiper-button-white\" role=\"button\"><\/a><a class=\"wp-block-jetpack-slideshow_button-next swiper-button-next swiper-button-white\" role=\"button\"><\/a><a aria-label=\"Pause Slideshow\" class=\"wp-block-jetpack-slideshow_button-pause\" role=\"button\"><\/a><div class=\"wp-block-jetpack-slideshow_pagination swiper-pagination swiper-pagination-white\"><\/div><\/div><\/div>\n\n<p>Kent, Helenistik d\u00f6neme kadar \u00f6nemini korumu\u015f, ancak daha sonra Helenistik d\u00f6nemde B\u00fcy\u00fck \u0130skender&#8217;in Likya&#8217;y\u0131 ele ge\u00e7irmesi ve Patara&#8217;n\u0131n ba\u015fkent olmas\u0131yla \u00f6nemini yitirmi\u015ftir. Patara&#8217;dan sonra arka planda kalmas\u0131na ra\u011fmen Bizans d\u00f6neminin sonuna kadar ayakta kalm\u0131\u015ft\u0131r. Xantos&#8217;da farkl\u0131 d\u00f6nemlerden surlar\u0131, akropol, kilise, hamam, tiyatro yap\u0131lar\u0131n\u0131 ve an\u0131tlar\u0131 ziyaret edebilirsiniz. Xantos&#8217;un an\u0131tsal mezarlar\u0131 d\u00fcnyaca \u00fcnl\u00fcd\u00fcr. Baz\u0131 an\u0131tlar ve yap\u0131lar, \u0130ngiliz gezgin Sir Charles Fellows taraf\u0131ndan 1842&#8217;de \u0130ngiltere&#8217;ye g\u00f6t\u00fcr\u00fclm\u00fc\u015ft\u00fcr. Bunlar Nereid An\u0131t\u0131, Harpy An\u0131t\u0131 ve Pavaya Mezar\u0131d\u0131r ve halen British Museum&#8217;da sergilenmektedir.<\/p>\n\n<p>Xantos, K\u0131n\u0131k k\u00f6y\u00fcnde bulunmaktad\u0131r ve her g\u00fcn ziyarete a\u00e7\u0131kt\u0131r. Giri\u015f \u00fccreti 12.0 TL<\/p>\n","protected":false},"excerpt":{"rendered":"<p>Xantos (Santos) Ka\u015f&#8217;a 40 km uzakl\u0131kta olup Likya \u015fehirlerinde \u00f6nemli bir yere sahipti, Likya uygarl\u0131\u011f\u0131n\u0131n ilk d\u00f6nemlerinde ba\u015fkent oldu\u011fu biliniyor. Xantos i\u00e7in kaz\u0131lar b\u00f6lgede 1950&#8217;lerin ba\u015f\u0131nda ba\u015flad\u0131 ve 1988&#8217;den itibaren UNESCO D\u00fcnya K\u00fclt\u00fcr Miras\u0131 Listesi&#8217;ne eklendi. Tarih\u00e7i Herodot, anlat\u0131lar\u0131nda Xanthos&#8217;ta bir olaya yer vermi\u015ftir. M.\u00d6. 545 y\u0131l\u0131nda Pers imparatoru Harpagos liderli\u011findeki ordunun sald\u0131r\u0131s\u0131na direnemeyen Xanthos &hellip; <a href=\"https:\/\/kasvillarent.com\/tr\/ilginizi-cekebilecek-yerler\/tarihi-yerler\/xantos\/\" class=\"more-link\">Continue reading<span class=\"screen-reader-text\"> &#8220;Xantos&#8221;<\/span><\/a><\/p>\n","protected":false},"author":29,"featured_media":5626,"parent":7172,"menu_order":0,"comment_status":"open","ping_status":"closed","template":"","meta":{"_uag_custom_page_level_css":"","_monsterinsights_skip_tracking":false,"_monsterinsights_sitenote_active":false,"_monsterinsights_sitenote_note":"","_monsterinsights_sitenote_category":0,"footnotes":""},"class_list":["post-7269","page","type-page","status-publish","has-post-thumbnail","hentry"],"yoast_head":"<!-- This site is optimized with the Yoast SEO Premium plugin v27.0 (Yoast SEO v27.0) - https:\/\/yoast.com\/product\/yoast-seo-premium-wordpress\/ -->\n<title>Xantos - Kas Villa Rent<\/title>\n<meta name=\"description\" content=\"Xantos (Santos) Ka\u015f&#039;a 40 km uzakl\u0131ktad\u0131r ve bir zamanlar Likya&#039;n\u0131n Patara&#039;dan \u00f6nceki ba\u015fkentiydi. . Xantos&#039;un an\u0131tsal mezarlar\u0131 d\u00fcnyaca \u00fcnl\u00fcd\u00fcr.\" \/>\n<meta name=\"robots\" content=\"index, follow, max-snippet:-1, max-image-preview:large, max-video-preview:-1\" \/>\n<link rel=\"canonical\" href=\"https:\/\/kasvillarent.com\/tr\/ilginizi-cekebilecek-yerler\/tarihi-yerler\/xantos\/\" \/>\n<meta property=\"og:locale\" content=\"tr_TR\" \/>\n<meta property=\"og:type\" content=\"article\" \/>\n<meta property=\"og:title\" content=\"Xantos\" \/>\n<meta property=\"og:description\" content=\"Xantos (Santos) Ka\u015f&#039;a 40 km uzakl\u0131ktad\u0131r ve bir zamanlar Likya&#039;n\u0131n Patara&#039;dan \u00f6nceki ba\u015fkentiydi. . Xantos&#039;un an\u0131tsal mezarlar\u0131 d\u00fcnyaca \u00fcnl\u00fcd\u00fcr.\" \/>\n<meta property=\"og:url\" content=\"https:\/\/kasvillarent.com\/tr\/ilginizi-cekebilecek-yerler\/tarihi-yerler\/xantos\/\" \/>\n<meta property=\"og:site_name\" content=\"Kas Villa Rent\" \/>\n<meta property=\"article:publisher\" content=\"https:\/\/www.facebook.com\/kas.villa.rent\/\" \/>\n<meta property=\"article:modified_time\" content=\"2025-07-05T18:13:46+00:00\" \/>\n<meta property=\"og:image\" content=\"https:\/\/kasvillarent.com\/wp-content\/uploads\/2020\/12\/Xantos-02.jpg\" \/>\n\t<meta property=\"og:image:width\" content=\"1200\" \/>\n\t<meta property=\"og:image:height\" content=\"800\" \/>\n\t<meta property=\"og:image:type\" content=\"image\/jpeg\" \/>\n<meta name=\"twitter:card\" content=\"summary_large_image\" \/>\n<meta name=\"twitter:label1\" content=\"Tahmini okuma s\u00fcresi\" \/>\n\t<meta name=\"twitter:data1\" content=\"1 dakika\" \/>\n<script type=\"application\/ld+json\" class=\"yoast-schema-graph\">{\"@context\":\"https:\/\/schema.org\",\"@graph\":[{\"@type\":\"WebPage\",\"@id\":\"https:\/\/kasvillarent.com\/tr\/ilginizi-cekebilecek-yerler\/tarihi-yerler\/xantos\/\",\"url\":\"https:\/\/kasvillarent.com\/tr\/ilginizi-cekebilecek-yerler\/tarihi-yerler\/xantos\/\",\"name\":\"Xantos - Kas Villa Rent\",\"isPartOf\":{\"@id\":\"https:\/\/kasvillarent.com\/tr\/#website\"},\"primaryImageOfPage\":{\"@id\":\"https:\/\/kasvillarent.com\/tr\/ilginizi-cekebilecek-yerler\/tarihi-yerler\/xantos\/#primaryimage\"},\"image\":{\"@id\":\"https:\/\/kasvillarent.com\/tr\/ilginizi-cekebilecek-yerler\/tarihi-yerler\/xantos\/#primaryimage\"},\"thumbnailUrl\":\"https:\/\/kasvillarent.com\/wp-content\/uploads\/2020\/12\/Xantos-02.jpg\",\"datePublished\":\"2021-05-16T09:35:12+00:00\",\"dateModified\":\"2025-07-05T18:13:46+00:00\",\"description\":\"Xantos (Santos) Ka\u015f'a 40 km uzakl\u0131ktad\u0131r ve bir zamanlar Likya'n\u0131n Patara'dan \u00f6nceki ba\u015fkentiydi. . Xantos'un an\u0131tsal mezarlar\u0131 d\u00fcnyaca \u00fcnl\u00fcd\u00fcr.\",\"breadcrumb\":{\"@id\":\"https:\/\/kasvillarent.com\/tr\/ilginizi-cekebilecek-yerler\/tarihi-yerler\/xantos\/#breadcrumb\"},\"inLanguage\":\"tr\",\"potentialAction\":[{\"@type\":\"ReadAction\",\"target\":[\"https:\/\/kasvillarent.com\/tr\/ilginizi-cekebilecek-yerler\/tarihi-yerler\/xantos\/\"]}]},{\"@type\":\"ImageObject\",\"inLanguage\":\"tr\",\"@id\":\"https:\/\/kasvillarent.com\/tr\/ilginizi-cekebilecek-yerler\/tarihi-yerler\/xantos\/#primaryimage\",\"url\":\"https:\/\/kasvillarent.com\/wp-content\/uploads\/2020\/12\/Xantos-02.jpg\",\"contentUrl\":\"https:\/\/kasvillarent.com\/wp-content\/uploads\/2020\/12\/Xantos-02.jpg\",\"width\":1200,\"height\":800,\"caption\":\"Patara Ana Cadde\"},{\"@type\":\"BreadcrumbList\",\"@id\":\"https:\/\/kasvillarent.com\/tr\/ilginizi-cekebilecek-yerler\/tarihi-yerler\/xantos\/#breadcrumb\",\"itemListElement\":[{\"@type\":\"ListItem\",\"position\":1,\"name\":\"Home\",\"item\":\"https:\/\/kasvillarent.com\/tr\/\"},{\"@type\":\"ListItem\",\"position\":2,\"name\":\"\u0130LG\u0130N\u0130Z\u0130 \u00c7EKEB\u0130LECEK YERLER\",\"item\":\"https:\/\/kasvillarent.com\/tr\/ilginizi-cekebilecek-yerler\/\"},{\"@type\":\"ListItem\",\"position\":3,\"name\":\"TAR\u0130H\u0130 YERLER\",\"item\":\"https:\/\/kasvillarent.com\/tr\/ilginizi-cekebilecek-yerler\/tarihi-yerler\/\"},{\"@type\":\"ListItem\",\"position\":4,\"name\":\"Xantos\"}]},{\"@type\":\"WebSite\",\"@id\":\"https:\/\/kasvillarent.com\/tr\/#website\",\"url\":\"https:\/\/kasvillarent.com\/tr\/\",\"name\":\"Kas Villa Rent\",\"description\":\"Luxury Villas in Kas Antalya\",\"publisher\":{\"@id\":\"https:\/\/kasvillarent.com\/tr\/#organization\"},\"potentialAction\":[{\"@type\":\"SearchAction\",\"target\":{\"@type\":\"EntryPoint\",\"urlTemplate\":\"https:\/\/kasvillarent.com\/tr\/?s={search_term_string}\"},\"query-input\":{\"@type\":\"PropertyValueSpecification\",\"valueRequired\":true,\"valueName\":\"search_term_string\"}}],\"inLanguage\":\"tr\"},{\"@type\":\"Organization\",\"@id\":\"https:\/\/kasvillarent.com\/tr\/#organization\",\"name\":\"Kas Villa Rent\",\"url\":\"https:\/\/kasvillarent.com\/tr\/\",\"logo\":{\"@type\":\"ImageObject\",\"inLanguage\":\"tr\",\"@id\":\"https:\/\/kasvillarent.com\/tr\/#\/schema\/logo\/image\/\",\"url\":\"https:\/\/kasvillarent.com\/wp-content\/uploads\/2022\/06\/FullColor_1280x1024_300dpi-1.png\",\"contentUrl\":\"https:\/\/kasvillarent.com\/wp-content\/uploads\/2022\/06\/FullColor_1280x1024_300dpi-1.png\",\"width\":1155,\"height\":924,\"caption\":\"Kas Villa Rent\"},\"image\":{\"@id\":\"https:\/\/kasvillarent.com\/tr\/#\/schema\/logo\/image\/\"},\"sameAs\":[\"https:\/\/www.facebook.com\/kas.villa.rent\/\",\"https:\/\/instagram.com\/kasvillarent\"]}]}<\/script>\n<!-- \/ Yoast SEO Premium plugin. -->","yoast_head_json":{"title":"Xantos - Kas Villa Rent","description":"Xantos (Santos) Ka\u015f'a 40 km uzakl\u0131ktad\u0131r ve bir zamanlar Likya'n\u0131n Patara'dan \u00f6nceki ba\u015fkentiydi. . Xantos'un an\u0131tsal mezarlar\u0131 d\u00fcnyaca \u00fcnl\u00fcd\u00fcr.","robots":{"index":"index","follow":"follow","max-snippet":"max-snippet:-1","max-image-preview":"max-image-preview:large","max-video-preview":"max-video-preview:-1"},"canonical":"https:\/\/kasvillarent.com\/tr\/ilginizi-cekebilecek-yerler\/tarihi-yerler\/xantos\/","og_locale":"tr_TR","og_type":"article","og_title":"Xantos","og_description":"Xantos (Santos) Ka\u015f'a 40 km uzakl\u0131ktad\u0131r ve bir zamanlar Likya'n\u0131n Patara'dan \u00f6nceki ba\u015fkentiydi. . Xantos'un an\u0131tsal mezarlar\u0131 d\u00fcnyaca \u00fcnl\u00fcd\u00fcr.","og_url":"https:\/\/kasvillarent.com\/tr\/ilginizi-cekebilecek-yerler\/tarihi-yerler\/xantos\/","og_site_name":"Kas Villa Rent","article_publisher":"https:\/\/www.facebook.com\/kas.villa.rent\/","article_modified_time":"2025-07-05T18:13:46+00:00","og_image":[{"width":1200,"height":800,"url":"https:\/\/kasvillarent.com\/wp-content\/uploads\/2020\/12\/Xantos-02.jpg","type":"image\/jpeg"}],"twitter_card":"summary_large_image","twitter_misc":{"Tahmini okuma s\u00fcresi":"1 dakika"},"schema":{"@context":"https:\/\/schema.org","@graph":[{"@type":"WebPage","@id":"https:\/\/kasvillarent.com\/tr\/ilginizi-cekebilecek-yerler\/tarihi-yerler\/xantos\/","url":"https:\/\/kasvillarent.com\/tr\/ilginizi-cekebilecek-yerler\/tarihi-yerler\/xantos\/","name":"Xantos - Kas Villa Rent","isPartOf":{"@id":"https:\/\/kasvillarent.com\/tr\/#website"},"primaryImageOfPage":{"@id":"https:\/\/kasvillarent.com\/tr\/ilginizi-cekebilecek-yerler\/tarihi-yerler\/xantos\/#primaryimage"},"image":{"@id":"https:\/\/kasvillarent.com\/tr\/ilginizi-cekebilecek-yerler\/tarihi-yerler\/xantos\/#primaryimage"},"thumbnailUrl":"https:\/\/kasvillarent.com\/wp-content\/uploads\/2020\/12\/Xantos-02.jpg","datePublished":"2021-05-16T09:35:12+00:00","dateModified":"2025-07-05T18:13:46+00:00","description":"Xantos (Santos) Ka\u015f'a 40 km uzakl\u0131ktad\u0131r ve bir zamanlar Likya'n\u0131n Patara'dan \u00f6nceki ba\u015fkentiydi. . Xantos'un an\u0131tsal mezarlar\u0131 d\u00fcnyaca \u00fcnl\u00fcd\u00fcr.","breadcrumb":{"@id":"https:\/\/kasvillarent.com\/tr\/ilginizi-cekebilecek-yerler\/tarihi-yerler\/xantos\/#breadcrumb"},"inLanguage":"tr","potentialAction":[{"@type":"ReadAction","target":["https:\/\/kasvillarent.com\/tr\/ilginizi-cekebilecek-yerler\/tarihi-yerler\/xantos\/"]}]},{"@type":"ImageObject","inLanguage":"tr","@id":"https:\/\/kasvillarent.com\/tr\/ilginizi-cekebilecek-yerler\/tarihi-yerler\/xantos\/#primaryimage","url":"https:\/\/kasvillarent.com\/wp-content\/uploads\/2020\/12\/Xantos-02.jpg","contentUrl":"https:\/\/kasvillarent.com\/wp-content\/uploads\/2020\/12\/Xantos-02.jpg","width":1200,"height":800,"caption":"Patara Ana Cadde"},{"@type":"BreadcrumbList","@id":"https:\/\/kasvillarent.com\/tr\/ilginizi-cekebilecek-yerler\/tarihi-yerler\/xantos\/#breadcrumb","itemListElement":[{"@type":"ListItem","position":1,"name":"Home","item":"https:\/\/kasvillarent.com\/tr\/"},{"@type":"ListItem","position":2,"name":"\u0130LG\u0130N\u0130Z\u0130 \u00c7EKEB\u0130LECEK YERLER","item":"https:\/\/kasvillarent.com\/tr\/ilginizi-cekebilecek-yerler\/"},{"@type":"ListItem","position":3,"name":"TAR\u0130H\u0130 YERLER","item":"https:\/\/kasvillarent.com\/tr\/ilginizi-cekebilecek-yerler\/tarihi-yerler\/"},{"@type":"ListItem","position":4,"name":"Xantos"}]},{"@type":"WebSite","@id":"https:\/\/kasvillarent.com\/tr\/#website","url":"https:\/\/kasvillarent.com\/tr\/","name":"Kas Villa Rent","description":"Luxury Villas in Kas Antalya","publisher":{"@id":"https:\/\/kasvillarent.com\/tr\/#organization"},"potentialAction":[{"@type":"SearchAction","target":{"@type":"EntryPoint","urlTemplate":"https:\/\/kasvillarent.com\/tr\/?s={search_term_string}"},"query-input":{"@type":"PropertyValueSpecification","valueRequired":true,"valueName":"search_term_string"}}],"inLanguage":"tr"},{"@type":"Organization","@id":"https:\/\/kasvillarent.com\/tr\/#organization","name":"Kas Villa Rent","url":"https:\/\/kasvillarent.com\/tr\/","logo":{"@type":"ImageObject","inLanguage":"tr","@id":"https:\/\/kasvillarent.com\/tr\/#\/schema\/logo\/image\/","url":"https:\/\/kasvillarent.com\/wp-content\/uploads\/2022\/06\/FullColor_1280x1024_300dpi-1.png","contentUrl":"https:\/\/kasvillarent.com\/wp-content\/uploads\/2022\/06\/FullColor_1280x1024_300dpi-1.png","width":1155,"height":924,"caption":"Kas Villa Rent"},"image":{"@id":"https:\/\/kasvillarent.com\/tr\/#\/schema\/logo\/image\/"},"sameAs":["https:\/\/www.facebook.com\/kas.villa.rent\/","https:\/\/instagram.com\/kasvillarent"]}]}},"uagb_featured_image_src":{"full":["https:\/\/kasvillarent.com\/wp-content\/uploads\/2020\/12\/Xantos-02.jpg",1200,800,false],"thumbnail":["https:\/\/kasvillarent.com\/wp-content\/uploads\/2020\/12\/Xantos-02-150x150.jpg",150,150,true],"medium":["https:\/\/kasvillarent.com\/wp-content\/uploads\/2020\/12\/Xantos-02-300x200.jpg",300,200,true],"medium_large":["https:\/\/kasvillarent.com\/wp-content\/uploads\/2020\/12\/Xantos-02-768x512.jpg",768,512,true],"large":["https:\/\/kasvillarent.com\/wp-content\/uploads\/2020\/12\/Xantos-02-1024x683.jpg",769,513,true],"1536x1536":["https:\/\/kasvillarent.com\/wp-content\/uploads\/2020\/12\/Xantos-02.jpg",1200,800,false],"2048x2048":["https:\/\/kasvillarent.com\/wp-content\/uploads\/2020\/12\/Xantos-02.jpg",1200,800,false],"post-thumbnail":["https:\/\/kasvillarent.com\/wp-content\/uploads\/2020\/12\/Xantos-02-1200x734.jpg",1200,734,true],"villagio-thumb-large":["https:\/\/kasvillarent.com\/wp-content\/uploads\/2020\/12\/Xantos-02.jpg",1200,800,false],"villagio-thumb-medium":["https:\/\/kasvillarent.com\/wp-content\/uploads\/2020\/12\/Xantos-02-927x618.jpg",927,618,true],"villagio-thumb-small":["https:\/\/kasvillarent.com\/wp-content\/uploads\/2020\/12\/Xantos-02-717x540.jpg",717,540,true],"villagio-thumb-small-x2":["https:\/\/kasvillarent.com\/wp-content\/uploads\/2020\/12\/Xantos-02.jpg",1200,800,false]},"uagb_author_info":{"display_name":"Mehmet_Y","author_link":"https:\/\/kasvillarent.com\/tr\/author\/mehmet_y\/"},"uagb_comment_info":0,"uagb_excerpt":"Xantos (Santos) Ka\u015f&#8217;a 40 km uzakl\u0131kta olup Likya \u015fehirlerinde \u00f6nemli bir yere sahipti, Likya uygarl\u0131\u011f\u0131n\u0131n ilk d\u00f6nemlerinde ba\u015fkent oldu\u011fu biliniyor. Xantos i\u00e7in kaz\u0131lar b\u00f6lgede 1950&#8217;lerin ba\u015f\u0131nda ba\u015flad\u0131 ve 1988&#8217;den itibaren UNESCO D\u00fcnya K\u00fclt\u00fcr Miras\u0131 Listesi&#8217;ne eklendi. Tarih\u00e7i Herodot, anlat\u0131lar\u0131nda Xanthos&#8217;ta bir olaya yer vermi\u015ftir. M.\u00d6. 545 y\u0131l\u0131nda Pers imparatoru Harpagos liderli\u011findeki ordunun sald\u0131r\u0131s\u0131na direnemeyen Xanthos&hellip;","jetpack_sharing_enabled":true,"_links":{"self":[{"href":"https:\/\/kasvillarent.com\/tr\/wp-json\/wp\/v2\/pages\/7269","targetHints":{"allow":["GET"]}}],"collection":[{"href":"https:\/\/kasvillarent.com\/tr\/wp-json\/wp\/v2\/pages"}],"about":[{"href":"https:\/\/kasvillarent.com\/tr\/wp-json\/wp\/v2\/types\/page"}],"author":[{"embeddable":true,"href":"https:\/\/kasvillarent.com\/tr\/wp-json\/wp\/v2\/users\/29"}],"replies":[{"embeddable":true,"href":"https:\/\/kasvillarent.com\/tr\/wp-json\/wp\/v2\/comments?post=7269"}],"version-history":[{"count":1,"href":"https:\/\/kasvillarent.com\/tr\/wp-json\/wp\/v2\/pages\/7269\/revisions"}],"predecessor-version":[{"id":12657,"href":"https:\/\/kasvillarent.com\/tr\/wp-json\/wp\/v2\/pages\/7269\/revisions\/12657"}],"up":[{"embeddable":true,"href":"https:\/\/kasvillarent.com\/tr\/wp-json\/wp\/v2\/pages\/7172"}],"wp:featuredmedia":[{"embeddable":true,"href":"https:\/\/kasvillarent.com\/tr\/wp-json\/wp\/v2\/media\/5626"}],"wp:attachment":[{"href":"https:\/\/kasvillarent.com\/tr\/wp-json\/wp\/v2\/media?parent=7269"}],"curies":[{"name":"wp","href":"https:\/\/api.w.org\/{rel}","templated":true}]}}