{"id":7281,"date":"2021-05-16T21:49:38","date_gmt":"2021-05-16T18:49:38","guid":{"rendered":"https:\/\/kasvillarent.com\/?page_id=7281"},"modified":"2025-07-05T21:13:54","modified_gmt":"2025-07-05T18:13:54","slug":"gizlilik-politikasi","status":"publish","type":"page","link":"https:\/\/kasvillarent.com\/tr\/iletisim\/gizlilik-politikasi\/","title":{"rendered":"Gizlilik Politikas\u0131"},"content":{"rendered":"\n<h2 class=\"wp-block-heading\">Biz Kimiz<\/h2>\n\n<p>Web sitemizin adresi: https:\/\/kasvillarent.com<\/p>\n\n<h2 class=\"wp-block-heading\">Ki\u015fisel Bilgilerin Korunmas\u0131na Uyum<\/h2>\n\n<p>T\u00fcrkiye Cumhuriyeti H\u00fck\u00fcmeti&#8217;nin 7.4.2016 tarih ve 6698 say\u0131l\u0131 Ki\u015fisel Verilerin Korunmas\u0131 Kanunu&#8217;na uyuyoruz. Ki\u015fisel verilerin toplanmas\u0131 ve bunlar\u0131 neden toplad\u0131\u011f\u0131m\u0131z i\u00e7in m\u00fc\u015fterilerimize a\u015fa\u011f\u0131daki a\u00e7\u0131klamalar\u0131n yap\u0131lmas\u0131 gerekmektedir. A\u015fa\u011f\u0131da a\u00e7\u0131klad\u0131\u011f\u0131m\u0131z gibi veri toplama s\u00fcrecinin bir k\u0131sm\u0131n\u0131 tercih edebilirsiniz ancak turizm sekt\u00f6r\u00fc ve villa kiralama operasyonunun gereklilikleri gere\u011fi baz\u0131 verilerin yasal makamlara verilmesi gerekmektedir. <\/p>\n\n<h2 class=\"wp-block-heading\">Hangi ki\u015fisel verileri topluyoruz ve neden topluyoruz<\/h2>\n\n<h3 class=\"wp-block-heading\">Ki\u015fisel Kimlik Bilgileri<\/h3>\n\n<p>\u0130\u015fimizi y\u00fcr\u00fctmek i\u00e7in sizden ki\u015fisel bilgiler topluyor ve bu bilgileri yasal mercilerle (\u00f6zellikle Jandarma Genel Komutanl\u0131\u011f\u0131 Kimlik Bildirim Sistemi ile) payla\u015f\u0131yoruz. Bu t\u00fcr bilgiler, m\u00fc\u015fterilerimizin a\u015fa\u011f\u0131daki bilgilerini i\u00e7erir:<\/p>\n\n<p> Ziyaret\u00e7ilerin Ad\u0131 ve Soyad\u0131, TC Kimlik Numaralar\u0131 veya duruma g\u00f6re yabanc\u0131 misafirlerimizin pasaport numaralar\u0131 olabilir.<\/p>\n\n<p>Do\u011fum tarihleri<\/p>\n\n<p>Telefon numaralar\u0131,<\/p>\n\n<p>Ara\u00e7 Plaka Numaralar\u0131 <\/p>\n\n<h3 class=\"wp-block-heading\">Yorumlar<\/h3>\n\n<p>Ziyaret\u00e7iler sitede yorum b\u0131rakt\u0131\u011f\u0131nda yorum formunda g\u00f6sterilen verileri ve ayr\u0131ca istenmeyen yorum (spam) tespitine yard\u0131mc\u0131 olmak i\u00e7in ziyaret\u00e7inin IP adresini ve taray\u0131c\u0131 bilgisi metnini toplar\u0131z.<\/p>\n\n<p>E-posta adresinizden olu\u015fturulan anonimle\u015ftirilmi\u015f Gravatar bilgisi de dahil bir dizi bilgiyi (karma olarak da adland\u0131r\u0131l\u0131r) kullan\u0131p kullanmad\u0131\u011f\u0131n\u0131z\u0131 g\u00f6rmek i\u00e7in veri toplar\u0131z. Gravatar servis gizlilik politikas\u0131 burada mevcuttur:<span class=\"has-inline-color has-primary-color\"> https:\/\/automattic.com\/privacy\/<\/span> . Yorumunuzun onaylanmas\u0131ndan sonra, profil resminiz yorumunuz ba\u011flam\u0131nda herkese g\u00f6r\u00fcn\u00fcr.<\/p>\n\n<h3 class=\"wp-block-heading\">Medya<\/h3>\n\n<p>G\u00f6r\u00fcnt\u00fcleri web sitesine y\u00fcklerseniz, g\u00f6m\u00fcl\u00fc konum verileri (EXIF GPS) i\u00e7eren g\u00f6r\u00fcnt\u00fcleri y\u00fcklemekten ka\u00e7\u0131nmal\u0131s\u0131n\u0131z. Web sitesi ziyaret\u00e7ileri, web sitesindeki g\u00f6rsellerden herhangi bir konum bilgisini indirip \u00e7\u0131karabilir.<\/p>\n\n<h3 class=\"wp-block-heading\">\u0130leti\u015fim formlar\u0131<\/h3>\n\n<p>\u0130leti\u015fim formlar\u0131m\u0131z arac\u0131l\u0131\u011f\u0131yla bize sa\u011flanan verileri topluyoruz ve hizmet veya reklam sunmak i\u00e7in ileti\u015fim bilgilerini sa\u011flayan ki\u015filere ula\u015f\u0131yoruz.<\/p>\n\n<h3 class=\"wp-block-heading\">\u00c7erezler<\/h3>\n\n<p>Sitemize bir yorum b\u0131rak\u0131rsan\u0131z, ad\u0131n\u0131z\u0131, e-posta adresinizi ve web sitenizi \u00e7erezlere kaydetmeyi se\u00e7ebilirsiniz. Bunlar size kolayl\u0131k sa\u011flamak i\u00e7indir, b\u00f6ylece ba\u015fka bir yorum b\u0131rakt\u0131\u011f\u0131n\u0131zda bilgilerinizi tekrar doldurman\u0131za gerek kalmaz. Bu \u00e7erezler bir y\u0131l s\u00fcrelidir.<\/p>\n\n<p>Giri\u015f sayfam\u0131z\u0131 ziyaret ederseniz, taray\u0131c\u0131n\u0131z\u0131n \u00e7erezleri kabul edip etmedi\u011fini belirlemek i\u00e7in ge\u00e7ici bir \u00e7erez ayarlayaca\u011f\u0131z. Bu \u00e7erez hi\u00e7bir ki\u015fisel veri i\u00e7ermez ve taray\u0131c\u0131n\u0131z\u0131 kapatt\u0131\u011f\u0131n\u0131zda at\u0131l\u0131r.<\/p>\n\n<p>Giri\u015f yapt\u0131\u011f\u0131n\u0131zda, giri\u015f bilgilerinizi ve ekran g\u00f6r\u00fcnt\u00fcleme se\u00e7eneklerinizi kaydetmek i\u00e7in birka\u00e7 \u00e7erez de ayarlayaca\u011f\u0131z. Giri\u015f \u00e7erezleri iki g\u00fcn, ekran se\u00e7enekleri \u00e7erezleri ise bir y\u0131l s\u00fcrer. &#8220;Beni Hat\u0131rla&#8221; y\u0131 se\u00e7erseniz, giri\u015f bilgileriniz iki hafta devam eder. Hesab\u0131n\u0131zdan \u00e7\u0131k\u0131\u015f yaparsan\u0131z, giri\u015f \u00e7erezleri kald\u0131r\u0131lacakt\u0131r.<\/p>\n\n<p>Bir makaleyi d\u00fczenler veya yay\u0131nlarsan\u0131z, taray\u0131c\u0131n\u0131za ek bir \u00e7erez kaydedilir. Bu \u00e7erez hi\u00e7bir ki\u015fisel veri i\u00e7ermez ve sadece d\u00fczenledi\u011finiz makalenin yaz\u0131 kimli\u011fini g\u00f6sterir. 1 g\u00fcn sonra sona erer.<\/p>\n\n<h3 class=\"wp-block-heading\">Di\u011fer web sitelerinden g\u00f6m\u00fcl\u00fc i\u00e7erik<\/h3>\n\n<p>Bu sitedeki makaleler g\u00f6m\u00fcl\u00fc i\u00e7erik (\u00f6r. Videolar, resimler, makaleler, vb.) I\u00e7erebilir. Di\u011fer web sitelerinden g\u00f6m\u00fclen i\u00e7erik, ziyaret\u00e7inin di\u011fer web sitesini ziyaret etmi\u015f gibi, tam olarak ayn\u0131 \u015fekilde davran\u0131r.<\/p>\n\n<p>Bu web siteleri, sizin hakk\u0131n\u0131zda veri toplayabilir, tan\u0131mlama bilgileri kullanabilir, ek \u00fc\u00e7\u00fcnc\u00fc taraf izleme yapabilir ve bir hesab\u0131n\u0131z varsa ve o web sitesinde oturum a\u00e7t\u0131ysan\u0131z, dahili i\u00e7erikle etkile\u015fiminizi izleme dahil olmak bilgi toplanabilir.<\/p>\n\n<h3 class=\"wp-block-heading\">Google Analytics (Google Analiz Sistemi)<\/h3>\n\n<p>Google Analytics Hizmetini kullanarak veri topluyoruz. <\/p>\n\n<p>Web sitesi, Google Analytics&#8217;i {anonimle\u015ftirme i\u015fleviyle) yap\u0131s\u0131na entegre etmi\u015ftir.<br\/>Google Analytics bir web atialytics hizmetidir. Web analizi, ziyaret\u00e7ilerin web sitelerine davran\u0131\u015flar\u0131 hakk\u0131ndaki verilerin toplanmas\u0131, derlenmesi ve analizidir. Di\u011fer \u015feylerin yan\u0131 s\u0131ra, bir web analiz hizmeti, bir veri konusunun hangi web sitesinden bir web sitesine geldi\u011fi (s\u00f6zde y\u00f6nlendirenler), web sitesinin hangi alt sayfalar\u0131na eri\u015fildi\u011fi veya bir alt sayfan\u0131n ne s\u0131kl\u0131kla ve hangi s\u00fcre boyunca g\u00f6r\u00fcnt\u00fclendi\u011fi verileri toplar. Bir web analizi esas olarak bir web sitesini optimize etmek ve \u0130nternet reklamc\u0131l\u0131\u011f\u0131n\u0131n maliyet fayda analizi i\u00e7in kullan\u0131l\u0131r.<br\/>Google Analytles bile\u015feninin Operat\u00f6r\u00fc Google Inc. 1600 Amphiheatre Pkwy, Mountain View. CA 94043-1351, ABD,<br\/>Google Analytics \u00e7erezleri kullan\u0131r.  Bu web sitesini kullan\u0131m\u0131n\u0131zla ilgili \u00e7erez taraf\u0131ndan verilen bilgiler genellikle ABD&#8217;deki bir Google sunucusuna iletilir ve orada saklan\u0131r. Google, bu teknik prosed\u00fcr arac\u0131l\u0131\u011f\u0131yla toplanan ki\u015fisel bilgileri \u00fc\u00e7\u00fcnc\u00fc taraflara aktarabilir. <\/p>\n\n<p>Web sitemizde IP anonimle\u015ftirme etkinle\u015ftirildi\u011fi i\u00e7in, IP adresiniz Google taraf\u0131ndan Avrupa Birli\u011fi \u00fcye devletlerinde veya Avrupa Ekonomik Alan\u0131 ile mutab\u0131k kalan di\u011fer devletlerde k\u0131salt\u0131lacakt\u0131r. Yaln\u0131zca istisnai durumlarda, tam IP adresi ABD&#8217;deki Google sunucusuna g\u00f6nderilir ve k\u0131salt\u0131l\u0131r. Web sitesinin operat\u00f6r\u00fc ad\u0131na, Google bu bilgileri web sitesini kullan\u0131m\u0131n\u0131z\u0131 de\u011ferlendirmek, web sitesi etkinli\u011fi hakk\u0131nda raporlar derlemek ve bize web sitesi ve internet kullan\u0131m\u0131yla ilgili daha fazla hizmet sa\u011flamak i\u00e7in kullanacakt\u0131r. Taray\u0131c\u0131n\u0131z \u00fczerinden Google Analytics&#8217;e aktar\u0131lan Ip adresi, Google taraf\u0131ndan tutulan di\u011fer verilerle birle\u015ftirilmeyecektir.<\/p>\n\n<p>Ek olarak, bu web sitesi etkile\u015fim verilerini izlemek i\u00e7in Analytics \u00f6zelli\u011fi UserID&#8217;yi kullan\u0131r. Bu kullan\u0131c\u0131 kimli\u011fi ayr\u0131ca anonim hale getirilecek ve \u015fifrelenecek ve di\u011fer verilerle ba\u011flant\u0131l\u0131 olmayacakt\u0131r.<\/p>\n\n<p>\u00c7erezlerin depolanmas\u0131n\u0131, taray\u0131c\u0131 yaz\u0131l\u0131m\u0131n\u0131z\u0131n ilgili bir ayar\u0131 ile \u00f6nleyebilirsiniz, ancak, bunu yaparsan\u0131z, bu web sitesinin t\u00fcm \u00f6zelliklerini m\u00fcmk\u00fcn olan en geni\u015f kapsamda kullanamayabilece\u011finizi l\u00fctfen unutmay\u0131n.<\/p>\n\n<p>Ayr\u0131ca, \u00e7erez taraf\u0131ndan olu\u015fturulan ve web sitesini kullan\u0131m\u0131n\u0131zla ilgili verilerin (IP adresiniz dahil) Google taraf\u0131ndan toplanmas\u0131n\u0131 ve bu verilerin Google taraf\u0131ndan i\u015flenmesini a\u015fa\u011f\u0131daki ba\u011flant\u0131da bulunan taray\u0131c\u0131 eklentisini indirip y\u00fckleyerek \u00f6nleyebilirsiniz: &#8220;<a rel=\"noreferrer noopener\" target=\"_blank\" href=\"http:\/\/tools.google.com\/dlpage\/gaoptout?hl=en\" data-type=\"URL\" data-id=\"http:\/\/tools.google.com\/dlpage\/gaoptout?hl=en\"><span class=\"has-inline-color has-primary-color\">http:\/\/tools.google.com\/dlpage\/gaoptout?hl=en<\/span><\/a>&#8221; Bu taray\u0131c\u0131 eklentisi, Java Script arac\u0131l\u0131\u011f\u0131yla Google Analytics&#8217;e web sitesi ziyaretiyle ilgili hi\u00e7bir veri ve bilginin aktar\u0131lamayaca\u011f\u0131n\u0131 bildirir.<\/p>\n\n<p>Ek olarak. Google Analytics taraf\u0131ndan zaten ayarlanm\u0131\u015f olan bir \u00e7erez, \u0130nternet Taray\u0131c\u0131s\u0131 veya di\u011fer yaz\u0131l\u0131m programlar\u0131 arac\u0131l\u0131\u011f\u0131yla herhangi bir zamanda silinebilir.<\/p>\n\n<p>Daha fazla bilgi ve Google&#8217;\u0131n ge\u00e7erli gizlilik d\u00fczenlemeleri \u015furada bulunabilir:<span class=\"has-inline-color has-primary-color\"> https:\/\/policies.google.com\/privacy?hl=en<\/span> ve<span class=\"has-inline-color has-primary-color\"> https:\/\/marketingplatform.google.com\/about\/<\/span> <\/p>\n\n<p>Web sitemiz ayr\u0131ca, demografi ve ilgi alanlar\u0131yla ilgili Google Analytics performans raporlar\u0131n\u0131 ve Google G\u00f6r\u00fcnt\u00fcl\u00fc Reklam A\u011f\u0131 g\u00f6sterimleriyle ilgili raporlar\u0131 kullan\u0131r. Bu ba\u011flant\u0131daki reklam ayarlar\u0131n\u0131 ziyaret ederek Google Analytics\u2019i g\u00f6r\u00fcnt\u00fcl\u00fc reklamc\u0131l\u0131k i\u00e7in devre d\u0131\u015f\u0131 b\u0131rakabilir ve Google G\u00f6r\u00fcnt\u00fcl\u00fc Reklam A\u011f\u0131\u2019ndaki reklamlar\u0131 \u00f6zelle\u015ftirebilirsiniz:<span class=\"has-inline-color has-primary-color\"> https:\/\/advertisings.google.com<\/span>   <\/p>\n\n<p><\/p>\n\n<h2 class=\"wp-block-heading\">Verilerinizi kimlerle payla\u015f\u0131yoruz ?<\/h2>\n\n<p>Verilerinizi, m\u00fc\u015fterilerimize daha iyi hizmet verebilmek i\u00e7in kendi ama\u00e7lar\u0131 i\u00e7in kullanmak d\u0131\u015f\u0131nda payla\u015fmay\u0131z. Yukar\u0131da a\u00e7\u0131kland\u0131\u011f\u0131 gibi, reklamlar\u0131m\u0131za \u00f6ncelik vermek ve m\u00fc\u015fteri memnuniyetini sa\u011flamak i\u00e7in Google&#8217;\u0131n Analytics hizmetini kullan\u0131yoruz.<\/p>\n\n<h2 class=\"wp-block-heading\">Verilerinizi ne kadar s\u00fcreyle sakl\u0131yoruz ?<\/h2>\n\n<p>Bir yorum b\u0131rak\u0131rsan\u0131z, yorum ve meta verileri s\u00fcresiz olarak saklan\u0131r. Bu saklama i\u015flemi herhangi bir takip yorumu denetim kuyru\u011funda tutmak yerine otomatik olarak tan\u0131y\u0131p onaylayabilmemiz i\u00e7indir.<\/p>\n\n<p>Web sitemize kaydolan kullan\u0131c\u0131lar i\u00e7in (varsa), sa\u011flad\u0131klar\u0131 ki\u015fisel bilgileri de kullan\u0131c\u0131 profillerinde saklar\u0131z. T\u00fcm kullan\u0131c\u0131lar ki\u015fisel bilgilerini istedikleri zaman g\u00f6rebilir, d\u00fczenleyebilir veya silebilir (kullan\u0131c\u0131 adlar\u0131n\u0131 de\u011fi\u015ftirememeleri d\u0131\u015f\u0131nda). Web sitesi y\u00f6neticileri de bu bilgileri g\u00f6rebilir ve d\u00fczenleyebilir.<\/p>\n\n<h2 class=\"wp-block-heading\">Verileriniz \u00fczerinde hangi haklara sahipsiniz ?<\/h2>\n\n<p>Bu sitede bir hesab\u0131n\u0131z varsa veya yorum b\u0131rakt\u0131ysan\u0131z, bize sa\u011flad\u0131\u011f\u0131n\u0131z veriler dahil olmak \u00fczere hakk\u0131n\u0131zda tuttu\u011fumuz ki\u015fisel verilerin d\u0131\u015fa aktar\u0131lm\u0131\u015f bir dosyas\u0131n\u0131 almay\u0131 talep edebilirsiniz. Ayr\u0131ca, hakk\u0131n\u0131zda tuttu\u011fumuz t\u00fcm ki\u015fisel verileri silmemizi de talep edebilirsiniz. Ancak idari, yasal veya g\u00fcvenlik nedeniyle tutmak zorunda oldu\u011fumuz verilerin silinme talebi kar\u015f\u0131lanamaz.<\/p>\n\n<h2 class=\"wp-block-heading\">Verilerinizi nereye g\u00f6nderiyoruz<\/h2>\n\n<p>Ziyaret\u00e7i yorumlar\u0131, otomatik bir spam alg\u0131lama hizmeti arac\u0131l\u0131\u011f\u0131yla kontrol edilebilir.<\/p>\n\n<p><\/p>\n","protected":false},"excerpt":{"rendered":"<p>Biz Kimiz Web sitemizin adresi: https:\/\/kasvillarent.com Ki\u015fisel Bilgilerin Korunmas\u0131na Uyum T\u00fcrkiye Cumhuriyeti H\u00fck\u00fcmeti&#8217;nin 7.4.2016 tarih ve 6698 say\u0131l\u0131 Ki\u015fisel Verilerin Korunmas\u0131 Kanunu&#8217;na uyuyoruz. Ki\u015fisel verilerin toplanmas\u0131 ve bunlar\u0131 neden toplad\u0131\u011f\u0131m\u0131z i\u00e7in m\u00fc\u015fterilerimize a\u015fa\u011f\u0131daki a\u00e7\u0131klamalar\u0131n yap\u0131lmas\u0131 gerekmektedir. A\u015fa\u011f\u0131da a\u00e7\u0131klad\u0131\u011f\u0131m\u0131z gibi veri toplama s\u00fcrecinin bir k\u0131sm\u0131n\u0131 tercih edebilirsiniz ancak turizm sekt\u00f6r\u00fc ve villa kiralama operasyonunun gereklilikleri gere\u011fi &hellip; <a href=\"https:\/\/kasvillarent.com\/tr\/iletisim\/gizlilik-politikasi\/\" class=\"more-link\">Continue reading<span class=\"screen-reader-text\"> &#8220;Gizlilik Politikas\u0131&#8221;<\/span><\/a><\/p>\n","protected":false},"author":29,"featured_media":0,"parent":5963,"menu_order":0,"comment_status":"closed","ping_status":"closed","template":"template-full-width-page.php","meta":{"_uag_custom_page_level_css":"","_monsterinsights_skip_tracking":false,"_monsterinsights_sitenote_active":false,"_monsterinsights_sitenote_note":"","_monsterinsights_sitenote_category":0,"footnotes":""},"class_list":["post-7281","page","type-page","status-publish","hentry"],"yoast_head":"<!-- This site is optimized with the Yoast SEO Premium plugin v27.0 (Yoast SEO v27.0) - https:\/\/yoast.com\/product\/yoast-seo-premium-wordpress\/ -->\n<title>Gizlilik Politikas\u0131 - Kas Villa Rent<\/title>\n<meta name=\"robots\" content=\"index, follow, max-snippet:-1, max-image-preview:large, max-video-preview:-1\" \/>\n<link rel=\"canonical\" href=\"https:\/\/kasvillarent.com\/tr\/iletisim\/gizlilik-politikasi\/\" \/>\n<meta property=\"og:locale\" content=\"tr_TR\" \/>\n<meta property=\"og:type\" content=\"article\" \/>\n<meta property=\"og:title\" content=\"Gizlilik Politikas\u0131\" \/>\n<meta property=\"og:description\" content=\"Biz Kimiz Web sitemizin adresi: https:\/\/kasvillarent.com Ki\u015fisel Bilgilerin Korunmas\u0131na Uyum T\u00fcrkiye Cumhuriyeti H\u00fck\u00fcmeti&#8217;nin 7.4.2016 tarih ve 6698 say\u0131l\u0131 Ki\u015fisel Verilerin Korunmas\u0131 Kanunu&#8217;na uyuyoruz. Ki\u015fisel verilerin toplanmas\u0131 ve bunlar\u0131 neden toplad\u0131\u011f\u0131m\u0131z i\u00e7in m\u00fc\u015fterilerimize a\u015fa\u011f\u0131daki a\u00e7\u0131klamalar\u0131n yap\u0131lmas\u0131 gerekmektedir. A\u015fa\u011f\u0131da a\u00e7\u0131klad\u0131\u011f\u0131m\u0131z gibi veri toplama s\u00fcrecinin bir k\u0131sm\u0131n\u0131 tercih edebilirsiniz ancak turizm sekt\u00f6r\u00fc ve villa kiralama operasyonunun gereklilikleri gere\u011fi &hellip; Continue reading &quot;Gizlilik Politikas\u0131&quot;\" \/>\n<meta property=\"og:url\" content=\"https:\/\/kasvillarent.com\/tr\/iletisim\/gizlilik-politikasi\/\" \/>\n<meta property=\"og:site_name\" content=\"Kas Villa Rent\" \/>\n<meta property=\"article:publisher\" content=\"https:\/\/www.facebook.com\/kas.villa.rent\/\" \/>\n<meta property=\"article:modified_time\" content=\"2025-07-05T18:13:54+00:00\" \/>\n<meta name=\"twitter:card\" content=\"summary_large_image\" \/>\n<meta name=\"twitter:label1\" content=\"Tahmini okuma s\u00fcresi\" \/>\n\t<meta name=\"twitter:data1\" content=\"7 dakika\" \/>\n<script type=\"application\/ld+json\" class=\"yoast-schema-graph\">{\"@context\":\"https:\/\/schema.org\",\"@graph\":[{\"@type\":\"WebPage\",\"@id\":\"https:\/\/kasvillarent.com\/tr\/iletisim\/gizlilik-politikasi\/\",\"url\":\"https:\/\/kasvillarent.com\/tr\/iletisim\/gizlilik-politikasi\/\",\"name\":\"Gizlilik Politikas\u0131 - Kas Villa Rent\",\"isPartOf\":{\"@id\":\"https:\/\/kasvillarent.com\/tr\/#website\"},\"datePublished\":\"2021-05-16T18:49:38+00:00\",\"dateModified\":\"2025-07-05T18:13:54+00:00\",\"breadcrumb\":{\"@id\":\"https:\/\/kasvillarent.com\/tr\/iletisim\/gizlilik-politikasi\/#breadcrumb\"},\"inLanguage\":\"tr\",\"potentialAction\":[{\"@type\":\"ReadAction\",\"target\":[\"https:\/\/kasvillarent.com\/tr\/iletisim\/gizlilik-politikasi\/\"]}]},{\"@type\":\"BreadcrumbList\",\"@id\":\"https:\/\/kasvillarent.com\/tr\/iletisim\/gizlilik-politikasi\/#breadcrumb\",\"itemListElement\":[{\"@type\":\"ListItem\",\"position\":1,\"name\":\"Home\",\"item\":\"https:\/\/kasvillarent.com\/tr\/\"},{\"@type\":\"ListItem\",\"position\":2,\"name\":\"\u0130LET\u0130\u015e\u0130M\",\"item\":\"https:\/\/kasvillarent.com\/tr\/iletisim\/\"},{\"@type\":\"ListItem\",\"position\":3,\"name\":\"Gizlilik Politikas\u0131\"}]},{\"@type\":\"WebSite\",\"@id\":\"https:\/\/kasvillarent.com\/tr\/#website\",\"url\":\"https:\/\/kasvillarent.com\/tr\/\",\"name\":\"Kas Villa Rent\",\"description\":\"Luxury Villas in Kas Antalya\",\"publisher\":{\"@id\":\"https:\/\/kasvillarent.com\/tr\/#organization\"},\"potentialAction\":[{\"@type\":\"SearchAction\",\"target\":{\"@type\":\"EntryPoint\",\"urlTemplate\":\"https:\/\/kasvillarent.com\/tr\/?s={search_term_string}\"},\"query-input\":{\"@type\":\"PropertyValueSpecification\",\"valueRequired\":true,\"valueName\":\"search_term_string\"}}],\"inLanguage\":\"tr\"},{\"@type\":\"Organization\",\"@id\":\"https:\/\/kasvillarent.com\/tr\/#organization\",\"name\":\"Kas Villa Rent\",\"url\":\"https:\/\/kasvillarent.com\/tr\/\",\"logo\":{\"@type\":\"ImageObject\",\"inLanguage\":\"tr\",\"@id\":\"https:\/\/kasvillarent.com\/tr\/#\/schema\/logo\/image\/\",\"url\":\"https:\/\/kasvillarent.com\/wp-content\/uploads\/2022\/06\/FullColor_1280x1024_300dpi-1.png\",\"contentUrl\":\"https:\/\/kasvillarent.com\/wp-content\/uploads\/2022\/06\/FullColor_1280x1024_300dpi-1.png\",\"width\":1155,\"height\":924,\"caption\":\"Kas Villa Rent\"},\"image\":{\"@id\":\"https:\/\/kasvillarent.com\/tr\/#\/schema\/logo\/image\/\"},\"sameAs\":[\"https:\/\/www.facebook.com\/kas.villa.rent\/\",\"https:\/\/instagram.com\/kasvillarent\"]}]}<\/script>\n<!-- \/ Yoast SEO Premium plugin. -->","yoast_head_json":{"title":"Gizlilik Politikas\u0131 - Kas Villa Rent","robots":{"index":"index","follow":"follow","max-snippet":"max-snippet:-1","max-image-preview":"max-image-preview:large","max-video-preview":"max-video-preview:-1"},"canonical":"https:\/\/kasvillarent.com\/tr\/iletisim\/gizlilik-politikasi\/","og_locale":"tr_TR","og_type":"article","og_title":"Gizlilik Politikas\u0131","og_description":"Biz Kimiz Web sitemizin adresi: https:\/\/kasvillarent.com Ki\u015fisel Bilgilerin Korunmas\u0131na Uyum T\u00fcrkiye Cumhuriyeti H\u00fck\u00fcmeti&#8217;nin 7.4.2016 tarih ve 6698 say\u0131l\u0131 Ki\u015fisel Verilerin Korunmas\u0131 Kanunu&#8217;na uyuyoruz. Ki\u015fisel verilerin toplanmas\u0131 ve bunlar\u0131 neden toplad\u0131\u011f\u0131m\u0131z i\u00e7in m\u00fc\u015fterilerimize a\u015fa\u011f\u0131daki a\u00e7\u0131klamalar\u0131n yap\u0131lmas\u0131 gerekmektedir. A\u015fa\u011f\u0131da a\u00e7\u0131klad\u0131\u011f\u0131m\u0131z gibi veri toplama s\u00fcrecinin bir k\u0131sm\u0131n\u0131 tercih edebilirsiniz ancak turizm sekt\u00f6r\u00fc ve villa kiralama operasyonunun gereklilikleri gere\u011fi &hellip; Continue reading \"Gizlilik Politikas\u0131\"","og_url":"https:\/\/kasvillarent.com\/tr\/iletisim\/gizlilik-politikasi\/","og_site_name":"Kas Villa Rent","article_publisher":"https:\/\/www.facebook.com\/kas.villa.rent\/","article_modified_time":"2025-07-05T18:13:54+00:00","twitter_card":"summary_large_image","twitter_misc":{"Tahmini okuma s\u00fcresi":"7 dakika"},"schema":{"@context":"https:\/\/schema.org","@graph":[{"@type":"WebPage","@id":"https:\/\/kasvillarent.com\/tr\/iletisim\/gizlilik-politikasi\/","url":"https:\/\/kasvillarent.com\/tr\/iletisim\/gizlilik-politikasi\/","name":"Gizlilik Politikas\u0131 - Kas Villa Rent","isPartOf":{"@id":"https:\/\/kasvillarent.com\/tr\/#website"},"datePublished":"2021-05-16T18:49:38+00:00","dateModified":"2025-07-05T18:13:54+00:00","breadcrumb":{"@id":"https:\/\/kasvillarent.com\/tr\/iletisim\/gizlilik-politikasi\/#breadcrumb"},"inLanguage":"tr","potentialAction":[{"@type":"ReadAction","target":["https:\/\/kasvillarent.com\/tr\/iletisim\/gizlilik-politikasi\/"]}]},{"@type":"BreadcrumbList","@id":"https:\/\/kasvillarent.com\/tr\/iletisim\/gizlilik-politikasi\/#breadcrumb","itemListElement":[{"@type":"ListItem","position":1,"name":"Home","item":"https:\/\/kasvillarent.com\/tr\/"},{"@type":"ListItem","position":2,"name":"\u0130LET\u0130\u015e\u0130M","item":"https:\/\/kasvillarent.com\/tr\/iletisim\/"},{"@type":"ListItem","position":3,"name":"Gizlilik Politikas\u0131"}]},{"@type":"WebSite","@id":"https:\/\/kasvillarent.com\/tr\/#website","url":"https:\/\/kasvillarent.com\/tr\/","name":"Kas Villa Rent","description":"Luxury Villas in Kas Antalya","publisher":{"@id":"https:\/\/kasvillarent.com\/tr\/#organization"},"potentialAction":[{"@type":"SearchAction","target":{"@type":"EntryPoint","urlTemplate":"https:\/\/kasvillarent.com\/tr\/?s={search_term_string}"},"query-input":{"@type":"PropertyValueSpecification","valueRequired":true,"valueName":"search_term_string"}}],"inLanguage":"tr"},{"@type":"Organization","@id":"https:\/\/kasvillarent.com\/tr\/#organization","name":"Kas Villa Rent","url":"https:\/\/kasvillarent.com\/tr\/","logo":{"@type":"ImageObject","inLanguage":"tr","@id":"https:\/\/kasvillarent.com\/tr\/#\/schema\/logo\/image\/","url":"https:\/\/kasvillarent.com\/wp-content\/uploads\/2022\/06\/FullColor_1280x1024_300dpi-1.png","contentUrl":"https:\/\/kasvillarent.com\/wp-content\/uploads\/2022\/06\/FullColor_1280x1024_300dpi-1.png","width":1155,"height":924,"caption":"Kas Villa Rent"},"image":{"@id":"https:\/\/kasvillarent.com\/tr\/#\/schema\/logo\/image\/"},"sameAs":["https:\/\/www.facebook.com\/kas.villa.rent\/","https:\/\/instagram.com\/kasvillarent"]}]}},"uagb_featured_image_src":{"full":false,"thumbnail":false,"medium":false,"medium_large":false,"large":false,"1536x1536":false,"2048x2048":false,"post-thumbnail":false,"villagio-thumb-large":false,"villagio-thumb-medium":false,"villagio-thumb-small":false,"villagio-thumb-small-x2":false},"uagb_author_info":{"display_name":"Mehmet_Y","author_link":"https:\/\/kasvillarent.com\/tr\/author\/mehmet_y\/"},"uagb_comment_info":0,"uagb_excerpt":"Biz Kimiz Web sitemizin adresi: https:\/\/kasvillarent.com Ki\u015fisel Bilgilerin Korunmas\u0131na Uyum T\u00fcrkiye Cumhuriyeti H\u00fck\u00fcmeti&#8217;nin 7.4.2016 tarih ve 6698 say\u0131l\u0131 Ki\u015fisel Verilerin Korunmas\u0131 Kanunu&#8217;na uyuyoruz. Ki\u015fisel verilerin toplanmas\u0131 ve bunlar\u0131 neden toplad\u0131\u011f\u0131m\u0131z i\u00e7in m\u00fc\u015fterilerimize a\u015fa\u011f\u0131daki a\u00e7\u0131klamalar\u0131n yap\u0131lmas\u0131 gerekmektedir. A\u015fa\u011f\u0131da a\u00e7\u0131klad\u0131\u011f\u0131m\u0131z gibi veri toplama s\u00fcrecinin bir k\u0131sm\u0131n\u0131 tercih edebilirsiniz ancak turizm sekt\u00f6r\u00fc ve villa kiralama operasyonunun gereklilikleri gere\u011fi&hellip;","jetpack_sharing_enabled":true,"_links":{"self":[{"href":"https:\/\/kasvillarent.com\/tr\/wp-json\/wp\/v2\/pages\/7281","targetHints":{"allow":["GET"]}}],"collection":[{"href":"https:\/\/kasvillarent.com\/tr\/wp-json\/wp\/v2\/pages"}],"about":[{"href":"https:\/\/kasvillarent.com\/tr\/wp-json\/wp\/v2\/types\/page"}],"author":[{"embeddable":true,"href":"https:\/\/kasvillarent.com\/tr\/wp-json\/wp\/v2\/users\/29"}],"replies":[{"embeddable":true,"href":"https:\/\/kasvillarent.com\/tr\/wp-json\/wp\/v2\/comments?post=7281"}],"version-history":[{"count":2,"href":"https:\/\/kasvillarent.com\/tr\/wp-json\/wp\/v2\/pages\/7281\/revisions"}],"predecessor-version":[{"id":20554,"href":"https:\/\/kasvillarent.com\/tr\/wp-json\/wp\/v2\/pages\/7281\/revisions\/20554"}],"up":[{"embeddable":true,"href":"https:\/\/kasvillarent.com\/tr\/wp-json\/wp\/v2\/pages\/5963"}],"wp:attachment":[{"href":"https:\/\/kasvillarent.com\/tr\/wp-json\/wp\/v2\/media?parent=7281"}],"curies":[{"name":"wp","href":"https:\/\/api.w.org\/{rel}","templated":true}]}}