{"id":7872,"date":"2021-05-28T23:42:29","date_gmt":"2021-05-28T20:42:29","guid":{"rendered":"https:\/\/kasvillarent.com\/villa-yonetimi\/"},"modified":"2024-07-08T15:13:12","modified_gmt":"2024-07-08T12:13:12","slug":"villa-yonetimi","status":"publish","type":"page","link":"https:\/\/kasvillarent.com\/tr\/villa-yonetimi\/","title":{"rendered":"V\u0130LLA Y\u00d6NET\u0130M\u0130"},"content":{"rendered":"\n<p>Ka\u015f Villa Kiralama, villan\u0131z i\u00e7in Ka\u015f Antalya&#8217;da Villa Y\u00f6netimi Hizmeti vermektedir. Villan\u0131z\u0131 kiralamak veya yenilemek isterseniz size yard\u0131mc\u0131 olabiliriz. Billa yenileme hizmetleri i\u00e7in i\u00e7in Ka\u015f b\u00f6lgesinde geni\u015f bir a\u011f kurduk.<\/p>\n<p>Ka\u015f&#8217;da&nbsp; olmad\u0131\u011f\u0131n\u0131z zaman, g\u00fcvenilir ve sizin i\u00e7in ula\u015f\u0131labilir birinin oldu\u011funu bilmek kendinizi g\u00fcvende hissetmenizi sa\u011flar.<img decoding=\"async\" class=\"wp-image-699 alignleft\" src=\"https:\/\/kasvillarent.com\/wp-content\/uploads\/2020\/11\/villa-management-2-1.jpg\" alt=\"\" width=\"171\" height=\"292\" srcset=\"https:\/\/kasvillarent.com\/wp-content\/uploads\/2020\/11\/villa-management-2-1.jpg 470w, https:\/\/kasvillarent.com\/wp-content\/uploads\/2020\/11\/villa-management-2-1-176x300.jpg 176w, https:\/\/kasvillarent.com\/wp-content\/uploads\/2020\/11\/villa-management-2-1-363x618.jpg 363w, https:\/\/kasvillarent.com\/wp-content\/uploads\/2020\/11\/villa-management-2-1-12x20.jpg 12w\" sizes=\"(max-width: 171px) 100vw, 171px\" \/> Bilirsiniz ki her\u015fey sorunsuz \u00e7al\u0131\u015fmaktad\u0131r ve m\u00fclk\u00fcn\u00fcz problemsiz ve sorunsuz bir \u015fekilde sizi beklemektedir. Tatilinizin keyfini \u00e7\u0131karmak i\u00e7in evinize geldi\u011finizde, vard\u0131\u011f\u0131n\u0131zda yapmak isteyece\u011finiz son \u015fey, ihtiyac\u0131n\u0131z olan onar\u0131mlar i\u00e7in k\u0131sa s\u00fcrede temizlik, onar\u0131m veya m\u00fcteahhit bulmakt\u0131r.&nbsp; &nbsp;<\/p>\n<p>Biz&nbsp; y\u0131l\u0131n 365 g\u00fcn\u00fc, g\u00fcn\u00fcn 24 saati m\u00fclk\u00fcn\u00fcze bakacak profesyonel bir ekibe sahibiz, size sadece tatilin tad\u0131n\u0131 \u00e7\u0131karmaya dinlenmeye zaman b\u0131rakaca\u011f\u0131z.<\/p>\n<p>Bir \u015feyle ilgilenilmesi gerekti\u011fini g\u00f6r\u00fcrsek, bunu derhal size rapor edece\u011fiz ve gerekli \u00e7al\u0131\u015fmalar\u0131 yapmak i\u00e7in izninizi alaca\u011f\u0131z.&nbsp; Ekibimiz, temizlik, bak\u0131m ve k\u00fc\u00e7\u00fck tamirat i\u015flerini yapacak \u015fekilde olu\u015fmu\u015ftur ve m\u00fclk\u00fcn\u00fcz\u00fcn her zaman en iyi durumda olmas\u0131n\u0131, i\u00e7te ve d\u0131\u015fta titizlikle temiz olmas\u0131n\u0131, her \u015feyin \u00e7al\u0131\u015f\u0131r durumda ve bak\u0131ml\u0131 olmas\u0131n\u0131 sa\u011flamak i\u00e7in birlikte \u00e7al\u0131\u015f\u0131r, b\u00f6ylece tam bir g\u00f6n\u00fcl rahatl\u0131\u011f\u0131 ya\u015fars\u0131n\u0131z.&nbsp; &nbsp;Nadir ve beklenmedik bir acil durumda bile, profesyonel yard\u0131ma ve acil durum hizmetlerine tam ve an\u0131nda eri\u015fime sahibiz.<\/p>\n<p><span style=\"color: #000080;\"><strong>Tipik Villa Bak\u0131m Paketimiz \u015funlar\u0131 i\u00e7erir:<img fetchpriority=\"high\" decoding=\"async\" class=\"wp-image-696 alignright\" src=\"https:\/\/kasvillarent.com\/wp-content\/uploads\/2020\/11\/Villa-management-1.jpg\" alt=\"\" width=\"614\" height=\"368\" srcset=\"https:\/\/kasvillarent.com\/wp-content\/uploads\/2020\/11\/Villa-management-1.jpg 1334w, https:\/\/kasvillarent.com\/wp-content\/uploads\/2020\/11\/Villa-management-1-300x179.jpg 300w, https:\/\/kasvillarent.com\/wp-content\/uploads\/2020\/11\/Villa-management-1-1024x613.jpg 1024w, https:\/\/kasvillarent.com\/wp-content\/uploads\/2020\/11\/Villa-management-1-768x459.jpg 768w, https:\/\/kasvillarent.com\/wp-content\/uploads\/2020\/11\/Villa-management-1-1033x618.jpg 1033w, https:\/\/kasvillarent.com\/wp-content\/uploads\/2020\/11\/Villa-management-1-20x12.jpg 20w\" sizes=\"(max-width: 614px) 100vw, 614px\" \/><\/strong><\/span><\/p>\n<ul>\n<li>Yaz aylar\u0131nda g\u00fcnl\u00fck havuz temizli\u011fi ve bah\u00e7e bak\u0131m\u0131<\/li>\n<li>T\u00fcm y\u0131l boyunca m\u00fclk\u00fcn d\u00fczenli olarak kontrol edilmesi ve havaland\u0131r\u0131lmas\u0131<\/li>\n<li>Zorunlu organizasyon&nbsp; ve ekstra bina ve e\u015fya sigortas\u0131<\/li>\n<li>Elektrik, su vs faturalar\u0131n\u0131n \u00f6denmesi<\/li>\n<li>Y\u0131ll\u0131k belediye ve \u00e7\u00f6p vergileri \u00f6demesi.<\/li>\n<li>Siz ve \/ veya misafirleriniz i\u00e7in temizlik ve \u00e7ama\u015f\u0131r y\u0131kama organizasyonu.<\/li>\n<li>Siz ve \/ veya misafirleriniz i\u00e7in havaalan\u0131 transferleri ve ara\u00e7 kiralama organizasyonu.<\/li>\n<li>D\u00fczenli bak\u0131m ve onar\u0131mlar\u0131n yap\u0131lmas\u0131<\/li>\n<li>Ev tadilat\u0131 veya yenileme i\u015flemlerinin organize edilmesi<\/li>\n<li>Deneyimli bah\u00e7\u0131van ile sonbahar ve ilkbahar mevsimi bah\u00e7e bak\u0131m\u0131<\/li>\n<li>E-posta ile hesap ekstreleri. Yaz aylar\u0131nda ayl\u0131k, k\u0131\u015f aylar\u0131nda ise \u00fc\u00e7 ayda bir.<\/li>\n<li>Kasvillarent.com&#8217;da \u00fccretsiz kiralama reklam\u0131n\u0131n yap\u0131lmas\u0131<\/li>\n<\/ul>\n<p>M\u00fclk\u00fcn\u00fcz\u00fc kullanmad\u0131\u011f\u0131n\u0131z zamanlarda tatil kiralama i\u015fimiz arac\u0131l\u0131\u011f\u0131yla gelir elde ederek para kazanabilirsiniz.&nbsp; Web sitemizde pazarlama ve kiralama ile biz ilgilenece\u011fiz <span class=\"has-inline-color has-primary-color\"><a href=\"https:\/\/kasvillarent.com\/tr\/\" data-type=\"URL\" data-id=\"kasvillarent.com\">www.kasvillarent.com<\/a>&nbsp; <\/span>&nbsp;M\u00fclk\u00fcn kira ruhsat\u0131n\u0131 almaktan, vergi \u00f6demesinden, misafirlerinizi kar\u015f\u0131lay\u0131p a\u011f\u0131rlamaya kadar her \u015feyi ayarlayabiliriz.<\/p>\n<p>M\u00fclk\u00fcn\u00fcz\u00fcn y\u00f6netimi ile ilgili herhangi bir sorunuz varsa, l\u00fctfen bizimle ileti\u015fime ge\u00e7iniz, sorunuzu yan\u0131tlamaktan memnuniyet duyar\u0131z.<\/p>\n<p class=\"p1\">\n\n<h2 class=\"wp-block-heading\" id=\"h-get-in-touch\"><mark style=\"background-color:rgba(0, 0, 0, 0);color:#002ea3\" class=\"has-inline-color\">Bizimle ileti\u015fime ge\u00e7in<\/mark><\/h2>\n\n<div class=\"wp-block-jetpack-send-a-message\">\n<div class=\"wp-block-jetpack-whatsapp-button is-color-dark\"><a class=\"whatsapp-block__button\" href=\"https:\/\/api.whatsapp.com\/send?phone=905327675560&amp;text=Hi%2C%20I%20got%20your%20WhatsApp%20information%20from%20your%20website.\" style=\"background-color:#25D366;color:#fff\" target=\"_self\" rel=\"noopener noreferrer\">WhatsApp<\/a><\/div>\n<\/div>\n\n<p>Tel: + 90 532 767 5560 \/ Mehmet Y\u00f6r\u00fck<\/p>\n\n<p><mark style=\"background-color:rgba(0, 0, 0, 0);color:#0032a3\" class=\"has-inline-color\">reservations@kasvillarent.com<\/mark><\/p>\n","protected":false},"excerpt":{"rendered":"<p>Ka\u015f Villa Kiralama, villan\u0131z i\u00e7in Ka\u015f Antalya&#8217;da Villa Y\u00f6netimi Hizmeti vermektedir. Villan\u0131z\u0131 kiralamak veya yenilemek isterseniz size yard\u0131mc\u0131 olabiliriz. Billa yenileme hizmetleri i\u00e7in i\u00e7in Ka\u015f b\u00f6lgesinde geni\u015f bir a\u011f kurduk. Ka\u015f&#8217;da&nbsp; olmad\u0131\u011f\u0131n\u0131z zaman, g\u00fcvenilir ve sizin i\u00e7in ula\u015f\u0131labilir birinin oldu\u011funu bilmek kendinizi g\u00fcvende hissetmenizi sa\u011flar. Bilirsiniz ki her\u015fey sorunsuz \u00e7al\u0131\u015fmaktad\u0131r ve m\u00fclk\u00fcn\u00fcz problemsiz ve sorunsuz &hellip; <a href=\"https:\/\/kasvillarent.com\/tr\/villa-yonetimi\/\" class=\"more-link\">Continue reading<span class=\"screen-reader-text\"> &#8220;V\u0130LLA Y\u00d6NET\u0130M\u0130&#8221;<\/span><\/a><\/p>\n","protected":false},"author":29,"featured_media":5650,"parent":0,"menu_order":0,"comment_status":"closed","ping_status":"closed","template":"","meta":{"_uag_custom_page_level_css":"","_monsterinsights_skip_tracking":false,"_monsterinsights_sitenote_active":false,"_monsterinsights_sitenote_note":"","_monsterinsights_sitenote_category":0,"footnotes":""},"class_list":["post-7872","page","type-page","status-publish","has-post-thumbnail","hentry"],"yoast_head":"<!-- This site is optimized with the Yoast SEO Premium plugin v27.0 (Yoast SEO v27.0) - https:\/\/yoast.com\/product\/yoast-seo-premium-wordpress\/ -->\n<title>V\u0130LLA Y\u00d6NET\u0130M\u0130 - Kas Villa Rent<\/title>\n<meta name=\"description\" content=\"Ka\u015f Villa Kiralama, Ka\u015f b\u00f6lgesinde m\u00fclklerini kiralamak veya yenilemek i\u00e7in m\u00fc\u015fterilerine en kaliteli Villa Y\u00f6netimi hizmetini sunmaktad\u0131r.\" \/>\n<meta name=\"robots\" content=\"index, follow, max-snippet:-1, max-image-preview:large, max-video-preview:-1\" \/>\n<link rel=\"canonical\" href=\"https:\/\/kasvillarent.com\/tr\/villa-yonetimi\/\" \/>\n<meta property=\"og:locale\" content=\"tr_TR\" \/>\n<meta property=\"og:type\" content=\"article\" \/>\n<meta property=\"og:title\" content=\"V\u0130LLA Y\u00d6NET\u0130M\u0130\" \/>\n<meta property=\"og:description\" content=\"Ka\u015f Villa Kiralama, Ka\u015f b\u00f6lgesinde m\u00fclklerini kiralamak veya yenilemek i\u00e7in m\u00fc\u015fterilerine en kaliteli Villa Y\u00f6netimi hizmetini sunmaktad\u0131r.\" \/>\n<meta property=\"og:url\" content=\"https:\/\/kasvillarent.com\/tr\/villa-yonetimi\/\" \/>\n<meta property=\"og:site_name\" content=\"Kas Villa Rent\" \/>\n<meta property=\"article:publisher\" content=\"https:\/\/www.facebook.com\/kas.villa.rent\/\" \/>\n<meta property=\"article:modified_time\" content=\"2024-07-08T12:13:12+00:00\" \/>\n<meta property=\"og:image\" content=\"https:\/\/kasvillarent.com\/wp-content\/uploads\/2020\/12\/Depositphotos_5789835_original-1024x682-1.jpg\" \/>\n\t<meta property=\"og:image:width\" content=\"1024\" \/>\n\t<meta property=\"og:image:height\" content=\"682\" \/>\n\t<meta property=\"og:image:type\" content=\"image\/jpeg\" \/>\n<meta name=\"twitter:card\" content=\"summary_large_image\" \/>\n<meta name=\"twitter:label1\" content=\"Tahmini okuma s\u00fcresi\" \/>\n\t<meta name=\"twitter:data1\" content=\"3 dakika\" \/>\n<script type=\"application\/ld+json\" class=\"yoast-schema-graph\">{\"@context\":\"https:\/\/schema.org\",\"@graph\":[{\"@type\":\"WebPage\",\"@id\":\"https:\/\/kasvillarent.com\/tr\/villa-yonetimi\/\",\"url\":\"https:\/\/kasvillarent.com\/tr\/villa-yonetimi\/\",\"name\":\"V\u0130LLA Y\u00d6NET\u0130M\u0130 - Kas Villa Rent\",\"isPartOf\":{\"@id\":\"https:\/\/kasvillarent.com\/tr\/#website\"},\"primaryImageOfPage\":{\"@id\":\"https:\/\/kasvillarent.com\/tr\/villa-yonetimi\/#primaryimage\"},\"image\":{\"@id\":\"https:\/\/kasvillarent.com\/tr\/villa-yonetimi\/#primaryimage\"},\"thumbnailUrl\":\"https:\/\/kasvillarent.com\/wp-content\/uploads\/2020\/12\/Depositphotos_5789835_original-1024x682-1.jpg\",\"datePublished\":\"2021-05-28T20:42:29+00:00\",\"dateModified\":\"2024-07-08T12:13:12+00:00\",\"description\":\"Ka\u015f Villa Kiralama, Ka\u015f b\u00f6lgesinde m\u00fclklerini kiralamak veya yenilemek i\u00e7in m\u00fc\u015fterilerine en kaliteli Villa Y\u00f6netimi hizmetini sunmaktad\u0131r.\",\"breadcrumb\":{\"@id\":\"https:\/\/kasvillarent.com\/tr\/villa-yonetimi\/#breadcrumb\"},\"inLanguage\":\"tr\",\"potentialAction\":[{\"@type\":\"ReadAction\",\"target\":[\"https:\/\/kasvillarent.com\/tr\/villa-yonetimi\/\"]}]},{\"@type\":\"ImageObject\",\"inLanguage\":\"tr\",\"@id\":\"https:\/\/kasvillarent.com\/tr\/villa-yonetimi\/#primaryimage\",\"url\":\"https:\/\/kasvillarent.com\/wp-content\/uploads\/2020\/12\/Depositphotos_5789835_original-1024x682-1.jpg\",\"contentUrl\":\"https:\/\/kasvillarent.com\/wp-content\/uploads\/2020\/12\/Depositphotos_5789835_original-1024x682-1.jpg\",\"width\":1024,\"height\":682,\"caption\":\"Ka\u015f Belediye Play\u0131 02\"},{\"@type\":\"BreadcrumbList\",\"@id\":\"https:\/\/kasvillarent.com\/tr\/villa-yonetimi\/#breadcrumb\",\"itemListElement\":[{\"@type\":\"ListItem\",\"position\":1,\"name\":\"Home\",\"item\":\"https:\/\/kasvillarent.com\/tr\/\"},{\"@type\":\"ListItem\",\"position\":2,\"name\":\"V\u0130LLA Y\u00d6NET\u0130M\u0130\"}]},{\"@type\":\"WebSite\",\"@id\":\"https:\/\/kasvillarent.com\/tr\/#website\",\"url\":\"https:\/\/kasvillarent.com\/tr\/\",\"name\":\"Kas Villa Rent\",\"description\":\"Luxury Villas in Kas Antalya\",\"publisher\":{\"@id\":\"https:\/\/kasvillarent.com\/tr\/#organization\"},\"potentialAction\":[{\"@type\":\"SearchAction\",\"target\":{\"@type\":\"EntryPoint\",\"urlTemplate\":\"https:\/\/kasvillarent.com\/tr\/?s={search_term_string}\"},\"query-input\":{\"@type\":\"PropertyValueSpecification\",\"valueRequired\":true,\"valueName\":\"search_term_string\"}}],\"inLanguage\":\"tr\"},{\"@type\":\"Organization\",\"@id\":\"https:\/\/kasvillarent.com\/tr\/#organization\",\"name\":\"Kas Villa Rent\",\"url\":\"https:\/\/kasvillarent.com\/tr\/\",\"logo\":{\"@type\":\"ImageObject\",\"inLanguage\":\"tr\",\"@id\":\"https:\/\/kasvillarent.com\/tr\/#\/schema\/logo\/image\/\",\"url\":\"https:\/\/kasvillarent.com\/wp-content\/uploads\/2022\/06\/FullColor_1280x1024_300dpi-1.png\",\"contentUrl\":\"https:\/\/kasvillarent.com\/wp-content\/uploads\/2022\/06\/FullColor_1280x1024_300dpi-1.png\",\"width\":1155,\"height\":924,\"caption\":\"Kas Villa Rent\"},\"image\":{\"@id\":\"https:\/\/kasvillarent.com\/tr\/#\/schema\/logo\/image\/\"},\"sameAs\":[\"https:\/\/www.facebook.com\/kas.villa.rent\/\",\"https:\/\/instagram.com\/kasvillarent\"]}]}<\/script>\n<!-- \/ Yoast SEO Premium plugin. -->","yoast_head_json":{"title":"V\u0130LLA Y\u00d6NET\u0130M\u0130 - Kas Villa Rent","description":"Ka\u015f Villa Kiralama, Ka\u015f b\u00f6lgesinde m\u00fclklerini kiralamak veya yenilemek i\u00e7in m\u00fc\u015fterilerine en kaliteli Villa Y\u00f6netimi hizmetini sunmaktad\u0131r.","robots":{"index":"index","follow":"follow","max-snippet":"max-snippet:-1","max-image-preview":"max-image-preview:large","max-video-preview":"max-video-preview:-1"},"canonical":"https:\/\/kasvillarent.com\/tr\/villa-yonetimi\/","og_locale":"tr_TR","og_type":"article","og_title":"V\u0130LLA Y\u00d6NET\u0130M\u0130","og_description":"Ka\u015f Villa Kiralama, Ka\u015f b\u00f6lgesinde m\u00fclklerini kiralamak veya yenilemek i\u00e7in m\u00fc\u015fterilerine en kaliteli Villa Y\u00f6netimi hizmetini sunmaktad\u0131r.","og_url":"https:\/\/kasvillarent.com\/tr\/villa-yonetimi\/","og_site_name":"Kas Villa Rent","article_publisher":"https:\/\/www.facebook.com\/kas.villa.rent\/","article_modified_time":"2024-07-08T12:13:12+00:00","og_image":[{"width":1024,"height":682,"url":"https:\/\/kasvillarent.com\/wp-content\/uploads\/2020\/12\/Depositphotos_5789835_original-1024x682-1.jpg","type":"image\/jpeg"}],"twitter_card":"summary_large_image","twitter_misc":{"Tahmini okuma s\u00fcresi":"3 dakika"},"schema":{"@context":"https:\/\/schema.org","@graph":[{"@type":"WebPage","@id":"https:\/\/kasvillarent.com\/tr\/villa-yonetimi\/","url":"https:\/\/kasvillarent.com\/tr\/villa-yonetimi\/","name":"V\u0130LLA Y\u00d6NET\u0130M\u0130 - Kas Villa Rent","isPartOf":{"@id":"https:\/\/kasvillarent.com\/tr\/#website"},"primaryImageOfPage":{"@id":"https:\/\/kasvillarent.com\/tr\/villa-yonetimi\/#primaryimage"},"image":{"@id":"https:\/\/kasvillarent.com\/tr\/villa-yonetimi\/#primaryimage"},"thumbnailUrl":"https:\/\/kasvillarent.com\/wp-content\/uploads\/2020\/12\/Depositphotos_5789835_original-1024x682-1.jpg","datePublished":"2021-05-28T20:42:29+00:00","dateModified":"2024-07-08T12:13:12+00:00","description":"Ka\u015f Villa Kiralama, Ka\u015f b\u00f6lgesinde m\u00fclklerini kiralamak veya yenilemek i\u00e7in m\u00fc\u015fterilerine en kaliteli Villa Y\u00f6netimi hizmetini sunmaktad\u0131r.","breadcrumb":{"@id":"https:\/\/kasvillarent.com\/tr\/villa-yonetimi\/#breadcrumb"},"inLanguage":"tr","potentialAction":[{"@type":"ReadAction","target":["https:\/\/kasvillarent.com\/tr\/villa-yonetimi\/"]}]},{"@type":"ImageObject","inLanguage":"tr","@id":"https:\/\/kasvillarent.com\/tr\/villa-yonetimi\/#primaryimage","url":"https:\/\/kasvillarent.com\/wp-content\/uploads\/2020\/12\/Depositphotos_5789835_original-1024x682-1.jpg","contentUrl":"https:\/\/kasvillarent.com\/wp-content\/uploads\/2020\/12\/Depositphotos_5789835_original-1024x682-1.jpg","width":1024,"height":682,"caption":"Ka\u015f Belediye Play\u0131 02"},{"@type":"BreadcrumbList","@id":"https:\/\/kasvillarent.com\/tr\/villa-yonetimi\/#breadcrumb","itemListElement":[{"@type":"ListItem","position":1,"name":"Home","item":"https:\/\/kasvillarent.com\/tr\/"},{"@type":"ListItem","position":2,"name":"V\u0130LLA Y\u00d6NET\u0130M\u0130"}]},{"@type":"WebSite","@id":"https:\/\/kasvillarent.com\/tr\/#website","url":"https:\/\/kasvillarent.com\/tr\/","name":"Kas Villa Rent","description":"Luxury Villas in Kas Antalya","publisher":{"@id":"https:\/\/kasvillarent.com\/tr\/#organization"},"potentialAction":[{"@type":"SearchAction","target":{"@type":"EntryPoint","urlTemplate":"https:\/\/kasvillarent.com\/tr\/?s={search_term_string}"},"query-input":{"@type":"PropertyValueSpecification","valueRequired":true,"valueName":"search_term_string"}}],"inLanguage":"tr"},{"@type":"Organization","@id":"https:\/\/kasvillarent.com\/tr\/#organization","name":"Kas Villa Rent","url":"https:\/\/kasvillarent.com\/tr\/","logo":{"@type":"ImageObject","inLanguage":"tr","@id":"https:\/\/kasvillarent.com\/tr\/#\/schema\/logo\/image\/","url":"https:\/\/kasvillarent.com\/wp-content\/uploads\/2022\/06\/FullColor_1280x1024_300dpi-1.png","contentUrl":"https:\/\/kasvillarent.com\/wp-content\/uploads\/2022\/06\/FullColor_1280x1024_300dpi-1.png","width":1155,"height":924,"caption":"Kas Villa Rent"},"image":{"@id":"https:\/\/kasvillarent.com\/tr\/#\/schema\/logo\/image\/"},"sameAs":["https:\/\/www.facebook.com\/kas.villa.rent\/","https:\/\/instagram.com\/kasvillarent"]}]}},"uagb_featured_image_src":{"full":["https:\/\/kasvillarent.com\/wp-content\/uploads\/2020\/12\/Depositphotos_5789835_original-1024x682-1.jpg",1024,682,false],"thumbnail":["https:\/\/kasvillarent.com\/wp-content\/uploads\/2020\/12\/Depositphotos_5789835_original-1024x682-1-150x150.jpg",150,150,true],"medium":["https:\/\/kasvillarent.com\/wp-content\/uploads\/2020\/12\/Depositphotos_5789835_original-1024x682-1-300x200.jpg",300,200,true],"medium_large":["https:\/\/kasvillarent.com\/wp-content\/uploads\/2020\/12\/Depositphotos_5789835_original-1024x682-1-768x512.jpg",768,512,true],"large":["https:\/\/kasvillarent.com\/wp-content\/uploads\/2020\/12\/Depositphotos_5789835_original-1024x682-1.jpg",769,512,false],"1536x1536":["https:\/\/kasvillarent.com\/wp-content\/uploads\/2020\/12\/Depositphotos_5789835_original-1024x682-1.jpg",1024,682,false],"2048x2048":["https:\/\/kasvillarent.com\/wp-content\/uploads\/2020\/12\/Depositphotos_5789835_original-1024x682-1.jpg",1024,682,false],"post-thumbnail":["https:\/\/kasvillarent.com\/wp-content\/uploads\/2020\/12\/Depositphotos_5789835_original-1024x682-1.jpg",1024,682,false],"villagio-thumb-large":["https:\/\/kasvillarent.com\/wp-content\/uploads\/2020\/12\/Depositphotos_5789835_original-1024x682-1.jpg",1024,682,false],"villagio-thumb-medium":["https:\/\/kasvillarent.com\/wp-content\/uploads\/2020\/12\/Depositphotos_5789835_original-1024x682-1-928x618.jpg",928,618,true],"villagio-thumb-small":["https:\/\/kasvillarent.com\/wp-content\/uploads\/2020\/12\/Depositphotos_5789835_original-1024x682-1-717x540.jpg",717,540,true],"villagio-thumb-small-x2":["https:\/\/kasvillarent.com\/wp-content\/uploads\/2020\/12\/Depositphotos_5789835_original-1024x682-1.jpg",1024,682,false]},"uagb_author_info":{"display_name":"Mehmet_Y","author_link":"https:\/\/kasvillarent.com\/tr\/author\/mehmet_y\/"},"uagb_comment_info":0,"uagb_excerpt":"Ka\u015f Villa Kiralama, villan\u0131z i\u00e7in Ka\u015f Antalya&#8217;da Villa Y\u00f6netimi Hizmeti vermektedir. Villan\u0131z\u0131 kiralamak veya yenilemek isterseniz size yard\u0131mc\u0131 olabiliriz. Billa yenileme hizmetleri i\u00e7in i\u00e7in Ka\u015f b\u00f6lgesinde geni\u015f bir a\u011f kurduk. Ka\u015f&#8217;da&nbsp; olmad\u0131\u011f\u0131n\u0131z zaman, g\u00fcvenilir ve sizin i\u00e7in ula\u015f\u0131labilir birinin oldu\u011funu bilmek kendinizi g\u00fcvende hissetmenizi sa\u011flar. Bilirsiniz ki her\u015fey sorunsuz \u00e7al\u0131\u015fmaktad\u0131r ve m\u00fclk\u00fcn\u00fcz problemsiz ve sorunsuz&hellip;","jetpack_sharing_enabled":true,"_links":{"self":[{"href":"https:\/\/kasvillarent.com\/tr\/wp-json\/wp\/v2\/pages\/7872","targetHints":{"allow":["GET"]}}],"collection":[{"href":"https:\/\/kasvillarent.com\/tr\/wp-json\/wp\/v2\/pages"}],"about":[{"href":"https:\/\/kasvillarent.com\/tr\/wp-json\/wp\/v2\/types\/page"}],"author":[{"embeddable":true,"href":"https:\/\/kasvillarent.com\/tr\/wp-json\/wp\/v2\/users\/29"}],"replies":[{"embeddable":true,"href":"https:\/\/kasvillarent.com\/tr\/wp-json\/wp\/v2\/comments?post=7872"}],"version-history":[{"count":5,"href":"https:\/\/kasvillarent.com\/tr\/wp-json\/wp\/v2\/pages\/7872\/revisions"}],"predecessor-version":[{"id":16340,"href":"https:\/\/kasvillarent.com\/tr\/wp-json\/wp\/v2\/pages\/7872\/revisions\/16340"}],"wp:featuredmedia":[{"embeddable":true,"href":"https:\/\/kasvillarent.com\/tr\/wp-json\/wp\/v2\/media\/5650"}],"wp:attachment":[{"href":"https:\/\/kasvillarent.com\/tr\/wp-json\/wp\/v2\/media?parent=7872"}],"curies":[{"name":"wp","href":"https:\/\/api.w.org\/{rel}","templated":true}]}}